{"id":147951,"date":"2021-03-12T12:06:55","date_gmt":"2021-03-12T11:06:55","guid":{"rendered":"https:\/\/xanatis.com\/~barcelonasotheby\/?page_id=147951"},"modified":"2021-03-12T12:06:55","modified_gmt":"2021-03-12T11:06:55","slug":"alt-emporda","status":"publish","type":"page","link":"https:\/\/www.barcelona-sothebysrealty.com\/ca\/cases-venda\/costa-brava\/alt-emporda\/","title":{"rendered":"Cases de Luxe en venda a Alt Empord\u00e0"},"content":{"rendered":"<p>Sotheby &#8216;s International Realty ofereix unes incre\u00efbles <strong>cases de luxe a Alt Empord\u00e0<\/strong>, llistes per a la venda amb caracter\u00edstiques exclusives que uneix la mar i la muntanya amb unes vistes privilegiades a l&#8217;abast de pocs.<\/p>\n<p>No dubti a contactar amb els nostres experts en propietats de luxe per a trobar la seva llar ideal que complagui les seves exig\u00e8ncies: <strong>masies, cases, viles modernes en el nord de la Costa Brava<\/strong>.<\/p>\n","protected":false},"excerpt":{"rendered":"<p>Sotheby &#8216;s International Realty ofereix unes incre\u00efbles cases de luxe a Alt Empord\u00e0, llistes per a la venda amb caracter\u00edstiques<a class=\"more-link\" href=\"https:\/\/www.barcelona-sothebysrealty.com\/ca\/cases-venda\/costa-brava\/alt-emporda\/\">Llegir M\u00e9s<\/a><\/p>\n","protected":false},"author":2,"featured_media":0,"parent":93469,"menu_order":0,"comment_status":"closed","ping_status":"closed","template":"page-listado.php","meta":[],"yoast_head":"<!-- This site is optimized with the Yoast SEO plugin v17.1 - https:\/\/yoast.com\/wordpress\/plugins\/seo\/ -->\n<meta name=\"robots\" content=\"index, follow, max-snippet:-1, max-image-preview:large, max-video-preview:-1\" \/>\n<meta property=\"og:locale\" content=\"ca_ES\" \/>\n<meta property=\"og:type\" content=\"article\" \/>\n<meta property=\"og:title\" content=\"Cases de Luxe en venda a Alt Empord\u00e0 - Barcelona Sotheby&#039;s\" \/>\n<meta property=\"og:description\" content=\"Sotheby &#8216;s International Realty ofereix unes incre\u00efbles cases de luxe a Alt Empord\u00e0, llistes per a la venda amb caracter\u00edstiquesLlegir M\u00e9s\" \/>\n<meta property=\"og:url\" content=\"https:\/\/www.barcelona-sothebysrealty.com\/ca\/cases-venda\/costa-brava\/alt-emporda\/\" \/>\n<meta property=\"og:site_name\" content=\"Barcelona Sotheby&#039;s Realty\" \/>\n<meta name=\"twitter:card\" content=\"summary_large_image\" \/>\n<meta name=\"twitter:label1\" content=\"Temps estimat de lectura\" \/>\n\t<meta name=\"twitter:data1\" content=\"1 minut\" \/>\n<script type=\"application\/ld+json\" class=\"yoast-schema-graph\">{\"@context\":\"https:\/\/schema.org\",\"@graph\":[{\"@type\":\"Organization\",\"@id\":\"https:\/\/www.barcelona-sothebysrealty.com\/es\/#organization\",\"name\":\"Barcelona Sotheby's Realty\",\"url\":\"https:\/\/www.barcelona-sothebysrealty.com\/es\/\",\"sameAs\":[],\"logo\":{\"@type\":\"ImageObject\",\"@id\":\"https:\/\/www.barcelona-sothebysrealty.com\/es\/#logo\",\"inLanguage\":\"ca\",\"url\":\"https:\/\/www.barcelona-sothebysrealty.com\/wp-content\/uploads\/2023\/10\/sothebys-barcelona-logo-3.png\",\"contentUrl\":\"https:\/\/www.barcelona-sothebysrealty.com\/wp-content\/uploads\/2023\/10\/sothebys-barcelona-logo-3.png\",\"width\":274,\"height\":274,\"caption\":\"Barcelona Sotheby's Realty\"},\"image\":{\"@id\":\"https:\/\/www.barcelona-sothebysrealty.com\/es\/#logo\"}},{\"@type\":\"WebSite\",\"@id\":\"https:\/\/www.barcelona-sothebysrealty.com\/es\/#website\",\"url\":\"https:\/\/www.barcelona-sothebysrealty.com\/es\/\",\"name\":\"Barcelona Sotheby&#039;s\",\"description\":\"Otro sitio realizado con WordPress\",\"publisher\":{\"@id\":\"https:\/\/www.barcelona-sothebysrealty.com\/es\/#organization\"},\"potentialAction\":[{\"@type\":\"SearchAction\",\"target\":{\"@type\":\"EntryPoint\",\"urlTemplate\":\"https:\/\/www.barcelona-sothebysrealty.com\/es\/?s={search_term_string}\"},\"query-input\":\"required name=search_term_string\"}],\"inLanguage\":\"ca\"},{\"@type\":\"WebPage\",\"@id\":\"https:\/\/www.barcelona-sothebysrealty.com\/ca\/cases-venda\/costa-brava\/alt-emporda\/#webpage\",\"url\":\"https:\/\/www.barcelona-sothebysrealty.com\/ca\/cases-venda\/costa-brava\/alt-emporda\/\",\"name\":\"Cases de Luxe en venda a Alt Empord\\u00e0 - Barcelona Sotheby&#039;s\",\"isPartOf\":{\"@id\":\"https:\/\/www.barcelona-sothebysrealty.com\/es\/#website\"},\"datePublished\":\"2021-03-12T11:06:55+00:00\",\"dateModified\":\"2021-03-12T11:06:55+00:00\",\"breadcrumb\":{\"@id\":\"https:\/\/www.barcelona-sothebysrealty.com\/ca\/cases-venda\/costa-brava\/alt-emporda\/#breadcrumb\"},\"inLanguage\":\"ca\",\"potentialAction\":[{\"@type\":\"ReadAction\",\"target\":[\"https:\/\/www.barcelona-sothebysrealty.com\/ca\/cases-venda\/costa-brava\/alt-emporda\/\"]}]},{\"@type\":\"BreadcrumbList\",\"@id\":\"https:\/\/www.barcelona-sothebysrealty.com\/ca\/cases-venda\/costa-brava\/alt-emporda\/#breadcrumb\",\"itemListElement\":[{\"@type\":\"ListItem\",\"position\":1,\"name\":\"Portada\",\"item\":\"https:\/\/www.barcelona-sothebysrealty.com\/ca\/\"},{\"@type\":\"ListItem\",\"position\":2,\"name\":\"Barcelona i Costa Brava &#8211; Compra i venda de cases de luxe\",\"item\":\"https:\/\/www.barcelona-sothebysrealty.com\/ca\/cases-venda\/\"},{\"@type\":\"ListItem\",\"position\":3,\"name\":\"Cases de Luxe en Costa Brava\",\"item\":\"https:\/\/www.barcelona-sothebysrealty.com\/ca\/cases-venda\/costa-brava\/\"},{\"@type\":\"ListItem\",\"position\":4,\"name\":\"Cases de Luxe en venda a Alt Empord\\u00e0\"}]}]}<\/script>\n<!-- \/ Yoast SEO plugin. -->","yoast_head_json":{"robots":{"index":"index","follow":"follow","max-snippet":"max-snippet:-1","max-image-preview":"max-image-preview:large","max-video-preview":"max-video-preview:-1"},"og_locale":"ca_ES","og_type":"article","og_title":"Cases de Luxe en venda a Alt Empord\u00e0 - Barcelona Sotheby&#039;s","og_description":"Sotheby &#8216;s International Realty ofereix unes incre\u00efbles cases de luxe a Alt Empord\u00e0, llistes per a la venda amb caracter\u00edstiquesLlegir M\u00e9s","og_url":"https:\/\/www.barcelona-sothebysrealty.com\/ca\/cases-venda\/costa-brava\/alt-emporda\/","og_site_name":"Barcelona Sotheby's Realty","twitter_card":"summary_large_image","twitter_misc":{"Temps estimat de lectura":"1 minut"},"schema":{"@context":"https:\/\/schema.org","@graph":[{"@type":"Organization","@id":"https:\/\/www.barcelona-sothebysrealty.com\/es\/#organization","name":"Barcelona Sotheby's Realty","url":"https:\/\/www.barcelona-sothebysrealty.com\/es\/","sameAs":[],"logo":{"@type":"ImageObject","@id":"https:\/\/www.barcelona-sothebysrealty.com\/es\/#logo","inLanguage":"ca","url":"https:\/\/www.barcelona-sothebysrealty.com\/wp-content\/uploads\/2023\/10\/sothebys-barcelona-logo-3.png","contentUrl":"https:\/\/www.barcelona-sothebysrealty.com\/wp-content\/uploads\/2023\/10\/sothebys-barcelona-logo-3.png","width":274,"height":274,"caption":"Barcelona Sotheby's Realty"},"image":{"@id":"https:\/\/www.barcelona-sothebysrealty.com\/es\/#logo"}},{"@type":"WebSite","@id":"https:\/\/www.barcelona-sothebysrealty.com\/es\/#website","url":"https:\/\/www.barcelona-sothebysrealty.com\/es\/","name":"Barcelona Sotheby&#039;s","description":"Otro sitio realizado con WordPress","publisher":{"@id":"https:\/\/www.barcelona-sothebysrealty.com\/es\/#organization"},"potentialAction":[{"@type":"SearchAction","target":{"@type":"EntryPoint","urlTemplate":"https:\/\/www.barcelona-sothebysrealty.com\/es\/?s={search_term_string}"},"query-input":"required name=search_term_string"}],"inLanguage":"ca"},{"@type":"WebPage","@id":"https:\/\/www.barcelona-sothebysrealty.com\/ca\/cases-venda\/costa-brava\/alt-emporda\/#webpage","url":"https:\/\/www.barcelona-sothebysrealty.com\/ca\/cases-venda\/costa-brava\/alt-emporda\/","name":"Cases de Luxe en venda a Alt Empord\u00e0 - Barcelona Sotheby&#039;s","isPartOf":{"@id":"https:\/\/www.barcelona-sothebysrealty.com\/es\/#website"},"datePublished":"2021-03-12T11:06:55+00:00","dateModified":"2021-03-12T11:06:55+00:00","breadcrumb":{"@id":"https:\/\/www.barcelona-sothebysrealty.com\/ca\/cases-venda\/costa-brava\/alt-emporda\/#breadcrumb"},"inLanguage":"ca","potentialAction":[{"@type":"ReadAction","target":["https:\/\/www.barcelona-sothebysrealty.com\/ca\/cases-venda\/costa-brava\/alt-emporda\/"]}]},{"@type":"BreadcrumbList","@id":"https:\/\/www.barcelona-sothebysrealty.com\/ca\/cases-venda\/costa-brava\/alt-emporda\/#breadcrumb","itemListElement":[{"@type":"ListItem","position":1,"name":"Portada","item":"https:\/\/www.barcelona-sothebysrealty.com\/ca\/"},{"@type":"ListItem","position":2,"name":"Barcelona i Costa Brava &#8211; Compra i venda de cases de luxe","item":"https:\/\/www.barcelona-sothebysrealty.com\/ca\/cases-venda\/"},{"@type":"ListItem","position":3,"name":"Cases de Luxe en Costa Brava","item":"https:\/\/www.barcelona-sothebysrealty.com\/ca\/cases-venda\/costa-brava\/"},{"@type":"ListItem","position":4,"name":"Cases de Luxe en venda a Alt Empord\u00e0"}]}]}},"_links":{"self":[{"href":"https:\/\/www.barcelona-sothebysrealty.com\/ca\/wp-json\/wp\/v2\/pages\/147951"}],"collection":[{"href":"https:\/\/www.barcelona-sothebysrealty.com\/ca\/wp-json\/wp\/v2\/pages"}],"about":[{"href":"https:\/\/www.barcelona-sothebysrealty.com\/ca\/wp-json\/wp\/v2\/types\/page"}],"author":[{"embeddable":true,"href":"https:\/\/www.barcelona-sothebysrealty.com\/ca\/wp-json\/wp\/v2\/users\/2"}],"replies":[{"embeddable":true,"href":"https:\/\/www.barcelona-sothebysrealty.com\/ca\/wp-json\/wp\/v2\/comments?post=147951"}],"version-history":[{"count":0,"href":"https:\/\/www.barcelona-sothebysrealty.com\/ca\/wp-json\/wp\/v2\/pages\/147951\/revisions"}],"up":[{"embeddable":true,"href":"https:\/\/www.barcelona-sothebysrealty.com\/ca\/wp-json\/wp\/v2\/pages\/93469"}],"wp:attachment":[{"href":"https:\/\/www.barcelona-sothebysrealty.com\/ca\/wp-json\/wp\/v2\/media?parent=147951"}],"curies":[{"name":"wp","href":"https:\/\/api.w.org\/{rel}","templated":true}]}}