{"id":148411,"date":"2021-03-30T11:59:59","date_gmt":"2021-03-30T09:59:59","guid":{"rendered":"https:\/\/xanatis.com\/~barcelonasotheby\/?page_id=148411"},"modified":"2021-06-23T12:46:14","modified_gmt":"2021-06-23T10:46:14","slug":"obra-nova","status":"publish","type":"page","link":"https:\/\/www.barcelona-sothebysrealty.com\/ca\/obra-nova\/","title":{"rendered":"Promocions d&#8217;obra nova"},"content":{"rendered":"<p><span data-sheets-value=\"{&quot;1&quot;:2,&quot;2&quot;:&quot;Malgrat que en els \u00faltims anys ha augmentat la construcci\u00f3 de promocions d'obra nova, s\u00f3n molt poques les que s'han orientat al sector del luxe, cosa que significa que les construccions d'aquest tipus s'han convertit en un b\u00e9 molt demandat a l'abast de pocs, per aix\u00f2, si busquen un habitatge d'aquest tipus, \u00e9s fonamental comptar amb un bon assessorament especialitzat en el sector.\\n\\nSotheby's forma part d'una gran xarxa de serveis immobiliaris de luxe, la qual cosa ens converteix en uns experts del sector, amb acc\u00e9s a les propietats m\u00e9s exclusives. A m\u00e9s, comptem amb una selecta plantilla d'agents immobiliaris multiling\u00fces que li acompanyaran durant tot el proc\u00e9s de compra amb l'\u00fanica fi de trobar exactament el que busquen.\\n\\nDisposem d'un exclusiu cat\u00e0leg on podran descobrir les millors cases i pisos d'obra nova a Barcelona i la Costa Brava. Totes i cadascuna dels habitatges d'obra nova de la nostra selecci\u00f3 han estat rigorosament triades amb l'\u00fanica fi de satisfer als nostres selectes clients.\\n\\n&quot;}\" data-sheets-userformat=\"{&quot;2&quot;:13245,&quot;3&quot;:{&quot;1&quot;:0},&quot;5&quot;:{&quot;1&quot;:[{&quot;1&quot;:2,&quot;2&quot;:0,&quot;5&quot;:[null,2,0]},{&quot;1&quot;:0,&quot;2&quot;:0,&quot;3&quot;:3},{&quot;1&quot;:1,&quot;2&quot;:0,&quot;4&quot;:1}]},&quot;6&quot;:{&quot;1&quot;:[{&quot;1&quot;:2,&quot;2&quot;:0,&quot;5&quot;:[null,2,0]},{&quot;1&quot;:0,&quot;2&quot;:0,&quot;3&quot;:3},{&quot;1&quot;:1,&quot;2&quot;:0,&quot;4&quot;:1}]},&quot;7&quot;:{&quot;1&quot;:[{&quot;1&quot;:2,&quot;2&quot;:0,&quot;5&quot;:[null,2,0]},{&quot;1&quot;:0,&quot;2&quot;:0,&quot;3&quot;:3},{&quot;1&quot;:1,&quot;2&quot;:0,&quot;4&quot;:1}]},&quot;8&quot;:{&quot;1&quot;:[{&quot;1&quot;:2,&quot;2&quot;:0,&quot;5&quot;:[null,2,0]},{&quot;1&quot;:0,&quot;2&quot;:0,&quot;3&quot;:3},{&quot;1&quot;:1,&quot;2&quot;:0,&quot;4&quot;:1}]},&quot;10&quot;:1,&quot;11&quot;:4,&quot;12&quot;:0,&quot;15&quot;:&quot;Lato, Arial&quot;,&quot;16&quot;:12}\">Malgrat que en els \u00faltims anys ha augmentat la construcci\u00f3 de promocions d&#8217;obra nova, s\u00f3n molt poques les que s&#8217;han orientat al sector del luxe, cosa que significa que les construccions d&#8217;aquest tipus s&#8217;han convertit en un b\u00e9 molt demandat a l&#8217;abast de pocs, per aix\u00f2, si busquen un habitatge d&#8217;aquest tipus, \u00e9s fonamental comptar amb un bon assessorament especialitzat en el sector.<\/span><\/p>\n<p>Sotheby&#8217;s forma part d&#8217;una gran xarxa de serveis immobiliaris de luxe, la qual cosa ens converteix en uns experts del sector, amb acc\u00e9s a les propietats m\u00e9s exclusives. A m\u00e9s, comptem amb una selecta plantilla d&#8217;agents immobiliaris multiling\u00fces que li acompanyaran durant tot el proc\u00e9s de compra amb l&#8217;\u00fanica fi de trobar exactament el que busquen.<\/p>\n<p>Disposem d&#8217;un exclusiu cat\u00e0leg on podran descobrir les millors cases i pisos d&#8217;obra nova a Barcelona i la Costa Brava. Totes i cadascuna dels habitatges d&#8217;obra nova de la nostra selecci\u00f3 han estat rigorosament triades amb l&#8217;\u00fanica fi de satisfer als nostres selectes clients.<\/p>\n<p>&nbsp;<\/p>\n","protected":false},"excerpt":{"rendered":"<p>Malgrat que en els \u00faltims anys ha augmentat la construcci\u00f3 de promocions d&#8217;obra nova, s\u00f3n molt poques les que s&#8217;han<a class=\"more-link\" href=\"https:\/\/www.barcelona-sothebysrealty.com\/ca\/obra-nova\/\">Llegir M\u00e9s<\/a><\/p>\n","protected":false},"author":2,"featured_media":0,"parent":0,"menu_order":0,"comment_status":"closed","ping_status":"closed","template":"page-listado.php","meta":[],"yoast_head":"<!-- This site is optimized with the Yoast SEO plugin v17.1 - https:\/\/yoast.com\/wordpress\/plugins\/seo\/ -->\n<meta name=\"description\" content=\"Centrem els nostres esfor\u00e7os en la compra i venda d&#039;immobles residencials i en la promoci\u00f3 de projectes d&#039;obra nova\" \/>\n<meta name=\"robots\" content=\"index, follow, max-snippet:-1, max-image-preview:large, max-video-preview:-1\" \/>\n<meta property=\"og:locale\" content=\"ca_ES\" \/>\n<meta property=\"og:type\" content=\"article\" \/>\n<meta property=\"og:title\" content=\"A l&#039;Avantguarda de l&#039;Obra Nova m\u00e9s Exclusives - Barcelona Sotheby&#039;s\" \/>\n<meta property=\"og:description\" content=\"Centrem els nostres esfor\u00e7os en la compra i venda d&#039;immobles residencials i en la promoci\u00f3 de projectes d&#039;obra nova\" \/>\n<meta property=\"og:url\" content=\"https:\/\/www.barcelona-sothebysrealty.com\/ca\/obra-nova\/\" \/>\n<meta property=\"og:site_name\" content=\"Barcelona Sotheby&#039;s Realty\" \/>\n<meta property=\"article:modified_time\" content=\"2021-06-23T10:46:14+00:00\" \/>\n<meta name=\"twitter:card\" content=\"summary_large_image\" \/>\n<meta name=\"twitter:label1\" content=\"Temps estimat de lectura\" \/>\n\t<meta name=\"twitter:data1\" content=\"1 minut\" \/>\n<script type=\"application\/ld+json\" class=\"yoast-schema-graph\">{\"@context\":\"https:\/\/schema.org\",\"@graph\":[{\"@type\":\"Organization\",\"@id\":\"https:\/\/www.barcelona-sothebysrealty.com\/es\/#organization\",\"name\":\"Barcelona Sotheby's Realty\",\"url\":\"https:\/\/www.barcelona-sothebysrealty.com\/es\/\",\"sameAs\":[],\"logo\":{\"@type\":\"ImageObject\",\"@id\":\"https:\/\/www.barcelona-sothebysrealty.com\/es\/#logo\",\"inLanguage\":\"ca\",\"url\":\"https:\/\/www.barcelona-sothebysrealty.com\/wp-content\/uploads\/2023\/10\/sothebys-barcelona-logo-3.png\",\"contentUrl\":\"https:\/\/www.barcelona-sothebysrealty.com\/wp-content\/uploads\/2023\/10\/sothebys-barcelona-logo-3.png\",\"width\":274,\"height\":274,\"caption\":\"Barcelona Sotheby's Realty\"},\"image\":{\"@id\":\"https:\/\/www.barcelona-sothebysrealty.com\/es\/#logo\"}},{\"@type\":\"WebSite\",\"@id\":\"https:\/\/www.barcelona-sothebysrealty.com\/es\/#website\",\"url\":\"https:\/\/www.barcelona-sothebysrealty.com\/es\/\",\"name\":\"Barcelona Sotheby&#039;s\",\"description\":\"Otro sitio realizado con WordPress\",\"publisher\":{\"@id\":\"https:\/\/www.barcelona-sothebysrealty.com\/es\/#organization\"},\"potentialAction\":[{\"@type\":\"SearchAction\",\"target\":{\"@type\":\"EntryPoint\",\"urlTemplate\":\"https:\/\/www.barcelona-sothebysrealty.com\/es\/?s={search_term_string}\"},\"query-input\":\"required name=search_term_string\"}],\"inLanguage\":\"ca\"},{\"@type\":\"WebPage\",\"@id\":\"https:\/\/www.barcelona-sothebysrealty.com\/ca\/obra-nova\/#webpage\",\"url\":\"https:\/\/www.barcelona-sothebysrealty.com\/ca\/obra-nova\/\",\"name\":\"A l'Avantguarda de l'Obra Nova m\\u00e9s Exclusives - Barcelona Sotheby&#039;s\",\"isPartOf\":{\"@id\":\"https:\/\/www.barcelona-sothebysrealty.com\/es\/#website\"},\"datePublished\":\"2021-03-30T09:59:59+00:00\",\"dateModified\":\"2021-06-23T10:46:14+00:00\",\"description\":\"Centrem els nostres esfor\\u00e7os en la compra i venda d'immobles residencials i en la promoci\\u00f3 de projectes d'obra nova\",\"breadcrumb\":{\"@id\":\"https:\/\/www.barcelona-sothebysrealty.com\/ca\/obra-nova\/#breadcrumb\"},\"inLanguage\":\"ca\",\"potentialAction\":[{\"@type\":\"ReadAction\",\"target\":[\"https:\/\/www.barcelona-sothebysrealty.com\/ca\/obra-nova\/\"]}]},{\"@type\":\"BreadcrumbList\",\"@id\":\"https:\/\/www.barcelona-sothebysrealty.com\/ca\/obra-nova\/#breadcrumb\",\"itemListElement\":[{\"@type\":\"ListItem\",\"position\":1,\"name\":\"Portada\",\"item\":\"https:\/\/www.barcelona-sothebysrealty.com\/ca\/\"},{\"@type\":\"ListItem\",\"position\":2,\"name\":\"Promocions d&#8217;obra nova\"}]}]}<\/script>\n<!-- \/ Yoast SEO plugin. -->","yoast_head_json":{"description":"Centrem els nostres esfor\u00e7os en la compra i venda d'immobles residencials i en la promoci\u00f3 de projectes d'obra nova","robots":{"index":"index","follow":"follow","max-snippet":"max-snippet:-1","max-image-preview":"max-image-preview:large","max-video-preview":"max-video-preview:-1"},"og_locale":"ca_ES","og_type":"article","og_title":"A l'Avantguarda de l'Obra Nova m\u00e9s Exclusives - Barcelona Sotheby&#039;s","og_description":"Centrem els nostres esfor\u00e7os en la compra i venda d'immobles residencials i en la promoci\u00f3 de projectes d'obra nova","og_url":"https:\/\/www.barcelona-sothebysrealty.com\/ca\/obra-nova\/","og_site_name":"Barcelona Sotheby's Realty","article_modified_time":"2021-06-23T10:46:14+00:00","twitter_card":"summary_large_image","twitter_misc":{"Temps estimat de lectura":"1 minut"},"schema":{"@context":"https:\/\/schema.org","@graph":[{"@type":"Organization","@id":"https:\/\/www.barcelona-sothebysrealty.com\/es\/#organization","name":"Barcelona Sotheby's Realty","url":"https:\/\/www.barcelona-sothebysrealty.com\/es\/","sameAs":[],"logo":{"@type":"ImageObject","@id":"https:\/\/www.barcelona-sothebysrealty.com\/es\/#logo","inLanguage":"ca","url":"https:\/\/www.barcelona-sothebysrealty.com\/wp-content\/uploads\/2023\/10\/sothebys-barcelona-logo-3.png","contentUrl":"https:\/\/www.barcelona-sothebysrealty.com\/wp-content\/uploads\/2023\/10\/sothebys-barcelona-logo-3.png","width":274,"height":274,"caption":"Barcelona Sotheby's Realty"},"image":{"@id":"https:\/\/www.barcelona-sothebysrealty.com\/es\/#logo"}},{"@type":"WebSite","@id":"https:\/\/www.barcelona-sothebysrealty.com\/es\/#website","url":"https:\/\/www.barcelona-sothebysrealty.com\/es\/","name":"Barcelona Sotheby&#039;s","description":"Otro sitio realizado con WordPress","publisher":{"@id":"https:\/\/www.barcelona-sothebysrealty.com\/es\/#organization"},"potentialAction":[{"@type":"SearchAction","target":{"@type":"EntryPoint","urlTemplate":"https:\/\/www.barcelona-sothebysrealty.com\/es\/?s={search_term_string}"},"query-input":"required name=search_term_string"}],"inLanguage":"ca"},{"@type":"WebPage","@id":"https:\/\/www.barcelona-sothebysrealty.com\/ca\/obra-nova\/#webpage","url":"https:\/\/www.barcelona-sothebysrealty.com\/ca\/obra-nova\/","name":"A l'Avantguarda de l'Obra Nova m\u00e9s Exclusives - Barcelona Sotheby&#039;s","isPartOf":{"@id":"https:\/\/www.barcelona-sothebysrealty.com\/es\/#website"},"datePublished":"2021-03-30T09:59:59+00:00","dateModified":"2021-06-23T10:46:14+00:00","description":"Centrem els nostres esfor\u00e7os en la compra i venda d'immobles residencials i en la promoci\u00f3 de projectes d'obra nova","breadcrumb":{"@id":"https:\/\/www.barcelona-sothebysrealty.com\/ca\/obra-nova\/#breadcrumb"},"inLanguage":"ca","potentialAction":[{"@type":"ReadAction","target":["https:\/\/www.barcelona-sothebysrealty.com\/ca\/obra-nova\/"]}]},{"@type":"BreadcrumbList","@id":"https:\/\/www.barcelona-sothebysrealty.com\/ca\/obra-nova\/#breadcrumb","itemListElement":[{"@type":"ListItem","position":1,"name":"Portada","item":"https:\/\/www.barcelona-sothebysrealty.com\/ca\/"},{"@type":"ListItem","position":2,"name":"Promocions d&#8217;obra nova"}]}]}},"_links":{"self":[{"href":"https:\/\/www.barcelona-sothebysrealty.com\/ca\/wp-json\/wp\/v2\/pages\/148411"}],"collection":[{"href":"https:\/\/www.barcelona-sothebysrealty.com\/ca\/wp-json\/wp\/v2\/pages"}],"about":[{"href":"https:\/\/www.barcelona-sothebysrealty.com\/ca\/wp-json\/wp\/v2\/types\/page"}],"author":[{"embeddable":true,"href":"https:\/\/www.barcelona-sothebysrealty.com\/ca\/wp-json\/wp\/v2\/users\/2"}],"replies":[{"embeddable":true,"href":"https:\/\/www.barcelona-sothebysrealty.com\/ca\/wp-json\/wp\/v2\/comments?post=148411"}],"version-history":[{"count":0,"href":"https:\/\/www.barcelona-sothebysrealty.com\/ca\/wp-json\/wp\/v2\/pages\/148411\/revisions"}],"wp:attachment":[{"href":"https:\/\/www.barcelona-sothebysrealty.com\/ca\/wp-json\/wp\/v2\/media?parent=148411"}],"curies":[{"name":"wp","href":"https:\/\/api.w.org\/{rel}","templated":true}]}}