{"id":149972,"date":"2021-06-23T12:28:51","date_gmt":"2021-06-23T10:28:51","guid":{"rendered":"https:\/\/sothebys.cloudrelay.es\/?page_id=149972"},"modified":"2024-12-26T15:41:51","modified_gmt":"2024-12-26T14:41:51","slug":"ubicacions","status":"publish","type":"page","link":"https:\/\/www.barcelona-sothebysrealty.com\/ca\/ubicacions\/","title":{"rendered":"Ubicacions"},"content":{"rendered":"","protected":false},"excerpt":{"rendered":"","protected":false},"author":3,"featured_media":0,"parent":0,"menu_order":0,"comment_status":"closed","ping_status":"closed","template":"page-home.php","meta":[],"yoast_head":"<!-- This site is optimized with the Yoast SEO plugin v17.1 - https:\/\/yoast.com\/wordpress\/plugins\/seo\/ -->\n<meta name=\"description\" content=\"Trobar\u00e0 propietats exclusives en els districtes m\u00e9s reconeguts de Barcelona i els seus voltants.\" \/>\n<meta name=\"robots\" content=\"index, follow, max-snippet:-1, max-image-preview:large, max-video-preview:-1\" \/>\n<meta property=\"og:locale\" content=\"ca_ES\" \/>\n<meta property=\"og:type\" content=\"article\" \/>\n<meta property=\"og:title\" content=\"Propietats situades en els districtes m\u00e9s selectes\" \/>\n<meta property=\"og:description\" content=\"Trobar\u00e0 propietats exclusives en els districtes m\u00e9s reconeguts de Barcelona i els seus voltants.\" \/>\n<meta property=\"og:url\" content=\"https:\/\/www.barcelona-sothebysrealty.com\/ca\/ubicacions\/\" \/>\n<meta property=\"og:site_name\" content=\"Barcelona Sotheby&#039;s Realty\" \/>\n<meta property=\"article:modified_time\" content=\"2024-12-26T14:41:51+00:00\" \/>\n<meta name=\"twitter:card\" content=\"summary_large_image\" \/>\n<script type=\"application\/ld+json\" class=\"yoast-schema-graph\">{\"@context\":\"https:\/\/schema.org\",\"@graph\":[{\"@type\":\"Organization\",\"@id\":\"https:\/\/www.barcelona-sothebysrealty.com\/es\/#organization\",\"name\":\"Barcelona Sotheby's Realty\",\"url\":\"https:\/\/www.barcelona-sothebysrealty.com\/es\/\",\"sameAs\":[],\"logo\":{\"@type\":\"ImageObject\",\"@id\":\"https:\/\/www.barcelona-sothebysrealty.com\/es\/#logo\",\"inLanguage\":\"ca\",\"url\":\"https:\/\/www.barcelona-sothebysrealty.com\/wp-content\/uploads\/2023\/10\/sothebys-barcelona-logo-3.png\",\"contentUrl\":\"https:\/\/www.barcelona-sothebysrealty.com\/wp-content\/uploads\/2023\/10\/sothebys-barcelona-logo-3.png\",\"width\":274,\"height\":274,\"caption\":\"Barcelona Sotheby's Realty\"},\"image\":{\"@id\":\"https:\/\/www.barcelona-sothebysrealty.com\/es\/#logo\"}},{\"@type\":\"WebSite\",\"@id\":\"https:\/\/www.barcelona-sothebysrealty.com\/es\/#website\",\"url\":\"https:\/\/www.barcelona-sothebysrealty.com\/es\/\",\"name\":\"Barcelona Sotheby&#039;s\",\"description\":\"Otro sitio realizado con WordPress\",\"publisher\":{\"@id\":\"https:\/\/www.barcelona-sothebysrealty.com\/es\/#organization\"},\"potentialAction\":[{\"@type\":\"SearchAction\",\"target\":{\"@type\":\"EntryPoint\",\"urlTemplate\":\"https:\/\/www.barcelona-sothebysrealty.com\/es\/?s={search_term_string}\"},\"query-input\":\"required name=search_term_string\"}],\"inLanguage\":\"ca\"},{\"@type\":\"WebPage\",\"@id\":\"https:\/\/www.barcelona-sothebysrealty.com\/ca\/ubicacions\/#webpage\",\"url\":\"https:\/\/www.barcelona-sothebysrealty.com\/ca\/ubicacions\/\",\"name\":\"Propietats situades en els districtes m\\u00e9s selectes\",\"isPartOf\":{\"@id\":\"https:\/\/www.barcelona-sothebysrealty.com\/es\/#website\"},\"datePublished\":\"2021-06-23T10:28:51+00:00\",\"dateModified\":\"2024-12-26T14:41:51+00:00\",\"description\":\"Trobar\\u00e0 propietats exclusives en els districtes m\\u00e9s reconeguts de Barcelona i els seus voltants.\",\"breadcrumb\":{\"@id\":\"https:\/\/www.barcelona-sothebysrealty.com\/ca\/ubicacions\/#breadcrumb\"},\"inLanguage\":\"ca\",\"potentialAction\":[{\"@type\":\"ReadAction\",\"target\":[\"https:\/\/www.barcelona-sothebysrealty.com\/ca\/ubicacions\/\"]}]},{\"@type\":\"BreadcrumbList\",\"@id\":\"https:\/\/www.barcelona-sothebysrealty.com\/ca\/ubicacions\/#breadcrumb\",\"itemListElement\":[{\"@type\":\"ListItem\",\"position\":1,\"name\":\"Portada\",\"item\":\"https:\/\/www.barcelona-sothebysrealty.com\/ca\/\"},{\"@type\":\"ListItem\",\"position\":2,\"name\":\"Ubicacions\"}]}]}<\/script>\n<!-- \/ Yoast SEO plugin. -->","yoast_head_json":{"description":"Trobar\u00e0 propietats exclusives en els districtes m\u00e9s reconeguts de Barcelona i els seus voltants.","robots":{"index":"index","follow":"follow","max-snippet":"max-snippet:-1","max-image-preview":"max-image-preview:large","max-video-preview":"max-video-preview:-1"},"og_locale":"ca_ES","og_type":"article","og_title":"Propietats situades en els districtes m\u00e9s selectes","og_description":"Trobar\u00e0 propietats exclusives en els districtes m\u00e9s reconeguts de Barcelona i els seus voltants.","og_url":"https:\/\/www.barcelona-sothebysrealty.com\/ca\/ubicacions\/","og_site_name":"Barcelona Sotheby's Realty","article_modified_time":"2024-12-26T14:41:51+00:00","twitter_card":"summary_large_image","schema":{"@context":"https:\/\/schema.org","@graph":[{"@type":"Organization","@id":"https:\/\/www.barcelona-sothebysrealty.com\/es\/#organization","name":"Barcelona Sotheby's Realty","url":"https:\/\/www.barcelona-sothebysrealty.com\/es\/","sameAs":[],"logo":{"@type":"ImageObject","@id":"https:\/\/www.barcelona-sothebysrealty.com\/es\/#logo","inLanguage":"ca","url":"https:\/\/www.barcelona-sothebysrealty.com\/wp-content\/uploads\/2023\/10\/sothebys-barcelona-logo-3.png","contentUrl":"https:\/\/www.barcelona-sothebysrealty.com\/wp-content\/uploads\/2023\/10\/sothebys-barcelona-logo-3.png","width":274,"height":274,"caption":"Barcelona Sotheby's Realty"},"image":{"@id":"https:\/\/www.barcelona-sothebysrealty.com\/es\/#logo"}},{"@type":"WebSite","@id":"https:\/\/www.barcelona-sothebysrealty.com\/es\/#website","url":"https:\/\/www.barcelona-sothebysrealty.com\/es\/","name":"Barcelona Sotheby&#039;s","description":"Otro sitio realizado con WordPress","publisher":{"@id":"https:\/\/www.barcelona-sothebysrealty.com\/es\/#organization"},"potentialAction":[{"@type":"SearchAction","target":{"@type":"EntryPoint","urlTemplate":"https:\/\/www.barcelona-sothebysrealty.com\/es\/?s={search_term_string}"},"query-input":"required name=search_term_string"}],"inLanguage":"ca"},{"@type":"WebPage","@id":"https:\/\/www.barcelona-sothebysrealty.com\/ca\/ubicacions\/#webpage","url":"https:\/\/www.barcelona-sothebysrealty.com\/ca\/ubicacions\/","name":"Propietats situades en els districtes m\u00e9s selectes","isPartOf":{"@id":"https:\/\/www.barcelona-sothebysrealty.com\/es\/#website"},"datePublished":"2021-06-23T10:28:51+00:00","dateModified":"2024-12-26T14:41:51+00:00","description":"Trobar\u00e0 propietats exclusives en els districtes m\u00e9s reconeguts de Barcelona i els seus voltants.","breadcrumb":{"@id":"https:\/\/www.barcelona-sothebysrealty.com\/ca\/ubicacions\/#breadcrumb"},"inLanguage":"ca","potentialAction":[{"@type":"ReadAction","target":["https:\/\/www.barcelona-sothebysrealty.com\/ca\/ubicacions\/"]}]},{"@type":"BreadcrumbList","@id":"https:\/\/www.barcelona-sothebysrealty.com\/ca\/ubicacions\/#breadcrumb","itemListElement":[{"@type":"ListItem","position":1,"name":"Portada","item":"https:\/\/www.barcelona-sothebysrealty.com\/ca\/"},{"@type":"ListItem","position":2,"name":"Ubicacions"}]}]}},"_links":{"self":[{"href":"https:\/\/www.barcelona-sothebysrealty.com\/ca\/wp-json\/wp\/v2\/pages\/149972"}],"collection":[{"href":"https:\/\/www.barcelona-sothebysrealty.com\/ca\/wp-json\/wp\/v2\/pages"}],"about":[{"href":"https:\/\/www.barcelona-sothebysrealty.com\/ca\/wp-json\/wp\/v2\/types\/page"}],"author":[{"embeddable":true,"href":"https:\/\/www.barcelona-sothebysrealty.com\/ca\/wp-json\/wp\/v2\/users\/3"}],"replies":[{"embeddable":true,"href":"https:\/\/www.barcelona-sothebysrealty.com\/ca\/wp-json\/wp\/v2\/comments?post=149972"}],"version-history":[{"count":1,"href":"https:\/\/www.barcelona-sothebysrealty.com\/ca\/wp-json\/wp\/v2\/pages\/149972\/revisions"}],"predecessor-version":[{"id":9562901,"href":"https:\/\/www.barcelona-sothebysrealty.com\/ca\/wp-json\/wp\/v2\/pages\/149972\/revisions\/9562901"}],"wp:attachment":[{"href":"https:\/\/www.barcelona-sothebysrealty.com\/ca\/wp-json\/wp\/v2\/media?parent=149972"}],"curies":[{"name":"wp","href":"https:\/\/api.w.org\/{rel}","templated":true}]}}