{"id":303216,"date":"2021-06-23T10:58:11","date_gmt":"2021-06-23T08:58:11","guid":{"rendered":"https:\/\/sothebys.cloudrelay.es\/habitatges-venda\/sant-pere-de-ribes\/"},"modified":"2024-01-02T19:42:17","modified_gmt":"2024-01-02T18:42:17","slug":"sant-pere-de-ribes","status":"publish","type":"page","link":"https:\/\/www.barcelona-sothebysrealty.com\/ca\/habitatges-venda\/sant-pere-de-ribes\/","title":{"rendered":"Habitatges en venda a Sant Pere de Ribes"},"content":{"rendered":"<p><span style=\"font-weight: 400;\">Si est\u00e0 pensant a allunyar-se de la ciutat i buscar un lloc tranquil envoltat de mar i muntanya, li recomanem donar-li un cop d&#8217;ull a la nostra secci\u00f3 d&#8217;habitatges a Sant Pere de Ribes. Situat en plena comarca del Garraf, aquesta localitat \u00e9s un lloc ideal per a aquells que busquen pau i tranquil\u00b7litat sense renunciar a la comoditat dels serveis.<\/span><\/p>\n<p><span style=\"font-weight: 400;\">Un municipi envoltat de naturalesa, en una situaci\u00f3 privilegiada a les portes del Parc del Garraf, en el qual podr\u00e0 gaudir d&#8217;una qualitat de vida immillorable. Accedeix a la nostra selecci\u00f3 de cases en venda a Sant Pere de Ribes i trobi la seva llar ideal.<\/span><\/p>\n","protected":false},"excerpt":{"rendered":"<p>Si est\u00e0 pensant a allunyar-se de la ciutat i buscar un lloc tranquil envoltat de mar i muntanya, li recomanem<a class=\"more-link\" href=\"https:\/\/www.barcelona-sothebysrealty.com\/ca\/habitatges-venda\/sant-pere-de-ribes\/\">Llegir M\u00e9s<\/a><\/p>\n","protected":false},"author":2,"featured_media":0,"parent":16264,"menu_order":0,"comment_status":"closed","ping_status":"closed","template":"page-listado.php","meta":[],"yoast_head":"<!-- This site is optimized with the Yoast SEO plugin v17.1 - https:\/\/yoast.com\/wordpress\/plugins\/seo\/ -->\n<meta name=\"robots\" content=\"index, follow, max-snippet:-1, max-image-preview:large, max-video-preview:-1\" \/>\n<meta property=\"og:locale\" content=\"ca_ES\" \/>\n<meta property=\"og:type\" content=\"article\" \/>\n<meta property=\"og:title\" content=\"Habitatges en venda a Sant Pere de Ribes - Barcelona Sotheby&#039;s\" \/>\n<meta property=\"og:description\" content=\"Si est\u00e0 pensant a allunyar-se de la ciutat i buscar un lloc tranquil envoltat de mar i muntanya, li recomanemLlegir M\u00e9s\" \/>\n<meta property=\"og:url\" content=\"https:\/\/www.barcelona-sothebysrealty.com\/ca\/habitatges-venda\/sant-pere-de-ribes\/\" \/>\n<meta property=\"og:site_name\" content=\"Barcelona Sotheby&#039;s Realty\" \/>\n<meta property=\"article:modified_time\" content=\"2024-01-02T18:42:17+00:00\" \/>\n<meta name=\"twitter:card\" content=\"summary_large_image\" \/>\n<meta name=\"twitter:label1\" content=\"Temps estimat de lectura\" \/>\n\t<meta name=\"twitter:data1\" content=\"1 minut\" \/>\n<script type=\"application\/ld+json\" class=\"yoast-schema-graph\">{\"@context\":\"https:\/\/schema.org\",\"@graph\":[{\"@type\":\"Organization\",\"@id\":\"https:\/\/www.barcelona-sothebysrealty.com\/es\/#organization\",\"name\":\"Barcelona Sotheby's Realty\",\"url\":\"https:\/\/www.barcelona-sothebysrealty.com\/es\/\",\"sameAs\":[],\"logo\":{\"@type\":\"ImageObject\",\"@id\":\"https:\/\/www.barcelona-sothebysrealty.com\/es\/#logo\",\"inLanguage\":\"ca\",\"url\":\"https:\/\/www.barcelona-sothebysrealty.com\/wp-content\/uploads\/2023\/10\/sothebys-barcelona-logo-3.png\",\"contentUrl\":\"https:\/\/www.barcelona-sothebysrealty.com\/wp-content\/uploads\/2023\/10\/sothebys-barcelona-logo-3.png\",\"width\":274,\"height\":274,\"caption\":\"Barcelona Sotheby's Realty\"},\"image\":{\"@id\":\"https:\/\/www.barcelona-sothebysrealty.com\/es\/#logo\"}},{\"@type\":\"WebSite\",\"@id\":\"https:\/\/www.barcelona-sothebysrealty.com\/es\/#website\",\"url\":\"https:\/\/www.barcelona-sothebysrealty.com\/es\/\",\"name\":\"Barcelona Sotheby&#039;s\",\"description\":\"Otro sitio realizado con WordPress\",\"publisher\":{\"@id\":\"https:\/\/www.barcelona-sothebysrealty.com\/es\/#organization\"},\"potentialAction\":[{\"@type\":\"SearchAction\",\"target\":{\"@type\":\"EntryPoint\",\"urlTemplate\":\"https:\/\/www.barcelona-sothebysrealty.com\/es\/?s={search_term_string}\"},\"query-input\":\"required name=search_term_string\"}],\"inLanguage\":\"ca\"},{\"@type\":\"WebPage\",\"@id\":\"https:\/\/www.barcelona-sothebysrealty.com\/ca\/habitatges-venda\/sant-pere-de-ribes\/#webpage\",\"url\":\"https:\/\/www.barcelona-sothebysrealty.com\/ca\/habitatges-venda\/sant-pere-de-ribes\/\",\"name\":\"Habitatges en venda a Sant Pere de Ribes - Barcelona Sotheby&#039;s\",\"isPartOf\":{\"@id\":\"https:\/\/www.barcelona-sothebysrealty.com\/es\/#website\"},\"datePublished\":\"2021-06-23T08:58:11+00:00\",\"dateModified\":\"2024-01-02T18:42:17+00:00\",\"breadcrumb\":{\"@id\":\"https:\/\/www.barcelona-sothebysrealty.com\/ca\/habitatges-venda\/sant-pere-de-ribes\/#breadcrumb\"},\"inLanguage\":\"ca\",\"potentialAction\":[{\"@type\":\"ReadAction\",\"target\":[\"https:\/\/www.barcelona-sothebysrealty.com\/ca\/habitatges-venda\/sant-pere-de-ribes\/\"]}]},{\"@type\":\"BreadcrumbList\",\"@id\":\"https:\/\/www.barcelona-sothebysrealty.com\/ca\/habitatges-venda\/sant-pere-de-ribes\/#breadcrumb\",\"itemListElement\":[{\"@type\":\"ListItem\",\"position\":1,\"name\":\"Portada\",\"item\":\"https:\/\/www.barcelona-sothebysrealty.com\/ca\/\"},{\"@type\":\"ListItem\",\"position\":2,\"name\":\"Habitatges en venda &#8211; Compra i venda de pisos i cases de luxe\",\"item\":\"https:\/\/www.barcelona-sothebysrealty.com\/ca\/habitatges-venda\/\"},{\"@type\":\"ListItem\",\"position\":3,\"name\":\"Habitatges en venda a Sant Pere de Ribes\"}]}]}<\/script>\n<!-- \/ Yoast SEO plugin. -->","yoast_head_json":{"robots":{"index":"index","follow":"follow","max-snippet":"max-snippet:-1","max-image-preview":"max-image-preview:large","max-video-preview":"max-video-preview:-1"},"og_locale":"ca_ES","og_type":"article","og_title":"Habitatges en venda a Sant Pere de Ribes - Barcelona Sotheby&#039;s","og_description":"Si est\u00e0 pensant a allunyar-se de la ciutat i buscar un lloc tranquil envoltat de mar i muntanya, li recomanemLlegir M\u00e9s","og_url":"https:\/\/www.barcelona-sothebysrealty.com\/ca\/habitatges-venda\/sant-pere-de-ribes\/","og_site_name":"Barcelona Sotheby's Realty","article_modified_time":"2024-01-02T18:42:17+00:00","twitter_card":"summary_large_image","twitter_misc":{"Temps estimat de lectura":"1 minut"},"schema":{"@context":"https:\/\/schema.org","@graph":[{"@type":"Organization","@id":"https:\/\/www.barcelona-sothebysrealty.com\/es\/#organization","name":"Barcelona Sotheby's Realty","url":"https:\/\/www.barcelona-sothebysrealty.com\/es\/","sameAs":[],"logo":{"@type":"ImageObject","@id":"https:\/\/www.barcelona-sothebysrealty.com\/es\/#logo","inLanguage":"ca","url":"https:\/\/www.barcelona-sothebysrealty.com\/wp-content\/uploads\/2023\/10\/sothebys-barcelona-logo-3.png","contentUrl":"https:\/\/www.barcelona-sothebysrealty.com\/wp-content\/uploads\/2023\/10\/sothebys-barcelona-logo-3.png","width":274,"height":274,"caption":"Barcelona Sotheby's Realty"},"image":{"@id":"https:\/\/www.barcelona-sothebysrealty.com\/es\/#logo"}},{"@type":"WebSite","@id":"https:\/\/www.barcelona-sothebysrealty.com\/es\/#website","url":"https:\/\/www.barcelona-sothebysrealty.com\/es\/","name":"Barcelona Sotheby&#039;s","description":"Otro sitio realizado con WordPress","publisher":{"@id":"https:\/\/www.barcelona-sothebysrealty.com\/es\/#organization"},"potentialAction":[{"@type":"SearchAction","target":{"@type":"EntryPoint","urlTemplate":"https:\/\/www.barcelona-sothebysrealty.com\/es\/?s={search_term_string}"},"query-input":"required name=search_term_string"}],"inLanguage":"ca"},{"@type":"WebPage","@id":"https:\/\/www.barcelona-sothebysrealty.com\/ca\/habitatges-venda\/sant-pere-de-ribes\/#webpage","url":"https:\/\/www.barcelona-sothebysrealty.com\/ca\/habitatges-venda\/sant-pere-de-ribes\/","name":"Habitatges en venda a Sant Pere de Ribes - Barcelona Sotheby&#039;s","isPartOf":{"@id":"https:\/\/www.barcelona-sothebysrealty.com\/es\/#website"},"datePublished":"2021-06-23T08:58:11+00:00","dateModified":"2024-01-02T18:42:17+00:00","breadcrumb":{"@id":"https:\/\/www.barcelona-sothebysrealty.com\/ca\/habitatges-venda\/sant-pere-de-ribes\/#breadcrumb"},"inLanguage":"ca","potentialAction":[{"@type":"ReadAction","target":["https:\/\/www.barcelona-sothebysrealty.com\/ca\/habitatges-venda\/sant-pere-de-ribes\/"]}]},{"@type":"BreadcrumbList","@id":"https:\/\/www.barcelona-sothebysrealty.com\/ca\/habitatges-venda\/sant-pere-de-ribes\/#breadcrumb","itemListElement":[{"@type":"ListItem","position":1,"name":"Portada","item":"https:\/\/www.barcelona-sothebysrealty.com\/ca\/"},{"@type":"ListItem","position":2,"name":"Habitatges en venda &#8211; Compra i venda de pisos i cases de luxe","item":"https:\/\/www.barcelona-sothebysrealty.com\/ca\/habitatges-venda\/"},{"@type":"ListItem","position":3,"name":"Habitatges en venda a Sant Pere de Ribes"}]}]}},"_links":{"self":[{"href":"https:\/\/www.barcelona-sothebysrealty.com\/ca\/wp-json\/wp\/v2\/pages\/303216"}],"collection":[{"href":"https:\/\/www.barcelona-sothebysrealty.com\/ca\/wp-json\/wp\/v2\/pages"}],"about":[{"href":"https:\/\/www.barcelona-sothebysrealty.com\/ca\/wp-json\/wp\/v2\/types\/page"}],"author":[{"embeddable":true,"href":"https:\/\/www.barcelona-sothebysrealty.com\/ca\/wp-json\/wp\/v2\/users\/2"}],"replies":[{"embeddable":true,"href":"https:\/\/www.barcelona-sothebysrealty.com\/ca\/wp-json\/wp\/v2\/comments?post=303216"}],"version-history":[{"count":0,"href":"https:\/\/www.barcelona-sothebysrealty.com\/ca\/wp-json\/wp\/v2\/pages\/303216\/revisions"}],"up":[{"embeddable":true,"href":"https:\/\/www.barcelona-sothebysrealty.com\/ca\/wp-json\/wp\/v2\/pages\/16264"}],"wp:attachment":[{"href":"https:\/\/www.barcelona-sothebysrealty.com\/ca\/wp-json\/wp\/v2\/media?parent=303216"}],"curies":[{"name":"wp","href":"https:\/\/api.w.org\/{rel}","templated":true}]}}