{"id":306579,"date":"2021-02-08T16:37:25","date_gmt":"2021-02-08T15:37:25","guid":{"rendered":"https:\/\/sothebys.cloudrelay.es\/politica-de-cookies\/"},"modified":"2024-10-08T14:22:50","modified_gmt":"2024-10-08T12:22:50","slug":"politica-de-cookies","status":"publish","type":"page","link":"https:\/\/www.barcelona-sothebysrealty.com\/ca\/politica-de-cookies\/","title":{"rendered":"Pol\u00edtica de cookies"},"content":{"rendered":"<h3>ANTECEDENTS<\/h3>\n<div>\n<p>De conformitat amb la normativa espanyola que regula l&#8217;\u00fas de cookies en relaci\u00f3 amb la prestaci\u00f3 de serveis de comunicacions electr\u00f2niques, recollida en el Reial Decret Llei 13\/2012 del 30 de mar\u00e7, l&#8217;informem sobre les cookies utilitzades en la p\u00e0gina web de\u00a0<strong>FINE HOMES HOLDING, S.L.<\/strong> (tamb\u00e9 el prestador) i el motiu del seu \u00fas. Aix\u00ed mateix, li informem que en navegar a la P\u00e0gina Web vost\u00e8 est\u00e0 prestant el seu consentiment per poder utilitzar-les.<\/p>\n<\/div>\n<div>\n<h3>QU\u00c8 S\u00d3N LES COOKIES?<\/h3>\n<div>\n<p>Una cookie \u00e9s un fitxer que es descarrega al seu ordinador en accedir a determinades p\u00e0gines web. Les cookies permeten a una p\u00e0gina web, entre altres coses, emmagatzemar i recuperar informaci\u00f3 sobre els h\u00e0bits de navegaci\u00f3 d&#8217;un usuari o del seu equip i, depenent de la informaci\u00f3 que continguin i de la forma en qu\u00e8 utilitzi el seu equip, es poden utilitzar per recon\u00e8ixer a l&#8217;usuari. Les cookies s&#8217;associen \u00fanicament a un usuari an\u00f2nim i el seu ordinador o dispositiu i no proporcionen refer\u00e8ncies que permetin con\u00e8ixer les seves dades personals.<\/p>\n<\/div>\n<div>\n<h3>COOKIES AFECTADES PER LA NORMATIVA I COOKIES EXEMPTES<\/h3>\n<section class=\"bg-white pddtop0 pddbottom0\">Segons la directiva de la UE, les cookies que requereixen el consentiment informat per part de l&#8217;usuari s\u00f3n les cookies d&#8217;anal\u00edtica i les de publicitat i afiliaci\u00f3, quedant exceptuades les de car\u00e0cter t\u00e8cnic i les necess\u00e0ries per al funcionament del lloc web o la prestaci\u00f3 de serveis expressament demandats per l&#8217;usuari.<\/p>\n<\/section>\n<\/div>\n<div>\n<h3>TIPUS DE COOKIES<\/h3>\n<p>a) Segons l&#8217;entitat que les gestioni, hi ha Cookies pr\u00f2pies (aquelles que s&#8217;envien a l&#8217;equip terminal de l&#8217;usuari des d&#8217;un equip o domini gestionat pel propi editor i des del qual es presta el servei Sol\u00b7licitat per l&#8217;usuari) i de tercers (les que s\u2019envien a l&#8217;equip terminal de l&#8217;usuari des d&#8217;un equip o domini que no \u00e9s gestionat per l&#8217;editor, sin\u00f3 per una altra entitat que tracta les dades obtingudes mitjan\u00e7ant les cookies).<\/p>\n<p>b) Segons el temps que romanen actives, existeixen les de sessi\u00f3 (dissenyades per a demanar i emmagatzemar dades mentre l&#8217;usuari accedeix a una p\u00e0gina web) i les persistents (en les quals les dades s&#8217;emmagatzemen en el terminal i poden ser accedits i tractats durant un per\u00edode definit pel responsable de la cookie -pot anar d&#8217;uns minuts a diversos anys-).<\/p>\n<p>c) Segons la finalitat per a la qual tracten la informaci\u00f3 que recopilen, poden ser:<\/p>\n<p>&#8211;\u00a0<strong>Cookies t\u00e8cniques<\/strong>\u00a0(necess\u00e0ries per a l&#8217;\u00fas de la web i la prestaci\u00f3 del servei contractat),<\/p>\n<p>&#8211;\u00a0<strong>Cookies de personalitzaci\u00f3<\/strong>\u00a0(que permeten a l&#8217;usuari accedir al servei amb caracter\u00edstiques predefinides, com per exemple l&#8217;idioma, tipus de navegador, configuraci\u00f3 regional, etc.)<\/p>\n<p>&#8211;\u00a0<strong>Cookies d&#8217;an\u00e0lisi<\/strong>\u00a0(recullen informaci\u00f3 de l&#8217;\u00fas que es realitza de la web),<\/p>\n<p>&#8211;\u00a0<strong>Cookies publicit\u00e0ries<\/strong>\u00a0(recullen informaci\u00f3 sobre les prefer\u00e8ncies i eleccions personals dels usuaris),<\/p>\n<p>&#8211;\u00a0<strong>Cookies d&#8217;afiliats<\/strong>\u00a0(permeten fer un seguiment de les visites procedents d&#8217;altres webs, amb les que el lloc web estableix un contracte de afiliaci\u00f3).<\/p>\n<\/div>\n<div>\n<h3>TIPUS DE COOKIES UTILITZADES PER AQUESTA P\u00c0GINA WEB<\/h3>\n<p>Les cookies utilitzades en la nostra web s\u00f3n de sessi\u00f3 i de tercers, i ens permeten emmagatzemar i accedir a informaci\u00f3 relativa a l&#8217;idioma, el tipus de navegador utilitzat, i altres caracter\u00edstiques generals predefinides per l&#8217;usuari, aix\u00ed com seguir i analitzar l&#8217;activitat que porta a terme per millorar i prestar els nostres serveis d&#8217;una manera m\u00e9s eficient i personalitzada. Les cookies utilitzades tenen, en tot cas, car\u00e0cter temporal, amb l&#8217;\u00fanica finalitat de fer m\u00e9s efica\u00e7 la navegaci\u00f3. En cap cas aquestes cookies proporcionen per si mateixes dades de car\u00e0cter personal i no es fan servir per a la recollida dels mateixos.<\/p>\n<p>L&#8217;\u00fas de les cookies ofereix avantatges, com ara:<\/p>\n<p>&#8211; facilita a l&#8217;usuari la navegaci\u00f3 i l&#8217;acc\u00e9s als diferents serveis que ofereix aquest lloc web;<\/p>\n<p>&#8211; evita a l&#8217;usuari haver de configurar les caracter\u00edstiques generals predefinides cada vegada que accedeix al lloc web; i<\/p>\n<p>&#8211; afavoreix la millora del funcionament i dels serveis prestats a trav\u00e9s d&#8217;aquest lloc web, despr\u00e9s del corresponent an\u00e0lisi de la informaci\u00f3 obtinguda a trav\u00e9s de les cookies instal\u00b7lades.<\/p>\n<p>En accedir a la nostra web se li informa que si segueix navegant se li s&#8217;instal\u00b7laran diverses cookies de tercers consentint aix\u00ed la instal\u00b7laci\u00f3 de determinades cookies que tindran com a \u00fanica finalitat la de registrar l&#8217;acc\u00e9s al nostre lloc web per a la realitzaci\u00f3 d&#8217;estad\u00edstiques an\u00f2nimes sobre les visites, recopilant informaci\u00f3 sempre de forma an\u00f2nima. No cal que accepti la instal\u00b7laci\u00f3 d&#8217;aquestes cookies, pot navegar igualment per tota la nostra web.<\/p>\n<p>A diverses seccions de la nostra web es podran instal\u00b7lar cookies de xarxes socials, en concret les seg\u00fcents:<\/p>\n<p>&#8211; Cookie de Twitter, segons el disposat a la seva\u00a0<a href=\"http:\/\/twitter.com\/privacy\">pol\u00edtica de privacitat i \u00fas de cookies<\/a><br \/>\n&#8211; Cookie de Facebook, segons el disposat a la seva\u00a0<a href=\"http:\/\/www.facebook.com\/help\/cookies\">pol\u00edtica de cookies<\/a><br \/>\n&#8211; Cookie de Linkedin, segons el disposat a la seva\u00a0<a href=\"http:\/\/www.linkedin.com\/legal\/cookie-policy?trk=hb_ft_cookie\">p\u00e1gina sobre l\u2019\u00fas de cookies<\/a><br \/>\n&#8211; Cookie de Google+ y Google Maps, segons el disposat a la seva\u00a0p\u00e0gina sobre quins\u00a0<a href=\"http:\/\/www.google.com\/intl\/es\/policies\/technologies\/types\/\">tipus de cookies utilitzen<\/a><\/p>\n<\/div>\n<div>\n<table border=\"1\" width=\"100%\" cellspacing=\"0\" cellpadding=\"0\">\n<tbody>\n<tr>\n<td><strong>Nom<\/strong><\/td>\n<td><strong>Tipus<\/strong><\/td>\n<td><strong>Caducitat<\/strong><\/td>\n<td><strong>Finalitat<\/strong><\/td>\n<\/tr>\n<tr>\n<td rowspan=\"11\">Google Tags i Analytics<\/td>\n<td>_ga<\/td>\n<td>2 anys<\/td>\n<td>Es fa servir per distingir els usuaris<\/td>\n<\/tr>\n<tr>\n<td>_gid<\/td>\n<td>24\u00a0hores<\/td>\n<td>Es fa servir per distingir els usuaris<\/td>\n<\/tr>\n<tr>\n<td>_gat<\/td>\n<td>1\u00a0minut<\/td>\n<td>&#8216;utilitza per limitar el percentatge de sol\u00b7licituds. Si has implementat Google Analytics mitjan\u00e7ant Google Tag Manager, aquesta cookie es dir\u00e0 _dc_gtm_ &lt;property-id&gt;<\/td>\n<\/tr>\n<tr>\n<td>AMP_TOKEN<\/td>\n<td>30\u00a0segons a l\u2019any<\/td>\n<td>Inclou un token que es pot utilitzar per recuperar un ID de client del servei de ID de client d&#8217;AMP. Altres possibles valors indiquen inhabilitacions, sol\u00b7licituds en curs o errors obtinguts en recuperar un ID del servei de ID de client d&#8217;AMP<\/td>\n<\/tr>\n<tr>\n<td>_gac_&lt;property-id&gt;<\/td>\n<td>90\u00a0dies<\/td>\n<td>Inclou informaci\u00f3 de la campanya relativa a l&#8217;usuari. Si has vinculat els teus comptes de Google Analytics i AdWords, les etiquetes de conversi\u00f3 de llocs web llegiran aquesta cookie, llevat que la desactiveu.\u00a0<a href=\"http:\/\/support.google.com\/adwords\/answer\/7521212?hl=es-419\">M\u00e9s informaci\u00f3<\/a><\/td>\n<\/tr>\n<tr>\n<td>__utma<\/td>\n<td>2 anys a partir de la configuraci\u00f3 o actualitzaci\u00f3<\/td>\n<td>Es fa servir per distingir usuaris i sessions. La cookie es crea quan s&#8217;executa la biblioteca JavaScript i no hi ha cap cookie __utma. La cookie s&#8217;actualitza cada vegada que s&#8217;envien dades a Google Analytics<\/td>\n<\/tr>\n<tr>\n<td>__utmt<\/td>\n<td>10 minuts<\/td>\n<td>S&#8217;utilitza per limitar el percentatge de sol\u00b7licituds<\/td>\n<\/tr>\n<tr>\n<td>__utmb<\/td>\n<td>30 minuts a partir de la configuraci\u00f3 o actualitzaci\u00f3<\/td>\n<td>Es fa servir per determinar noves sessions o visites. La cookie es crea quan s&#8217;executa la biblioteca JavaScript i no hi ha cap cookie __utmb. La cookie s&#8217;actualitza cada vegada que s&#8217;envien dades a Google Analytics<\/td>\n<\/tr>\n<tr>\n<td>__utmc<\/td>\n<td>Fi de la sessi\u00f3 del navegador<\/td>\n<td>No es fa servir en ga.js. Es configura per interactuar amb urchin.js. Anteriorment, aquesta cookie actuava juntament amb la cookie __utmb per determinar si l&#8217;usuari estava en una nova sessi\u00f3 o visita<\/td>\n<\/tr>\n<tr>\n<td>__utmz<\/td>\n<td>6 mesos a partir de la configuraci\u00f3 o actualitzaci\u00f3<\/td>\n<td>Emmagatzema la font de tr\u00e0nsit o la campanya que explica com ha arribat l&#8217;usuari al lloc. La cookie es crea quan s&#8217;executa la biblioteca JavaScript i s&#8217;actualitza cada vegada que s&#8217;envien dades a Google Analytics<\/td>\n<\/tr>\n<tr>\n<td>__utmv<\/td>\n<td>2 anys a partir de la configuraci\u00f3 o actualitzaci\u00f3<\/td>\n<td>Es fa servir per emmagatzemar dades de variables personalitzades de visitant. Aquesta cookie es crea quan un programador fa servir el m\u00e8tode _setCustomVar amb una variable personalitzada de visitant. Tamb\u00e9 es feia servir per al m\u00e8tode _setVar retirat. La cookie s&#8217;actualitza cada vegada que s&#8217;envien dades a Google Analytics<\/td>\n<\/tr>\n<tr>\n<td rowspan=\"13\">Cookies fixades per Yandex.Metrica<\/p>\n<p>&nbsp;<\/td>\n<td>_ym_isad<\/td>\n<td>2 dies<\/td>\n<td>S&#8217;utilitza per determinar si un visitant t\u00e9 bloquejadors d&#8217;anuncis<\/td>\n<\/tr>\n<tr>\n<td>_ym_uid<\/td>\n<td>1 any<\/td>\n<td>S&#8217;utilitza per identificar usuaris del lloc<\/td>\n<\/tr>\n<tr>\n<td>_ym_d<\/td>\n<td>1 any<\/td>\n<td>Data de la primera sessi\u00f3 del lloc de l&#8217;usuari<\/td>\n<\/tr>\n<tr>\n<td>yabs-sid<\/td>\n<td>Fins que finalitzi la sessi\u00f3<\/td>\n<td>ID de sessi\u00f3<\/td>\n<\/tr>\n<tr>\n<td>_ym_debug<\/td>\n<td>Fins que finalitzi la sessi\u00f3<\/td>\n<td>Indica que el mode debug est\u00e0 actiu<\/td>\n<\/tr>\n<tr>\n<td>_ym_mp2_substs<\/td>\n<td>Fins que finalitzi la sessi\u00f3<\/td>\n<td>S&#8217;utilitza per a Target Call<\/td>\n<\/tr>\n<tr>\n<td>i<\/td>\n<td>1 any<\/td>\n<td>S&#8217;utilitza per identificar usuaris del lloc<\/td>\n<\/tr>\n<tr>\n<td>yandexuid<\/td>\n<td>1 any<\/td>\n<td>S&#8217;utilitza per identificar usuaris del lloc<\/td>\n<\/tr>\n<tr>\n<td>usst<\/td>\n<td>1 any<\/td>\n<td>Emmagatzema informaci\u00f3 auxiliar per sincronitzar identificadors d&#8217;usuari del lloc entre diferents dominis Yandex<\/td>\n<\/tr>\n<tr>\n<td>_ym_visorc_*<\/td>\n<td>30 minuts<\/td>\n<td>Permet Sessi\u00f3 Replay funcionar correctament<\/td>\n<\/tr>\n<tr>\n<td>_ym_hostIndex<\/td>\n<td>1 dia<\/td>\n<td>Limita el nombre de sol\u00b7licituds<\/td>\n<\/tr>\n<tr>\n<td>_ym_mp2_track<\/td>\n<td>30 dies<\/td>\n<td>S&#8217;utilitza per a Target Call<\/td>\n<\/tr>\n<tr>\n<td>zz<\/td>\n<td>90 dies<\/td>\n<td>S&#8217;utilitza per identificar usuaris del lloc<\/td>\n<\/tr>\n<tr>\n<td>Propies de la web<\/td>\n<td>PHPSESSID<\/td>\n<td>Fi de la sessi\u00f3 del navegador<\/td>\n<td>Es fa servir per distingir les sessions dels usuaris<\/td>\n<\/tr>\n<tr>\n<td><\/td>\n<td>displayCookieConsent<\/td>\n<td>1 any<\/td>\n<td>Per saber si ha acceptat l&#8217;av\u00eds de cookies<\/td>\n<\/tr>\n<\/tbody>\n<\/table>\n<\/div>\n<div>\n<h3>REVOCACI\u00d3N<\/h3>\n<p>En tot moment podr\u00e0 accedir a la configuraci\u00f3 del seu navegador acceptant o rebutjant totes les cookies, o b\u00e9 seleccionar aquelles quines la instal\u00b7laci\u00f3 admet i aquelles que no, seguint un dels seg\u00fcents procediments, que dep\u00e8n del navegador que utilitzi:<\/p>\n<p><strong>Google Chrome<\/strong>\u00a0(al Men\u00fa Eines):<\/p>\n<p>Configuraci\u00f3&gt; Mostrar opcions avan\u00e7ades&gt; Privacitat (Configuraci\u00f3 de contingut)&gt; Cookies:<\/p>\n<p><a href=\"https:\/\/support.google.com\/chrome\/answer\/95647?co=GENIE.Platform%3DDesktop&amp;hl=es\">https:\/\/support.google.com\/chrome\/answer\/95647?co=GENIE.Platform%3DDesktop&amp;hl=es<\/a><\/p>\n<p><strong>Microsoft Internet Explorer<\/strong>\u00a0(en el Men\u00fa Eines):<\/p>\n<p>Opcions d\u2019Internet &gt; Privacitat &gt; Avan\u00e7ada:<\/p>\n<p><a href=\"https:\/\/support.microsoft.com\/es-es\/help\/17442\/windows-internet-explorer-delete-manage-cookies\">https:\/\/support.microsoft.com\/es-es\/help\/17442\/windows-internet-explorer-delete-manage-cookies<\/a><\/p>\n<p><strong>Firefox:<\/strong><br \/>\nOpcions &gt; Privacitat &gt; Cookies:<\/p>\n<p><a href=\"https:\/\/support.mozilla.org\/es\/kb\/habilitar-y-deshabilitar-cookies-sitios-web-rastrear-preferencias\">https:\/\/support.mozilla.org\/es\/kb\/habilitar-y-deshabilitar-cookies-sitios-web-rastrear-preferencias<\/a><\/p>\n<p><strong>Safari, iPad i iPhone:<\/strong><\/p>\n<p>Prefer\u00e8ncies &gt; Privacitat<\/p>\n<p><a href=\"https:\/\/support.apple.com\/es-es\/105082\">https:\/\/support.apple.com\/es-es\/105082<\/a><\/div>\n<div>\n<p><strong>Opera:<\/strong><\/p>\n<p>Configuraci\u00f3 &gt; Opcions &gt; Avan\u00e7at &gt; Cookies<\/p>\n<p><a href=\"http:\/\/help.opera.com\/Windows\/12.00\/es-ES\/cookies.html\">http:\/\/help.opera.com\/Windows\/12.00\/es-ES\/cookies.html<\/a><\/p>\n<p>Aquests navegadors estan sotmesos a actualitzacions o modificacions, pel que no podem garantir que s&#8217;ajustin completament a la versi\u00f3 del seu navegador. Tamb\u00e9 pot ser que utilitzi un altre navegador no contemplat en aquests enlla\u00e7os com ara Konqueror, Arora, Flock, etc. Per evitar aquests desajusts, pot accedir directament des de les opcions del seu navegador, generalment al men\u00fa de &#8220;Opcions&#8221; a la secci\u00f3 de &#8220;Privacitat&#8221;. (Si us plau, consulteu l&#8217;ajuda del seu navegador per a m\u00e9s informaci\u00f3).<\/p>\n<\/div>\n<div>\n<h3>DESACTIVACI\u00d3\/ACTIVACI\u00d3 I ELIMINACI\u00d3 DE COOKIES<\/h3>\n<\/div>\n<div>Per restringir o bloquejar les cookies, es fa a trav\u00e9s de la configuraci\u00f3 del navegador.Si no desitja que els llocs web posin cap cookie al seu equip, pot adaptar la configuraci\u00f3 del navegador de manera que se li notifiqui abans que es col\u00b7loqui cap cookie. De la mateixa manera, pot adaptar la configuraci\u00f3 de manera que el navegador rebutgi totes les cookies, o \u00fanicament les cookies de tercers. Tamb\u00e9 pot eliminar qualsevol de les cookies que ja es troben a l&#8217;equip. Recordeu que s&#8217;haur\u00e0 d&#8217;adaptar per separat la configuraci\u00f3 de cada navegador i equip que utilitzi.<\/p>\n<p>Tenir en compte que si no desitja rebre cookies, ja no podrem garantir que el nostre lloc web funcioni com cal. Potser algunes funcions del lloc es perdin i \u00e9s possible que ja no pugui veure certs llocs web. A m\u00e9s, rebutjar les cookies no vol dir que ja no vagi a veure anuncis publicitaris. Simplement els anuncis no s&#8217;ajustaran als seus interessos i es repetiran amb m\u00e9s freq\u00fc\u00e8ncia.<\/p>\n<p>Cada navegador t\u00e9 un m\u00e8tode diferent per adaptar la configuraci\u00f3. Si cal, consulteu la funci\u00f3 d&#8217;ajuda del navegador per establir la configuraci\u00f3 correcta.<\/p>\n<p>Per desactivar les cookies al tel\u00e8fon m\u00f2bil, consulteu el manual del dispositiu per obtenir m\u00e9s informaci\u00f3.<\/p>\n<p>Podeu obtenir m\u00e9s informaci\u00f3 sobre les cookies a Internet,\u00a0<a href=\"http:\/\/www.aboutcookies.org\/\">http:\/\/www.aboutcookies.org<\/a><\/p>\n<p>Tenint en compte la forma en qu\u00e8 funciona Internet i els llocs web, no sempre comptem amb informaci\u00f3 de les cookies que col\u00b7loquen terceres parts a trav\u00e9s del nostre lloc web. Aix\u00f2 s&#8217;aplica especialment a casos en qu\u00e8 la nostra p\u00e0gina web cont\u00e9 el que es denominen elements integrats: textos, documents, imatges o breves pel\u00b7l\u00edcules que s&#8217;emmagatzemen en una altra part, per\u00f2 es mostren al nostre lloc web o mitjan\u00e7ant el mateix.<\/p>\n<p>Per tant, en cas que es trobi amb aquest tipus de cookies en aquest lloc web i no estiguin enumerades en la llista anterior, li preguem que ens ho comuniqui. O b\u00e9 poseu-vos en contacte directament amb el tercer per demanar-li informaci\u00f3 sobre les cookies que col\u00b7loca, la finalitat i la durada de la cookie, i com ha garantit la seva privacitat.<\/p>\n<\/div>\n<\/div>\n","protected":false},"excerpt":{"rendered":"<p>ANTECEDENTS De conformitat amb la normativa espanyola que regula l&#8217;\u00fas de cookies en relaci\u00f3 amb la prestaci\u00f3 de serveis de<a class=\"more-link\" href=\"https:\/\/www.barcelona-sothebysrealty.com\/ca\/politica-de-cookies\/\">Llegir M\u00e9s<\/a><\/p>\n","protected":false},"author":3,"featured_media":0,"parent":0,"menu_order":0,"comment_status":"closed","ping_status":"closed","template":"","meta":[],"yoast_head":"<!-- This site is optimized with the Yoast SEO plugin v17.1 - https:\/\/yoast.com\/wordpress\/plugins\/seo\/ -->\n<meta name=\"description\" content=\"Encuentre m\u00e1s informaci\u00f3n sobre las Condiciones de uso, la Pol\u00edtica de Privacidad y la Pol\u00edtica de Cookies\" \/>\n<meta name=\"robots\" content=\"index, follow, max-snippet:-1, max-image-preview:large, max-video-preview:-1\" \/>\n<meta property=\"og:locale\" content=\"ca_ES\" \/>\n<meta property=\"og:type\" content=\"article\" \/>\n<meta property=\"og:title\" content=\"Informaci\u00f3n Legal de Sotheby&#039;s International Realty\" \/>\n<meta property=\"og:description\" content=\"Encuentre m\u00e1s informaci\u00f3n sobre las Condiciones de uso, la Pol\u00edtica de Privacidad y la Pol\u00edtica de Cookies\" \/>\n<meta property=\"og:url\" content=\"https:\/\/www.barcelona-sothebysrealty.com\/ca\/politica-de-cookies\/\" \/>\n<meta property=\"og:site_name\" content=\"Barcelona Sotheby&#039;s Realty\" \/>\n<meta property=\"article:modified_time\" content=\"2024-10-08T12:22:50+00:00\" \/>\n<meta name=\"twitter:card\" content=\"summary_large_image\" \/>\n<meta name=\"twitter:label1\" content=\"Temps estimat de lectura\" \/>\n\t<meta name=\"twitter:data1\" content=\"9 minuts\" \/>\n<script type=\"application\/ld+json\" class=\"yoast-schema-graph\">{\"@context\":\"https:\/\/schema.org\",\"@graph\":[{\"@type\":\"Organization\",\"@id\":\"https:\/\/www.barcelona-sothebysrealty.com\/es\/#organization\",\"name\":\"Barcelona Sotheby's Realty\",\"url\":\"https:\/\/www.barcelona-sothebysrealty.com\/es\/\",\"sameAs\":[],\"logo\":{\"@type\":\"ImageObject\",\"@id\":\"https:\/\/www.barcelona-sothebysrealty.com\/es\/#logo\",\"inLanguage\":\"ca\",\"url\":\"https:\/\/www.barcelona-sothebysrealty.com\/wp-content\/uploads\/2023\/10\/sothebys-barcelona-logo-3.png\",\"contentUrl\":\"https:\/\/www.barcelona-sothebysrealty.com\/wp-content\/uploads\/2023\/10\/sothebys-barcelona-logo-3.png\",\"width\":274,\"height\":274,\"caption\":\"Barcelona Sotheby's Realty\"},\"image\":{\"@id\":\"https:\/\/www.barcelona-sothebysrealty.com\/es\/#logo\"}},{\"@type\":\"WebSite\",\"@id\":\"https:\/\/www.barcelona-sothebysrealty.com\/es\/#website\",\"url\":\"https:\/\/www.barcelona-sothebysrealty.com\/es\/\",\"name\":\"Barcelona Sotheby&#039;s\",\"description\":\"Otro sitio realizado con WordPress\",\"publisher\":{\"@id\":\"https:\/\/www.barcelona-sothebysrealty.com\/es\/#organization\"},\"potentialAction\":[{\"@type\":\"SearchAction\",\"target\":{\"@type\":\"EntryPoint\",\"urlTemplate\":\"https:\/\/www.barcelona-sothebysrealty.com\/es\/?s={search_term_string}\"},\"query-input\":\"required name=search_term_string\"}],\"inLanguage\":\"ca\"},{\"@type\":\"WebPage\",\"@id\":\"https:\/\/www.barcelona-sothebysrealty.com\/ca\/politica-de-cookies\/#webpage\",\"url\":\"https:\/\/www.barcelona-sothebysrealty.com\/ca\/politica-de-cookies\/\",\"name\":\"Informaci\\u00f3n Legal de Sotheby's International Realty\",\"isPartOf\":{\"@id\":\"https:\/\/www.barcelona-sothebysrealty.com\/es\/#website\"},\"datePublished\":\"2021-02-08T15:37:25+00:00\",\"dateModified\":\"2024-10-08T12:22:50+00:00\",\"description\":\"Encuentre m\\u00e1s informaci\\u00f3n sobre las Condiciones de uso, la Pol\\u00edtica de Privacidad y la Pol\\u00edtica de Cookies\",\"breadcrumb\":{\"@id\":\"https:\/\/www.barcelona-sothebysrealty.com\/ca\/politica-de-cookies\/#breadcrumb\"},\"inLanguage\":\"ca\",\"potentialAction\":[{\"@type\":\"ReadAction\",\"target\":[\"https:\/\/www.barcelona-sothebysrealty.com\/ca\/politica-de-cookies\/\"]}]},{\"@type\":\"BreadcrumbList\",\"@id\":\"https:\/\/www.barcelona-sothebysrealty.com\/ca\/politica-de-cookies\/#breadcrumb\",\"itemListElement\":[{\"@type\":\"ListItem\",\"position\":1,\"name\":\"Portada\",\"item\":\"https:\/\/www.barcelona-sothebysrealty.com\/ca\/\"},{\"@type\":\"ListItem\",\"position\":2,\"name\":\"Pol\\u00edtica de cookies\"}]}]}<\/script>\n<!-- \/ Yoast SEO plugin. -->","yoast_head_json":{"description":"Encuentre m\u00e1s informaci\u00f3n sobre las Condiciones de uso, la Pol\u00edtica de Privacidad y la Pol\u00edtica de Cookies","robots":{"index":"index","follow":"follow","max-snippet":"max-snippet:-1","max-image-preview":"max-image-preview:large","max-video-preview":"max-video-preview:-1"},"og_locale":"ca_ES","og_type":"article","og_title":"Informaci\u00f3n Legal de Sotheby's International Realty","og_description":"Encuentre m\u00e1s informaci\u00f3n sobre las Condiciones de uso, la Pol\u00edtica de Privacidad y la Pol\u00edtica de Cookies","og_url":"https:\/\/www.barcelona-sothebysrealty.com\/ca\/politica-de-cookies\/","og_site_name":"Barcelona Sotheby's Realty","article_modified_time":"2024-10-08T12:22:50+00:00","twitter_card":"summary_large_image","twitter_misc":{"Temps estimat de lectura":"9 minuts"},"schema":{"@context":"https:\/\/schema.org","@graph":[{"@type":"Organization","@id":"https:\/\/www.barcelona-sothebysrealty.com\/es\/#organization","name":"Barcelona Sotheby's Realty","url":"https:\/\/www.barcelona-sothebysrealty.com\/es\/","sameAs":[],"logo":{"@type":"ImageObject","@id":"https:\/\/www.barcelona-sothebysrealty.com\/es\/#logo","inLanguage":"ca","url":"https:\/\/www.barcelona-sothebysrealty.com\/wp-content\/uploads\/2023\/10\/sothebys-barcelona-logo-3.png","contentUrl":"https:\/\/www.barcelona-sothebysrealty.com\/wp-content\/uploads\/2023\/10\/sothebys-barcelona-logo-3.png","width":274,"height":274,"caption":"Barcelona Sotheby's Realty"},"image":{"@id":"https:\/\/www.barcelona-sothebysrealty.com\/es\/#logo"}},{"@type":"WebSite","@id":"https:\/\/www.barcelona-sothebysrealty.com\/es\/#website","url":"https:\/\/www.barcelona-sothebysrealty.com\/es\/","name":"Barcelona Sotheby&#039;s","description":"Otro sitio realizado con WordPress","publisher":{"@id":"https:\/\/www.barcelona-sothebysrealty.com\/es\/#organization"},"potentialAction":[{"@type":"SearchAction","target":{"@type":"EntryPoint","urlTemplate":"https:\/\/www.barcelona-sothebysrealty.com\/es\/?s={search_term_string}"},"query-input":"required name=search_term_string"}],"inLanguage":"ca"},{"@type":"WebPage","@id":"https:\/\/www.barcelona-sothebysrealty.com\/ca\/politica-de-cookies\/#webpage","url":"https:\/\/www.barcelona-sothebysrealty.com\/ca\/politica-de-cookies\/","name":"Informaci\u00f3n Legal de Sotheby's International Realty","isPartOf":{"@id":"https:\/\/www.barcelona-sothebysrealty.com\/es\/#website"},"datePublished":"2021-02-08T15:37:25+00:00","dateModified":"2024-10-08T12:22:50+00:00","description":"Encuentre m\u00e1s informaci\u00f3n sobre las Condiciones de uso, la Pol\u00edtica de Privacidad y la Pol\u00edtica de Cookies","breadcrumb":{"@id":"https:\/\/www.barcelona-sothebysrealty.com\/ca\/politica-de-cookies\/#breadcrumb"},"inLanguage":"ca","potentialAction":[{"@type":"ReadAction","target":["https:\/\/www.barcelona-sothebysrealty.com\/ca\/politica-de-cookies\/"]}]},{"@type":"BreadcrumbList","@id":"https:\/\/www.barcelona-sothebysrealty.com\/ca\/politica-de-cookies\/#breadcrumb","itemListElement":[{"@type":"ListItem","position":1,"name":"Portada","item":"https:\/\/www.barcelona-sothebysrealty.com\/ca\/"},{"@type":"ListItem","position":2,"name":"Pol\u00edtica de cookies"}]}]}},"_links":{"self":[{"href":"https:\/\/www.barcelona-sothebysrealty.com\/ca\/wp-json\/wp\/v2\/pages\/306579"}],"collection":[{"href":"https:\/\/www.barcelona-sothebysrealty.com\/ca\/wp-json\/wp\/v2\/pages"}],"about":[{"href":"https:\/\/www.barcelona-sothebysrealty.com\/ca\/wp-json\/wp\/v2\/types\/page"}],"author":[{"embeddable":true,"href":"https:\/\/www.barcelona-sothebysrealty.com\/ca\/wp-json\/wp\/v2\/users\/3"}],"replies":[{"embeddable":true,"href":"https:\/\/www.barcelona-sothebysrealty.com\/ca\/wp-json\/wp\/v2\/comments?post=306579"}],"version-history":[{"count":1,"href":"https:\/\/www.barcelona-sothebysrealty.com\/ca\/wp-json\/wp\/v2\/pages\/306579\/revisions"}],"predecessor-version":[{"id":8484599,"href":"https:\/\/www.barcelona-sothebysrealty.com\/ca\/wp-json\/wp\/v2\/pages\/306579\/revisions\/8484599"}],"wp:attachment":[{"href":"https:\/\/www.barcelona-sothebysrealty.com\/ca\/wp-json\/wp\/v2\/media?parent=306579"}],"curies":[{"name":"wp","href":"https:\/\/api.w.org\/{rel}","templated":true}]}}