{"id":93280,"date":"2020-12-01T12:06:31","date_gmt":"2020-12-01T11:06:31","guid":{"rendered":"https:\/\/xanatis.com\/~barcelonasotheby\/?page_id=93280"},"modified":"2023-11-16T18:21:57","modified_gmt":"2023-11-16T17:21:57","slug":"maresme","status":"publish","type":"page","link":"https:\/\/www.barcelona-sothebysrealty.com\/ca\/habitatges-venda\/maresme\/","title":{"rendered":"Habitatges en venda a Maresme"},"content":{"rendered":"<p><span style=\"font-weight: 400;\">\u00a0A Barcelona Sotheby&#8217;s\u00a0<\/span><span style=\"font-weight: 400;\">International<\/span><span style=\"font-weight: 400;\">\u00a0<\/span><span style=\"font-weight: 400;\">Realty<\/span><span style=\"font-weight: 400;\">\u00a0disposem d&#8217;un ampli cat\u00e0leg d&#8217;exclusius habitatges al Maresme, propietats \u00faniques situades en una de les zones amb millor qualitat de vida de la costa catalana. Projectes d&#8217;obra nova, projectes en construcci\u00f3 o immobles amb hist\u00f2ria, restaurats i condicionats al mil\u00b7l\u00edmetre pensats \u00fanicament per al seu confort i el de la seva fam\u00edlia.<\/span><span style=\"font-weight: 400;\"><br \/>\n<\/span><span style=\"font-weight: 400;\">Si est\u00e0 pensant a comprar un habitatge de luxe en el litoral de Barcelona, no dubti a contactar la nostra ag\u00e8ncia immobili\u00e0ria.<\/span><\/p>\n","protected":false},"excerpt":{"rendered":"<p>\u00a0A Barcelona Sotheby&#8217;s\u00a0International\u00a0Realty\u00a0disposem d&#8217;un ampli cat\u00e0leg d&#8217;exclusius habitatges al Maresme, propietats \u00faniques situades en una de les zones amb millor<a class=\"more-link\" href=\"https:\/\/www.barcelona-sothebysrealty.com\/ca\/habitatges-venda\/maresme\/\">Llegir M\u00e9s<\/a><\/p>\n","protected":false},"author":2,"featured_media":0,"parent":16264,"menu_order":0,"comment_status":"closed","ping_status":"closed","template":"page-listado.php","meta":[],"yoast_head":"<!-- This site is optimized with the Yoast SEO plugin v17.1 - https:\/\/yoast.com\/wordpress\/plugins\/seo\/ -->\n<meta name=\"robots\" content=\"index, follow, max-snippet:-1, max-image-preview:large, max-video-preview:-1\" \/>\n<meta property=\"og:locale\" content=\"ca_ES\" \/>\n<meta property=\"og:type\" content=\"article\" \/>\n<meta property=\"og:title\" content=\"Habitatges en venda a Maresme - Barcelona Sotheby&#039;s\" \/>\n<meta property=\"og:description\" content=\"\u00a0A Barcelona Sotheby&#8217;s\u00a0International\u00a0Realty\u00a0disposem d&#8217;un ampli cat\u00e0leg d&#8217;exclusius habitatges al Maresme, propietats \u00faniques situades en una de les zones amb millorLlegir M\u00e9s\" \/>\n<meta property=\"og:url\" content=\"https:\/\/www.barcelona-sothebysrealty.com\/ca\/habitatges-venda\/maresme\/\" \/>\n<meta property=\"og:site_name\" content=\"Barcelona Sotheby&#039;s Realty\" \/>\n<meta property=\"article:modified_time\" content=\"2023-11-16T17:21:57+00:00\" \/>\n<meta name=\"twitter:card\" content=\"summary_large_image\" \/>\n<meta name=\"twitter:label1\" content=\"Temps estimat de lectura\" \/>\n\t<meta name=\"twitter:data1\" content=\"1 minut\" \/>\n<script type=\"application\/ld+json\" class=\"yoast-schema-graph\">{\"@context\":\"https:\/\/schema.org\",\"@graph\":[{\"@type\":\"Organization\",\"@id\":\"https:\/\/www.barcelona-sothebysrealty.com\/es\/#organization\",\"name\":\"Barcelona Sotheby's Realty\",\"url\":\"https:\/\/www.barcelona-sothebysrealty.com\/es\/\",\"sameAs\":[],\"logo\":{\"@type\":\"ImageObject\",\"@id\":\"https:\/\/www.barcelona-sothebysrealty.com\/es\/#logo\",\"inLanguage\":\"ca\",\"url\":\"https:\/\/www.barcelona-sothebysrealty.com\/wp-content\/uploads\/2023\/10\/sothebys-barcelona-logo-3.png\",\"contentUrl\":\"https:\/\/www.barcelona-sothebysrealty.com\/wp-content\/uploads\/2023\/10\/sothebys-barcelona-logo-3.png\",\"width\":274,\"height\":274,\"caption\":\"Barcelona Sotheby's Realty\"},\"image\":{\"@id\":\"https:\/\/www.barcelona-sothebysrealty.com\/es\/#logo\"}},{\"@type\":\"WebSite\",\"@id\":\"https:\/\/www.barcelona-sothebysrealty.com\/es\/#website\",\"url\":\"https:\/\/www.barcelona-sothebysrealty.com\/es\/\",\"name\":\"Barcelona Sotheby&#039;s\",\"description\":\"Otro sitio realizado con WordPress\",\"publisher\":{\"@id\":\"https:\/\/www.barcelona-sothebysrealty.com\/es\/#organization\"},\"potentialAction\":[{\"@type\":\"SearchAction\",\"target\":{\"@type\":\"EntryPoint\",\"urlTemplate\":\"https:\/\/www.barcelona-sothebysrealty.com\/es\/?s={search_term_string}\"},\"query-input\":\"required name=search_term_string\"}],\"inLanguage\":\"ca\"},{\"@type\":\"WebPage\",\"@id\":\"https:\/\/www.barcelona-sothebysrealty.com\/ca\/habitatges-venda\/maresme\/#webpage\",\"url\":\"https:\/\/www.barcelona-sothebysrealty.com\/ca\/habitatges-venda\/maresme\/\",\"name\":\"Habitatges en venda a Maresme - Barcelona Sotheby&#039;s\",\"isPartOf\":{\"@id\":\"https:\/\/www.barcelona-sothebysrealty.com\/es\/#website\"},\"datePublished\":\"2020-12-01T11:06:31+00:00\",\"dateModified\":\"2023-11-16T17:21:57+00:00\",\"breadcrumb\":{\"@id\":\"https:\/\/www.barcelona-sothebysrealty.com\/ca\/habitatges-venda\/maresme\/#breadcrumb\"},\"inLanguage\":\"ca\",\"potentialAction\":[{\"@type\":\"ReadAction\",\"target\":[\"https:\/\/www.barcelona-sothebysrealty.com\/ca\/habitatges-venda\/maresme\/\"]}]},{\"@type\":\"BreadcrumbList\",\"@id\":\"https:\/\/www.barcelona-sothebysrealty.com\/ca\/habitatges-venda\/maresme\/#breadcrumb\",\"itemListElement\":[{\"@type\":\"ListItem\",\"position\":1,\"name\":\"Portada\",\"item\":\"https:\/\/www.barcelona-sothebysrealty.com\/ca\/\"},{\"@type\":\"ListItem\",\"position\":2,\"name\":\"Habitatges en venda &#8211; Compra i venda de pisos i cases de luxe\",\"item\":\"https:\/\/www.barcelona-sothebysrealty.com\/ca\/habitatges-venda\/\"},{\"@type\":\"ListItem\",\"position\":3,\"name\":\"Habitatges en venda a Maresme\"}]}]}<\/script>\n<!-- \/ Yoast SEO plugin. -->","yoast_head_json":{"robots":{"index":"index","follow":"follow","max-snippet":"max-snippet:-1","max-image-preview":"max-image-preview:large","max-video-preview":"max-video-preview:-1"},"og_locale":"ca_ES","og_type":"article","og_title":"Habitatges en venda a Maresme - Barcelona Sotheby&#039;s","og_description":"\u00a0A Barcelona Sotheby&#8217;s\u00a0International\u00a0Realty\u00a0disposem d&#8217;un ampli cat\u00e0leg d&#8217;exclusius habitatges al Maresme, propietats \u00faniques situades en una de les zones amb millorLlegir M\u00e9s","og_url":"https:\/\/www.barcelona-sothebysrealty.com\/ca\/habitatges-venda\/maresme\/","og_site_name":"Barcelona Sotheby's Realty","article_modified_time":"2023-11-16T17:21:57+00:00","twitter_card":"summary_large_image","twitter_misc":{"Temps estimat de lectura":"1 minut"},"schema":{"@context":"https:\/\/schema.org","@graph":[{"@type":"Organization","@id":"https:\/\/www.barcelona-sothebysrealty.com\/es\/#organization","name":"Barcelona Sotheby's Realty","url":"https:\/\/www.barcelona-sothebysrealty.com\/es\/","sameAs":[],"logo":{"@type":"ImageObject","@id":"https:\/\/www.barcelona-sothebysrealty.com\/es\/#logo","inLanguage":"ca","url":"https:\/\/www.barcelona-sothebysrealty.com\/wp-content\/uploads\/2023\/10\/sothebys-barcelona-logo-3.png","contentUrl":"https:\/\/www.barcelona-sothebysrealty.com\/wp-content\/uploads\/2023\/10\/sothebys-barcelona-logo-3.png","width":274,"height":274,"caption":"Barcelona Sotheby's Realty"},"image":{"@id":"https:\/\/www.barcelona-sothebysrealty.com\/es\/#logo"}},{"@type":"WebSite","@id":"https:\/\/www.barcelona-sothebysrealty.com\/es\/#website","url":"https:\/\/www.barcelona-sothebysrealty.com\/es\/","name":"Barcelona Sotheby&#039;s","description":"Otro sitio realizado con WordPress","publisher":{"@id":"https:\/\/www.barcelona-sothebysrealty.com\/es\/#organization"},"potentialAction":[{"@type":"SearchAction","target":{"@type":"EntryPoint","urlTemplate":"https:\/\/www.barcelona-sothebysrealty.com\/es\/?s={search_term_string}"},"query-input":"required name=search_term_string"}],"inLanguage":"ca"},{"@type":"WebPage","@id":"https:\/\/www.barcelona-sothebysrealty.com\/ca\/habitatges-venda\/maresme\/#webpage","url":"https:\/\/www.barcelona-sothebysrealty.com\/ca\/habitatges-venda\/maresme\/","name":"Habitatges en venda a Maresme - Barcelona Sotheby&#039;s","isPartOf":{"@id":"https:\/\/www.barcelona-sothebysrealty.com\/es\/#website"},"datePublished":"2020-12-01T11:06:31+00:00","dateModified":"2023-11-16T17:21:57+00:00","breadcrumb":{"@id":"https:\/\/www.barcelona-sothebysrealty.com\/ca\/habitatges-venda\/maresme\/#breadcrumb"},"inLanguage":"ca","potentialAction":[{"@type":"ReadAction","target":["https:\/\/www.barcelona-sothebysrealty.com\/ca\/habitatges-venda\/maresme\/"]}]},{"@type":"BreadcrumbList","@id":"https:\/\/www.barcelona-sothebysrealty.com\/ca\/habitatges-venda\/maresme\/#breadcrumb","itemListElement":[{"@type":"ListItem","position":1,"name":"Portada","item":"https:\/\/www.barcelona-sothebysrealty.com\/ca\/"},{"@type":"ListItem","position":2,"name":"Habitatges en venda &#8211; Compra i venda de pisos i cases de luxe","item":"https:\/\/www.barcelona-sothebysrealty.com\/ca\/habitatges-venda\/"},{"@type":"ListItem","position":3,"name":"Habitatges en venda a Maresme"}]}]}},"_links":{"self":[{"href":"https:\/\/www.barcelona-sothebysrealty.com\/ca\/wp-json\/wp\/v2\/pages\/93280"}],"collection":[{"href":"https:\/\/www.barcelona-sothebysrealty.com\/ca\/wp-json\/wp\/v2\/pages"}],"about":[{"href":"https:\/\/www.barcelona-sothebysrealty.com\/ca\/wp-json\/wp\/v2\/types\/page"}],"author":[{"embeddable":true,"href":"https:\/\/www.barcelona-sothebysrealty.com\/ca\/wp-json\/wp\/v2\/users\/2"}],"replies":[{"embeddable":true,"href":"https:\/\/www.barcelona-sothebysrealty.com\/ca\/wp-json\/wp\/v2\/comments?post=93280"}],"version-history":[{"count":0,"href":"https:\/\/www.barcelona-sothebysrealty.com\/ca\/wp-json\/wp\/v2\/pages\/93280\/revisions"}],"up":[{"embeddable":true,"href":"https:\/\/www.barcelona-sothebysrealty.com\/ca\/wp-json\/wp\/v2\/pages\/16264"}],"wp:attachment":[{"href":"https:\/\/www.barcelona-sothebysrealty.com\/ca\/wp-json\/wp\/v2\/media?parent=93280"}],"curies":[{"name":"wp","href":"https:\/\/api.w.org\/{rel}","templated":true}]}}