{"id":93287,"date":"2021-03-08T10:31:06","date_gmt":"2021-03-08T09:31:06","guid":{"rendered":"https:\/\/xanatis.com\/~barcelonasotheby\/?page_id=93287"},"modified":"2023-12-14T14:59:44","modified_gmt":"2023-12-14T13:59:44","slug":"alella","status":"publish","type":"page","link":"https:\/\/www.barcelona-sothebysrealty.com\/ca\/habitatges-venda\/maresme\/alella\/","title":{"rendered":"Habitatges en Venda Alella"},"content":{"rendered":"<p>Alella, situada a tan sols 15 quil\u00f2metres de Barcelona, \u00e9s una petita vila plena de vida, rodejada de vinyes i muntanyes, ofereix un entorn \u00fanic per disfrutar del estil de vida mediterrani m\u00e9s aut\u00e8ntic.<\/p>\n<p>La seva proximitat al mar i a Barcelona, la seva tranquilitat i el meravell\u00f3s entorn natural han atret, des del segle XIX, a moltes families catalanes. Per aix\u00f2, hi trobem moltes masies hit\u00f2riques, cases modernistes, senyorials i luxoses que des de Barcelona Sotheby&#8217;s &amp; Costa Brava Sotheby&#8217;s International Realty comercialitzem amb saviesa.<\/p>\n","protected":false},"excerpt":{"rendered":"<p>Alella, situada a tan sols 15 quil\u00f2metres de Barcelona, \u00e9s una petita vila plena de vida, rodejada de vinyes i<a class=\"more-link\" href=\"https:\/\/www.barcelona-sothebysrealty.com\/ca\/habitatges-venda\/maresme\/alella\/\">Llegir M\u00e9s<\/a><\/p>\n","protected":false},"author":2,"featured_media":0,"parent":93280,"menu_order":0,"comment_status":"closed","ping_status":"closed","template":"page-listado.php","meta":[],"yoast_head":"<!-- This site is optimized with the Yoast SEO plugin v17.1 - https:\/\/yoast.com\/wordpress\/plugins\/seo\/ -->\n<meta name=\"robots\" content=\"index, follow, max-snippet:-1, max-image-preview:large, max-video-preview:-1\" \/>\n<meta property=\"og:locale\" content=\"ca_ES\" \/>\n<meta property=\"og:type\" content=\"article\" \/>\n<meta property=\"og:title\" content=\"Habitatges en Venda Alella - Barcelona Sotheby&#039;s\" \/>\n<meta property=\"og:description\" content=\"Alella, situada a tan sols 15 quil\u00f2metres de Barcelona, \u00e9s una petita vila plena de vida, rodejada de vinyes iLlegir M\u00e9s\" \/>\n<meta property=\"og:url\" content=\"https:\/\/www.barcelona-sothebysrealty.com\/ca\/habitatges-venda\/maresme\/alella\/\" \/>\n<meta property=\"og:site_name\" content=\"Barcelona Sotheby&#039;s Realty\" \/>\n<meta property=\"article:modified_time\" content=\"2023-12-14T13:59:44+00:00\" \/>\n<meta name=\"twitter:card\" content=\"summary_large_image\" \/>\n<meta name=\"twitter:label1\" content=\"Temps estimat de lectura\" \/>\n\t<meta name=\"twitter:data1\" content=\"1 minut\" \/>\n<script type=\"application\/ld+json\" class=\"yoast-schema-graph\">{\"@context\":\"https:\/\/schema.org\",\"@graph\":[{\"@type\":\"Organization\",\"@id\":\"https:\/\/www.barcelona-sothebysrealty.com\/es\/#organization\",\"name\":\"Barcelona Sotheby's Realty\",\"url\":\"https:\/\/www.barcelona-sothebysrealty.com\/es\/\",\"sameAs\":[],\"logo\":{\"@type\":\"ImageObject\",\"@id\":\"https:\/\/www.barcelona-sothebysrealty.com\/es\/#logo\",\"inLanguage\":\"ca\",\"url\":\"https:\/\/www.barcelona-sothebysrealty.com\/wp-content\/uploads\/2023\/10\/sothebys-barcelona-logo-3.png\",\"contentUrl\":\"https:\/\/www.barcelona-sothebysrealty.com\/wp-content\/uploads\/2023\/10\/sothebys-barcelona-logo-3.png\",\"width\":274,\"height\":274,\"caption\":\"Barcelona Sotheby's Realty\"},\"image\":{\"@id\":\"https:\/\/www.barcelona-sothebysrealty.com\/es\/#logo\"}},{\"@type\":\"WebSite\",\"@id\":\"https:\/\/www.barcelona-sothebysrealty.com\/es\/#website\",\"url\":\"https:\/\/www.barcelona-sothebysrealty.com\/es\/\",\"name\":\"Barcelona Sotheby&#039;s\",\"description\":\"Otro sitio realizado con WordPress\",\"publisher\":{\"@id\":\"https:\/\/www.barcelona-sothebysrealty.com\/es\/#organization\"},\"potentialAction\":[{\"@type\":\"SearchAction\",\"target\":{\"@type\":\"EntryPoint\",\"urlTemplate\":\"https:\/\/www.barcelona-sothebysrealty.com\/es\/?s={search_term_string}\"},\"query-input\":\"required name=search_term_string\"}],\"inLanguage\":\"ca\"},{\"@type\":\"WebPage\",\"@id\":\"https:\/\/www.barcelona-sothebysrealty.com\/ca\/habitatges-venda\/maresme\/alella\/#webpage\",\"url\":\"https:\/\/www.barcelona-sothebysrealty.com\/ca\/habitatges-venda\/maresme\/alella\/\",\"name\":\"Habitatges en Venda Alella - Barcelona Sotheby&#039;s\",\"isPartOf\":{\"@id\":\"https:\/\/www.barcelona-sothebysrealty.com\/es\/#website\"},\"datePublished\":\"2021-03-08T09:31:06+00:00\",\"dateModified\":\"2023-12-14T13:59:44+00:00\",\"breadcrumb\":{\"@id\":\"https:\/\/www.barcelona-sothebysrealty.com\/ca\/habitatges-venda\/maresme\/alella\/#breadcrumb\"},\"inLanguage\":\"ca\",\"potentialAction\":[{\"@type\":\"ReadAction\",\"target\":[\"https:\/\/www.barcelona-sothebysrealty.com\/ca\/habitatges-venda\/maresme\/alella\/\"]}]},{\"@type\":\"BreadcrumbList\",\"@id\":\"https:\/\/www.barcelona-sothebysrealty.com\/ca\/habitatges-venda\/maresme\/alella\/#breadcrumb\",\"itemListElement\":[{\"@type\":\"ListItem\",\"position\":1,\"name\":\"Portada\",\"item\":\"https:\/\/www.barcelona-sothebysrealty.com\/ca\/\"},{\"@type\":\"ListItem\",\"position\":2,\"name\":\"Habitatges en venda &#8211; Compra i venda de pisos i cases de luxe\",\"item\":\"https:\/\/www.barcelona-sothebysrealty.com\/ca\/habitatges-venda\/\"},{\"@type\":\"ListItem\",\"position\":3,\"name\":\"Habitatges en venda a Maresme\",\"item\":\"https:\/\/www.barcelona-sothebysrealty.com\/ca\/habitatges-venda\/maresme\/\"},{\"@type\":\"ListItem\",\"position\":4,\"name\":\"Habitatges en Venda Alella\"}]}]}<\/script>\n<!-- \/ Yoast SEO plugin. -->","yoast_head_json":{"robots":{"index":"index","follow":"follow","max-snippet":"max-snippet:-1","max-image-preview":"max-image-preview:large","max-video-preview":"max-video-preview:-1"},"og_locale":"ca_ES","og_type":"article","og_title":"Habitatges en Venda Alella - Barcelona Sotheby&#039;s","og_description":"Alella, situada a tan sols 15 quil\u00f2metres de Barcelona, \u00e9s una petita vila plena de vida, rodejada de vinyes iLlegir M\u00e9s","og_url":"https:\/\/www.barcelona-sothebysrealty.com\/ca\/habitatges-venda\/maresme\/alella\/","og_site_name":"Barcelona Sotheby's Realty","article_modified_time":"2023-12-14T13:59:44+00:00","twitter_card":"summary_large_image","twitter_misc":{"Temps estimat de lectura":"1 minut"},"schema":{"@context":"https:\/\/schema.org","@graph":[{"@type":"Organization","@id":"https:\/\/www.barcelona-sothebysrealty.com\/es\/#organization","name":"Barcelona Sotheby's Realty","url":"https:\/\/www.barcelona-sothebysrealty.com\/es\/","sameAs":[],"logo":{"@type":"ImageObject","@id":"https:\/\/www.barcelona-sothebysrealty.com\/es\/#logo","inLanguage":"ca","url":"https:\/\/www.barcelona-sothebysrealty.com\/wp-content\/uploads\/2023\/10\/sothebys-barcelona-logo-3.png","contentUrl":"https:\/\/www.barcelona-sothebysrealty.com\/wp-content\/uploads\/2023\/10\/sothebys-barcelona-logo-3.png","width":274,"height":274,"caption":"Barcelona Sotheby's Realty"},"image":{"@id":"https:\/\/www.barcelona-sothebysrealty.com\/es\/#logo"}},{"@type":"WebSite","@id":"https:\/\/www.barcelona-sothebysrealty.com\/es\/#website","url":"https:\/\/www.barcelona-sothebysrealty.com\/es\/","name":"Barcelona Sotheby&#039;s","description":"Otro sitio realizado con WordPress","publisher":{"@id":"https:\/\/www.barcelona-sothebysrealty.com\/es\/#organization"},"potentialAction":[{"@type":"SearchAction","target":{"@type":"EntryPoint","urlTemplate":"https:\/\/www.barcelona-sothebysrealty.com\/es\/?s={search_term_string}"},"query-input":"required name=search_term_string"}],"inLanguage":"ca"},{"@type":"WebPage","@id":"https:\/\/www.barcelona-sothebysrealty.com\/ca\/habitatges-venda\/maresme\/alella\/#webpage","url":"https:\/\/www.barcelona-sothebysrealty.com\/ca\/habitatges-venda\/maresme\/alella\/","name":"Habitatges en Venda Alella - Barcelona Sotheby&#039;s","isPartOf":{"@id":"https:\/\/www.barcelona-sothebysrealty.com\/es\/#website"},"datePublished":"2021-03-08T09:31:06+00:00","dateModified":"2023-12-14T13:59:44+00:00","breadcrumb":{"@id":"https:\/\/www.barcelona-sothebysrealty.com\/ca\/habitatges-venda\/maresme\/alella\/#breadcrumb"},"inLanguage":"ca","potentialAction":[{"@type":"ReadAction","target":["https:\/\/www.barcelona-sothebysrealty.com\/ca\/habitatges-venda\/maresme\/alella\/"]}]},{"@type":"BreadcrumbList","@id":"https:\/\/www.barcelona-sothebysrealty.com\/ca\/habitatges-venda\/maresme\/alella\/#breadcrumb","itemListElement":[{"@type":"ListItem","position":1,"name":"Portada","item":"https:\/\/www.barcelona-sothebysrealty.com\/ca\/"},{"@type":"ListItem","position":2,"name":"Habitatges en venda &#8211; Compra i venda de pisos i cases de luxe","item":"https:\/\/www.barcelona-sothebysrealty.com\/ca\/habitatges-venda\/"},{"@type":"ListItem","position":3,"name":"Habitatges en venda a Maresme","item":"https:\/\/www.barcelona-sothebysrealty.com\/ca\/habitatges-venda\/maresme\/"},{"@type":"ListItem","position":4,"name":"Habitatges en Venda Alella"}]}]}},"_links":{"self":[{"href":"https:\/\/www.barcelona-sothebysrealty.com\/ca\/wp-json\/wp\/v2\/pages\/93287"}],"collection":[{"href":"https:\/\/www.barcelona-sothebysrealty.com\/ca\/wp-json\/wp\/v2\/pages"}],"about":[{"href":"https:\/\/www.barcelona-sothebysrealty.com\/ca\/wp-json\/wp\/v2\/types\/page"}],"author":[{"embeddable":true,"href":"https:\/\/www.barcelona-sothebysrealty.com\/ca\/wp-json\/wp\/v2\/users\/2"}],"replies":[{"embeddable":true,"href":"https:\/\/www.barcelona-sothebysrealty.com\/ca\/wp-json\/wp\/v2\/comments?post=93287"}],"version-history":[{"count":0,"href":"https:\/\/www.barcelona-sothebysrealty.com\/ca\/wp-json\/wp\/v2\/pages\/93287\/revisions"}],"up":[{"embeddable":true,"href":"https:\/\/www.barcelona-sothebysrealty.com\/ca\/wp-json\/wp\/v2\/pages\/93280"}],"wp:attachment":[{"href":"https:\/\/www.barcelona-sothebysrealty.com\/ca\/wp-json\/wp\/v2\/media?parent=93287"}],"curies":[{"name":"wp","href":"https:\/\/api.w.org\/{rel}","templated":true}]}}