{"id":93404,"date":"2021-02-25T17:06:04","date_gmt":"2021-02-25T16:06:04","guid":{"rendered":"https:\/\/xanatis.com\/~barcelonasotheby\/?page_id=93404"},"modified":"2021-03-09T12:14:08","modified_gmt":"2021-03-09T11:14:08","slug":"diagonal-mar","status":"publish","type":"page","link":"https:\/\/www.barcelona-sothebysrealty.com\/ca\/atics-venda\/barcelona\/diagonal-mar\/","title":{"rendered":"\u00c0tics de luxe a Diagonal Mar"},"content":{"rendered":"<p><span style=\"font-weight: 400;\">Des de Barcelona Sotheby&#8217;s\u00a0<\/span><span style=\"font-weight: 400;\">International<\/span><span style=\"font-weight: 400;\">\u00a0<\/span><span style=\"font-weight: 400;\">Realty<\/span><span style=\"font-weight: 400;\">, especialistes en la compra i venda d&#8217;\u00e0tics Diagonal Mar, trobar\u00e0 tant d&#8217;immobles residencials llestos per a entrar a viure com de projectes d&#8217;obra nova en construcci\u00f3. Constru\u00efts en finques modernistes, concebuts com a espais minimalistes o amb unes espectaculars vistes a la ciutat, els \u00e0tics a la ciutat des d&#8217;un dels barris m\u00e9s demandats.<\/span><\/p>\n<p><span style=\"font-weight: 400;\">Si est\u00e0 buscant \u00e0tics de luxe a Diagonal Mar Barcelona Sotheby&#8217;s\u00a0<\/span><span style=\"font-weight: 400;\">International<\/span><span style=\"font-weight: 400;\">\u00a0<\/span><span style=\"font-weight: 400;\">Realty<\/span><span style=\"font-weight: 400;\">\u00a0\u00e9s el que necessita. En el nostre cat\u00e0leg trobar\u00e0 els millors \u00e0tics de luxe, exquisidament triats per a vost\u00e8.<\/span><\/p>\n","protected":false},"excerpt":{"rendered":"<p>Des de Barcelona Sotheby&#8217;s\u00a0International\u00a0Realty, especialistes en la compra i venda d&#8217;\u00e0tics Diagonal Mar, trobar\u00e0 tant d&#8217;immobles residencials llestos per a<a class=\"more-link\" href=\"https:\/\/www.barcelona-sothebysrealty.com\/ca\/atics-venda\/barcelona\/diagonal-mar\/\">Llegir M\u00e9s<\/a><\/p>\n","protected":false},"author":2,"featured_media":0,"parent":93389,"menu_order":0,"comment_status":"closed","ping_status":"closed","template":"page-listado.php","meta":[],"yoast_head":"<!-- This site is optimized with the Yoast SEO plugin v17.1 - https:\/\/yoast.com\/wordpress\/plugins\/seo\/ -->\n<meta name=\"robots\" content=\"index, follow, max-snippet:-1, max-image-preview:large, max-video-preview:-1\" \/>\n<meta property=\"og:locale\" content=\"ca_ES\" \/>\n<meta property=\"og:type\" content=\"article\" \/>\n<meta property=\"og:title\" content=\"\u00c0tics de luxe a Diagonal Mar - Barcelona Sotheby&#039;s\" \/>\n<meta property=\"og:description\" content=\"Des de Barcelona Sotheby&#8217;s\u00a0International\u00a0Realty, especialistes en la compra i venda d&#8217;\u00e0tics Diagonal Mar, trobar\u00e0 tant d&#8217;immobles residencials llestos per aLlegir M\u00e9s\" \/>\n<meta property=\"og:url\" content=\"https:\/\/www.barcelona-sothebysrealty.com\/ca\/atics-venda\/barcelona\/diagonal-mar\/\" \/>\n<meta property=\"og:site_name\" content=\"Barcelona Sotheby&#039;s Realty\" \/>\n<meta property=\"article:modified_time\" content=\"2021-03-09T11:14:08+00:00\" \/>\n<meta name=\"twitter:card\" content=\"summary_large_image\" \/>\n<meta name=\"twitter:label1\" content=\"Temps estimat de lectura\" \/>\n\t<meta name=\"twitter:data1\" content=\"1 minut\" \/>\n<script type=\"application\/ld+json\" class=\"yoast-schema-graph\">{\"@context\":\"https:\/\/schema.org\",\"@graph\":[{\"@type\":\"Organization\",\"@id\":\"https:\/\/www.barcelona-sothebysrealty.com\/es\/#organization\",\"name\":\"Barcelona Sotheby's Realty\",\"url\":\"https:\/\/www.barcelona-sothebysrealty.com\/es\/\",\"sameAs\":[],\"logo\":{\"@type\":\"ImageObject\",\"@id\":\"https:\/\/www.barcelona-sothebysrealty.com\/es\/#logo\",\"inLanguage\":\"ca\",\"url\":\"https:\/\/www.barcelona-sothebysrealty.com\/wp-content\/uploads\/2023\/10\/sothebys-barcelona-logo-3.png\",\"contentUrl\":\"https:\/\/www.barcelona-sothebysrealty.com\/wp-content\/uploads\/2023\/10\/sothebys-barcelona-logo-3.png\",\"width\":274,\"height\":274,\"caption\":\"Barcelona Sotheby's Realty\"},\"image\":{\"@id\":\"https:\/\/www.barcelona-sothebysrealty.com\/es\/#logo\"}},{\"@type\":\"WebSite\",\"@id\":\"https:\/\/www.barcelona-sothebysrealty.com\/es\/#website\",\"url\":\"https:\/\/www.barcelona-sothebysrealty.com\/es\/\",\"name\":\"Barcelona Sotheby&#039;s\",\"description\":\"Otro sitio realizado con WordPress\",\"publisher\":{\"@id\":\"https:\/\/www.barcelona-sothebysrealty.com\/es\/#organization\"},\"potentialAction\":[{\"@type\":\"SearchAction\",\"target\":{\"@type\":\"EntryPoint\",\"urlTemplate\":\"https:\/\/www.barcelona-sothebysrealty.com\/es\/?s={search_term_string}\"},\"query-input\":\"required name=search_term_string\"}],\"inLanguage\":\"ca\"},{\"@type\":\"WebPage\",\"@id\":\"https:\/\/www.barcelona-sothebysrealty.com\/ca\/atics-venda\/barcelona\/diagonal-mar\/#webpage\",\"url\":\"https:\/\/www.barcelona-sothebysrealty.com\/ca\/atics-venda\/barcelona\/diagonal-mar\/\",\"name\":\"\\u00c0tics de luxe a Diagonal Mar - Barcelona Sotheby&#039;s\",\"isPartOf\":{\"@id\":\"https:\/\/www.barcelona-sothebysrealty.com\/es\/#website\"},\"datePublished\":\"2021-02-25T16:06:04+00:00\",\"dateModified\":\"2021-03-09T11:14:08+00:00\",\"breadcrumb\":{\"@id\":\"https:\/\/www.barcelona-sothebysrealty.com\/ca\/atics-venda\/barcelona\/diagonal-mar\/#breadcrumb\"},\"inLanguage\":\"ca\",\"potentialAction\":[{\"@type\":\"ReadAction\",\"target\":[\"https:\/\/www.barcelona-sothebysrealty.com\/ca\/atics-venda\/barcelona\/diagonal-mar\/\"]}]},{\"@type\":\"BreadcrumbList\",\"@id\":\"https:\/\/www.barcelona-sothebysrealty.com\/ca\/atics-venda\/barcelona\/diagonal-mar\/#breadcrumb\",\"itemListElement\":[{\"@type\":\"ListItem\",\"position\":1,\"name\":\"Portada\",\"item\":\"https:\/\/www.barcelona-sothebysrealty.com\/ca\/\"},{\"@type\":\"ListItem\",\"position\":2,\"name\":\"\\u00c0tics en venda Barcelona &#8211; Compra i venda d&#8217;\\u00e0tics de luxe\",\"item\":\"https:\/\/www.barcelona-sothebysrealty.com\/ca\/atics-venda\/\"},{\"@type\":\"ListItem\",\"position\":3,\"name\":\"\\u00c0tics de luxe a Barcelona\",\"item\":\"https:\/\/www.barcelona-sothebysrealty.com\/ca\/atics-venda\/barcelona\/\"},{\"@type\":\"ListItem\",\"position\":4,\"name\":\"\\u00c0tics de luxe a Diagonal Mar\"}]}]}<\/script>\n<!-- \/ Yoast SEO plugin. -->","yoast_head_json":{"robots":{"index":"index","follow":"follow","max-snippet":"max-snippet:-1","max-image-preview":"max-image-preview:large","max-video-preview":"max-video-preview:-1"},"og_locale":"ca_ES","og_type":"article","og_title":"\u00c0tics de luxe a Diagonal Mar - Barcelona Sotheby&#039;s","og_description":"Des de Barcelona Sotheby&#8217;s\u00a0International\u00a0Realty, especialistes en la compra i venda d&#8217;\u00e0tics Diagonal Mar, trobar\u00e0 tant d&#8217;immobles residencials llestos per aLlegir M\u00e9s","og_url":"https:\/\/www.barcelona-sothebysrealty.com\/ca\/atics-venda\/barcelona\/diagonal-mar\/","og_site_name":"Barcelona Sotheby's Realty","article_modified_time":"2021-03-09T11:14:08+00:00","twitter_card":"summary_large_image","twitter_misc":{"Temps estimat de lectura":"1 minut"},"schema":{"@context":"https:\/\/schema.org","@graph":[{"@type":"Organization","@id":"https:\/\/www.barcelona-sothebysrealty.com\/es\/#organization","name":"Barcelona Sotheby's Realty","url":"https:\/\/www.barcelona-sothebysrealty.com\/es\/","sameAs":[],"logo":{"@type":"ImageObject","@id":"https:\/\/www.barcelona-sothebysrealty.com\/es\/#logo","inLanguage":"ca","url":"https:\/\/www.barcelona-sothebysrealty.com\/wp-content\/uploads\/2023\/10\/sothebys-barcelona-logo-3.png","contentUrl":"https:\/\/www.barcelona-sothebysrealty.com\/wp-content\/uploads\/2023\/10\/sothebys-barcelona-logo-3.png","width":274,"height":274,"caption":"Barcelona Sotheby's Realty"},"image":{"@id":"https:\/\/www.barcelona-sothebysrealty.com\/es\/#logo"}},{"@type":"WebSite","@id":"https:\/\/www.barcelona-sothebysrealty.com\/es\/#website","url":"https:\/\/www.barcelona-sothebysrealty.com\/es\/","name":"Barcelona Sotheby&#039;s","description":"Otro sitio realizado con WordPress","publisher":{"@id":"https:\/\/www.barcelona-sothebysrealty.com\/es\/#organization"},"potentialAction":[{"@type":"SearchAction","target":{"@type":"EntryPoint","urlTemplate":"https:\/\/www.barcelona-sothebysrealty.com\/es\/?s={search_term_string}"},"query-input":"required name=search_term_string"}],"inLanguage":"ca"},{"@type":"WebPage","@id":"https:\/\/www.barcelona-sothebysrealty.com\/ca\/atics-venda\/barcelona\/diagonal-mar\/#webpage","url":"https:\/\/www.barcelona-sothebysrealty.com\/ca\/atics-venda\/barcelona\/diagonal-mar\/","name":"\u00c0tics de luxe a Diagonal Mar - Barcelona Sotheby&#039;s","isPartOf":{"@id":"https:\/\/www.barcelona-sothebysrealty.com\/es\/#website"},"datePublished":"2021-02-25T16:06:04+00:00","dateModified":"2021-03-09T11:14:08+00:00","breadcrumb":{"@id":"https:\/\/www.barcelona-sothebysrealty.com\/ca\/atics-venda\/barcelona\/diagonal-mar\/#breadcrumb"},"inLanguage":"ca","potentialAction":[{"@type":"ReadAction","target":["https:\/\/www.barcelona-sothebysrealty.com\/ca\/atics-venda\/barcelona\/diagonal-mar\/"]}]},{"@type":"BreadcrumbList","@id":"https:\/\/www.barcelona-sothebysrealty.com\/ca\/atics-venda\/barcelona\/diagonal-mar\/#breadcrumb","itemListElement":[{"@type":"ListItem","position":1,"name":"Portada","item":"https:\/\/www.barcelona-sothebysrealty.com\/ca\/"},{"@type":"ListItem","position":2,"name":"\u00c0tics en venda Barcelona &#8211; Compra i venda d&#8217;\u00e0tics de luxe","item":"https:\/\/www.barcelona-sothebysrealty.com\/ca\/atics-venda\/"},{"@type":"ListItem","position":3,"name":"\u00c0tics de luxe a Barcelona","item":"https:\/\/www.barcelona-sothebysrealty.com\/ca\/atics-venda\/barcelona\/"},{"@type":"ListItem","position":4,"name":"\u00c0tics de luxe a Diagonal Mar"}]}]}},"_links":{"self":[{"href":"https:\/\/www.barcelona-sothebysrealty.com\/ca\/wp-json\/wp\/v2\/pages\/93404"}],"collection":[{"href":"https:\/\/www.barcelona-sothebysrealty.com\/ca\/wp-json\/wp\/v2\/pages"}],"about":[{"href":"https:\/\/www.barcelona-sothebysrealty.com\/ca\/wp-json\/wp\/v2\/types\/page"}],"author":[{"embeddable":true,"href":"https:\/\/www.barcelona-sothebysrealty.com\/ca\/wp-json\/wp\/v2\/users\/2"}],"replies":[{"embeddable":true,"href":"https:\/\/www.barcelona-sothebysrealty.com\/ca\/wp-json\/wp\/v2\/comments?post=93404"}],"version-history":[{"count":0,"href":"https:\/\/www.barcelona-sothebysrealty.com\/ca\/wp-json\/wp\/v2\/pages\/93404\/revisions"}],"up":[{"embeddable":true,"href":"https:\/\/www.barcelona-sothebysrealty.com\/ca\/wp-json\/wp\/v2\/pages\/93389"}],"wp:attachment":[{"href":"https:\/\/www.barcelona-sothebysrealty.com\/ca\/wp-json\/wp\/v2\/media?parent=93404"}],"curies":[{"name":"wp","href":"https:\/\/api.w.org\/{rel}","templated":true}]}}