{"id":93451,"date":"2021-02-25T15:25:46","date_gmt":"2021-02-25T14:25:46","guid":{"rendered":"https:\/\/xanatis.com\/~barcelonasotheby\/?page_id=93451"},"modified":"2024-03-21T18:21:08","modified_gmt":"2024-03-21T17:21:08","slug":"platja-daro","status":"publish","type":"page","link":"https:\/\/www.barcelona-sothebysrealty.com\/ca\/pisos-venda\/platja-daro\/","title":{"rendered":"Apartaments de Luxe en Platja d&#8217;Aro"},"content":{"rendered":"<p><span style=\"font-weight: 400;\">En Costa Brava Sotheby&#8217;s\u00a0<\/span><span style=\"font-weight: 400;\">International<\/span><span style=\"font-weight: 400;\">\u00a0<\/span><span style=\"font-weight: 400;\">Realty<\/span><span style=\"font-weight: 400;\">\u00a0centrem els nostres esfor\u00e7os en la compra i venda d&#8217;immobles residencials i en la promoci\u00f3 de projectes d&#8217;obra nova, tots situats en les millors zones del litoral catal\u00e0 amb l&#8217;objectiu satisfer als clients m\u00e9s exigents.<\/span><span style=\"font-weight: 400;\"><br \/>\n<\/span><\/p>\n<p><span style=\"font-weight: 400;\">En el nostre cat\u00e0leg trobar\u00e0 exclusius apartaments de luxe en\u00a0<\/span><span style=\"font-weight: 400;\">Platja<\/span><span style=\"font-weight: 400;\"> d\u2019Aro, incre\u00efbles finques enfront de la mar, propietats \u00faniques amb jard\u00ed o immobles amb llum natural i unes vistes inigualables. Tots seleccionats complint nostres m\u00e9s exigents est\u00e0ndards, pensant en el benestar i l&#8217;inter\u00e8s dels futurs propietaris o inversors.<\/span><span style=\"font-weight: 400;\"><br \/>\n<\/span><\/p>\n<p><span style=\"font-weight: 400;\">Aquest municipi, format per Castell d&#8217;Aro,\u00a0<\/span><span style=\"font-weight: 400;\">Platja<\/span><span style=\"font-weight: 400;\"> d\u2019Aro i S\u2019<\/span><span style=\"font-weight: 400;\">Agar\u00f3<\/span><span style=\"font-weight: 400;\">, \u00e9s un de les destinacions tur\u00edstiques m\u00e9s populars del Baix Empord\u00e0, amb atractius per a l&#8217;oci i la cultura. Destaquen les seves platges d&#8217;estil familiar i les seves petites i encantadores cales, \u00e9s un entorn ideal per als amants de l&#8217;esport i \u00e9s tamb\u00e9 conegut per la seva \u00e0mplia oferta comercial i d&#8217;oci nocturn.<\/span><span style=\"font-weight: 400;\"><br \/>\n<\/span><\/p>\n","protected":false},"excerpt":{"rendered":"<p>En Costa Brava Sotheby&#8217;s\u00a0International\u00a0Realty\u00a0centrem els nostres esfor\u00e7os en la compra i venda d&#8217;immobles residencials i en la promoci\u00f3 de projectes<a class=\"more-link\" href=\"https:\/\/www.barcelona-sothebysrealty.com\/ca\/pisos-venda\/platja-daro\/\">Llegir M\u00e9s<\/a><\/p>\n","protected":false},"author":2,"featured_media":0,"parent":93297,"menu_order":0,"comment_status":"closed","ping_status":"closed","template":"page-listado.php","meta":[],"yoast_head":"<!-- This site is optimized with the Yoast SEO plugin v17.1 - https:\/\/yoast.com\/wordpress\/plugins\/seo\/ -->\n<meta name=\"robots\" content=\"index, follow, max-snippet:-1, max-image-preview:large, max-video-preview:-1\" \/>\n<meta property=\"og:locale\" content=\"ca_ES\" \/>\n<meta property=\"og:type\" content=\"article\" \/>\n<meta property=\"og:title\" content=\"Apartaments de Luxe en Platja d&#039;Aro - Barcelona Sotheby&#039;s\" \/>\n<meta property=\"og:description\" content=\"En Costa Brava Sotheby&#8217;s\u00a0International\u00a0Realty\u00a0centrem els nostres esfor\u00e7os en la compra i venda d&#8217;immobles residencials i en la promoci\u00f3 de projectesLlegir M\u00e9s\" \/>\n<meta property=\"og:url\" content=\"https:\/\/www.barcelona-sothebysrealty.com\/ca\/pisos-venda\/platja-daro\/\" \/>\n<meta property=\"og:site_name\" content=\"Barcelona Sotheby&#039;s Realty\" \/>\n<meta property=\"article:modified_time\" content=\"2024-03-21T17:21:08+00:00\" \/>\n<meta name=\"twitter:card\" content=\"summary_large_image\" \/>\n<meta name=\"twitter:label1\" content=\"Temps estimat de lectura\" \/>\n\t<meta name=\"twitter:data1\" content=\"1 minut\" \/>\n<script type=\"application\/ld+json\" class=\"yoast-schema-graph\">{\"@context\":\"https:\/\/schema.org\",\"@graph\":[{\"@type\":\"Organization\",\"@id\":\"https:\/\/www.barcelona-sothebysrealty.com\/es\/#organization\",\"name\":\"Barcelona Sotheby's Realty\",\"url\":\"https:\/\/www.barcelona-sothebysrealty.com\/es\/\",\"sameAs\":[],\"logo\":{\"@type\":\"ImageObject\",\"@id\":\"https:\/\/www.barcelona-sothebysrealty.com\/es\/#logo\",\"inLanguage\":\"ca\",\"url\":\"https:\/\/www.barcelona-sothebysrealty.com\/wp-content\/uploads\/2023\/10\/sothebys-barcelona-logo-3.png\",\"contentUrl\":\"https:\/\/www.barcelona-sothebysrealty.com\/wp-content\/uploads\/2023\/10\/sothebys-barcelona-logo-3.png\",\"width\":274,\"height\":274,\"caption\":\"Barcelona Sotheby's Realty\"},\"image\":{\"@id\":\"https:\/\/www.barcelona-sothebysrealty.com\/es\/#logo\"}},{\"@type\":\"WebSite\",\"@id\":\"https:\/\/www.barcelona-sothebysrealty.com\/es\/#website\",\"url\":\"https:\/\/www.barcelona-sothebysrealty.com\/es\/\",\"name\":\"Barcelona Sotheby&#039;s\",\"description\":\"Otro sitio realizado con WordPress\",\"publisher\":{\"@id\":\"https:\/\/www.barcelona-sothebysrealty.com\/es\/#organization\"},\"potentialAction\":[{\"@type\":\"SearchAction\",\"target\":{\"@type\":\"EntryPoint\",\"urlTemplate\":\"https:\/\/www.barcelona-sothebysrealty.com\/es\/?s={search_term_string}\"},\"query-input\":\"required name=search_term_string\"}],\"inLanguage\":\"ca\"},{\"@type\":\"WebPage\",\"@id\":\"https:\/\/www.barcelona-sothebysrealty.com\/ca\/pisos-venda\/platja-daro\/#webpage\",\"url\":\"https:\/\/www.barcelona-sothebysrealty.com\/ca\/pisos-venda\/platja-daro\/\",\"name\":\"Apartaments de Luxe en Platja d'Aro - Barcelona Sotheby&#039;s\",\"isPartOf\":{\"@id\":\"https:\/\/www.barcelona-sothebysrealty.com\/es\/#website\"},\"datePublished\":\"2021-02-25T14:25:46+00:00\",\"dateModified\":\"2024-03-21T17:21:08+00:00\",\"breadcrumb\":{\"@id\":\"https:\/\/www.barcelona-sothebysrealty.com\/ca\/pisos-venda\/platja-daro\/#breadcrumb\"},\"inLanguage\":\"ca\",\"potentialAction\":[{\"@type\":\"ReadAction\",\"target\":[\"https:\/\/www.barcelona-sothebysrealty.com\/ca\/pisos-venda\/platja-daro\/\"]}]},{\"@type\":\"BreadcrumbList\",\"@id\":\"https:\/\/www.barcelona-sothebysrealty.com\/ca\/pisos-venda\/platja-daro\/#breadcrumb\",\"itemListElement\":[{\"@type\":\"ListItem\",\"position\":1,\"name\":\"Portada\",\"item\":\"https:\/\/www.barcelona-sothebysrealty.com\/ca\/\"},{\"@type\":\"ListItem\",\"position\":2,\"name\":\"Barcelona i Costa Brava &#8211; Compra i venda de pisos de luxe\",\"item\":\"https:\/\/www.barcelona-sothebysrealty.com\/ca\/pisos-venda\/\"},{\"@type\":\"ListItem\",\"position\":3,\"name\":\"Compra d&#8217;Apartaments de Luxe a la Costa Brava\",\"item\":\"https:\/\/www.barcelona-sothebysrealty.com\/ca\/pisos-venda\/costa-brava\/\"},{\"@type\":\"ListItem\",\"position\":4,\"name\":\"Apartaments de Luxe en Platja d&#8217;Aro\"}]}]}<\/script>\n<!-- \/ Yoast SEO plugin. -->","yoast_head_json":{"robots":{"index":"index","follow":"follow","max-snippet":"max-snippet:-1","max-image-preview":"max-image-preview:large","max-video-preview":"max-video-preview:-1"},"og_locale":"ca_ES","og_type":"article","og_title":"Apartaments de Luxe en Platja d'Aro - Barcelona Sotheby&#039;s","og_description":"En Costa Brava Sotheby&#8217;s\u00a0International\u00a0Realty\u00a0centrem els nostres esfor\u00e7os en la compra i venda d&#8217;immobles residencials i en la promoci\u00f3 de projectesLlegir M\u00e9s","og_url":"https:\/\/www.barcelona-sothebysrealty.com\/ca\/pisos-venda\/platja-daro\/","og_site_name":"Barcelona Sotheby's Realty","article_modified_time":"2024-03-21T17:21:08+00:00","twitter_card":"summary_large_image","twitter_misc":{"Temps estimat de lectura":"1 minut"},"schema":{"@context":"https:\/\/schema.org","@graph":[{"@type":"Organization","@id":"https:\/\/www.barcelona-sothebysrealty.com\/es\/#organization","name":"Barcelona Sotheby's Realty","url":"https:\/\/www.barcelona-sothebysrealty.com\/es\/","sameAs":[],"logo":{"@type":"ImageObject","@id":"https:\/\/www.barcelona-sothebysrealty.com\/es\/#logo","inLanguage":"ca","url":"https:\/\/www.barcelona-sothebysrealty.com\/wp-content\/uploads\/2023\/10\/sothebys-barcelona-logo-3.png","contentUrl":"https:\/\/www.barcelona-sothebysrealty.com\/wp-content\/uploads\/2023\/10\/sothebys-barcelona-logo-3.png","width":274,"height":274,"caption":"Barcelona Sotheby's Realty"},"image":{"@id":"https:\/\/www.barcelona-sothebysrealty.com\/es\/#logo"}},{"@type":"WebSite","@id":"https:\/\/www.barcelona-sothebysrealty.com\/es\/#website","url":"https:\/\/www.barcelona-sothebysrealty.com\/es\/","name":"Barcelona Sotheby&#039;s","description":"Otro sitio realizado con WordPress","publisher":{"@id":"https:\/\/www.barcelona-sothebysrealty.com\/es\/#organization"},"potentialAction":[{"@type":"SearchAction","target":{"@type":"EntryPoint","urlTemplate":"https:\/\/www.barcelona-sothebysrealty.com\/es\/?s={search_term_string}"},"query-input":"required name=search_term_string"}],"inLanguage":"ca"},{"@type":"WebPage","@id":"https:\/\/www.barcelona-sothebysrealty.com\/ca\/pisos-venda\/platja-daro\/#webpage","url":"https:\/\/www.barcelona-sothebysrealty.com\/ca\/pisos-venda\/platja-daro\/","name":"Apartaments de Luxe en Platja d'Aro - Barcelona Sotheby&#039;s","isPartOf":{"@id":"https:\/\/www.barcelona-sothebysrealty.com\/es\/#website"},"datePublished":"2021-02-25T14:25:46+00:00","dateModified":"2024-03-21T17:21:08+00:00","breadcrumb":{"@id":"https:\/\/www.barcelona-sothebysrealty.com\/ca\/pisos-venda\/platja-daro\/#breadcrumb"},"inLanguage":"ca","potentialAction":[{"@type":"ReadAction","target":["https:\/\/www.barcelona-sothebysrealty.com\/ca\/pisos-venda\/platja-daro\/"]}]},{"@type":"BreadcrumbList","@id":"https:\/\/www.barcelona-sothebysrealty.com\/ca\/pisos-venda\/platja-daro\/#breadcrumb","itemListElement":[{"@type":"ListItem","position":1,"name":"Portada","item":"https:\/\/www.barcelona-sothebysrealty.com\/ca\/"},{"@type":"ListItem","position":2,"name":"Barcelona i Costa Brava &#8211; Compra i venda de pisos de luxe","item":"https:\/\/www.barcelona-sothebysrealty.com\/ca\/pisos-venda\/"},{"@type":"ListItem","position":3,"name":"Compra d&#8217;Apartaments de Luxe a la Costa Brava","item":"https:\/\/www.barcelona-sothebysrealty.com\/ca\/pisos-venda\/costa-brava\/"},{"@type":"ListItem","position":4,"name":"Apartaments de Luxe en Platja d&#8217;Aro"}]}]}},"_links":{"self":[{"href":"https:\/\/www.barcelona-sothebysrealty.com\/ca\/wp-json\/wp\/v2\/pages\/93451"}],"collection":[{"href":"https:\/\/www.barcelona-sothebysrealty.com\/ca\/wp-json\/wp\/v2\/pages"}],"about":[{"href":"https:\/\/www.barcelona-sothebysrealty.com\/ca\/wp-json\/wp\/v2\/types\/page"}],"author":[{"embeddable":true,"href":"https:\/\/www.barcelona-sothebysrealty.com\/ca\/wp-json\/wp\/v2\/users\/2"}],"replies":[{"embeddable":true,"href":"https:\/\/www.barcelona-sothebysrealty.com\/ca\/wp-json\/wp\/v2\/comments?post=93451"}],"version-history":[{"count":0,"href":"https:\/\/www.barcelona-sothebysrealty.com\/ca\/wp-json\/wp\/v2\/pages\/93451\/revisions"}],"up":[{"embeddable":true,"href":"https:\/\/www.barcelona-sothebysrealty.com\/ca\/wp-json\/wp\/v2\/pages\/93297"}],"wp:attachment":[{"href":"https:\/\/www.barcelona-sothebysrealty.com\/ca\/wp-json\/wp\/v2\/media?parent=93451"}],"curies":[{"name":"wp","href":"https:\/\/api.w.org\/{rel}","templated":true}]}}