{"id":93499,"date":"2021-02-02T16:13:29","date_gmt":"2021-02-02T15:13:29","guid":{"rendered":"https:\/\/xanatis.com\/~barcelonasotheby\/?page_id=93499"},"modified":"2021-02-25T17:09:54","modified_gmt":"2021-02-25T16:09:54","slug":"costa-brava","status":"publish","type":"page","link":"https:\/\/www.barcelona-sothebysrealty.com\/ca\/viles-venda\/costa-brava\/","title":{"rendered":"Viles de Luxe en la Costa Brava"},"content":{"rendered":"<p><span style=\"font-weight: 400;\">En Costa Brava Sotheby&#8217;s\u00a0<\/span><span style=\"font-weight: 400;\">International<\/span><span style=\"font-weight: 400;\">\u00a0<\/span><span style=\"font-weight: 400;\">Realty<\/span><span style=\"font-weight: 400;\">\u00a0centrem els nostres esfor\u00e7os en la venda de propietats residencials i en la promoci\u00f3 de projectes de desenvolupament immobiliari. Tots els immobles dels quals disposem han estat seleccionats acuradament amb l&#8217;objectiu de satisfer als nostres clients m\u00e9s exigents i estan situats en les localitzacions millor valorades de la Costa Brava.<\/span><\/p>\n<p><span style=\"font-weight: 400;\">Si est\u00e0 pensant a comprar una vila en Costa Brava, no dubti a contactar-nos. Li atendrem en les nostres oficines de\u00a0<\/span><span style=\"font-weight: 400;\">Platja<\/span><span style=\"font-weight: 400;\">\u00a0d\u2019C\u00e8rcol i Begur, on li brindarem un servei immobiliari local i l&#8217;assessorarem perqu\u00e8 encerti en la seva inversi\u00f3.<\/span><span style=\"font-weight: 400;\"><br \/>\n<\/span><\/p>\n<p>&nbsp;<\/p>\n","protected":false},"excerpt":{"rendered":"<p>En Costa Brava Sotheby&#8217;s\u00a0International\u00a0Realty\u00a0centrem els nostres esfor\u00e7os en la venda de propietats residencials i en la promoci\u00f3 de projectes de<a class=\"more-link\" href=\"https:\/\/www.barcelona-sothebysrealty.com\/ca\/viles-venda\/costa-brava\/\">Llegir M\u00e9s<\/a><\/p>\n","protected":false},"author":2,"featured_media":0,"parent":93425,"menu_order":0,"comment_status":"closed","ping_status":"closed","template":"page-listado.php","meta":[],"yoast_head":"<!-- This site is optimized with the Yoast SEO plugin v17.1 - https:\/\/yoast.com\/wordpress\/plugins\/seo\/ -->\n<meta name=\"robots\" content=\"index, follow, max-snippet:-1, max-image-preview:large, max-video-preview:-1\" \/>\n<meta property=\"og:locale\" content=\"ca_ES\" \/>\n<meta property=\"og:type\" content=\"article\" \/>\n<meta property=\"og:title\" content=\"Viles de Luxe en la Costa Brava - Barcelona Sotheby&#039;s\" \/>\n<meta property=\"og:description\" content=\"En Costa Brava Sotheby&#8217;s\u00a0International\u00a0Realty\u00a0centrem els nostres esfor\u00e7os en la venda de propietats residencials i en la promoci\u00f3 de projectes deLlegir M\u00e9s\" \/>\n<meta property=\"og:url\" content=\"https:\/\/www.barcelona-sothebysrealty.com\/ca\/viles-venda\/costa-brava\/\" \/>\n<meta property=\"og:site_name\" content=\"Barcelona Sotheby&#039;s Realty\" \/>\n<meta property=\"article:modified_time\" content=\"2021-02-25T16:09:54+00:00\" \/>\n<meta name=\"twitter:card\" content=\"summary_large_image\" \/>\n<meta name=\"twitter:label1\" content=\"Temps estimat de lectura\" \/>\n\t<meta name=\"twitter:data1\" content=\"1 minut\" \/>\n<script type=\"application\/ld+json\" class=\"yoast-schema-graph\">{\"@context\":\"https:\/\/schema.org\",\"@graph\":[{\"@type\":\"Organization\",\"@id\":\"https:\/\/www.barcelona-sothebysrealty.com\/es\/#organization\",\"name\":\"Barcelona Sotheby's Realty\",\"url\":\"https:\/\/www.barcelona-sothebysrealty.com\/es\/\",\"sameAs\":[],\"logo\":{\"@type\":\"ImageObject\",\"@id\":\"https:\/\/www.barcelona-sothebysrealty.com\/es\/#logo\",\"inLanguage\":\"ca\",\"url\":\"https:\/\/www.barcelona-sothebysrealty.com\/wp-content\/uploads\/2023\/10\/sothebys-barcelona-logo-3.png\",\"contentUrl\":\"https:\/\/www.barcelona-sothebysrealty.com\/wp-content\/uploads\/2023\/10\/sothebys-barcelona-logo-3.png\",\"width\":274,\"height\":274,\"caption\":\"Barcelona Sotheby's Realty\"},\"image\":{\"@id\":\"https:\/\/www.barcelona-sothebysrealty.com\/es\/#logo\"}},{\"@type\":\"WebSite\",\"@id\":\"https:\/\/www.barcelona-sothebysrealty.com\/es\/#website\",\"url\":\"https:\/\/www.barcelona-sothebysrealty.com\/es\/\",\"name\":\"Barcelona Sotheby&#039;s\",\"description\":\"Otro sitio realizado con WordPress\",\"publisher\":{\"@id\":\"https:\/\/www.barcelona-sothebysrealty.com\/es\/#organization\"},\"potentialAction\":[{\"@type\":\"SearchAction\",\"target\":{\"@type\":\"EntryPoint\",\"urlTemplate\":\"https:\/\/www.barcelona-sothebysrealty.com\/es\/?s={search_term_string}\"},\"query-input\":\"required name=search_term_string\"}],\"inLanguage\":\"ca\"},{\"@type\":\"WebPage\",\"@id\":\"https:\/\/www.barcelona-sothebysrealty.com\/ca\/viles-venda\/costa-brava\/#webpage\",\"url\":\"https:\/\/www.barcelona-sothebysrealty.com\/ca\/viles-venda\/costa-brava\/\",\"name\":\"Viles de Luxe en la Costa Brava - Barcelona Sotheby&#039;s\",\"isPartOf\":{\"@id\":\"https:\/\/www.barcelona-sothebysrealty.com\/es\/#website\"},\"datePublished\":\"2021-02-02T15:13:29+00:00\",\"dateModified\":\"2021-02-25T16:09:54+00:00\",\"breadcrumb\":{\"@id\":\"https:\/\/www.barcelona-sothebysrealty.com\/ca\/viles-venda\/costa-brava\/#breadcrumb\"},\"inLanguage\":\"ca\",\"potentialAction\":[{\"@type\":\"ReadAction\",\"target\":[\"https:\/\/www.barcelona-sothebysrealty.com\/ca\/viles-venda\/costa-brava\/\"]}]},{\"@type\":\"BreadcrumbList\",\"@id\":\"https:\/\/www.barcelona-sothebysrealty.com\/ca\/viles-venda\/costa-brava\/#breadcrumb\",\"itemListElement\":[{\"@type\":\"ListItem\",\"position\":1,\"name\":\"Portada\",\"item\":\"https:\/\/www.barcelona-sothebysrealty.com\/ca\/\"},{\"@type\":\"ListItem\",\"position\":2,\"name\":\"Viles en venda &#8211; Compra i venda de cases de luxe\",\"item\":\"https:\/\/www.barcelona-sothebysrealty.com\/ca\/viles-venda\/\"},{\"@type\":\"ListItem\",\"position\":3,\"name\":\"Viles de Luxe en la Costa Brava\"}]}]}<\/script>\n<!-- \/ Yoast SEO plugin. -->","yoast_head_json":{"robots":{"index":"index","follow":"follow","max-snippet":"max-snippet:-1","max-image-preview":"max-image-preview:large","max-video-preview":"max-video-preview:-1"},"og_locale":"ca_ES","og_type":"article","og_title":"Viles de Luxe en la Costa Brava - Barcelona Sotheby&#039;s","og_description":"En Costa Brava Sotheby&#8217;s\u00a0International\u00a0Realty\u00a0centrem els nostres esfor\u00e7os en la venda de propietats residencials i en la promoci\u00f3 de projectes deLlegir M\u00e9s","og_url":"https:\/\/www.barcelona-sothebysrealty.com\/ca\/viles-venda\/costa-brava\/","og_site_name":"Barcelona Sotheby's Realty","article_modified_time":"2021-02-25T16:09:54+00:00","twitter_card":"summary_large_image","twitter_misc":{"Temps estimat de lectura":"1 minut"},"schema":{"@context":"https:\/\/schema.org","@graph":[{"@type":"Organization","@id":"https:\/\/www.barcelona-sothebysrealty.com\/es\/#organization","name":"Barcelona Sotheby's Realty","url":"https:\/\/www.barcelona-sothebysrealty.com\/es\/","sameAs":[],"logo":{"@type":"ImageObject","@id":"https:\/\/www.barcelona-sothebysrealty.com\/es\/#logo","inLanguage":"ca","url":"https:\/\/www.barcelona-sothebysrealty.com\/wp-content\/uploads\/2023\/10\/sothebys-barcelona-logo-3.png","contentUrl":"https:\/\/www.barcelona-sothebysrealty.com\/wp-content\/uploads\/2023\/10\/sothebys-barcelona-logo-3.png","width":274,"height":274,"caption":"Barcelona Sotheby's Realty"},"image":{"@id":"https:\/\/www.barcelona-sothebysrealty.com\/es\/#logo"}},{"@type":"WebSite","@id":"https:\/\/www.barcelona-sothebysrealty.com\/es\/#website","url":"https:\/\/www.barcelona-sothebysrealty.com\/es\/","name":"Barcelona Sotheby&#039;s","description":"Otro sitio realizado con WordPress","publisher":{"@id":"https:\/\/www.barcelona-sothebysrealty.com\/es\/#organization"},"potentialAction":[{"@type":"SearchAction","target":{"@type":"EntryPoint","urlTemplate":"https:\/\/www.barcelona-sothebysrealty.com\/es\/?s={search_term_string}"},"query-input":"required name=search_term_string"}],"inLanguage":"ca"},{"@type":"WebPage","@id":"https:\/\/www.barcelona-sothebysrealty.com\/ca\/viles-venda\/costa-brava\/#webpage","url":"https:\/\/www.barcelona-sothebysrealty.com\/ca\/viles-venda\/costa-brava\/","name":"Viles de Luxe en la Costa Brava - Barcelona Sotheby&#039;s","isPartOf":{"@id":"https:\/\/www.barcelona-sothebysrealty.com\/es\/#website"},"datePublished":"2021-02-02T15:13:29+00:00","dateModified":"2021-02-25T16:09:54+00:00","breadcrumb":{"@id":"https:\/\/www.barcelona-sothebysrealty.com\/ca\/viles-venda\/costa-brava\/#breadcrumb"},"inLanguage":"ca","potentialAction":[{"@type":"ReadAction","target":["https:\/\/www.barcelona-sothebysrealty.com\/ca\/viles-venda\/costa-brava\/"]}]},{"@type":"BreadcrumbList","@id":"https:\/\/www.barcelona-sothebysrealty.com\/ca\/viles-venda\/costa-brava\/#breadcrumb","itemListElement":[{"@type":"ListItem","position":1,"name":"Portada","item":"https:\/\/www.barcelona-sothebysrealty.com\/ca\/"},{"@type":"ListItem","position":2,"name":"Viles en venda &#8211; Compra i venda de cases de luxe","item":"https:\/\/www.barcelona-sothebysrealty.com\/ca\/viles-venda\/"},{"@type":"ListItem","position":3,"name":"Viles de Luxe en la Costa Brava"}]}]}},"_links":{"self":[{"href":"https:\/\/www.barcelona-sothebysrealty.com\/ca\/wp-json\/wp\/v2\/pages\/93499"}],"collection":[{"href":"https:\/\/www.barcelona-sothebysrealty.com\/ca\/wp-json\/wp\/v2\/pages"}],"about":[{"href":"https:\/\/www.barcelona-sothebysrealty.com\/ca\/wp-json\/wp\/v2\/types\/page"}],"author":[{"embeddable":true,"href":"https:\/\/www.barcelona-sothebysrealty.com\/ca\/wp-json\/wp\/v2\/users\/2"}],"replies":[{"embeddable":true,"href":"https:\/\/www.barcelona-sothebysrealty.com\/ca\/wp-json\/wp\/v2\/comments?post=93499"}],"version-history":[{"count":0,"href":"https:\/\/www.barcelona-sothebysrealty.com\/ca\/wp-json\/wp\/v2\/pages\/93499\/revisions"}],"up":[{"embeddable":true,"href":"https:\/\/www.barcelona-sothebysrealty.com\/ca\/wp-json\/wp\/v2\/pages\/93425"}],"wp:attachment":[{"href":"https:\/\/www.barcelona-sothebysrealty.com\/ca\/wp-json\/wp\/v2\/media?parent=93499"}],"curies":[{"name":"wp","href":"https:\/\/api.w.org\/{rel}","templated":true}]}}