{"id":148482,"date":"2021-03-30T12:31:17","date_gmt":"2021-03-30T10:31:17","guid":{"rendered":"https:\/\/xanatis.com\/~barcelonasotheby\/neuentwicklungsfoerderungen\/barcelona\/"},"modified":"2024-06-03T17:03:00","modified_gmt":"2024-06-03T15:03:00","slug":"barcelona","status":"publish","type":"page","link":"https:\/\/www.barcelona-sothebysrealty.com\/de\/neue-entwicklungen\/barcelona\/","title":{"rendered":"Neue entwicklungen Barcelona"},"content":{"rendered":"<p>In Barcelona Sotheby&#8217;s International Realty sind wir Spezialisten f\u00fcr den Verkauf von exklusiven Immobilien in Barcelona, daher haben wir eine gro\u00dfe Auswahl an neuen Immobilien, die sorgf\u00e4ltig ausgew\u00e4hlt werden, um Exzellenz zu erreichen. Wir m\u00f6gen es, einen Unterschied zu machen, deshalb arbeiten wir mit einem hohen Anspruch, der es uns erm\u00f6glicht, einen einzigartigen Katalog auf der H\u00f6he unserer Kunden anzubieten.<\/p>\n","protected":false},"excerpt":{"rendered":"<p>In Barcelona Sotheby&#8217;s International Realty sind wir Spezialisten f\u00fcr den Verkauf von exklusiven Immobilien in Barcelona, daher haben wir eine<a class=\"more-link\" href=\"https:\/\/www.barcelona-sothebysrealty.com\/de\/neue-entwicklungen\/barcelona\/\">Llegir M\u00e9s<\/a><\/p>\n","protected":false},"author":2,"featured_media":0,"parent":148414,"menu_order":0,"comment_status":"closed","ping_status":"closed","template":"page-listado.php","meta":[],"yoast_head":"<!-- This site is optimized with the Yoast SEO plugin v17.1 - https:\/\/yoast.com\/wordpress\/plugins\/seo\/ -->\n<meta name=\"description\" content=\"Wir konzentrieren uns auf den An- und Verkauf von Wohnimmobilien sowie auf die F\u00f6rderung von Neubauprojekten.\" \/>\n<meta name=\"robots\" content=\"index, follow, max-snippet:-1, max-image-preview:large, max-video-preview:-1\" \/>\n<meta property=\"og:locale\" content=\"de_DE\" \/>\n<meta property=\"og:type\" content=\"article\" \/>\n<meta property=\"og:title\" content=\"Neue entwicklungen Barcelona - Barcelona Sotheby&#039;s\" \/>\n<meta property=\"og:description\" content=\"Wir konzentrieren uns auf den An- und Verkauf von Wohnimmobilien sowie auf die F\u00f6rderung von Neubauprojekten.\" \/>\n<meta property=\"og:url\" content=\"https:\/\/www.barcelona-sothebysrealty.com\/de\/neue-entwicklungen\/barcelona\/\" \/>\n<meta property=\"og:site_name\" content=\"Barcelona Sotheby&#039;s Realty\" \/>\n<meta property=\"article:modified_time\" content=\"2024-06-03T15:03:00+00:00\" \/>\n<meta name=\"twitter:card\" content=\"summary_large_image\" \/>\n<meta name=\"twitter:label1\" content=\"Gesch\u00e4tzte Lesezeit\" \/>\n\t<meta name=\"twitter:data1\" content=\"1 Minute\" \/>\n<script type=\"application\/ld+json\" class=\"yoast-schema-graph\">{\"@context\":\"https:\/\/schema.org\",\"@graph\":[{\"@type\":\"Organization\",\"@id\":\"https:\/\/www.barcelona-sothebysrealty.com\/es\/#organization\",\"name\":\"Barcelona Sotheby's Realty\",\"url\":\"https:\/\/www.barcelona-sothebysrealty.com\/es\/\",\"sameAs\":[],\"logo\":{\"@type\":\"ImageObject\",\"@id\":\"https:\/\/www.barcelona-sothebysrealty.com\/es\/#logo\",\"inLanguage\":\"de-DE\",\"url\":\"https:\/\/www.barcelona-sothebysrealty.com\/wp-content\/uploads\/2023\/10\/sothebys-barcelona-logo-3.png\",\"contentUrl\":\"https:\/\/www.barcelona-sothebysrealty.com\/wp-content\/uploads\/2023\/10\/sothebys-barcelona-logo-3.png\",\"width\":274,\"height\":274,\"caption\":\"Barcelona Sotheby's Realty\"},\"image\":{\"@id\":\"https:\/\/www.barcelona-sothebysrealty.com\/es\/#logo\"}},{\"@type\":\"WebSite\",\"@id\":\"https:\/\/www.barcelona-sothebysrealty.com\/es\/#website\",\"url\":\"https:\/\/www.barcelona-sothebysrealty.com\/es\/\",\"name\":\"Barcelona Sotheby&#039;s\",\"description\":\"Otro sitio realizado con WordPress\",\"publisher\":{\"@id\":\"https:\/\/www.barcelona-sothebysrealty.com\/es\/#organization\"},\"potentialAction\":[{\"@type\":\"SearchAction\",\"target\":{\"@type\":\"EntryPoint\",\"urlTemplate\":\"https:\/\/www.barcelona-sothebysrealty.com\/es\/?s={search_term_string}\"},\"query-input\":\"required name=search_term_string\"}],\"inLanguage\":\"de-DE\"},{\"@type\":\"WebPage\",\"@id\":\"https:\/\/www.barcelona-sothebysrealty.com\/de\/neue-entwicklungen\/barcelona\/#webpage\",\"url\":\"https:\/\/www.barcelona-sothebysrealty.com\/de\/neue-entwicklungen\/barcelona\/\",\"name\":\"Neue entwicklungen Barcelona - Barcelona Sotheby&#039;s\",\"isPartOf\":{\"@id\":\"https:\/\/www.barcelona-sothebysrealty.com\/es\/#website\"},\"datePublished\":\"2021-03-30T10:31:17+00:00\",\"dateModified\":\"2024-06-03T15:03:00+00:00\",\"description\":\"Wir konzentrieren uns auf den An- und Verkauf von Wohnimmobilien sowie auf die F\\u00f6rderung von Neubauprojekten.\",\"breadcrumb\":{\"@id\":\"https:\/\/www.barcelona-sothebysrealty.com\/de\/neue-entwicklungen\/barcelona\/#breadcrumb\"},\"inLanguage\":\"de-DE\",\"potentialAction\":[{\"@type\":\"ReadAction\",\"target\":[\"https:\/\/www.barcelona-sothebysrealty.com\/de\/neue-entwicklungen\/barcelona\/\"]}]},{\"@type\":\"BreadcrumbList\",\"@id\":\"https:\/\/www.barcelona-sothebysrealty.com\/de\/neue-entwicklungen\/barcelona\/#breadcrumb\",\"itemListElement\":[{\"@type\":\"ListItem\",\"position\":1,\"name\":\"Portada\",\"item\":\"https:\/\/www.barcelona-sothebysrealty.com\/de\/\"},{\"@type\":\"ListItem\",\"position\":2,\"name\":\"Neue Entwicklungen\",\"item\":\"https:\/\/www.barcelona-sothebysrealty.com\/de\/neue-entwicklungen\/\"},{\"@type\":\"ListItem\",\"position\":3,\"name\":\"Neue entwicklungen Barcelona\"}]}]}<\/script>\n<!-- \/ Yoast SEO plugin. -->","yoast_head_json":{"description":"Wir konzentrieren uns auf den An- und Verkauf von Wohnimmobilien sowie auf die F\u00f6rderung von Neubauprojekten.","robots":{"index":"index","follow":"follow","max-snippet":"max-snippet:-1","max-image-preview":"max-image-preview:large","max-video-preview":"max-video-preview:-1"},"og_locale":"de_DE","og_type":"article","og_title":"Neue entwicklungen Barcelona - Barcelona Sotheby&#039;s","og_description":"Wir konzentrieren uns auf den An- und Verkauf von Wohnimmobilien sowie auf die F\u00f6rderung von Neubauprojekten.","og_url":"https:\/\/www.barcelona-sothebysrealty.com\/de\/neue-entwicklungen\/barcelona\/","og_site_name":"Barcelona Sotheby's Realty","article_modified_time":"2024-06-03T15:03:00+00:00","twitter_card":"summary_large_image","twitter_misc":{"Gesch\u00e4tzte Lesezeit":"1 Minute"},"schema":{"@context":"https:\/\/schema.org","@graph":[{"@type":"Organization","@id":"https:\/\/www.barcelona-sothebysrealty.com\/es\/#organization","name":"Barcelona Sotheby's Realty","url":"https:\/\/www.barcelona-sothebysrealty.com\/es\/","sameAs":[],"logo":{"@type":"ImageObject","@id":"https:\/\/www.barcelona-sothebysrealty.com\/es\/#logo","inLanguage":"de-DE","url":"https:\/\/www.barcelona-sothebysrealty.com\/wp-content\/uploads\/2023\/10\/sothebys-barcelona-logo-3.png","contentUrl":"https:\/\/www.barcelona-sothebysrealty.com\/wp-content\/uploads\/2023\/10\/sothebys-barcelona-logo-3.png","width":274,"height":274,"caption":"Barcelona Sotheby's Realty"},"image":{"@id":"https:\/\/www.barcelona-sothebysrealty.com\/es\/#logo"}},{"@type":"WebSite","@id":"https:\/\/www.barcelona-sothebysrealty.com\/es\/#website","url":"https:\/\/www.barcelona-sothebysrealty.com\/es\/","name":"Barcelona Sotheby&#039;s","description":"Otro sitio realizado con WordPress","publisher":{"@id":"https:\/\/www.barcelona-sothebysrealty.com\/es\/#organization"},"potentialAction":[{"@type":"SearchAction","target":{"@type":"EntryPoint","urlTemplate":"https:\/\/www.barcelona-sothebysrealty.com\/es\/?s={search_term_string}"},"query-input":"required name=search_term_string"}],"inLanguage":"de-DE"},{"@type":"WebPage","@id":"https:\/\/www.barcelona-sothebysrealty.com\/de\/neue-entwicklungen\/barcelona\/#webpage","url":"https:\/\/www.barcelona-sothebysrealty.com\/de\/neue-entwicklungen\/barcelona\/","name":"Neue entwicklungen Barcelona - Barcelona Sotheby&#039;s","isPartOf":{"@id":"https:\/\/www.barcelona-sothebysrealty.com\/es\/#website"},"datePublished":"2021-03-30T10:31:17+00:00","dateModified":"2024-06-03T15:03:00+00:00","description":"Wir konzentrieren uns auf den An- und Verkauf von Wohnimmobilien sowie auf die F\u00f6rderung von Neubauprojekten.","breadcrumb":{"@id":"https:\/\/www.barcelona-sothebysrealty.com\/de\/neue-entwicklungen\/barcelona\/#breadcrumb"},"inLanguage":"de-DE","potentialAction":[{"@type":"ReadAction","target":["https:\/\/www.barcelona-sothebysrealty.com\/de\/neue-entwicklungen\/barcelona\/"]}]},{"@type":"BreadcrumbList","@id":"https:\/\/www.barcelona-sothebysrealty.com\/de\/neue-entwicklungen\/barcelona\/#breadcrumb","itemListElement":[{"@type":"ListItem","position":1,"name":"Portada","item":"https:\/\/www.barcelona-sothebysrealty.com\/de\/"},{"@type":"ListItem","position":2,"name":"Neue Entwicklungen","item":"https:\/\/www.barcelona-sothebysrealty.com\/de\/neue-entwicklungen\/"},{"@type":"ListItem","position":3,"name":"Neue entwicklungen Barcelona"}]}]}},"_links":{"self":[{"href":"https:\/\/www.barcelona-sothebysrealty.com\/de\/wp-json\/wp\/v2\/pages\/148482"}],"collection":[{"href":"https:\/\/www.barcelona-sothebysrealty.com\/de\/wp-json\/wp\/v2\/pages"}],"about":[{"href":"https:\/\/www.barcelona-sothebysrealty.com\/de\/wp-json\/wp\/v2\/types\/page"}],"author":[{"embeddable":true,"href":"https:\/\/www.barcelona-sothebysrealty.com\/de\/wp-json\/wp\/v2\/users\/2"}],"replies":[{"embeddable":true,"href":"https:\/\/www.barcelona-sothebysrealty.com\/de\/wp-json\/wp\/v2\/comments?post=148482"}],"version-history":[{"count":0,"href":"https:\/\/www.barcelona-sothebysrealty.com\/de\/wp-json\/wp\/v2\/pages\/148482\/revisions"}],"up":[{"embeddable":true,"href":"https:\/\/www.barcelona-sothebysrealty.com\/de\/wp-json\/wp\/v2\/pages\/148414"}],"wp:attachment":[{"href":"https:\/\/www.barcelona-sothebysrealty.com\/de\/wp-json\/wp\/v2\/media?parent=148482"}],"curies":[{"name":"wp","href":"https:\/\/api.w.org\/{rel}","templated":true}]}}