{"id":93600,"date":"2020-12-01T09:54:57","date_gmt":"2020-12-01T08:54:57","guid":{"rendered":"https:\/\/xanatis.com\/~barcelonasotheby\/eigenschaften-verkauf\/barcelona\/"},"modified":"2023-11-16T18:25:13","modified_gmt":"2023-11-16T17:25:13","slug":"barcelona","status":"publish","type":"page","link":"https:\/\/www.barcelona-sothebysrealty.com\/de\/eigenschaften-verkauf\/barcelona\/","title":{"rendered":"Immobilien zu verkaufen Barcelona"},"content":{"rendered":"<p><span style=\"font-weight: 400;\">Bei Barcelona Sotheby&#8217;s International Realty sind wir Spezialisten f\u00fcr den Verkauf von Immobilien in Barcelona, insbesondere von exklusiven und einzigartigen Anwesen. Unser Ziel ist es, unseren Kunden immer die beste Auswahl an Luxusimmobilien zu bieten, damit sie ein neues Zuhause oder ihre n\u00e4chste beste Immobilieninvestition finden.<\/span><\/p>\n<p><span style=\"font-weight: 400;\">Wir haben eine gro\u00dfe Auswahl an Immobilien zum Verkauf in Barcelona: von exklusiven Wohnungen in den begehrtesten Gegenden der Stadt bis hin zu spektakul\u00e4ren Villen f\u00fcr diejenigen, die Wert auf Privatsph\u00e4re legen, darunter unglaubliche Penth\u00e4user mit den besten Aussichten in Barcelona und einzigartige Geb\u00e4ude, die Sie sich nie h\u00e4tten vorstellen k\u00f6nnen.<\/span><\/p>\n","protected":false},"excerpt":{"rendered":"<p>Bei Barcelona Sotheby&#8217;s International Realty sind wir Spezialisten f\u00fcr den Verkauf von Immobilien in Barcelona, insbesondere von exklusiven und einzigartigen<a class=\"more-link\" href=\"https:\/\/www.barcelona-sothebysrealty.com\/de\/eigenschaften-verkauf\/barcelona\/\">Llegir M\u00e9s<\/a><\/p>\n","protected":false},"author":2,"featured_media":0,"parent":93587,"menu_order":0,"comment_status":"closed","ping_status":"closed","template":"page-listado.php","meta":[],"yoast_head":"<!-- This site is optimized with the Yoast SEO plugin v17.1 - https:\/\/yoast.com\/wordpress\/plugins\/seo\/ -->\n<meta name=\"robots\" content=\"index, follow, max-snippet:-1, max-image-preview:large, max-video-preview:-1\" \/>\n<meta property=\"og:locale\" content=\"de_DE\" \/>\n<meta property=\"og:type\" content=\"article\" \/>\n<meta property=\"og:title\" content=\"Immobilien zu verkaufen Barcelona - Barcelona Sotheby&#039;s\" \/>\n<meta property=\"og:description\" content=\"Bei Barcelona Sotheby&#8217;s International Realty sind wir Spezialisten f\u00fcr den Verkauf von Immobilien in Barcelona, insbesondere von exklusiven und einzigartigenLlegir M\u00e9s\" \/>\n<meta property=\"og:url\" content=\"https:\/\/www.barcelona-sothebysrealty.com\/de\/eigenschaften-verkauf\/barcelona\/\" \/>\n<meta property=\"og:site_name\" content=\"Barcelona Sotheby&#039;s Realty\" \/>\n<meta property=\"article:modified_time\" content=\"2023-11-16T17:25:13+00:00\" \/>\n<meta name=\"twitter:card\" content=\"summary_large_image\" \/>\n<meta name=\"twitter:label1\" content=\"Gesch\u00e4tzte Lesezeit\" \/>\n\t<meta name=\"twitter:data1\" content=\"1 Minute\" \/>\n<script type=\"application\/ld+json\" class=\"yoast-schema-graph\">{\"@context\":\"https:\/\/schema.org\",\"@graph\":[{\"@type\":\"Organization\",\"@id\":\"https:\/\/www.barcelona-sothebysrealty.com\/es\/#organization\",\"name\":\"Barcelona Sotheby's Realty\",\"url\":\"https:\/\/www.barcelona-sothebysrealty.com\/es\/\",\"sameAs\":[],\"logo\":{\"@type\":\"ImageObject\",\"@id\":\"https:\/\/www.barcelona-sothebysrealty.com\/es\/#logo\",\"inLanguage\":\"de-DE\",\"url\":\"https:\/\/www.barcelona-sothebysrealty.com\/wp-content\/uploads\/2023\/10\/sothebys-barcelona-logo-3.png\",\"contentUrl\":\"https:\/\/www.barcelona-sothebysrealty.com\/wp-content\/uploads\/2023\/10\/sothebys-barcelona-logo-3.png\",\"width\":274,\"height\":274,\"caption\":\"Barcelona Sotheby's Realty\"},\"image\":{\"@id\":\"https:\/\/www.barcelona-sothebysrealty.com\/es\/#logo\"}},{\"@type\":\"WebSite\",\"@id\":\"https:\/\/www.barcelona-sothebysrealty.com\/es\/#website\",\"url\":\"https:\/\/www.barcelona-sothebysrealty.com\/es\/\",\"name\":\"Barcelona Sotheby&#039;s\",\"description\":\"Otro sitio realizado con WordPress\",\"publisher\":{\"@id\":\"https:\/\/www.barcelona-sothebysrealty.com\/es\/#organization\"},\"potentialAction\":[{\"@type\":\"SearchAction\",\"target\":{\"@type\":\"EntryPoint\",\"urlTemplate\":\"https:\/\/www.barcelona-sothebysrealty.com\/es\/?s={search_term_string}\"},\"query-input\":\"required name=search_term_string\"}],\"inLanguage\":\"de-DE\"},{\"@type\":\"WebPage\",\"@id\":\"https:\/\/www.barcelona-sothebysrealty.com\/de\/eigenschaften-verkauf\/barcelona\/#webpage\",\"url\":\"https:\/\/www.barcelona-sothebysrealty.com\/de\/eigenschaften-verkauf\/barcelona\/\",\"name\":\"Immobilien zu verkaufen Barcelona - Barcelona Sotheby&#039;s\",\"isPartOf\":{\"@id\":\"https:\/\/www.barcelona-sothebysrealty.com\/es\/#website\"},\"datePublished\":\"2020-12-01T08:54:57+00:00\",\"dateModified\":\"2023-11-16T17:25:13+00:00\",\"breadcrumb\":{\"@id\":\"https:\/\/www.barcelona-sothebysrealty.com\/de\/eigenschaften-verkauf\/barcelona\/#breadcrumb\"},\"inLanguage\":\"de-DE\",\"potentialAction\":[{\"@type\":\"ReadAction\",\"target\":[\"https:\/\/www.barcelona-sothebysrealty.com\/de\/eigenschaften-verkauf\/barcelona\/\"]}]},{\"@type\":\"BreadcrumbList\",\"@id\":\"https:\/\/www.barcelona-sothebysrealty.com\/de\/eigenschaften-verkauf\/barcelona\/#breadcrumb\",\"itemListElement\":[{\"@type\":\"ListItem\",\"position\":1,\"name\":\"Portada\",\"item\":\"https:\/\/www.barcelona-sothebysrealty.com\/de\/\"},{\"@type\":\"ListItem\",\"position\":2,\"name\":\"Luxuswohnungen und -h\\u00e4user kaufen und verkaufen\",\"item\":\"https:\/\/www.barcelona-sothebysrealty.com\/de\/eigenschaften-verkauf\/\"},{\"@type\":\"ListItem\",\"position\":3,\"name\":\"Immobilien zu verkaufen Barcelona\"}]}]}<\/script>\n<!-- \/ Yoast SEO plugin. -->","yoast_head_json":{"robots":{"index":"index","follow":"follow","max-snippet":"max-snippet:-1","max-image-preview":"max-image-preview:large","max-video-preview":"max-video-preview:-1"},"og_locale":"de_DE","og_type":"article","og_title":"Immobilien zu verkaufen Barcelona - Barcelona Sotheby&#039;s","og_description":"Bei Barcelona Sotheby&#8217;s International Realty sind wir Spezialisten f\u00fcr den Verkauf von Immobilien in Barcelona, insbesondere von exklusiven und einzigartigenLlegir M\u00e9s","og_url":"https:\/\/www.barcelona-sothebysrealty.com\/de\/eigenschaften-verkauf\/barcelona\/","og_site_name":"Barcelona Sotheby's Realty","article_modified_time":"2023-11-16T17:25:13+00:00","twitter_card":"summary_large_image","twitter_misc":{"Gesch\u00e4tzte Lesezeit":"1 Minute"},"schema":{"@context":"https:\/\/schema.org","@graph":[{"@type":"Organization","@id":"https:\/\/www.barcelona-sothebysrealty.com\/es\/#organization","name":"Barcelona Sotheby's Realty","url":"https:\/\/www.barcelona-sothebysrealty.com\/es\/","sameAs":[],"logo":{"@type":"ImageObject","@id":"https:\/\/www.barcelona-sothebysrealty.com\/es\/#logo","inLanguage":"de-DE","url":"https:\/\/www.barcelona-sothebysrealty.com\/wp-content\/uploads\/2023\/10\/sothebys-barcelona-logo-3.png","contentUrl":"https:\/\/www.barcelona-sothebysrealty.com\/wp-content\/uploads\/2023\/10\/sothebys-barcelona-logo-3.png","width":274,"height":274,"caption":"Barcelona Sotheby's Realty"},"image":{"@id":"https:\/\/www.barcelona-sothebysrealty.com\/es\/#logo"}},{"@type":"WebSite","@id":"https:\/\/www.barcelona-sothebysrealty.com\/es\/#website","url":"https:\/\/www.barcelona-sothebysrealty.com\/es\/","name":"Barcelona Sotheby&#039;s","description":"Otro sitio realizado con WordPress","publisher":{"@id":"https:\/\/www.barcelona-sothebysrealty.com\/es\/#organization"},"potentialAction":[{"@type":"SearchAction","target":{"@type":"EntryPoint","urlTemplate":"https:\/\/www.barcelona-sothebysrealty.com\/es\/?s={search_term_string}"},"query-input":"required name=search_term_string"}],"inLanguage":"de-DE"},{"@type":"WebPage","@id":"https:\/\/www.barcelona-sothebysrealty.com\/de\/eigenschaften-verkauf\/barcelona\/#webpage","url":"https:\/\/www.barcelona-sothebysrealty.com\/de\/eigenschaften-verkauf\/barcelona\/","name":"Immobilien zu verkaufen Barcelona - Barcelona Sotheby&#039;s","isPartOf":{"@id":"https:\/\/www.barcelona-sothebysrealty.com\/es\/#website"},"datePublished":"2020-12-01T08:54:57+00:00","dateModified":"2023-11-16T17:25:13+00:00","breadcrumb":{"@id":"https:\/\/www.barcelona-sothebysrealty.com\/de\/eigenschaften-verkauf\/barcelona\/#breadcrumb"},"inLanguage":"de-DE","potentialAction":[{"@type":"ReadAction","target":["https:\/\/www.barcelona-sothebysrealty.com\/de\/eigenschaften-verkauf\/barcelona\/"]}]},{"@type":"BreadcrumbList","@id":"https:\/\/www.barcelona-sothebysrealty.com\/de\/eigenschaften-verkauf\/barcelona\/#breadcrumb","itemListElement":[{"@type":"ListItem","position":1,"name":"Portada","item":"https:\/\/www.barcelona-sothebysrealty.com\/de\/"},{"@type":"ListItem","position":2,"name":"Luxuswohnungen und -h\u00e4user kaufen und verkaufen","item":"https:\/\/www.barcelona-sothebysrealty.com\/de\/eigenschaften-verkauf\/"},{"@type":"ListItem","position":3,"name":"Immobilien zu verkaufen Barcelona"}]}]}},"_links":{"self":[{"href":"https:\/\/www.barcelona-sothebysrealty.com\/de\/wp-json\/wp\/v2\/pages\/93600"}],"collection":[{"href":"https:\/\/www.barcelona-sothebysrealty.com\/de\/wp-json\/wp\/v2\/pages"}],"about":[{"href":"https:\/\/www.barcelona-sothebysrealty.com\/de\/wp-json\/wp\/v2\/types\/page"}],"author":[{"embeddable":true,"href":"https:\/\/www.barcelona-sothebysrealty.com\/de\/wp-json\/wp\/v2\/users\/2"}],"replies":[{"embeddable":true,"href":"https:\/\/www.barcelona-sothebysrealty.com\/de\/wp-json\/wp\/v2\/comments?post=93600"}],"version-history":[{"count":0,"href":"https:\/\/www.barcelona-sothebysrealty.com\/de\/wp-json\/wp\/v2\/pages\/93600\/revisions"}],"up":[{"embeddable":true,"href":"https:\/\/www.barcelona-sothebysrealty.com\/de\/wp-json\/wp\/v2\/pages\/93587"}],"wp:attachment":[{"href":"https:\/\/www.barcelona-sothebysrealty.com\/de\/wp-json\/wp\/v2\/media?parent=93600"}],"curies":[{"name":"wp","href":"https:\/\/api.w.org\/{rel}","templated":true}]}}