{"id":93729,"date":"2021-02-01T15:21:18","date_gmt":"2021-02-01T14:21:18","guid":{"rendered":"https:\/\/xanatis.com\/~barcelonasotheby\/eigenschaften-verkauf\/maresme\/cabrils\/"},"modified":"2023-12-14T15:06:02","modified_gmt":"2023-12-14T14:06:02","slug":"cabrils","status":"publish","type":"page","link":"https:\/\/www.barcelona-sothebysrealty.com\/de\/eigenschaften-verkauf\/maresme\/cabrils\/","title":{"rendered":"Immobilien zum Verkauf Cabrils"},"content":{"rendered":"<p>Cabrils und Cabrera de Mar sind die perfekte Kombination zwischen Meer und Bergen. Gelegen in einer nat\u00fcrlichen Umgebung voller Gr\u00fcnfl\u00e4chen und wei\u00dfen Sandstr\u00e4nden, sind beide Gemeinden angrenzend und liegen in idyllischen T\u00e4lern, nur 30 Minuten von der Innenstadt von Barcelona entfernt.<\/p>\n<p>Die Stra\u00dfen, die mit der Auszeichnung von gastronomischen D\u00f6rfern f\u00fcr die Qualit\u00e4t und den Reichtum der mediterranen K\u00fcche ausgezeichnet wurden, sind voll von kleinen Gesch\u00e4ften und Restaurants mit gro\u00dfer Tradition.<\/p>\n<p>Wenn Sie Immobilien in Cabrils oder Cabrera verkaufen oder kaufen m\u00f6chten, z\u00f6gern Sie nicht, unser Team von Immobilienberatern zu kontaktieren.<\/p>\n","protected":false},"excerpt":{"rendered":"<p>Cabrils und Cabrera de Mar sind die perfekte Kombination zwischen Meer und Bergen. Gelegen in einer nat\u00fcrlichen Umgebung voller Gr\u00fcnfl\u00e4chen<a class=\"more-link\" href=\"https:\/\/www.barcelona-sothebysrealty.com\/de\/eigenschaften-verkauf\/maresme\/cabrils\/\">Llegir M\u00e9s<\/a><\/p>\n","protected":false},"author":2,"featured_media":0,"parent":93690,"menu_order":0,"comment_status":"closed","ping_status":"closed","template":"page-listado.php","meta":[],"yoast_head":"<!-- This site is optimized with the Yoast SEO plugin v17.1 - https:\/\/yoast.com\/wordpress\/plugins\/seo\/ -->\n<meta name=\"robots\" content=\"index, follow, max-snippet:-1, max-image-preview:large, max-video-preview:-1\" \/>\n<meta property=\"og:locale\" content=\"de_DE\" \/>\n<meta property=\"og:type\" content=\"article\" \/>\n<meta property=\"og:title\" content=\"Immobilien zum Verkauf Cabrils - Barcelona Sotheby&#039;s\" \/>\n<meta property=\"og:description\" content=\"Cabrils und Cabrera de Mar sind die perfekte Kombination zwischen Meer und Bergen. Gelegen in einer nat\u00fcrlichen Umgebung voller Gr\u00fcnfl\u00e4chenLlegir M\u00e9s\" \/>\n<meta property=\"og:url\" content=\"https:\/\/www.barcelona-sothebysrealty.com\/de\/eigenschaften-verkauf\/maresme\/cabrils\/\" \/>\n<meta property=\"og:site_name\" content=\"Barcelona Sotheby&#039;s Realty\" \/>\n<meta property=\"article:modified_time\" content=\"2023-12-14T14:06:02+00:00\" \/>\n<meta name=\"twitter:card\" content=\"summary_large_image\" \/>\n<meta name=\"twitter:label1\" content=\"Gesch\u00e4tzte Lesezeit\" \/>\n\t<meta name=\"twitter:data1\" content=\"1 Minute\" \/>\n<script type=\"application\/ld+json\" class=\"yoast-schema-graph\">{\"@context\":\"https:\/\/schema.org\",\"@graph\":[{\"@type\":\"Organization\",\"@id\":\"https:\/\/www.barcelona-sothebysrealty.com\/es\/#organization\",\"name\":\"Barcelona Sotheby's Realty\",\"url\":\"https:\/\/www.barcelona-sothebysrealty.com\/es\/\",\"sameAs\":[],\"logo\":{\"@type\":\"ImageObject\",\"@id\":\"https:\/\/www.barcelona-sothebysrealty.com\/es\/#logo\",\"inLanguage\":\"de-DE\",\"url\":\"https:\/\/www.barcelona-sothebysrealty.com\/wp-content\/uploads\/2023\/10\/sothebys-barcelona-logo-3.png\",\"contentUrl\":\"https:\/\/www.barcelona-sothebysrealty.com\/wp-content\/uploads\/2023\/10\/sothebys-barcelona-logo-3.png\",\"width\":274,\"height\":274,\"caption\":\"Barcelona Sotheby's Realty\"},\"image\":{\"@id\":\"https:\/\/www.barcelona-sothebysrealty.com\/es\/#logo\"}},{\"@type\":\"WebSite\",\"@id\":\"https:\/\/www.barcelona-sothebysrealty.com\/es\/#website\",\"url\":\"https:\/\/www.barcelona-sothebysrealty.com\/es\/\",\"name\":\"Barcelona Sotheby&#039;s\",\"description\":\"Otro sitio realizado con WordPress\",\"publisher\":{\"@id\":\"https:\/\/www.barcelona-sothebysrealty.com\/es\/#organization\"},\"potentialAction\":[{\"@type\":\"SearchAction\",\"target\":{\"@type\":\"EntryPoint\",\"urlTemplate\":\"https:\/\/www.barcelona-sothebysrealty.com\/es\/?s={search_term_string}\"},\"query-input\":\"required name=search_term_string\"}],\"inLanguage\":\"de-DE\"},{\"@type\":\"WebPage\",\"@id\":\"https:\/\/www.barcelona-sothebysrealty.com\/de\/eigenschaften-verkauf\/maresme\/cabrils\/#webpage\",\"url\":\"https:\/\/www.barcelona-sothebysrealty.com\/de\/eigenschaften-verkauf\/maresme\/cabrils\/\",\"name\":\"Immobilien zum Verkauf Cabrils - Barcelona Sotheby&#039;s\",\"isPartOf\":{\"@id\":\"https:\/\/www.barcelona-sothebysrealty.com\/es\/#website\"},\"datePublished\":\"2021-02-01T14:21:18+00:00\",\"dateModified\":\"2023-12-14T14:06:02+00:00\",\"breadcrumb\":{\"@id\":\"https:\/\/www.barcelona-sothebysrealty.com\/de\/eigenschaften-verkauf\/maresme\/cabrils\/#breadcrumb\"},\"inLanguage\":\"de-DE\",\"potentialAction\":[{\"@type\":\"ReadAction\",\"target\":[\"https:\/\/www.barcelona-sothebysrealty.com\/de\/eigenschaften-verkauf\/maresme\/cabrils\/\"]}]},{\"@type\":\"BreadcrumbList\",\"@id\":\"https:\/\/www.barcelona-sothebysrealty.com\/de\/eigenschaften-verkauf\/maresme\/cabrils\/#breadcrumb\",\"itemListElement\":[{\"@type\":\"ListItem\",\"position\":1,\"name\":\"Portada\",\"item\":\"https:\/\/www.barcelona-sothebysrealty.com\/de\/\"},{\"@type\":\"ListItem\",\"position\":2,\"name\":\"Luxuswohnungen und -h\\u00e4user kaufen und verkaufen\",\"item\":\"https:\/\/www.barcelona-sothebysrealty.com\/de\/eigenschaften-verkauf\/\"},{\"@type\":\"ListItem\",\"position\":3,\"name\":\"Immobilien zum Verkauf in Maresme\",\"item\":\"https:\/\/www.barcelona-sothebysrealty.com\/de\/eigenschaften-verkauf\/maresme\/\"},{\"@type\":\"ListItem\",\"position\":4,\"name\":\"Immobilien zum Verkauf Cabrils\"}]}]}<\/script>\n<!-- \/ Yoast SEO plugin. -->","yoast_head_json":{"robots":{"index":"index","follow":"follow","max-snippet":"max-snippet:-1","max-image-preview":"max-image-preview:large","max-video-preview":"max-video-preview:-1"},"og_locale":"de_DE","og_type":"article","og_title":"Immobilien zum Verkauf Cabrils - Barcelona Sotheby&#039;s","og_description":"Cabrils und Cabrera de Mar sind die perfekte Kombination zwischen Meer und Bergen. Gelegen in einer nat\u00fcrlichen Umgebung voller Gr\u00fcnfl\u00e4chenLlegir M\u00e9s","og_url":"https:\/\/www.barcelona-sothebysrealty.com\/de\/eigenschaften-verkauf\/maresme\/cabrils\/","og_site_name":"Barcelona Sotheby's Realty","article_modified_time":"2023-12-14T14:06:02+00:00","twitter_card":"summary_large_image","twitter_misc":{"Gesch\u00e4tzte Lesezeit":"1 Minute"},"schema":{"@context":"https:\/\/schema.org","@graph":[{"@type":"Organization","@id":"https:\/\/www.barcelona-sothebysrealty.com\/es\/#organization","name":"Barcelona Sotheby's Realty","url":"https:\/\/www.barcelona-sothebysrealty.com\/es\/","sameAs":[],"logo":{"@type":"ImageObject","@id":"https:\/\/www.barcelona-sothebysrealty.com\/es\/#logo","inLanguage":"de-DE","url":"https:\/\/www.barcelona-sothebysrealty.com\/wp-content\/uploads\/2023\/10\/sothebys-barcelona-logo-3.png","contentUrl":"https:\/\/www.barcelona-sothebysrealty.com\/wp-content\/uploads\/2023\/10\/sothebys-barcelona-logo-3.png","width":274,"height":274,"caption":"Barcelona Sotheby's Realty"},"image":{"@id":"https:\/\/www.barcelona-sothebysrealty.com\/es\/#logo"}},{"@type":"WebSite","@id":"https:\/\/www.barcelona-sothebysrealty.com\/es\/#website","url":"https:\/\/www.barcelona-sothebysrealty.com\/es\/","name":"Barcelona Sotheby&#039;s","description":"Otro sitio realizado con WordPress","publisher":{"@id":"https:\/\/www.barcelona-sothebysrealty.com\/es\/#organization"},"potentialAction":[{"@type":"SearchAction","target":{"@type":"EntryPoint","urlTemplate":"https:\/\/www.barcelona-sothebysrealty.com\/es\/?s={search_term_string}"},"query-input":"required name=search_term_string"}],"inLanguage":"de-DE"},{"@type":"WebPage","@id":"https:\/\/www.barcelona-sothebysrealty.com\/de\/eigenschaften-verkauf\/maresme\/cabrils\/#webpage","url":"https:\/\/www.barcelona-sothebysrealty.com\/de\/eigenschaften-verkauf\/maresme\/cabrils\/","name":"Immobilien zum Verkauf Cabrils - Barcelona Sotheby&#039;s","isPartOf":{"@id":"https:\/\/www.barcelona-sothebysrealty.com\/es\/#website"},"datePublished":"2021-02-01T14:21:18+00:00","dateModified":"2023-12-14T14:06:02+00:00","breadcrumb":{"@id":"https:\/\/www.barcelona-sothebysrealty.com\/de\/eigenschaften-verkauf\/maresme\/cabrils\/#breadcrumb"},"inLanguage":"de-DE","potentialAction":[{"@type":"ReadAction","target":["https:\/\/www.barcelona-sothebysrealty.com\/de\/eigenschaften-verkauf\/maresme\/cabrils\/"]}]},{"@type":"BreadcrumbList","@id":"https:\/\/www.barcelona-sothebysrealty.com\/de\/eigenschaften-verkauf\/maresme\/cabrils\/#breadcrumb","itemListElement":[{"@type":"ListItem","position":1,"name":"Portada","item":"https:\/\/www.barcelona-sothebysrealty.com\/de\/"},{"@type":"ListItem","position":2,"name":"Luxuswohnungen und -h\u00e4user kaufen und verkaufen","item":"https:\/\/www.barcelona-sothebysrealty.com\/de\/eigenschaften-verkauf\/"},{"@type":"ListItem","position":3,"name":"Immobilien zum Verkauf in Maresme","item":"https:\/\/www.barcelona-sothebysrealty.com\/de\/eigenschaften-verkauf\/maresme\/"},{"@type":"ListItem","position":4,"name":"Immobilien zum Verkauf Cabrils"}]}]}},"_links":{"self":[{"href":"https:\/\/www.barcelona-sothebysrealty.com\/de\/wp-json\/wp\/v2\/pages\/93729"}],"collection":[{"href":"https:\/\/www.barcelona-sothebysrealty.com\/de\/wp-json\/wp\/v2\/pages"}],"about":[{"href":"https:\/\/www.barcelona-sothebysrealty.com\/de\/wp-json\/wp\/v2\/types\/page"}],"author":[{"embeddable":true,"href":"https:\/\/www.barcelona-sothebysrealty.com\/de\/wp-json\/wp\/v2\/users\/2"}],"replies":[{"embeddable":true,"href":"https:\/\/www.barcelona-sothebysrealty.com\/de\/wp-json\/wp\/v2\/comments?post=93729"}],"version-history":[{"count":0,"href":"https:\/\/www.barcelona-sothebysrealty.com\/de\/wp-json\/wp\/v2\/pages\/93729\/revisions"}],"up":[{"embeddable":true,"href":"https:\/\/www.barcelona-sothebysrealty.com\/de\/wp-json\/wp\/v2\/pages\/93690"}],"wp:attachment":[{"href":"https:\/\/www.barcelona-sothebysrealty.com\/de\/wp-json\/wp\/v2\/media?parent=93729"}],"curies":[{"name":"wp","href":"https:\/\/api.w.org\/{rel}","templated":true}]}}