{"id":93742,"date":"2021-02-01T15:22:31","date_gmt":"2021-02-01T14:22:31","guid":{"rendered":"https:\/\/xanatis.com\/~barcelonasotheby\/eigenschaften-verkauf\/maresme\/teia\/"},"modified":"2023-12-14T15:03:16","modified_gmt":"2023-12-14T14:03:16","slug":"teia","status":"publish","type":"page","link":"https:\/\/www.barcelona-sothebysrealty.com\/de\/eigenschaften-verkauf\/maresme\/teia\/","title":{"rendered":"Immobilien zu verkaufen Tei\u00e0"},"content":{"rendered":"<p>Weniger als 20 Kilometer von Barcelona und wenige Minuten vom Strand von Masnou entfernt, bietet Tei\u00e0 eine typische mediterrane Landschaft mit einer Landschaft von gr\u00fcnen W\u00e4ldern mit Weinbergen und majest\u00e4tischen Bauernh\u00e4usern.<\/p>\n<p>Diese charmante Stadt ist traditionell ein Sommerziel f\u00fcr viele Einheimische und der perfekte Ort, um einen ruhigen und friedlichen Lebensstil zu genie\u00dfen.<\/p>\n<p>Sotheby&#8217;s International Realty ist spezialisiert auf den Verkauf von Luxusvillen in den exklusivsten Gegenden von Tei\u00e0, wie die begehrte Urbanisation Sant Berger, eine private Wohngegend nur 20 Minuten vom Zentrum Barcelonas entfernt.<\/p>\n","protected":false},"excerpt":{"rendered":"<p>Weniger als 20 Kilometer von Barcelona und wenige Minuten vom Strand von Masnou entfernt, bietet Tei\u00e0 eine typische mediterrane Landschaft<a class=\"more-link\" href=\"https:\/\/www.barcelona-sothebysrealty.com\/de\/eigenschaften-verkauf\/maresme\/teia\/\">Llegir M\u00e9s<\/a><\/p>\n","protected":false},"author":2,"featured_media":0,"parent":93690,"menu_order":0,"comment_status":"closed","ping_status":"closed","template":"page-listado.php","meta":[],"yoast_head":"<!-- This site is optimized with the Yoast SEO plugin v17.1 - https:\/\/yoast.com\/wordpress\/plugins\/seo\/ -->\n<meta name=\"robots\" content=\"index, follow, max-snippet:-1, max-image-preview:large, max-video-preview:-1\" \/>\n<meta property=\"og:locale\" content=\"de_DE\" \/>\n<meta property=\"og:type\" content=\"article\" \/>\n<meta property=\"og:title\" content=\"Immobilien zu verkaufen Tei\u00e0 - Barcelona Sotheby&#039;s\" \/>\n<meta property=\"og:description\" content=\"Weniger als 20 Kilometer von Barcelona und wenige Minuten vom Strand von Masnou entfernt, bietet Tei\u00e0 eine typische mediterrane LandschaftLlegir M\u00e9s\" \/>\n<meta property=\"og:url\" content=\"https:\/\/www.barcelona-sothebysrealty.com\/de\/eigenschaften-verkauf\/maresme\/teia\/\" \/>\n<meta property=\"og:site_name\" content=\"Barcelona Sotheby&#039;s Realty\" \/>\n<meta property=\"article:modified_time\" content=\"2023-12-14T14:03:16+00:00\" \/>\n<meta name=\"twitter:card\" content=\"summary_large_image\" \/>\n<meta name=\"twitter:label1\" content=\"Gesch\u00e4tzte Lesezeit\" \/>\n\t<meta name=\"twitter:data1\" content=\"1 Minute\" \/>\n<script type=\"application\/ld+json\" class=\"yoast-schema-graph\">{\"@context\":\"https:\/\/schema.org\",\"@graph\":[{\"@type\":\"Organization\",\"@id\":\"https:\/\/www.barcelona-sothebysrealty.com\/es\/#organization\",\"name\":\"Barcelona Sotheby's Realty\",\"url\":\"https:\/\/www.barcelona-sothebysrealty.com\/es\/\",\"sameAs\":[],\"logo\":{\"@type\":\"ImageObject\",\"@id\":\"https:\/\/www.barcelona-sothebysrealty.com\/es\/#logo\",\"inLanguage\":\"de-DE\",\"url\":\"https:\/\/www.barcelona-sothebysrealty.com\/wp-content\/uploads\/2023\/10\/sothebys-barcelona-logo-3.png\",\"contentUrl\":\"https:\/\/www.barcelona-sothebysrealty.com\/wp-content\/uploads\/2023\/10\/sothebys-barcelona-logo-3.png\",\"width\":274,\"height\":274,\"caption\":\"Barcelona Sotheby's Realty\"},\"image\":{\"@id\":\"https:\/\/www.barcelona-sothebysrealty.com\/es\/#logo\"}},{\"@type\":\"WebSite\",\"@id\":\"https:\/\/www.barcelona-sothebysrealty.com\/es\/#website\",\"url\":\"https:\/\/www.barcelona-sothebysrealty.com\/es\/\",\"name\":\"Barcelona Sotheby&#039;s\",\"description\":\"Otro sitio realizado con WordPress\",\"publisher\":{\"@id\":\"https:\/\/www.barcelona-sothebysrealty.com\/es\/#organization\"},\"potentialAction\":[{\"@type\":\"SearchAction\",\"target\":{\"@type\":\"EntryPoint\",\"urlTemplate\":\"https:\/\/www.barcelona-sothebysrealty.com\/es\/?s={search_term_string}\"},\"query-input\":\"required name=search_term_string\"}],\"inLanguage\":\"de-DE\"},{\"@type\":\"WebPage\",\"@id\":\"https:\/\/www.barcelona-sothebysrealty.com\/de\/eigenschaften-verkauf\/maresme\/teia\/#webpage\",\"url\":\"https:\/\/www.barcelona-sothebysrealty.com\/de\/eigenschaften-verkauf\/maresme\/teia\/\",\"name\":\"Immobilien zu verkaufen Tei\\u00e0 - Barcelona Sotheby&#039;s\",\"isPartOf\":{\"@id\":\"https:\/\/www.barcelona-sothebysrealty.com\/es\/#website\"},\"datePublished\":\"2021-02-01T14:22:31+00:00\",\"dateModified\":\"2023-12-14T14:03:16+00:00\",\"breadcrumb\":{\"@id\":\"https:\/\/www.barcelona-sothebysrealty.com\/de\/eigenschaften-verkauf\/maresme\/teia\/#breadcrumb\"},\"inLanguage\":\"de-DE\",\"potentialAction\":[{\"@type\":\"ReadAction\",\"target\":[\"https:\/\/www.barcelona-sothebysrealty.com\/de\/eigenschaften-verkauf\/maresme\/teia\/\"]}]},{\"@type\":\"BreadcrumbList\",\"@id\":\"https:\/\/www.barcelona-sothebysrealty.com\/de\/eigenschaften-verkauf\/maresme\/teia\/#breadcrumb\",\"itemListElement\":[{\"@type\":\"ListItem\",\"position\":1,\"name\":\"Portada\",\"item\":\"https:\/\/www.barcelona-sothebysrealty.com\/de\/\"},{\"@type\":\"ListItem\",\"position\":2,\"name\":\"Luxuswohnungen und -h\\u00e4user kaufen und verkaufen\",\"item\":\"https:\/\/www.barcelona-sothebysrealty.com\/de\/eigenschaften-verkauf\/\"},{\"@type\":\"ListItem\",\"position\":3,\"name\":\"Immobilien zum Verkauf in Maresme\",\"item\":\"https:\/\/www.barcelona-sothebysrealty.com\/de\/eigenschaften-verkauf\/maresme\/\"},{\"@type\":\"ListItem\",\"position\":4,\"name\":\"Immobilien zu verkaufen Tei\\u00e0\"}]}]}<\/script>\n<!-- \/ Yoast SEO plugin. -->","yoast_head_json":{"robots":{"index":"index","follow":"follow","max-snippet":"max-snippet:-1","max-image-preview":"max-image-preview:large","max-video-preview":"max-video-preview:-1"},"og_locale":"de_DE","og_type":"article","og_title":"Immobilien zu verkaufen Tei\u00e0 - Barcelona Sotheby&#039;s","og_description":"Weniger als 20 Kilometer von Barcelona und wenige Minuten vom Strand von Masnou entfernt, bietet Tei\u00e0 eine typische mediterrane LandschaftLlegir M\u00e9s","og_url":"https:\/\/www.barcelona-sothebysrealty.com\/de\/eigenschaften-verkauf\/maresme\/teia\/","og_site_name":"Barcelona Sotheby's Realty","article_modified_time":"2023-12-14T14:03:16+00:00","twitter_card":"summary_large_image","twitter_misc":{"Gesch\u00e4tzte Lesezeit":"1 Minute"},"schema":{"@context":"https:\/\/schema.org","@graph":[{"@type":"Organization","@id":"https:\/\/www.barcelona-sothebysrealty.com\/es\/#organization","name":"Barcelona Sotheby's Realty","url":"https:\/\/www.barcelona-sothebysrealty.com\/es\/","sameAs":[],"logo":{"@type":"ImageObject","@id":"https:\/\/www.barcelona-sothebysrealty.com\/es\/#logo","inLanguage":"de-DE","url":"https:\/\/www.barcelona-sothebysrealty.com\/wp-content\/uploads\/2023\/10\/sothebys-barcelona-logo-3.png","contentUrl":"https:\/\/www.barcelona-sothebysrealty.com\/wp-content\/uploads\/2023\/10\/sothebys-barcelona-logo-3.png","width":274,"height":274,"caption":"Barcelona Sotheby's Realty"},"image":{"@id":"https:\/\/www.barcelona-sothebysrealty.com\/es\/#logo"}},{"@type":"WebSite","@id":"https:\/\/www.barcelona-sothebysrealty.com\/es\/#website","url":"https:\/\/www.barcelona-sothebysrealty.com\/es\/","name":"Barcelona Sotheby&#039;s","description":"Otro sitio realizado con WordPress","publisher":{"@id":"https:\/\/www.barcelona-sothebysrealty.com\/es\/#organization"},"potentialAction":[{"@type":"SearchAction","target":{"@type":"EntryPoint","urlTemplate":"https:\/\/www.barcelona-sothebysrealty.com\/es\/?s={search_term_string}"},"query-input":"required name=search_term_string"}],"inLanguage":"de-DE"},{"@type":"WebPage","@id":"https:\/\/www.barcelona-sothebysrealty.com\/de\/eigenschaften-verkauf\/maresme\/teia\/#webpage","url":"https:\/\/www.barcelona-sothebysrealty.com\/de\/eigenschaften-verkauf\/maresme\/teia\/","name":"Immobilien zu verkaufen Tei\u00e0 - Barcelona Sotheby&#039;s","isPartOf":{"@id":"https:\/\/www.barcelona-sothebysrealty.com\/es\/#website"},"datePublished":"2021-02-01T14:22:31+00:00","dateModified":"2023-12-14T14:03:16+00:00","breadcrumb":{"@id":"https:\/\/www.barcelona-sothebysrealty.com\/de\/eigenschaften-verkauf\/maresme\/teia\/#breadcrumb"},"inLanguage":"de-DE","potentialAction":[{"@type":"ReadAction","target":["https:\/\/www.barcelona-sothebysrealty.com\/de\/eigenschaften-verkauf\/maresme\/teia\/"]}]},{"@type":"BreadcrumbList","@id":"https:\/\/www.barcelona-sothebysrealty.com\/de\/eigenschaften-verkauf\/maresme\/teia\/#breadcrumb","itemListElement":[{"@type":"ListItem","position":1,"name":"Portada","item":"https:\/\/www.barcelona-sothebysrealty.com\/de\/"},{"@type":"ListItem","position":2,"name":"Luxuswohnungen und -h\u00e4user kaufen und verkaufen","item":"https:\/\/www.barcelona-sothebysrealty.com\/de\/eigenschaften-verkauf\/"},{"@type":"ListItem","position":3,"name":"Immobilien zum Verkauf in Maresme","item":"https:\/\/www.barcelona-sothebysrealty.com\/de\/eigenschaften-verkauf\/maresme\/"},{"@type":"ListItem","position":4,"name":"Immobilien zu verkaufen Tei\u00e0"}]}]}},"_links":{"self":[{"href":"https:\/\/www.barcelona-sothebysrealty.com\/de\/wp-json\/wp\/v2\/pages\/93742"}],"collection":[{"href":"https:\/\/www.barcelona-sothebysrealty.com\/de\/wp-json\/wp\/v2\/pages"}],"about":[{"href":"https:\/\/www.barcelona-sothebysrealty.com\/de\/wp-json\/wp\/v2\/types\/page"}],"author":[{"embeddable":true,"href":"https:\/\/www.barcelona-sothebysrealty.com\/de\/wp-json\/wp\/v2\/users\/2"}],"replies":[{"embeddable":true,"href":"https:\/\/www.barcelona-sothebysrealty.com\/de\/wp-json\/wp\/v2\/comments?post=93742"}],"version-history":[{"count":0,"href":"https:\/\/www.barcelona-sothebysrealty.com\/de\/wp-json\/wp\/v2\/pages\/93742\/revisions"}],"up":[{"embeddable":true,"href":"https:\/\/www.barcelona-sothebysrealty.com\/de\/wp-json\/wp\/v2\/pages\/93690"}],"wp:attachment":[{"href":"https:\/\/www.barcelona-sothebysrealty.com\/de\/wp-json\/wp\/v2\/media?parent=93742"}],"curies":[{"name":"wp","href":"https:\/\/api.w.org\/{rel}","templated":true}]}}