{"id":93859,"date":"2020-12-01T12:47:17","date_gmt":"2020-12-01T11:47:17","guid":{"rendered":"https:\/\/xanatis.com\/~barcelonasotheby\/wohnungen-verkauf\/barcelona\/eixample-esquerra\/"},"modified":"2021-02-19T10:23:46","modified_gmt":"2021-02-19T09:23:46","slug":"eixample-esquerra","status":"publish","type":"page","link":"https:\/\/www.barcelona-sothebysrealty.com\/de\/wohnungen-verkauf\/barcelona\/eixample-esquerra\/","title":{"rendered":"Luxuswohnungen in Eixample Esquerra de Barcelona"},"content":{"rendered":"<p><span style=\"font-weight: 400;\">Bei Barcelona Sotheby&#8217;s International Realty sind wir Spezialisten f\u00fcr Luxusimmobilien und haben ein ausgew\u00e4hltes Angebot an Wohnungen zum Verkauf in Barcelonas Eixample Esquerra. Ger\u00e4umige Wohnungen oder spektakul\u00e4re Penth\u00e4user mit Blick auf den Sant Antoni Markt oder die Pla\u00e7a Universitat und in der N\u00e4he von Touristenattraktionen wie dem alten Modelo Gef\u00e4ngnis oder dem Escola Industrial Gel\u00e4nde.<\/span><\/p>\n<p>&nbsp;<\/p>\n","protected":false},"excerpt":{"rendered":"<p>Bei Barcelona Sotheby&#8217;s International Realty sind wir Spezialisten f\u00fcr Luxusimmobilien und haben ein ausgew\u00e4hltes Angebot an Wohnungen zum Verkauf in<a class=\"more-link\" href=\"https:\/\/www.barcelona-sothebysrealty.com\/de\/wohnungen-verkauf\/barcelona\/eixample-esquerra\/\">Llegir M\u00e9s<\/a><\/p>\n","protected":false},"author":2,"featured_media":0,"parent":93834,"menu_order":0,"comment_status":"closed","ping_status":"closed","template":"page-listado.php","meta":[],"yoast_head":"<!-- This site is optimized with the Yoast SEO plugin v17.1 - https:\/\/yoast.com\/wordpress\/plugins\/seo\/ -->\n<meta name=\"robots\" content=\"index, follow, max-snippet:-1, max-image-preview:large, max-video-preview:-1\" \/>\n<meta property=\"og:locale\" content=\"de_DE\" \/>\n<meta property=\"og:type\" content=\"article\" \/>\n<meta property=\"og:title\" content=\"Luxuswohnungen in Eixample Esquerra de Barcelona - Barcelona Sotheby&#039;s\" \/>\n<meta property=\"og:description\" content=\"Bei Barcelona Sotheby&#8217;s International Realty sind wir Spezialisten f\u00fcr Luxusimmobilien und haben ein ausgew\u00e4hltes Angebot an Wohnungen zum Verkauf inLlegir M\u00e9s\" \/>\n<meta property=\"og:url\" content=\"https:\/\/www.barcelona-sothebysrealty.com\/de\/wohnungen-verkauf\/barcelona\/eixample-esquerra\/\" \/>\n<meta property=\"og:site_name\" content=\"Barcelona Sotheby&#039;s Realty\" \/>\n<meta property=\"article:modified_time\" content=\"2021-02-19T09:23:46+00:00\" \/>\n<meta name=\"twitter:card\" content=\"summary_large_image\" \/>\n<meta name=\"twitter:label1\" content=\"Gesch\u00e4tzte Lesezeit\" \/>\n\t<meta name=\"twitter:data1\" content=\"1 Minute\" \/>\n<script type=\"application\/ld+json\" class=\"yoast-schema-graph\">{\"@context\":\"https:\/\/schema.org\",\"@graph\":[{\"@type\":\"Organization\",\"@id\":\"https:\/\/www.barcelona-sothebysrealty.com\/es\/#organization\",\"name\":\"Barcelona Sotheby's Realty\",\"url\":\"https:\/\/www.barcelona-sothebysrealty.com\/es\/\",\"sameAs\":[],\"logo\":{\"@type\":\"ImageObject\",\"@id\":\"https:\/\/www.barcelona-sothebysrealty.com\/es\/#logo\",\"inLanguage\":\"de-DE\",\"url\":\"https:\/\/www.barcelona-sothebysrealty.com\/wp-content\/uploads\/2023\/10\/sothebys-barcelona-logo-3.png\",\"contentUrl\":\"https:\/\/www.barcelona-sothebysrealty.com\/wp-content\/uploads\/2023\/10\/sothebys-barcelona-logo-3.png\",\"width\":274,\"height\":274,\"caption\":\"Barcelona Sotheby's Realty\"},\"image\":{\"@id\":\"https:\/\/www.barcelona-sothebysrealty.com\/es\/#logo\"}},{\"@type\":\"WebSite\",\"@id\":\"https:\/\/www.barcelona-sothebysrealty.com\/es\/#website\",\"url\":\"https:\/\/www.barcelona-sothebysrealty.com\/es\/\",\"name\":\"Barcelona Sotheby&#039;s\",\"description\":\"Otro sitio realizado con WordPress\",\"publisher\":{\"@id\":\"https:\/\/www.barcelona-sothebysrealty.com\/es\/#organization\"},\"potentialAction\":[{\"@type\":\"SearchAction\",\"target\":{\"@type\":\"EntryPoint\",\"urlTemplate\":\"https:\/\/www.barcelona-sothebysrealty.com\/es\/?s={search_term_string}\"},\"query-input\":\"required name=search_term_string\"}],\"inLanguage\":\"de-DE\"},{\"@type\":\"WebPage\",\"@id\":\"https:\/\/www.barcelona-sothebysrealty.com\/de\/wohnungen-verkauf\/barcelona\/eixample-esquerra\/#webpage\",\"url\":\"https:\/\/www.barcelona-sothebysrealty.com\/de\/wohnungen-verkauf\/barcelona\/eixample-esquerra\/\",\"name\":\"Luxuswohnungen in Eixample Esquerra de Barcelona - Barcelona Sotheby&#039;s\",\"isPartOf\":{\"@id\":\"https:\/\/www.barcelona-sothebysrealty.com\/es\/#website\"},\"datePublished\":\"2020-12-01T11:47:17+00:00\",\"dateModified\":\"2021-02-19T09:23:46+00:00\",\"breadcrumb\":{\"@id\":\"https:\/\/www.barcelona-sothebysrealty.com\/de\/wohnungen-verkauf\/barcelona\/eixample-esquerra\/#breadcrumb\"},\"inLanguage\":\"de-DE\",\"potentialAction\":[{\"@type\":\"ReadAction\",\"target\":[\"https:\/\/www.barcelona-sothebysrealty.com\/de\/wohnungen-verkauf\/barcelona\/eixample-esquerra\/\"]}]},{\"@type\":\"BreadcrumbList\",\"@id\":\"https:\/\/www.barcelona-sothebysrealty.com\/de\/wohnungen-verkauf\/barcelona\/eixample-esquerra\/#breadcrumb\",\"itemListElement\":[{\"@type\":\"ListItem\",\"position\":1,\"name\":\"Portada\",\"item\":\"https:\/\/www.barcelona-sothebysrealty.com\/de\/\"},{\"@type\":\"ListItem\",\"position\":2,\"name\":\"Barcelona und Costa Brava &#8211; Kauf und Verkauf von Luxuswohnungen\",\"item\":\"https:\/\/www.barcelona-sothebysrealty.com\/de\/wohnungen-verkauf\/\"},{\"@type\":\"ListItem\",\"position\":3,\"name\":\"Luxus-Wohnungen in Barcelona\",\"item\":\"https:\/\/www.barcelona-sothebysrealty.com\/de\/wohnungen-verkauf\/barcelona\/\"},{\"@type\":\"ListItem\",\"position\":4,\"name\":\"Luxuswohnungen in Eixample Esquerra de Barcelona\"}]}]}<\/script>\n<!-- \/ Yoast SEO plugin. -->","yoast_head_json":{"robots":{"index":"index","follow":"follow","max-snippet":"max-snippet:-1","max-image-preview":"max-image-preview:large","max-video-preview":"max-video-preview:-1"},"og_locale":"de_DE","og_type":"article","og_title":"Luxuswohnungen in Eixample Esquerra de Barcelona - Barcelona Sotheby&#039;s","og_description":"Bei Barcelona Sotheby&#8217;s International Realty sind wir Spezialisten f\u00fcr Luxusimmobilien und haben ein ausgew\u00e4hltes Angebot an Wohnungen zum Verkauf inLlegir M\u00e9s","og_url":"https:\/\/www.barcelona-sothebysrealty.com\/de\/wohnungen-verkauf\/barcelona\/eixample-esquerra\/","og_site_name":"Barcelona Sotheby's Realty","article_modified_time":"2021-02-19T09:23:46+00:00","twitter_card":"summary_large_image","twitter_misc":{"Gesch\u00e4tzte Lesezeit":"1 Minute"},"schema":{"@context":"https:\/\/schema.org","@graph":[{"@type":"Organization","@id":"https:\/\/www.barcelona-sothebysrealty.com\/es\/#organization","name":"Barcelona Sotheby's Realty","url":"https:\/\/www.barcelona-sothebysrealty.com\/es\/","sameAs":[],"logo":{"@type":"ImageObject","@id":"https:\/\/www.barcelona-sothebysrealty.com\/es\/#logo","inLanguage":"de-DE","url":"https:\/\/www.barcelona-sothebysrealty.com\/wp-content\/uploads\/2023\/10\/sothebys-barcelona-logo-3.png","contentUrl":"https:\/\/www.barcelona-sothebysrealty.com\/wp-content\/uploads\/2023\/10\/sothebys-barcelona-logo-3.png","width":274,"height":274,"caption":"Barcelona Sotheby's Realty"},"image":{"@id":"https:\/\/www.barcelona-sothebysrealty.com\/es\/#logo"}},{"@type":"WebSite","@id":"https:\/\/www.barcelona-sothebysrealty.com\/es\/#website","url":"https:\/\/www.barcelona-sothebysrealty.com\/es\/","name":"Barcelona Sotheby&#039;s","description":"Otro sitio realizado con WordPress","publisher":{"@id":"https:\/\/www.barcelona-sothebysrealty.com\/es\/#organization"},"potentialAction":[{"@type":"SearchAction","target":{"@type":"EntryPoint","urlTemplate":"https:\/\/www.barcelona-sothebysrealty.com\/es\/?s={search_term_string}"},"query-input":"required name=search_term_string"}],"inLanguage":"de-DE"},{"@type":"WebPage","@id":"https:\/\/www.barcelona-sothebysrealty.com\/de\/wohnungen-verkauf\/barcelona\/eixample-esquerra\/#webpage","url":"https:\/\/www.barcelona-sothebysrealty.com\/de\/wohnungen-verkauf\/barcelona\/eixample-esquerra\/","name":"Luxuswohnungen in Eixample Esquerra de Barcelona - Barcelona Sotheby&#039;s","isPartOf":{"@id":"https:\/\/www.barcelona-sothebysrealty.com\/es\/#website"},"datePublished":"2020-12-01T11:47:17+00:00","dateModified":"2021-02-19T09:23:46+00:00","breadcrumb":{"@id":"https:\/\/www.barcelona-sothebysrealty.com\/de\/wohnungen-verkauf\/barcelona\/eixample-esquerra\/#breadcrumb"},"inLanguage":"de-DE","potentialAction":[{"@type":"ReadAction","target":["https:\/\/www.barcelona-sothebysrealty.com\/de\/wohnungen-verkauf\/barcelona\/eixample-esquerra\/"]}]},{"@type":"BreadcrumbList","@id":"https:\/\/www.barcelona-sothebysrealty.com\/de\/wohnungen-verkauf\/barcelona\/eixample-esquerra\/#breadcrumb","itemListElement":[{"@type":"ListItem","position":1,"name":"Portada","item":"https:\/\/www.barcelona-sothebysrealty.com\/de\/"},{"@type":"ListItem","position":2,"name":"Barcelona und Costa Brava &#8211; Kauf und Verkauf von Luxuswohnungen","item":"https:\/\/www.barcelona-sothebysrealty.com\/de\/wohnungen-verkauf\/"},{"@type":"ListItem","position":3,"name":"Luxus-Wohnungen in Barcelona","item":"https:\/\/www.barcelona-sothebysrealty.com\/de\/wohnungen-verkauf\/barcelona\/"},{"@type":"ListItem","position":4,"name":"Luxuswohnungen in Eixample Esquerra de Barcelona"}]}]}},"_links":{"self":[{"href":"https:\/\/www.barcelona-sothebysrealty.com\/de\/wp-json\/wp\/v2\/pages\/93859"}],"collection":[{"href":"https:\/\/www.barcelona-sothebysrealty.com\/de\/wp-json\/wp\/v2\/pages"}],"about":[{"href":"https:\/\/www.barcelona-sothebysrealty.com\/de\/wp-json\/wp\/v2\/types\/page"}],"author":[{"embeddable":true,"href":"https:\/\/www.barcelona-sothebysrealty.com\/de\/wp-json\/wp\/v2\/users\/2"}],"replies":[{"embeddable":true,"href":"https:\/\/www.barcelona-sothebysrealty.com\/de\/wp-json\/wp\/v2\/comments?post=93859"}],"version-history":[{"count":0,"href":"https:\/\/www.barcelona-sothebysrealty.com\/de\/wp-json\/wp\/v2\/pages\/93859\/revisions"}],"up":[{"embeddable":true,"href":"https:\/\/www.barcelona-sothebysrealty.com\/de\/wp-json\/wp\/v2\/pages\/93834"}],"wp:attachment":[{"href":"https:\/\/www.barcelona-sothebysrealty.com\/de\/wp-json\/wp\/v2\/media?parent=93859"}],"curies":[{"name":"wp","href":"https:\/\/api.w.org\/{rel}","templated":true}]}}