{"id":93872,"date":"2020-12-01T12:49:42","date_gmt":"2020-12-01T11:49:42","guid":{"rendered":"https:\/\/xanatis.com\/~barcelonasotheby\/wohnungen-verkauf\/barcelona\/gracia\/"},"modified":"2024-02-28T10:59:32","modified_gmt":"2024-02-28T09:59:32","slug":"gracia","status":"publish","type":"page","link":"https:\/\/www.barcelona-sothebysrealty.com\/de\/wohnungen-verkauf\/barcelona\/gracia\/","title":{"rendered":"Luxuswohnungen in Gr\u00e0cia"},"content":{"rendered":"<p>Als eine der einzigartigsten Gegenden Barcelonas hat Gracia seinen alten Dorfcharakter erhaqlten k\u00f6nnen . Mit einem beispiellosen kulturellen und gastronomischen Angebot f\u00fchren seine kleinen Stra\u00dfen zu Terrassen und Pl\u00e4tzen, die zum Verweilen im Freien einladen.<\/p>\n<p>Es ist eines der unkonventionellsten Viertel in Europa, wo K\u00fcnstler und Designer wohnen und wo die Geb\u00e4ude ihren klassischen und emblematischen Charakter bewahrt haben.<\/p>\n<p>In Barcelona &amp; Costa Brava Sotheby&#8217;s International Realty bieten wir Ihnen nur die exklusivsten Apartments in diesem unkonventionellen und historischen Viertel.<\/p>\n","protected":false},"excerpt":{"rendered":"<p>Als eine der einzigartigsten Gegenden Barcelonas hat Gracia seinen alten Dorfcharakter erhaqlten k\u00f6nnen . Mit einem beispiellosen kulturellen und gastronomischen<a class=\"more-link\" href=\"https:\/\/www.barcelona-sothebysrealty.com\/de\/wohnungen-verkauf\/barcelona\/gracia\/\">Llegir M\u00e9s<\/a><\/p>\n","protected":false},"author":2,"featured_media":0,"parent":93834,"menu_order":0,"comment_status":"closed","ping_status":"closed","template":"page-listado.php","meta":[],"yoast_head":"<!-- This site is optimized with the Yoast SEO plugin v17.1 - https:\/\/yoast.com\/wordpress\/plugins\/seo\/ -->\n<meta name=\"robots\" content=\"index, follow, max-snippet:-1, max-image-preview:large, max-video-preview:-1\" \/>\n<meta property=\"og:locale\" content=\"de_DE\" \/>\n<meta property=\"og:type\" content=\"article\" \/>\n<meta property=\"og:title\" content=\"Luxuswohnungen in Gr\u00e0cia - Barcelona Sotheby&#039;s\" \/>\n<meta property=\"og:description\" content=\"Als eine der einzigartigsten Gegenden Barcelonas hat Gracia seinen alten Dorfcharakter erhaqlten k\u00f6nnen . Mit einem beispiellosen kulturellen und gastronomischenLlegir M\u00e9s\" \/>\n<meta property=\"og:url\" content=\"https:\/\/www.barcelona-sothebysrealty.com\/de\/wohnungen-verkauf\/barcelona\/gracia\/\" \/>\n<meta property=\"og:site_name\" content=\"Barcelona Sotheby&#039;s Realty\" \/>\n<meta property=\"article:modified_time\" content=\"2024-02-28T09:59:32+00:00\" \/>\n<meta name=\"twitter:card\" content=\"summary_large_image\" \/>\n<meta name=\"twitter:label1\" content=\"Gesch\u00e4tzte Lesezeit\" \/>\n\t<meta name=\"twitter:data1\" content=\"1 Minute\" \/>\n<script type=\"application\/ld+json\" class=\"yoast-schema-graph\">{\"@context\":\"https:\/\/schema.org\",\"@graph\":[{\"@type\":\"Organization\",\"@id\":\"https:\/\/www.barcelona-sothebysrealty.com\/es\/#organization\",\"name\":\"Barcelona Sotheby's Realty\",\"url\":\"https:\/\/www.barcelona-sothebysrealty.com\/es\/\",\"sameAs\":[],\"logo\":{\"@type\":\"ImageObject\",\"@id\":\"https:\/\/www.barcelona-sothebysrealty.com\/es\/#logo\",\"inLanguage\":\"de-DE\",\"url\":\"https:\/\/www.barcelona-sothebysrealty.com\/wp-content\/uploads\/2023\/10\/sothebys-barcelona-logo-3.png\",\"contentUrl\":\"https:\/\/www.barcelona-sothebysrealty.com\/wp-content\/uploads\/2023\/10\/sothebys-barcelona-logo-3.png\",\"width\":274,\"height\":274,\"caption\":\"Barcelona Sotheby's Realty\"},\"image\":{\"@id\":\"https:\/\/www.barcelona-sothebysrealty.com\/es\/#logo\"}},{\"@type\":\"WebSite\",\"@id\":\"https:\/\/www.barcelona-sothebysrealty.com\/es\/#website\",\"url\":\"https:\/\/www.barcelona-sothebysrealty.com\/es\/\",\"name\":\"Barcelona Sotheby&#039;s\",\"description\":\"Otro sitio realizado con WordPress\",\"publisher\":{\"@id\":\"https:\/\/www.barcelona-sothebysrealty.com\/es\/#organization\"},\"potentialAction\":[{\"@type\":\"SearchAction\",\"target\":{\"@type\":\"EntryPoint\",\"urlTemplate\":\"https:\/\/www.barcelona-sothebysrealty.com\/es\/?s={search_term_string}\"},\"query-input\":\"required name=search_term_string\"}],\"inLanguage\":\"de-DE\"},{\"@type\":\"WebPage\",\"@id\":\"https:\/\/www.barcelona-sothebysrealty.com\/de\/wohnungen-verkauf\/barcelona\/gracia\/#webpage\",\"url\":\"https:\/\/www.barcelona-sothebysrealty.com\/de\/wohnungen-verkauf\/barcelona\/gracia\/\",\"name\":\"Luxuswohnungen in Gr\\u00e0cia - Barcelona Sotheby&#039;s\",\"isPartOf\":{\"@id\":\"https:\/\/www.barcelona-sothebysrealty.com\/es\/#website\"},\"datePublished\":\"2020-12-01T11:49:42+00:00\",\"dateModified\":\"2024-02-28T09:59:32+00:00\",\"breadcrumb\":{\"@id\":\"https:\/\/www.barcelona-sothebysrealty.com\/de\/wohnungen-verkauf\/barcelona\/gracia\/#breadcrumb\"},\"inLanguage\":\"de-DE\",\"potentialAction\":[{\"@type\":\"ReadAction\",\"target\":[\"https:\/\/www.barcelona-sothebysrealty.com\/de\/wohnungen-verkauf\/barcelona\/gracia\/\"]}]},{\"@type\":\"BreadcrumbList\",\"@id\":\"https:\/\/www.barcelona-sothebysrealty.com\/de\/wohnungen-verkauf\/barcelona\/gracia\/#breadcrumb\",\"itemListElement\":[{\"@type\":\"ListItem\",\"position\":1,\"name\":\"Portada\",\"item\":\"https:\/\/www.barcelona-sothebysrealty.com\/de\/\"},{\"@type\":\"ListItem\",\"position\":2,\"name\":\"Barcelona und Costa Brava &#8211; Kauf und Verkauf von Luxuswohnungen\",\"item\":\"https:\/\/www.barcelona-sothebysrealty.com\/de\/wohnungen-verkauf\/\"},{\"@type\":\"ListItem\",\"position\":3,\"name\":\"Luxus-Wohnungen in Barcelona\",\"item\":\"https:\/\/www.barcelona-sothebysrealty.com\/de\/wohnungen-verkauf\/barcelona\/\"},{\"@type\":\"ListItem\",\"position\":4,\"name\":\"Luxuswohnungen in Gr\\u00e0cia\"}]}]}<\/script>\n<!-- \/ Yoast SEO plugin. -->","yoast_head_json":{"robots":{"index":"index","follow":"follow","max-snippet":"max-snippet:-1","max-image-preview":"max-image-preview:large","max-video-preview":"max-video-preview:-1"},"og_locale":"de_DE","og_type":"article","og_title":"Luxuswohnungen in Gr\u00e0cia - Barcelona Sotheby&#039;s","og_description":"Als eine der einzigartigsten Gegenden Barcelonas hat Gracia seinen alten Dorfcharakter erhaqlten k\u00f6nnen . Mit einem beispiellosen kulturellen und gastronomischenLlegir M\u00e9s","og_url":"https:\/\/www.barcelona-sothebysrealty.com\/de\/wohnungen-verkauf\/barcelona\/gracia\/","og_site_name":"Barcelona Sotheby's Realty","article_modified_time":"2024-02-28T09:59:32+00:00","twitter_card":"summary_large_image","twitter_misc":{"Gesch\u00e4tzte Lesezeit":"1 Minute"},"schema":{"@context":"https:\/\/schema.org","@graph":[{"@type":"Organization","@id":"https:\/\/www.barcelona-sothebysrealty.com\/es\/#organization","name":"Barcelona Sotheby's Realty","url":"https:\/\/www.barcelona-sothebysrealty.com\/es\/","sameAs":[],"logo":{"@type":"ImageObject","@id":"https:\/\/www.barcelona-sothebysrealty.com\/es\/#logo","inLanguage":"de-DE","url":"https:\/\/www.barcelona-sothebysrealty.com\/wp-content\/uploads\/2023\/10\/sothebys-barcelona-logo-3.png","contentUrl":"https:\/\/www.barcelona-sothebysrealty.com\/wp-content\/uploads\/2023\/10\/sothebys-barcelona-logo-3.png","width":274,"height":274,"caption":"Barcelona Sotheby's Realty"},"image":{"@id":"https:\/\/www.barcelona-sothebysrealty.com\/es\/#logo"}},{"@type":"WebSite","@id":"https:\/\/www.barcelona-sothebysrealty.com\/es\/#website","url":"https:\/\/www.barcelona-sothebysrealty.com\/es\/","name":"Barcelona Sotheby&#039;s","description":"Otro sitio realizado con WordPress","publisher":{"@id":"https:\/\/www.barcelona-sothebysrealty.com\/es\/#organization"},"potentialAction":[{"@type":"SearchAction","target":{"@type":"EntryPoint","urlTemplate":"https:\/\/www.barcelona-sothebysrealty.com\/es\/?s={search_term_string}"},"query-input":"required name=search_term_string"}],"inLanguage":"de-DE"},{"@type":"WebPage","@id":"https:\/\/www.barcelona-sothebysrealty.com\/de\/wohnungen-verkauf\/barcelona\/gracia\/#webpage","url":"https:\/\/www.barcelona-sothebysrealty.com\/de\/wohnungen-verkauf\/barcelona\/gracia\/","name":"Luxuswohnungen in Gr\u00e0cia - Barcelona Sotheby&#039;s","isPartOf":{"@id":"https:\/\/www.barcelona-sothebysrealty.com\/es\/#website"},"datePublished":"2020-12-01T11:49:42+00:00","dateModified":"2024-02-28T09:59:32+00:00","breadcrumb":{"@id":"https:\/\/www.barcelona-sothebysrealty.com\/de\/wohnungen-verkauf\/barcelona\/gracia\/#breadcrumb"},"inLanguage":"de-DE","potentialAction":[{"@type":"ReadAction","target":["https:\/\/www.barcelona-sothebysrealty.com\/de\/wohnungen-verkauf\/barcelona\/gracia\/"]}]},{"@type":"BreadcrumbList","@id":"https:\/\/www.barcelona-sothebysrealty.com\/de\/wohnungen-verkauf\/barcelona\/gracia\/#breadcrumb","itemListElement":[{"@type":"ListItem","position":1,"name":"Portada","item":"https:\/\/www.barcelona-sothebysrealty.com\/de\/"},{"@type":"ListItem","position":2,"name":"Barcelona und Costa Brava &#8211; Kauf und Verkauf von Luxuswohnungen","item":"https:\/\/www.barcelona-sothebysrealty.com\/de\/wohnungen-verkauf\/"},{"@type":"ListItem","position":3,"name":"Luxus-Wohnungen in Barcelona","item":"https:\/\/www.barcelona-sothebysrealty.com\/de\/wohnungen-verkauf\/barcelona\/"},{"@type":"ListItem","position":4,"name":"Luxuswohnungen in Gr\u00e0cia"}]}]}},"_links":{"self":[{"href":"https:\/\/www.barcelona-sothebysrealty.com\/de\/wp-json\/wp\/v2\/pages\/93872"}],"collection":[{"href":"https:\/\/www.barcelona-sothebysrealty.com\/de\/wp-json\/wp\/v2\/pages"}],"about":[{"href":"https:\/\/www.barcelona-sothebysrealty.com\/de\/wp-json\/wp\/v2\/types\/page"}],"author":[{"embeddable":true,"href":"https:\/\/www.barcelona-sothebysrealty.com\/de\/wp-json\/wp\/v2\/users\/2"}],"replies":[{"embeddable":true,"href":"https:\/\/www.barcelona-sothebysrealty.com\/de\/wp-json\/wp\/v2\/comments?post=93872"}],"version-history":[{"count":0,"href":"https:\/\/www.barcelona-sothebysrealty.com\/de\/wp-json\/wp\/v2\/pages\/93872\/revisions"}],"up":[{"embeddable":true,"href":"https:\/\/www.barcelona-sothebysrealty.com\/de\/wp-json\/wp\/v2\/pages\/93834"}],"wp:attachment":[{"href":"https:\/\/www.barcelona-sothebysrealty.com\/de\/wp-json\/wp\/v2\/media?parent=93872"}],"curies":[{"name":"wp","href":"https:\/\/api.w.org\/{rel}","templated":true}]}}