{"id":94188,"date":"2020-12-03T09:48:59","date_gmt":"2020-12-03T08:48:59","guid":{"rendered":"https:\/\/xanatis.com\/~barcelonasotheby\/hauser-verkauf\/maresme\/alella\/"},"modified":"2021-02-19T11:02:17","modified_gmt":"2021-02-19T10:02:17","slug":"alella","status":"publish","type":"page","link":"https:\/\/www.barcelona-sothebysrealty.com\/de\/haus-kaufen\/maresme\/alella\/","title":{"rendered":"Luxuri\u00f6se H\u00e4user in Alella"},"content":{"rendered":"<p><span style=\"font-weight: 400;\">Bei Barcelona Sotheby&#8217;s International Realty offerieren wir unglaubliche H\u00e4user zum Verkauf in Alella, exklusive Immobilien in einer der Gemeinden mit der besten Lebensqualit\u00e4t an der K\u00fcste von Barcelona.<\/span><\/p>\n<p><span style=\"font-weight: 400;\">Diese Gemeinde, die weniger als zwanzig Kilometer von Barcelona entfernt liegt, ist der perfekte Ort, um Ihr neues Zuhause zu finden oder Ihre n\u00e4chste Immobilieninvestition zu t\u00e4tigen. Alella ist gut angebunden,\u00a0 mit allen notwendigen Dienstleistungen ausgestattet und die perfekte Wahl f\u00fcr Liebhaber des Meeres, des ruhigen Lebens und des Sports im Freien.<\/span><\/p>\n","protected":false},"excerpt":{"rendered":"<p>Bei Barcelona Sotheby&#8217;s International Realty offerieren wir unglaubliche H\u00e4user zum Verkauf in Alella, exklusive Immobilien in einer der Gemeinden mit<a class=\"more-link\" href=\"https:\/\/www.barcelona-sothebysrealty.com\/de\/haus-kaufen\/maresme\/alella\/\">Llegir M\u00e9s<\/a><\/p>\n","protected":false},"author":2,"featured_media":0,"parent":94175,"menu_order":0,"comment_status":"closed","ping_status":"closed","template":"page-listado.php","meta":[],"yoast_head":"<!-- This site is optimized with the Yoast SEO plugin v17.1 - https:\/\/yoast.com\/wordpress\/plugins\/seo\/ -->\n<meta name=\"robots\" content=\"index, follow, max-snippet:-1, max-image-preview:large, max-video-preview:-1\" \/>\n<meta property=\"og:locale\" content=\"de_DE\" \/>\n<meta property=\"og:type\" content=\"article\" \/>\n<meta property=\"og:title\" content=\"Luxuri\u00f6se H\u00e4user in Alella - Barcelona Sotheby&#039;s\" \/>\n<meta property=\"og:description\" content=\"Bei Barcelona Sotheby&#8217;s International Realty offerieren wir unglaubliche H\u00e4user zum Verkauf in Alella, exklusive Immobilien in einer der Gemeinden mitLlegir M\u00e9s\" \/>\n<meta property=\"og:url\" content=\"https:\/\/www.barcelona-sothebysrealty.com\/de\/haus-kaufen\/maresme\/alella\/\" \/>\n<meta property=\"og:site_name\" content=\"Barcelona Sotheby&#039;s Realty\" \/>\n<meta property=\"article:modified_time\" content=\"2021-02-19T10:02:17+00:00\" \/>\n<meta name=\"twitter:card\" content=\"summary_large_image\" \/>\n<meta name=\"twitter:label1\" content=\"Gesch\u00e4tzte Lesezeit\" \/>\n\t<meta name=\"twitter:data1\" content=\"1 Minute\" \/>\n<script type=\"application\/ld+json\" class=\"yoast-schema-graph\">{\"@context\":\"https:\/\/schema.org\",\"@graph\":[{\"@type\":\"Organization\",\"@id\":\"https:\/\/www.barcelona-sothebysrealty.com\/es\/#organization\",\"name\":\"Barcelona Sotheby's Realty\",\"url\":\"https:\/\/www.barcelona-sothebysrealty.com\/es\/\",\"sameAs\":[],\"logo\":{\"@type\":\"ImageObject\",\"@id\":\"https:\/\/www.barcelona-sothebysrealty.com\/es\/#logo\",\"inLanguage\":\"de-DE\",\"url\":\"https:\/\/www.barcelona-sothebysrealty.com\/wp-content\/uploads\/2023\/10\/sothebys-barcelona-logo-3.png\",\"contentUrl\":\"https:\/\/www.barcelona-sothebysrealty.com\/wp-content\/uploads\/2023\/10\/sothebys-barcelona-logo-3.png\",\"width\":274,\"height\":274,\"caption\":\"Barcelona Sotheby's Realty\"},\"image\":{\"@id\":\"https:\/\/www.barcelona-sothebysrealty.com\/es\/#logo\"}},{\"@type\":\"WebSite\",\"@id\":\"https:\/\/www.barcelona-sothebysrealty.com\/es\/#website\",\"url\":\"https:\/\/www.barcelona-sothebysrealty.com\/es\/\",\"name\":\"Barcelona Sotheby&#039;s\",\"description\":\"Otro sitio realizado con WordPress\",\"publisher\":{\"@id\":\"https:\/\/www.barcelona-sothebysrealty.com\/es\/#organization\"},\"potentialAction\":[{\"@type\":\"SearchAction\",\"target\":{\"@type\":\"EntryPoint\",\"urlTemplate\":\"https:\/\/www.barcelona-sothebysrealty.com\/es\/?s={search_term_string}\"},\"query-input\":\"required name=search_term_string\"}],\"inLanguage\":\"de-DE\"},{\"@type\":\"WebPage\",\"@id\":\"https:\/\/www.barcelona-sothebysrealty.com\/de\/haus-kaufen\/maresme\/alella\/#webpage\",\"url\":\"https:\/\/www.barcelona-sothebysrealty.com\/de\/haus-kaufen\/maresme\/alella\/\",\"name\":\"Luxuri\\u00f6se H\\u00e4user in Alella - Barcelona Sotheby&#039;s\",\"isPartOf\":{\"@id\":\"https:\/\/www.barcelona-sothebysrealty.com\/es\/#website\"},\"datePublished\":\"2020-12-03T08:48:59+00:00\",\"dateModified\":\"2021-02-19T10:02:17+00:00\",\"breadcrumb\":{\"@id\":\"https:\/\/www.barcelona-sothebysrealty.com\/de\/haus-kaufen\/maresme\/alella\/#breadcrumb\"},\"inLanguage\":\"de-DE\",\"potentialAction\":[{\"@type\":\"ReadAction\",\"target\":[\"https:\/\/www.barcelona-sothebysrealty.com\/de\/haus-kaufen\/maresme\/alella\/\"]}]},{\"@type\":\"BreadcrumbList\",\"@id\":\"https:\/\/www.barcelona-sothebysrealty.com\/de\/haus-kaufen\/maresme\/alella\/#breadcrumb\",\"itemListElement\":[{\"@type\":\"ListItem\",\"position\":1,\"name\":\"Portada\",\"item\":\"https:\/\/www.barcelona-sothebysrealty.com\/de\/\"},{\"@type\":\"ListItem\",\"position\":2,\"name\":\"Barcelona und Costa Brava &#8211; Kauf und Verkauf von Luxusimmobilien\",\"item\":\"https:\/\/www.barcelona-sothebysrealty.com\/de\/haus-kaufen\/\"},{\"@type\":\"ListItem\",\"position\":3,\"name\":\"Luxush\\u00e4user in Maresme zu verkaufen\",\"item\":\"https:\/\/www.barcelona-sothebysrealty.com\/de\/haus-kaufen\/maresme\/\"},{\"@type\":\"ListItem\",\"position\":4,\"name\":\"Luxuri\\u00f6se H\\u00e4user in Alella\"}]}]}<\/script>\n<!-- \/ Yoast SEO plugin. -->","yoast_head_json":{"robots":{"index":"index","follow":"follow","max-snippet":"max-snippet:-1","max-image-preview":"max-image-preview:large","max-video-preview":"max-video-preview:-1"},"og_locale":"de_DE","og_type":"article","og_title":"Luxuri\u00f6se H\u00e4user in Alella - Barcelona Sotheby&#039;s","og_description":"Bei Barcelona Sotheby&#8217;s International Realty offerieren wir unglaubliche H\u00e4user zum Verkauf in Alella, exklusive Immobilien in einer der Gemeinden mitLlegir M\u00e9s","og_url":"https:\/\/www.barcelona-sothebysrealty.com\/de\/haus-kaufen\/maresme\/alella\/","og_site_name":"Barcelona Sotheby's Realty","article_modified_time":"2021-02-19T10:02:17+00:00","twitter_card":"summary_large_image","twitter_misc":{"Gesch\u00e4tzte Lesezeit":"1 Minute"},"schema":{"@context":"https:\/\/schema.org","@graph":[{"@type":"Organization","@id":"https:\/\/www.barcelona-sothebysrealty.com\/es\/#organization","name":"Barcelona Sotheby's Realty","url":"https:\/\/www.barcelona-sothebysrealty.com\/es\/","sameAs":[],"logo":{"@type":"ImageObject","@id":"https:\/\/www.barcelona-sothebysrealty.com\/es\/#logo","inLanguage":"de-DE","url":"https:\/\/www.barcelona-sothebysrealty.com\/wp-content\/uploads\/2023\/10\/sothebys-barcelona-logo-3.png","contentUrl":"https:\/\/www.barcelona-sothebysrealty.com\/wp-content\/uploads\/2023\/10\/sothebys-barcelona-logo-3.png","width":274,"height":274,"caption":"Barcelona Sotheby's Realty"},"image":{"@id":"https:\/\/www.barcelona-sothebysrealty.com\/es\/#logo"}},{"@type":"WebSite","@id":"https:\/\/www.barcelona-sothebysrealty.com\/es\/#website","url":"https:\/\/www.barcelona-sothebysrealty.com\/es\/","name":"Barcelona Sotheby&#039;s","description":"Otro sitio realizado con WordPress","publisher":{"@id":"https:\/\/www.barcelona-sothebysrealty.com\/es\/#organization"},"potentialAction":[{"@type":"SearchAction","target":{"@type":"EntryPoint","urlTemplate":"https:\/\/www.barcelona-sothebysrealty.com\/es\/?s={search_term_string}"},"query-input":"required name=search_term_string"}],"inLanguage":"de-DE"},{"@type":"WebPage","@id":"https:\/\/www.barcelona-sothebysrealty.com\/de\/haus-kaufen\/maresme\/alella\/#webpage","url":"https:\/\/www.barcelona-sothebysrealty.com\/de\/haus-kaufen\/maresme\/alella\/","name":"Luxuri\u00f6se H\u00e4user in Alella - Barcelona Sotheby&#039;s","isPartOf":{"@id":"https:\/\/www.barcelona-sothebysrealty.com\/es\/#website"},"datePublished":"2020-12-03T08:48:59+00:00","dateModified":"2021-02-19T10:02:17+00:00","breadcrumb":{"@id":"https:\/\/www.barcelona-sothebysrealty.com\/de\/haus-kaufen\/maresme\/alella\/#breadcrumb"},"inLanguage":"de-DE","potentialAction":[{"@type":"ReadAction","target":["https:\/\/www.barcelona-sothebysrealty.com\/de\/haus-kaufen\/maresme\/alella\/"]}]},{"@type":"BreadcrumbList","@id":"https:\/\/www.barcelona-sothebysrealty.com\/de\/haus-kaufen\/maresme\/alella\/#breadcrumb","itemListElement":[{"@type":"ListItem","position":1,"name":"Portada","item":"https:\/\/www.barcelona-sothebysrealty.com\/de\/"},{"@type":"ListItem","position":2,"name":"Barcelona und Costa Brava &#8211; Kauf und Verkauf von Luxusimmobilien","item":"https:\/\/www.barcelona-sothebysrealty.com\/de\/haus-kaufen\/"},{"@type":"ListItem","position":3,"name":"Luxush\u00e4user in Maresme zu verkaufen","item":"https:\/\/www.barcelona-sothebysrealty.com\/de\/haus-kaufen\/maresme\/"},{"@type":"ListItem","position":4,"name":"Luxuri\u00f6se H\u00e4user in Alella"}]}]}},"_links":{"self":[{"href":"https:\/\/www.barcelona-sothebysrealty.com\/de\/wp-json\/wp\/v2\/pages\/94188"}],"collection":[{"href":"https:\/\/www.barcelona-sothebysrealty.com\/de\/wp-json\/wp\/v2\/pages"}],"about":[{"href":"https:\/\/www.barcelona-sothebysrealty.com\/de\/wp-json\/wp\/v2\/types\/page"}],"author":[{"embeddable":true,"href":"https:\/\/www.barcelona-sothebysrealty.com\/de\/wp-json\/wp\/v2\/users\/2"}],"replies":[{"embeddable":true,"href":"https:\/\/www.barcelona-sothebysrealty.com\/de\/wp-json\/wp\/v2\/comments?post=94188"}],"version-history":[{"count":0,"href":"https:\/\/www.barcelona-sothebysrealty.com\/de\/wp-json\/wp\/v2\/pages\/94188\/revisions"}],"up":[{"embeddable":true,"href":"https:\/\/www.barcelona-sothebysrealty.com\/de\/wp-json\/wp\/v2\/pages\/94175"}],"wp:attachment":[{"href":"https:\/\/www.barcelona-sothebysrealty.com\/de\/wp-json\/wp\/v2\/media?parent=94188"}],"curies":[{"name":"wp","href":"https:\/\/api.w.org\/{rel}","templated":true}]}}