{"id":94201,"date":"2020-12-03T09:51:24","date_gmt":"2020-12-03T08:51:24","guid":{"rendered":"https:\/\/xanatis.com\/~barcelonasotheby\/hauser-verkauf\/maresme\/llavaneres\/"},"modified":"2021-02-19T11:03:12","modified_gmt":"2021-02-19T10:03:12","slug":"llavaneres","status":"publish","type":"page","link":"https:\/\/www.barcelona-sothebysrealty.com\/de\/haus-kaufen\/maresme\/llavaneres\/","title":{"rendered":"Luxush\u00e4user in Llavaneres"},"content":{"rendered":"<p><span style=\"font-weight: 400;\">Bei Barcelona Sotheby&#8217;s International Realty verf\u00fcgen wir \u00fcber ein umfangreiches Angebot von H\u00e4usern zum Verkauf in Sant Andreu de Llavaneres.\u00a0<\/span><\/p>\n<p><span style=\"font-weight: 400;\">Einzigartige Immobilien in einer der Orte mit der besten Lebensqualit\u00e4t an der K\u00fcste von Barcelona, die auch die anspruchsvollsten Kunden zufriedenstellen.\u00a0<\/span><\/p>\n<p><span style=\"font-weight: 400;\">Llavaneres liegt weniger als vierzig Kilometer von Barcelona entfernt und besitzt einen der besten Str\u00e4nde an der katalanischen K\u00fcste. Es ist eine ruhige Gemeinde, in der man sowohl das Meer als auch die Berge genie\u00dfen kann, dank der N\u00e4he zum K\u00fcstengebirge. Aufgrund seiner Lage und seiner Eigenschaften ist es ein perfekter Ort, um Ihr neues Zuhause zu finden oder um Ihre n\u00e4chste Immobilieninvestition zu t\u00e4tigen.<\/span><\/p>\n","protected":false},"excerpt":{"rendered":"<p>Bei Barcelona Sotheby&#8217;s International Realty verf\u00fcgen wir \u00fcber ein umfangreiches Angebot von H\u00e4usern zum Verkauf in Sant Andreu de Llavaneres.\u00a0<a class=\"more-link\" href=\"https:\/\/www.barcelona-sothebysrealty.com\/de\/haus-kaufen\/maresme\/llavaneres\/\">Llegir M\u00e9s<\/a><\/p>\n","protected":false},"author":2,"featured_media":0,"parent":94175,"menu_order":0,"comment_status":"closed","ping_status":"closed","template":"page-listado.php","meta":[],"yoast_head":"<!-- This site is optimized with the Yoast SEO plugin v17.1 - https:\/\/yoast.com\/wordpress\/plugins\/seo\/ -->\n<meta name=\"robots\" content=\"index, follow, max-snippet:-1, max-image-preview:large, max-video-preview:-1\" \/>\n<meta property=\"og:locale\" content=\"de_DE\" \/>\n<meta property=\"og:type\" content=\"article\" \/>\n<meta property=\"og:title\" content=\"Luxush\u00e4user in Llavaneres - Barcelona Sotheby&#039;s\" \/>\n<meta property=\"og:description\" content=\"Bei Barcelona Sotheby&#8217;s International Realty verf\u00fcgen wir \u00fcber ein umfangreiches Angebot von H\u00e4usern zum Verkauf in Sant Andreu de Llavaneres.\u00a0Llegir M\u00e9s\" \/>\n<meta property=\"og:url\" content=\"https:\/\/www.barcelona-sothebysrealty.com\/de\/haus-kaufen\/maresme\/llavaneres\/\" \/>\n<meta property=\"og:site_name\" content=\"Barcelona Sotheby&#039;s Realty\" \/>\n<meta property=\"article:modified_time\" content=\"2021-02-19T10:03:12+00:00\" \/>\n<meta name=\"twitter:card\" content=\"summary_large_image\" \/>\n<meta name=\"twitter:label1\" content=\"Gesch\u00e4tzte Lesezeit\" \/>\n\t<meta name=\"twitter:data1\" content=\"1 Minute\" \/>\n<script type=\"application\/ld+json\" class=\"yoast-schema-graph\">{\"@context\":\"https:\/\/schema.org\",\"@graph\":[{\"@type\":\"Organization\",\"@id\":\"https:\/\/www.barcelona-sothebysrealty.com\/es\/#organization\",\"name\":\"Barcelona Sotheby's Realty\",\"url\":\"https:\/\/www.barcelona-sothebysrealty.com\/es\/\",\"sameAs\":[],\"logo\":{\"@type\":\"ImageObject\",\"@id\":\"https:\/\/www.barcelona-sothebysrealty.com\/es\/#logo\",\"inLanguage\":\"de-DE\",\"url\":\"https:\/\/www.barcelona-sothebysrealty.com\/wp-content\/uploads\/2023\/10\/sothebys-barcelona-logo-3.png\",\"contentUrl\":\"https:\/\/www.barcelona-sothebysrealty.com\/wp-content\/uploads\/2023\/10\/sothebys-barcelona-logo-3.png\",\"width\":274,\"height\":274,\"caption\":\"Barcelona Sotheby's Realty\"},\"image\":{\"@id\":\"https:\/\/www.barcelona-sothebysrealty.com\/es\/#logo\"}},{\"@type\":\"WebSite\",\"@id\":\"https:\/\/www.barcelona-sothebysrealty.com\/es\/#website\",\"url\":\"https:\/\/www.barcelona-sothebysrealty.com\/es\/\",\"name\":\"Barcelona Sotheby&#039;s\",\"description\":\"Otro sitio realizado con WordPress\",\"publisher\":{\"@id\":\"https:\/\/www.barcelona-sothebysrealty.com\/es\/#organization\"},\"potentialAction\":[{\"@type\":\"SearchAction\",\"target\":{\"@type\":\"EntryPoint\",\"urlTemplate\":\"https:\/\/www.barcelona-sothebysrealty.com\/es\/?s={search_term_string}\"},\"query-input\":\"required name=search_term_string\"}],\"inLanguage\":\"de-DE\"},{\"@type\":\"WebPage\",\"@id\":\"https:\/\/www.barcelona-sothebysrealty.com\/de\/haus-kaufen\/maresme\/llavaneres\/#webpage\",\"url\":\"https:\/\/www.barcelona-sothebysrealty.com\/de\/haus-kaufen\/maresme\/llavaneres\/\",\"name\":\"Luxush\\u00e4user in Llavaneres - Barcelona Sotheby&#039;s\",\"isPartOf\":{\"@id\":\"https:\/\/www.barcelona-sothebysrealty.com\/es\/#website\"},\"datePublished\":\"2020-12-03T08:51:24+00:00\",\"dateModified\":\"2021-02-19T10:03:12+00:00\",\"breadcrumb\":{\"@id\":\"https:\/\/www.barcelona-sothebysrealty.com\/de\/haus-kaufen\/maresme\/llavaneres\/#breadcrumb\"},\"inLanguage\":\"de-DE\",\"potentialAction\":[{\"@type\":\"ReadAction\",\"target\":[\"https:\/\/www.barcelona-sothebysrealty.com\/de\/haus-kaufen\/maresme\/llavaneres\/\"]}]},{\"@type\":\"BreadcrumbList\",\"@id\":\"https:\/\/www.barcelona-sothebysrealty.com\/de\/haus-kaufen\/maresme\/llavaneres\/#breadcrumb\",\"itemListElement\":[{\"@type\":\"ListItem\",\"position\":1,\"name\":\"Portada\",\"item\":\"https:\/\/www.barcelona-sothebysrealty.com\/de\/\"},{\"@type\":\"ListItem\",\"position\":2,\"name\":\"Barcelona und Costa Brava &#8211; Kauf und Verkauf von Luxusimmobilien\",\"item\":\"https:\/\/www.barcelona-sothebysrealty.com\/de\/haus-kaufen\/\"},{\"@type\":\"ListItem\",\"position\":3,\"name\":\"Luxush\\u00e4user in Maresme zu verkaufen\",\"item\":\"https:\/\/www.barcelona-sothebysrealty.com\/de\/haus-kaufen\/maresme\/\"},{\"@type\":\"ListItem\",\"position\":4,\"name\":\"Luxush\\u00e4user in Llavaneres\"}]}]}<\/script>\n<!-- \/ Yoast SEO plugin. -->","yoast_head_json":{"robots":{"index":"index","follow":"follow","max-snippet":"max-snippet:-1","max-image-preview":"max-image-preview:large","max-video-preview":"max-video-preview:-1"},"og_locale":"de_DE","og_type":"article","og_title":"Luxush\u00e4user in Llavaneres - Barcelona Sotheby&#039;s","og_description":"Bei Barcelona Sotheby&#8217;s International Realty verf\u00fcgen wir \u00fcber ein umfangreiches Angebot von H\u00e4usern zum Verkauf in Sant Andreu de Llavaneres.\u00a0Llegir M\u00e9s","og_url":"https:\/\/www.barcelona-sothebysrealty.com\/de\/haus-kaufen\/maresme\/llavaneres\/","og_site_name":"Barcelona Sotheby's Realty","article_modified_time":"2021-02-19T10:03:12+00:00","twitter_card":"summary_large_image","twitter_misc":{"Gesch\u00e4tzte Lesezeit":"1 Minute"},"schema":{"@context":"https:\/\/schema.org","@graph":[{"@type":"Organization","@id":"https:\/\/www.barcelona-sothebysrealty.com\/es\/#organization","name":"Barcelona Sotheby's Realty","url":"https:\/\/www.barcelona-sothebysrealty.com\/es\/","sameAs":[],"logo":{"@type":"ImageObject","@id":"https:\/\/www.barcelona-sothebysrealty.com\/es\/#logo","inLanguage":"de-DE","url":"https:\/\/www.barcelona-sothebysrealty.com\/wp-content\/uploads\/2023\/10\/sothebys-barcelona-logo-3.png","contentUrl":"https:\/\/www.barcelona-sothebysrealty.com\/wp-content\/uploads\/2023\/10\/sothebys-barcelona-logo-3.png","width":274,"height":274,"caption":"Barcelona Sotheby's Realty"},"image":{"@id":"https:\/\/www.barcelona-sothebysrealty.com\/es\/#logo"}},{"@type":"WebSite","@id":"https:\/\/www.barcelona-sothebysrealty.com\/es\/#website","url":"https:\/\/www.barcelona-sothebysrealty.com\/es\/","name":"Barcelona Sotheby&#039;s","description":"Otro sitio realizado con WordPress","publisher":{"@id":"https:\/\/www.barcelona-sothebysrealty.com\/es\/#organization"},"potentialAction":[{"@type":"SearchAction","target":{"@type":"EntryPoint","urlTemplate":"https:\/\/www.barcelona-sothebysrealty.com\/es\/?s={search_term_string}"},"query-input":"required name=search_term_string"}],"inLanguage":"de-DE"},{"@type":"WebPage","@id":"https:\/\/www.barcelona-sothebysrealty.com\/de\/haus-kaufen\/maresme\/llavaneres\/#webpage","url":"https:\/\/www.barcelona-sothebysrealty.com\/de\/haus-kaufen\/maresme\/llavaneres\/","name":"Luxush\u00e4user in Llavaneres - Barcelona Sotheby&#039;s","isPartOf":{"@id":"https:\/\/www.barcelona-sothebysrealty.com\/es\/#website"},"datePublished":"2020-12-03T08:51:24+00:00","dateModified":"2021-02-19T10:03:12+00:00","breadcrumb":{"@id":"https:\/\/www.barcelona-sothebysrealty.com\/de\/haus-kaufen\/maresme\/llavaneres\/#breadcrumb"},"inLanguage":"de-DE","potentialAction":[{"@type":"ReadAction","target":["https:\/\/www.barcelona-sothebysrealty.com\/de\/haus-kaufen\/maresme\/llavaneres\/"]}]},{"@type":"BreadcrumbList","@id":"https:\/\/www.barcelona-sothebysrealty.com\/de\/haus-kaufen\/maresme\/llavaneres\/#breadcrumb","itemListElement":[{"@type":"ListItem","position":1,"name":"Portada","item":"https:\/\/www.barcelona-sothebysrealty.com\/de\/"},{"@type":"ListItem","position":2,"name":"Barcelona und Costa Brava &#8211; Kauf und Verkauf von Luxusimmobilien","item":"https:\/\/www.barcelona-sothebysrealty.com\/de\/haus-kaufen\/"},{"@type":"ListItem","position":3,"name":"Luxush\u00e4user in Maresme zu verkaufen","item":"https:\/\/www.barcelona-sothebysrealty.com\/de\/haus-kaufen\/maresme\/"},{"@type":"ListItem","position":4,"name":"Luxush\u00e4user in Llavaneres"}]}]}},"_links":{"self":[{"href":"https:\/\/www.barcelona-sothebysrealty.com\/de\/wp-json\/wp\/v2\/pages\/94201"}],"collection":[{"href":"https:\/\/www.barcelona-sothebysrealty.com\/de\/wp-json\/wp\/v2\/pages"}],"about":[{"href":"https:\/\/www.barcelona-sothebysrealty.com\/de\/wp-json\/wp\/v2\/types\/page"}],"author":[{"embeddable":true,"href":"https:\/\/www.barcelona-sothebysrealty.com\/de\/wp-json\/wp\/v2\/users\/2"}],"replies":[{"embeddable":true,"href":"https:\/\/www.barcelona-sothebysrealty.com\/de\/wp-json\/wp\/v2\/comments?post=94201"}],"version-history":[{"count":0,"href":"https:\/\/www.barcelona-sothebysrealty.com\/de\/wp-json\/wp\/v2\/pages\/94201\/revisions"}],"up":[{"embeddable":true,"href":"https:\/\/www.barcelona-sothebysrealty.com\/de\/wp-json\/wp\/v2\/pages\/94175"}],"wp:attachment":[{"href":"https:\/\/www.barcelona-sothebysrealty.com\/de\/wp-json\/wp\/v2\/media?parent=94201"}],"curies":[{"name":"wp","href":"https:\/\/api.w.org\/{rel}","templated":true}]}}