{"id":94288,"date":"2020-12-24T09:13:04","date_gmt":"2020-12-24T08:13:04","guid":{"rendered":"https:\/\/xanatis.com\/~barcelonasotheby\/hauser-verkauf\/costa-brava\/empuriabrava\/"},"modified":"2024-02-28T11:07:39","modified_gmt":"2024-02-28T10:07:39","slug":"empuriabrava","status":"publish","type":"page","link":"https:\/\/www.barcelona-sothebysrealty.com\/de\/haus-kaufen\/empuriabrava\/","title":{"rendered":"Luxush\u00e4user in Empuriabrava"},"content":{"rendered":"<p><span style=\"font-weight: 400;\">Bei Costa Brava Sotheby&#8217;s International Realty haben wir uns auf den Kauf und Verkauf von Wohnimmobilien sowie auf die Vermarktung von Neubauprojekten spezialisiert. Sie befinden sich alle in den besten Gegenden der K\u00fcste von Girona und wurden mit dem Ziel ausgew\u00e4hlt, auch die anspruchsvollsten Kunden zufriedenzustellen.<\/span><\/p>\n<p><span style=\"font-weight: 400;\">Bekannt als das katalanische Venedig, ist Empuriabrava ein Wohngebiet, das zu Castell\u00f3 d&#8217;Emp\u00faries geh\u00f6rt, einer Gemeinde in der Region Alt Empord\u00e0, die zwischen Roses und Sant Pere Pescador liegt. Umgeben vom Parc dels Aiguamolls de l&#8217;Empord\u00e0, verf\u00fcgt es \u00fcber mehr als 23 km schiffbare Kan\u00e4le und 500 Liegepl\u00e4tze und gilt als der gr\u00f6\u00dfte Wohnhafen Europas.\u00a0<\/span><\/p>\n<p><span style=\"font-weight: 400;\">In unserem Portfolio finden Sie exklusive H\u00e4user zum Verkauf in Empuriabrava, Costa Brava, die alle nach unseren anspruchsvollen Qualit\u00e4tsstandards ausgew\u00e4hlt wurden, wobei wir immer an das Wohlergehen und Interesse der zuk\u00fcnftigen Eigent\u00fcmer oder Investoren denken.<\/span><\/p>\n","protected":false},"excerpt":{"rendered":"<p>Bei Costa Brava Sotheby&#8217;s International Realty haben wir uns auf den Kauf und Verkauf von Wohnimmobilien sowie auf die Vermarktung<a class=\"more-link\" href=\"https:\/\/www.barcelona-sothebysrealty.com\/de\/haus-kaufen\/empuriabrava\/\">Llegir M\u00e9s<\/a><\/p>\n","protected":false},"author":2,"featured_media":0,"parent":94067,"menu_order":0,"comment_status":"closed","ping_status":"closed","template":"page-listado.php","meta":[],"yoast_head":"<!-- This site is optimized with the Yoast SEO plugin v17.1 - https:\/\/yoast.com\/wordpress\/plugins\/seo\/ -->\n<meta name=\"robots\" content=\"index, follow, max-snippet:-1, max-image-preview:large, max-video-preview:-1\" \/>\n<meta property=\"og:locale\" content=\"de_DE\" \/>\n<meta property=\"og:type\" content=\"article\" \/>\n<meta property=\"og:title\" content=\"Luxush\u00e4user in Empuriabrava - Barcelona Sotheby&#039;s\" \/>\n<meta property=\"og:description\" content=\"Bei Costa Brava Sotheby&#8217;s International Realty haben wir uns auf den Kauf und Verkauf von Wohnimmobilien sowie auf die VermarktungLlegir M\u00e9s\" \/>\n<meta property=\"og:url\" content=\"https:\/\/www.barcelona-sothebysrealty.com\/de\/haus-kaufen\/empuriabrava\/\" \/>\n<meta property=\"og:site_name\" content=\"Barcelona Sotheby&#039;s Realty\" \/>\n<meta property=\"article:modified_time\" content=\"2024-02-28T10:07:39+00:00\" \/>\n<meta name=\"twitter:card\" content=\"summary_large_image\" \/>\n<meta name=\"twitter:label1\" content=\"Gesch\u00e4tzte Lesezeit\" \/>\n\t<meta name=\"twitter:data1\" content=\"1 Minute\" \/>\n<script type=\"application\/ld+json\" class=\"yoast-schema-graph\">{\"@context\":\"https:\/\/schema.org\",\"@graph\":[{\"@type\":\"Organization\",\"@id\":\"https:\/\/www.barcelona-sothebysrealty.com\/es\/#organization\",\"name\":\"Barcelona Sotheby's Realty\",\"url\":\"https:\/\/www.barcelona-sothebysrealty.com\/es\/\",\"sameAs\":[],\"logo\":{\"@type\":\"ImageObject\",\"@id\":\"https:\/\/www.barcelona-sothebysrealty.com\/es\/#logo\",\"inLanguage\":\"de-DE\",\"url\":\"https:\/\/www.barcelona-sothebysrealty.com\/wp-content\/uploads\/2023\/10\/sothebys-barcelona-logo-3.png\",\"contentUrl\":\"https:\/\/www.barcelona-sothebysrealty.com\/wp-content\/uploads\/2023\/10\/sothebys-barcelona-logo-3.png\",\"width\":274,\"height\":274,\"caption\":\"Barcelona Sotheby's Realty\"},\"image\":{\"@id\":\"https:\/\/www.barcelona-sothebysrealty.com\/es\/#logo\"}},{\"@type\":\"WebSite\",\"@id\":\"https:\/\/www.barcelona-sothebysrealty.com\/es\/#website\",\"url\":\"https:\/\/www.barcelona-sothebysrealty.com\/es\/\",\"name\":\"Barcelona Sotheby&#039;s\",\"description\":\"Otro sitio realizado con WordPress\",\"publisher\":{\"@id\":\"https:\/\/www.barcelona-sothebysrealty.com\/es\/#organization\"},\"potentialAction\":[{\"@type\":\"SearchAction\",\"target\":{\"@type\":\"EntryPoint\",\"urlTemplate\":\"https:\/\/www.barcelona-sothebysrealty.com\/es\/?s={search_term_string}\"},\"query-input\":\"required name=search_term_string\"}],\"inLanguage\":\"de-DE\"},{\"@type\":\"WebPage\",\"@id\":\"https:\/\/www.barcelona-sothebysrealty.com\/de\/haus-kaufen\/empuriabrava\/#webpage\",\"url\":\"https:\/\/www.barcelona-sothebysrealty.com\/de\/haus-kaufen\/empuriabrava\/\",\"name\":\"Luxush\\u00e4user in Empuriabrava - Barcelona Sotheby&#039;s\",\"isPartOf\":{\"@id\":\"https:\/\/www.barcelona-sothebysrealty.com\/es\/#website\"},\"datePublished\":\"2020-12-24T08:13:04+00:00\",\"dateModified\":\"2024-02-28T10:07:39+00:00\",\"breadcrumb\":{\"@id\":\"https:\/\/www.barcelona-sothebysrealty.com\/de\/haus-kaufen\/empuriabrava\/#breadcrumb\"},\"inLanguage\":\"de-DE\",\"potentialAction\":[{\"@type\":\"ReadAction\",\"target\":[\"https:\/\/www.barcelona-sothebysrealty.com\/de\/haus-kaufen\/empuriabrava\/\"]}]},{\"@type\":\"BreadcrumbList\",\"@id\":\"https:\/\/www.barcelona-sothebysrealty.com\/de\/haus-kaufen\/empuriabrava\/#breadcrumb\",\"itemListElement\":[{\"@type\":\"ListItem\",\"position\":1,\"name\":\"Portada\",\"item\":\"https:\/\/www.barcelona-sothebysrealty.com\/de\/\"},{\"@type\":\"ListItem\",\"position\":2,\"name\":\"Barcelona und Costa Brava &#8211; Kauf und Verkauf von Luxusimmobilien\",\"item\":\"https:\/\/www.barcelona-sothebysrealty.com\/de\/haus-kaufen\/\"},{\"@type\":\"ListItem\",\"position\":3,\"name\":\"Luxush\\u00e4user an der Costa Brava\",\"item\":\"https:\/\/www.barcelona-sothebysrealty.com\/de\/haus-kaufen\/costa-brava\/\"},{\"@type\":\"ListItem\",\"position\":4,\"name\":\"Luxush\\u00e4user in Empuriabrava\"}]}]}<\/script>\n<!-- \/ Yoast SEO plugin. -->","yoast_head_json":{"robots":{"index":"index","follow":"follow","max-snippet":"max-snippet:-1","max-image-preview":"max-image-preview:large","max-video-preview":"max-video-preview:-1"},"og_locale":"de_DE","og_type":"article","og_title":"Luxush\u00e4user in Empuriabrava - Barcelona Sotheby&#039;s","og_description":"Bei Costa Brava Sotheby&#8217;s International Realty haben wir uns auf den Kauf und Verkauf von Wohnimmobilien sowie auf die VermarktungLlegir M\u00e9s","og_url":"https:\/\/www.barcelona-sothebysrealty.com\/de\/haus-kaufen\/empuriabrava\/","og_site_name":"Barcelona Sotheby's Realty","article_modified_time":"2024-02-28T10:07:39+00:00","twitter_card":"summary_large_image","twitter_misc":{"Gesch\u00e4tzte Lesezeit":"1 Minute"},"schema":{"@context":"https:\/\/schema.org","@graph":[{"@type":"Organization","@id":"https:\/\/www.barcelona-sothebysrealty.com\/es\/#organization","name":"Barcelona Sotheby's Realty","url":"https:\/\/www.barcelona-sothebysrealty.com\/es\/","sameAs":[],"logo":{"@type":"ImageObject","@id":"https:\/\/www.barcelona-sothebysrealty.com\/es\/#logo","inLanguage":"de-DE","url":"https:\/\/www.barcelona-sothebysrealty.com\/wp-content\/uploads\/2023\/10\/sothebys-barcelona-logo-3.png","contentUrl":"https:\/\/www.barcelona-sothebysrealty.com\/wp-content\/uploads\/2023\/10\/sothebys-barcelona-logo-3.png","width":274,"height":274,"caption":"Barcelona Sotheby's Realty"},"image":{"@id":"https:\/\/www.barcelona-sothebysrealty.com\/es\/#logo"}},{"@type":"WebSite","@id":"https:\/\/www.barcelona-sothebysrealty.com\/es\/#website","url":"https:\/\/www.barcelona-sothebysrealty.com\/es\/","name":"Barcelona Sotheby&#039;s","description":"Otro sitio realizado con WordPress","publisher":{"@id":"https:\/\/www.barcelona-sothebysrealty.com\/es\/#organization"},"potentialAction":[{"@type":"SearchAction","target":{"@type":"EntryPoint","urlTemplate":"https:\/\/www.barcelona-sothebysrealty.com\/es\/?s={search_term_string}"},"query-input":"required name=search_term_string"}],"inLanguage":"de-DE"},{"@type":"WebPage","@id":"https:\/\/www.barcelona-sothebysrealty.com\/de\/haus-kaufen\/empuriabrava\/#webpage","url":"https:\/\/www.barcelona-sothebysrealty.com\/de\/haus-kaufen\/empuriabrava\/","name":"Luxush\u00e4user in Empuriabrava - Barcelona Sotheby&#039;s","isPartOf":{"@id":"https:\/\/www.barcelona-sothebysrealty.com\/es\/#website"},"datePublished":"2020-12-24T08:13:04+00:00","dateModified":"2024-02-28T10:07:39+00:00","breadcrumb":{"@id":"https:\/\/www.barcelona-sothebysrealty.com\/de\/haus-kaufen\/empuriabrava\/#breadcrumb"},"inLanguage":"de-DE","potentialAction":[{"@type":"ReadAction","target":["https:\/\/www.barcelona-sothebysrealty.com\/de\/haus-kaufen\/empuriabrava\/"]}]},{"@type":"BreadcrumbList","@id":"https:\/\/www.barcelona-sothebysrealty.com\/de\/haus-kaufen\/empuriabrava\/#breadcrumb","itemListElement":[{"@type":"ListItem","position":1,"name":"Portada","item":"https:\/\/www.barcelona-sothebysrealty.com\/de\/"},{"@type":"ListItem","position":2,"name":"Barcelona und Costa Brava &#8211; Kauf und Verkauf von Luxusimmobilien","item":"https:\/\/www.barcelona-sothebysrealty.com\/de\/haus-kaufen\/"},{"@type":"ListItem","position":3,"name":"Luxush\u00e4user an der Costa Brava","item":"https:\/\/www.barcelona-sothebysrealty.com\/de\/haus-kaufen\/costa-brava\/"},{"@type":"ListItem","position":4,"name":"Luxush\u00e4user in Empuriabrava"}]}]}},"_links":{"self":[{"href":"https:\/\/www.barcelona-sothebysrealty.com\/de\/wp-json\/wp\/v2\/pages\/94288"}],"collection":[{"href":"https:\/\/www.barcelona-sothebysrealty.com\/de\/wp-json\/wp\/v2\/pages"}],"about":[{"href":"https:\/\/www.barcelona-sothebysrealty.com\/de\/wp-json\/wp\/v2\/types\/page"}],"author":[{"embeddable":true,"href":"https:\/\/www.barcelona-sothebysrealty.com\/de\/wp-json\/wp\/v2\/users\/2"}],"replies":[{"embeddable":true,"href":"https:\/\/www.barcelona-sothebysrealty.com\/de\/wp-json\/wp\/v2\/comments?post=94288"}],"version-history":[{"count":0,"href":"https:\/\/www.barcelona-sothebysrealty.com\/de\/wp-json\/wp\/v2\/pages\/94288\/revisions"}],"up":[{"embeddable":true,"href":"https:\/\/www.barcelona-sothebysrealty.com\/de\/wp-json\/wp\/v2\/pages\/94067"}],"wp:attachment":[{"href":"https:\/\/www.barcelona-sothebysrealty.com\/de\/wp-json\/wp\/v2\/media?parent=94288"}],"curies":[{"name":"wp","href":"https:\/\/api.w.org\/{rel}","templated":true}]}}