{"id":94319,"date":"2020-12-03T11:38:38","date_gmt":"2020-12-03T10:38:38","guid":{"rendered":"https:\/\/xanatis.com\/~barcelonasotheby\/penthouses-verkauf\/barcelona\/"},"modified":"2021-05-21T10:41:42","modified_gmt":"2021-05-21T08:41:42","slug":"barcelona","status":"publish","type":"page","link":"https:\/\/www.barcelona-sothebysrealty.com\/de\/penthaeuser-verkaufen\/barcelona\/","title":{"rendered":"Luxuri\u00f6se Penthouses in Barcelona"},"content":{"rendered":"<p><span style=\"font-weight: 400;\">Bei Barcelona Sotheby&#8217;s International Realty sind wir Spezialisten f\u00fcr den Kauf und Verkauf von Penth\u00e4usern in der Stadt Barcelona, sowohl von bezugsfertigen Wohnimmobilien als auch von im Bau befindlichen Neubauprojekten. Errichtet in modernistischen Geb\u00e4uden, konzipiert als minimalistische R\u00e4ume im Loftstil oder mit spektakul\u00e4ren Ausblicken auf die Stadt, geh\u00f6ren Penthouses in der katalanischen Stadt zu den begehrtesten Immobilien.\u00a0<\/span><\/p>\n<p><span style=\"font-weight: 400;\">Wenn Sie auf der Suche nach Luxus-Penthouses in Barcelona sind, z\u00f6gern Sie nicht, uns zu kontaktieren, um Ihre ideale Immobilie zu finden. In unserem Angebot finden Sie die besten Luxus-Penth\u00e4user in Barcelona, exquisit f\u00fcr Sie ausgew\u00e4hlt.<\/span><\/p>\n<p><span style=\"font-weight: 400;\">Alle Objekte in unserem Portfolio wurden nach den h\u00f6chsten Qualit\u00e4tsstandards ausgew\u00e4hlt, mit dem Ziel, um die Preferenzen und gehobenen Anspr\u00fcche unserer Kunden zu befriedigen.<\/span><\/p>\n","protected":false},"excerpt":{"rendered":"<p>Bei Barcelona Sotheby&#8217;s International Realty sind wir Spezialisten f\u00fcr den Kauf und Verkauf von Penth\u00e4usern in der Stadt Barcelona, sowohl<a class=\"more-link\" href=\"https:\/\/www.barcelona-sothebysrealty.com\/de\/penthaeuser-verkaufen\/barcelona\/\">Llegir M\u00e9s<\/a><\/p>\n","protected":false},"author":2,"featured_media":0,"parent":94312,"menu_order":0,"comment_status":"closed","ping_status":"closed","template":"page-listado.php","meta":[],"yoast_head":"<!-- This site is optimized with the Yoast SEO plugin v17.1 - https:\/\/yoast.com\/wordpress\/plugins\/seo\/ -->\n<meta name=\"robots\" content=\"index, follow, max-snippet:-1, max-image-preview:large, max-video-preview:-1\" \/>\n<meta property=\"og:locale\" content=\"de_DE\" \/>\n<meta property=\"og:type\" content=\"article\" \/>\n<meta property=\"og:title\" content=\"Luxuri\u00f6se Penthouses in Barcelona - Barcelona Sotheby&#039;s\" \/>\n<meta property=\"og:description\" content=\"Bei Barcelona Sotheby&#8217;s International Realty sind wir Spezialisten f\u00fcr den Kauf und Verkauf von Penth\u00e4usern in der Stadt Barcelona, sowohlLlegir M\u00e9s\" \/>\n<meta property=\"og:url\" content=\"https:\/\/www.barcelona-sothebysrealty.com\/de\/penthaeuser-verkaufen\/barcelona\/\" \/>\n<meta property=\"og:site_name\" content=\"Barcelona Sotheby&#039;s Realty\" \/>\n<meta property=\"article:modified_time\" content=\"2021-05-21T08:41:42+00:00\" \/>\n<meta name=\"twitter:card\" content=\"summary_large_image\" \/>\n<meta name=\"twitter:label1\" content=\"Gesch\u00e4tzte Lesezeit\" \/>\n\t<meta name=\"twitter:data1\" content=\"1 Minute\" \/>\n<script type=\"application\/ld+json\" class=\"yoast-schema-graph\">{\"@context\":\"https:\/\/schema.org\",\"@graph\":[{\"@type\":\"Organization\",\"@id\":\"https:\/\/www.barcelona-sothebysrealty.com\/es\/#organization\",\"name\":\"Barcelona Sotheby's Realty\",\"url\":\"https:\/\/www.barcelona-sothebysrealty.com\/es\/\",\"sameAs\":[],\"logo\":{\"@type\":\"ImageObject\",\"@id\":\"https:\/\/www.barcelona-sothebysrealty.com\/es\/#logo\",\"inLanguage\":\"de-DE\",\"url\":\"https:\/\/www.barcelona-sothebysrealty.com\/wp-content\/uploads\/2023\/10\/sothebys-barcelona-logo-3.png\",\"contentUrl\":\"https:\/\/www.barcelona-sothebysrealty.com\/wp-content\/uploads\/2023\/10\/sothebys-barcelona-logo-3.png\",\"width\":274,\"height\":274,\"caption\":\"Barcelona Sotheby's Realty\"},\"image\":{\"@id\":\"https:\/\/www.barcelona-sothebysrealty.com\/es\/#logo\"}},{\"@type\":\"WebSite\",\"@id\":\"https:\/\/www.barcelona-sothebysrealty.com\/es\/#website\",\"url\":\"https:\/\/www.barcelona-sothebysrealty.com\/es\/\",\"name\":\"Barcelona Sotheby&#039;s\",\"description\":\"Otro sitio realizado con WordPress\",\"publisher\":{\"@id\":\"https:\/\/www.barcelona-sothebysrealty.com\/es\/#organization\"},\"potentialAction\":[{\"@type\":\"SearchAction\",\"target\":{\"@type\":\"EntryPoint\",\"urlTemplate\":\"https:\/\/www.barcelona-sothebysrealty.com\/es\/?s={search_term_string}\"},\"query-input\":\"required name=search_term_string\"}],\"inLanguage\":\"de-DE\"},{\"@type\":\"WebPage\",\"@id\":\"https:\/\/www.barcelona-sothebysrealty.com\/de\/penthaeuser-verkaufen\/barcelona\/#webpage\",\"url\":\"https:\/\/www.barcelona-sothebysrealty.com\/de\/penthaeuser-verkaufen\/barcelona\/\",\"name\":\"Luxuri\\u00f6se Penthouses in Barcelona - Barcelona Sotheby&#039;s\",\"isPartOf\":{\"@id\":\"https:\/\/www.barcelona-sothebysrealty.com\/es\/#website\"},\"datePublished\":\"2020-12-03T10:38:38+00:00\",\"dateModified\":\"2021-05-21T08:41:42+00:00\",\"breadcrumb\":{\"@id\":\"https:\/\/www.barcelona-sothebysrealty.com\/de\/penthaeuser-verkaufen\/barcelona\/#breadcrumb\"},\"inLanguage\":\"de-DE\",\"potentialAction\":[{\"@type\":\"ReadAction\",\"target\":[\"https:\/\/www.barcelona-sothebysrealty.com\/de\/penthaeuser-verkaufen\/barcelona\/\"]}]},{\"@type\":\"BreadcrumbList\",\"@id\":\"https:\/\/www.barcelona-sothebysrealty.com\/de\/penthaeuser-verkaufen\/barcelona\/#breadcrumb\",\"itemListElement\":[{\"@type\":\"ListItem\",\"position\":1,\"name\":\"Portada\",\"item\":\"https:\/\/www.barcelona-sothebysrealty.com\/de\/\"},{\"@type\":\"ListItem\",\"position\":2,\"name\":\"Penthouses zu verkaufen Barcelona &#8211; Luxus-Penthaus kaufen &#038; verkaufen\",\"item\":\"https:\/\/www.barcelona-sothebysrealty.com\/de\/penthaeuser-verkaufen\/\"},{\"@type\":\"ListItem\",\"position\":3,\"name\":\"Luxuri\\u00f6se Penthouses in Barcelona\"}]}]}<\/script>\n<!-- \/ Yoast SEO plugin. -->","yoast_head_json":{"robots":{"index":"index","follow":"follow","max-snippet":"max-snippet:-1","max-image-preview":"max-image-preview:large","max-video-preview":"max-video-preview:-1"},"og_locale":"de_DE","og_type":"article","og_title":"Luxuri\u00f6se Penthouses in Barcelona - Barcelona Sotheby&#039;s","og_description":"Bei Barcelona Sotheby&#8217;s International Realty sind wir Spezialisten f\u00fcr den Kauf und Verkauf von Penth\u00e4usern in der Stadt Barcelona, sowohlLlegir M\u00e9s","og_url":"https:\/\/www.barcelona-sothebysrealty.com\/de\/penthaeuser-verkaufen\/barcelona\/","og_site_name":"Barcelona Sotheby's Realty","article_modified_time":"2021-05-21T08:41:42+00:00","twitter_card":"summary_large_image","twitter_misc":{"Gesch\u00e4tzte Lesezeit":"1 Minute"},"schema":{"@context":"https:\/\/schema.org","@graph":[{"@type":"Organization","@id":"https:\/\/www.barcelona-sothebysrealty.com\/es\/#organization","name":"Barcelona Sotheby's Realty","url":"https:\/\/www.barcelona-sothebysrealty.com\/es\/","sameAs":[],"logo":{"@type":"ImageObject","@id":"https:\/\/www.barcelona-sothebysrealty.com\/es\/#logo","inLanguage":"de-DE","url":"https:\/\/www.barcelona-sothebysrealty.com\/wp-content\/uploads\/2023\/10\/sothebys-barcelona-logo-3.png","contentUrl":"https:\/\/www.barcelona-sothebysrealty.com\/wp-content\/uploads\/2023\/10\/sothebys-barcelona-logo-3.png","width":274,"height":274,"caption":"Barcelona Sotheby's Realty"},"image":{"@id":"https:\/\/www.barcelona-sothebysrealty.com\/es\/#logo"}},{"@type":"WebSite","@id":"https:\/\/www.barcelona-sothebysrealty.com\/es\/#website","url":"https:\/\/www.barcelona-sothebysrealty.com\/es\/","name":"Barcelona Sotheby&#039;s","description":"Otro sitio realizado con WordPress","publisher":{"@id":"https:\/\/www.barcelona-sothebysrealty.com\/es\/#organization"},"potentialAction":[{"@type":"SearchAction","target":{"@type":"EntryPoint","urlTemplate":"https:\/\/www.barcelona-sothebysrealty.com\/es\/?s={search_term_string}"},"query-input":"required name=search_term_string"}],"inLanguage":"de-DE"},{"@type":"WebPage","@id":"https:\/\/www.barcelona-sothebysrealty.com\/de\/penthaeuser-verkaufen\/barcelona\/#webpage","url":"https:\/\/www.barcelona-sothebysrealty.com\/de\/penthaeuser-verkaufen\/barcelona\/","name":"Luxuri\u00f6se Penthouses in Barcelona - Barcelona Sotheby&#039;s","isPartOf":{"@id":"https:\/\/www.barcelona-sothebysrealty.com\/es\/#website"},"datePublished":"2020-12-03T10:38:38+00:00","dateModified":"2021-05-21T08:41:42+00:00","breadcrumb":{"@id":"https:\/\/www.barcelona-sothebysrealty.com\/de\/penthaeuser-verkaufen\/barcelona\/#breadcrumb"},"inLanguage":"de-DE","potentialAction":[{"@type":"ReadAction","target":["https:\/\/www.barcelona-sothebysrealty.com\/de\/penthaeuser-verkaufen\/barcelona\/"]}]},{"@type":"BreadcrumbList","@id":"https:\/\/www.barcelona-sothebysrealty.com\/de\/penthaeuser-verkaufen\/barcelona\/#breadcrumb","itemListElement":[{"@type":"ListItem","position":1,"name":"Portada","item":"https:\/\/www.barcelona-sothebysrealty.com\/de\/"},{"@type":"ListItem","position":2,"name":"Penthouses zu verkaufen Barcelona &#8211; Luxus-Penthaus kaufen &#038; verkaufen","item":"https:\/\/www.barcelona-sothebysrealty.com\/de\/penthaeuser-verkaufen\/"},{"@type":"ListItem","position":3,"name":"Luxuri\u00f6se Penthouses in Barcelona"}]}]}},"_links":{"self":[{"href":"https:\/\/www.barcelona-sothebysrealty.com\/de\/wp-json\/wp\/v2\/pages\/94319"}],"collection":[{"href":"https:\/\/www.barcelona-sothebysrealty.com\/de\/wp-json\/wp\/v2\/pages"}],"about":[{"href":"https:\/\/www.barcelona-sothebysrealty.com\/de\/wp-json\/wp\/v2\/types\/page"}],"author":[{"embeddable":true,"href":"https:\/\/www.barcelona-sothebysrealty.com\/de\/wp-json\/wp\/v2\/users\/2"}],"replies":[{"embeddable":true,"href":"https:\/\/www.barcelona-sothebysrealty.com\/de\/wp-json\/wp\/v2\/comments?post=94319"}],"version-history":[{"count":0,"href":"https:\/\/www.barcelona-sothebysrealty.com\/de\/wp-json\/wp\/v2\/pages\/94319\/revisions"}],"up":[{"embeddable":true,"href":"https:\/\/www.barcelona-sothebysrealty.com\/de\/wp-json\/wp\/v2\/pages\/94312"}],"wp:attachment":[{"href":"https:\/\/www.barcelona-sothebysrealty.com\/de\/wp-json\/wp\/v2\/media?parent=94319"}],"curies":[{"name":"wp","href":"https:\/\/api.w.org\/{rel}","templated":true}]}}