{"id":94566,"date":"2020-12-24T09:59:04","date_gmt":"2020-12-24T08:59:04","guid":{"rendered":"https:\/\/xanatis.com\/~barcelonasotheby\/villen-verkauf\/maresme\/"},"modified":"2021-02-19T12:35:54","modified_gmt":"2021-02-19T11:35:54","slug":"maresme","status":"publish","type":"page","link":"https:\/\/www.barcelona-sothebysrealty.com\/de\/villen-verkauf\/maresme\/","title":{"rendered":"Villen und Landh\u00e4user zum Verkauf in der Region Maresme"},"content":{"rendered":"<p><span style=\"font-weight: 400;\">Bei Barcelona Sotheby&#8217;s International Realty haben wir exklusive Villen im Maresme, einzigartige Immobilien in einem der Gebiete mit der besten Lebensqualit\u00e4t an der katalanischen K\u00fcste. Brandneue Immobilien, Projekte im Bau oder Immobilien mit Geschichte, restauriert und renoviert, um alle Interessen und Bed\u00fcrfnisse unserer Kunden zu erf\u00fcllen. Wenn Sie mit dem Gedanken spielen, eine Luxusvilla oder eine katalanisches Bauernhaus (\u201cMasia\u201d) an der K\u00fcste von Barcelona zu kaufen, z\u00f6gern Sie nicht, unser Immobilienb\u00fcro zu kontaktieren und wir werden Sie beraten, um die richtige Investition zu t\u00e4tigen.<\/span><\/p>\n<p><span style=\"font-weight: 400;\">Diese Gegend, nur wenige Kilometer von der Stadt Barcelona entfernt, ist der perfekte Ort, um Ihr neues Zuhause zu finden oder Ihre n\u00e4chste Immobilieninvestition zu t\u00e4tigen. Gut angebunden und mit allen notwendigen Dienstleistungen ausgestattet, ist die Region Maresme die perfekte Wahl f\u00fcr Liebhaber des Meeres, des ruhigen Lebens und des Sports im Freien.<\/span><\/p>\n<p>&nbsp;<\/p>\n","protected":false},"excerpt":{"rendered":"<p>Bei Barcelona Sotheby&#8217;s International Realty haben wir exklusive Villen im Maresme, einzigartige Immobilien in einem der Gebiete mit der besten<a class=\"more-link\" href=\"https:\/\/www.barcelona-sothebysrealty.com\/de\/villen-verkauf\/maresme\/\">Llegir M\u00e9s<\/a><\/p>\n","protected":false},"author":2,"featured_media":0,"parent":94542,"menu_order":0,"comment_status":"closed","ping_status":"closed","template":"page-listado.php","meta":[],"yoast_head":"<!-- This site is optimized with the Yoast SEO plugin v17.1 - https:\/\/yoast.com\/wordpress\/plugins\/seo\/ -->\n<meta name=\"robots\" content=\"index, follow, max-snippet:-1, max-image-preview:large, max-video-preview:-1\" \/>\n<meta property=\"og:locale\" content=\"de_DE\" \/>\n<meta property=\"og:type\" content=\"article\" \/>\n<meta property=\"og:title\" content=\"Villen und Landh\u00e4user zum Verkauf in der Region Maresme - Barcelona Sotheby&#039;s\" \/>\n<meta property=\"og:description\" content=\"Bei Barcelona Sotheby&#8217;s International Realty haben wir exklusive Villen im Maresme, einzigartige Immobilien in einem der Gebiete mit der bestenLlegir M\u00e9s\" \/>\n<meta property=\"og:url\" content=\"https:\/\/www.barcelona-sothebysrealty.com\/de\/villen-verkauf\/maresme\/\" \/>\n<meta property=\"og:site_name\" content=\"Barcelona Sotheby&#039;s Realty\" \/>\n<meta property=\"article:modified_time\" content=\"2021-02-19T11:35:54+00:00\" \/>\n<meta name=\"twitter:card\" content=\"summary_large_image\" \/>\n<meta name=\"twitter:label1\" content=\"Gesch\u00e4tzte Lesezeit\" \/>\n\t<meta name=\"twitter:data1\" content=\"1 Minute\" \/>\n<script type=\"application\/ld+json\" class=\"yoast-schema-graph\">{\"@context\":\"https:\/\/schema.org\",\"@graph\":[{\"@type\":\"Organization\",\"@id\":\"https:\/\/www.barcelona-sothebysrealty.com\/es\/#organization\",\"name\":\"Barcelona Sotheby's Realty\",\"url\":\"https:\/\/www.barcelona-sothebysrealty.com\/es\/\",\"sameAs\":[],\"logo\":{\"@type\":\"ImageObject\",\"@id\":\"https:\/\/www.barcelona-sothebysrealty.com\/es\/#logo\",\"inLanguage\":\"de-DE\",\"url\":\"https:\/\/www.barcelona-sothebysrealty.com\/wp-content\/uploads\/2023\/10\/sothebys-barcelona-logo-3.png\",\"contentUrl\":\"https:\/\/www.barcelona-sothebysrealty.com\/wp-content\/uploads\/2023\/10\/sothebys-barcelona-logo-3.png\",\"width\":274,\"height\":274,\"caption\":\"Barcelona Sotheby's Realty\"},\"image\":{\"@id\":\"https:\/\/www.barcelona-sothebysrealty.com\/es\/#logo\"}},{\"@type\":\"WebSite\",\"@id\":\"https:\/\/www.barcelona-sothebysrealty.com\/es\/#website\",\"url\":\"https:\/\/www.barcelona-sothebysrealty.com\/es\/\",\"name\":\"Barcelona Sotheby&#039;s\",\"description\":\"Otro sitio realizado con WordPress\",\"publisher\":{\"@id\":\"https:\/\/www.barcelona-sothebysrealty.com\/es\/#organization\"},\"potentialAction\":[{\"@type\":\"SearchAction\",\"target\":{\"@type\":\"EntryPoint\",\"urlTemplate\":\"https:\/\/www.barcelona-sothebysrealty.com\/es\/?s={search_term_string}\"},\"query-input\":\"required name=search_term_string\"}],\"inLanguage\":\"de-DE\"},{\"@type\":\"WebPage\",\"@id\":\"https:\/\/www.barcelona-sothebysrealty.com\/de\/villen-verkauf\/maresme\/#webpage\",\"url\":\"https:\/\/www.barcelona-sothebysrealty.com\/de\/villen-verkauf\/maresme\/\",\"name\":\"Villen und Landh\\u00e4user zum Verkauf in der Region Maresme - Barcelona Sotheby&#039;s\",\"isPartOf\":{\"@id\":\"https:\/\/www.barcelona-sothebysrealty.com\/es\/#website\"},\"datePublished\":\"2020-12-24T08:59:04+00:00\",\"dateModified\":\"2021-02-19T11:35:54+00:00\",\"breadcrumb\":{\"@id\":\"https:\/\/www.barcelona-sothebysrealty.com\/de\/villen-verkauf\/maresme\/#breadcrumb\"},\"inLanguage\":\"de-DE\",\"potentialAction\":[{\"@type\":\"ReadAction\",\"target\":[\"https:\/\/www.barcelona-sothebysrealty.com\/de\/villen-verkauf\/maresme\/\"]}]},{\"@type\":\"BreadcrumbList\",\"@id\":\"https:\/\/www.barcelona-sothebysrealty.com\/de\/villen-verkauf\/maresme\/#breadcrumb\",\"itemListElement\":[{\"@type\":\"ListItem\",\"position\":1,\"name\":\"Portada\",\"item\":\"https:\/\/www.barcelona-sothebysrealty.com\/de\/\"},{\"@type\":\"ListItem\",\"position\":2,\"name\":\"Villen zum Verkauf &#8211; Kauf und Verkauf von Luxusvillen\",\"item\":\"https:\/\/www.barcelona-sothebysrealty.com\/de\/villen-verkauf\/\"},{\"@type\":\"ListItem\",\"position\":3,\"name\":\"Villen und Landh\\u00e4user zum Verkauf in der Region Maresme\"}]}]}<\/script>\n<!-- \/ Yoast SEO plugin. -->","yoast_head_json":{"robots":{"index":"index","follow":"follow","max-snippet":"max-snippet:-1","max-image-preview":"max-image-preview:large","max-video-preview":"max-video-preview:-1"},"og_locale":"de_DE","og_type":"article","og_title":"Villen und Landh\u00e4user zum Verkauf in der Region Maresme - Barcelona Sotheby&#039;s","og_description":"Bei Barcelona Sotheby&#8217;s International Realty haben wir exklusive Villen im Maresme, einzigartige Immobilien in einem der Gebiete mit der bestenLlegir M\u00e9s","og_url":"https:\/\/www.barcelona-sothebysrealty.com\/de\/villen-verkauf\/maresme\/","og_site_name":"Barcelona Sotheby's Realty","article_modified_time":"2021-02-19T11:35:54+00:00","twitter_card":"summary_large_image","twitter_misc":{"Gesch\u00e4tzte Lesezeit":"1 Minute"},"schema":{"@context":"https:\/\/schema.org","@graph":[{"@type":"Organization","@id":"https:\/\/www.barcelona-sothebysrealty.com\/es\/#organization","name":"Barcelona Sotheby's Realty","url":"https:\/\/www.barcelona-sothebysrealty.com\/es\/","sameAs":[],"logo":{"@type":"ImageObject","@id":"https:\/\/www.barcelona-sothebysrealty.com\/es\/#logo","inLanguage":"de-DE","url":"https:\/\/www.barcelona-sothebysrealty.com\/wp-content\/uploads\/2023\/10\/sothebys-barcelona-logo-3.png","contentUrl":"https:\/\/www.barcelona-sothebysrealty.com\/wp-content\/uploads\/2023\/10\/sothebys-barcelona-logo-3.png","width":274,"height":274,"caption":"Barcelona Sotheby's Realty"},"image":{"@id":"https:\/\/www.barcelona-sothebysrealty.com\/es\/#logo"}},{"@type":"WebSite","@id":"https:\/\/www.barcelona-sothebysrealty.com\/es\/#website","url":"https:\/\/www.barcelona-sothebysrealty.com\/es\/","name":"Barcelona Sotheby&#039;s","description":"Otro sitio realizado con WordPress","publisher":{"@id":"https:\/\/www.barcelona-sothebysrealty.com\/es\/#organization"},"potentialAction":[{"@type":"SearchAction","target":{"@type":"EntryPoint","urlTemplate":"https:\/\/www.barcelona-sothebysrealty.com\/es\/?s={search_term_string}"},"query-input":"required name=search_term_string"}],"inLanguage":"de-DE"},{"@type":"WebPage","@id":"https:\/\/www.barcelona-sothebysrealty.com\/de\/villen-verkauf\/maresme\/#webpage","url":"https:\/\/www.barcelona-sothebysrealty.com\/de\/villen-verkauf\/maresme\/","name":"Villen und Landh\u00e4user zum Verkauf in der Region Maresme - Barcelona Sotheby&#039;s","isPartOf":{"@id":"https:\/\/www.barcelona-sothebysrealty.com\/es\/#website"},"datePublished":"2020-12-24T08:59:04+00:00","dateModified":"2021-02-19T11:35:54+00:00","breadcrumb":{"@id":"https:\/\/www.barcelona-sothebysrealty.com\/de\/villen-verkauf\/maresme\/#breadcrumb"},"inLanguage":"de-DE","potentialAction":[{"@type":"ReadAction","target":["https:\/\/www.barcelona-sothebysrealty.com\/de\/villen-verkauf\/maresme\/"]}]},{"@type":"BreadcrumbList","@id":"https:\/\/www.barcelona-sothebysrealty.com\/de\/villen-verkauf\/maresme\/#breadcrumb","itemListElement":[{"@type":"ListItem","position":1,"name":"Portada","item":"https:\/\/www.barcelona-sothebysrealty.com\/de\/"},{"@type":"ListItem","position":2,"name":"Villen zum Verkauf &#8211; Kauf und Verkauf von Luxusvillen","item":"https:\/\/www.barcelona-sothebysrealty.com\/de\/villen-verkauf\/"},{"@type":"ListItem","position":3,"name":"Villen und Landh\u00e4user zum Verkauf in der Region Maresme"}]}]}},"_links":{"self":[{"href":"https:\/\/www.barcelona-sothebysrealty.com\/de\/wp-json\/wp\/v2\/pages\/94566"}],"collection":[{"href":"https:\/\/www.barcelona-sothebysrealty.com\/de\/wp-json\/wp\/v2\/pages"}],"about":[{"href":"https:\/\/www.barcelona-sothebysrealty.com\/de\/wp-json\/wp\/v2\/types\/page"}],"author":[{"embeddable":true,"href":"https:\/\/www.barcelona-sothebysrealty.com\/de\/wp-json\/wp\/v2\/users\/2"}],"replies":[{"embeddable":true,"href":"https:\/\/www.barcelona-sothebysrealty.com\/de\/wp-json\/wp\/v2\/comments?post=94566"}],"version-history":[{"count":0,"href":"https:\/\/www.barcelona-sothebysrealty.com\/de\/wp-json\/wp\/v2\/pages\/94566\/revisions"}],"up":[{"embeddable":true,"href":"https:\/\/www.barcelona-sothebysrealty.com\/de\/wp-json\/wp\/v2\/pages\/94542"}],"wp:attachment":[{"href":"https:\/\/www.barcelona-sothebysrealty.com\/de\/wp-json\/wp\/v2\/media?parent=94566"}],"curies":[{"name":"wp","href":"https:\/\/api.w.org\/{rel}","templated":true}]}}