{"id":147950,"date":"2021-03-03T13:26:25","date_gmt":"2021-03-03T12:26:25","guid":{"rendered":"https:\/\/xanatis.com\/~barcelonasotheby\/?page_id=147950"},"modified":"2021-03-03T13:26:25","modified_gmt":"2021-03-03T12:26:25","slug":"alt-emporda","status":"publish","type":"page","link":"https:\/\/www.barcelona-sothebysrealty.com\/es\/casas-venta\/costa-brava\/alt-emporda\/","title":{"rendered":"Casas de Lujo en venta en Alt Empord\u00e0"},"content":{"rendered":"<p><span data-sheets-value=\"{&quot;1&quot;:2,&quot;2&quot;:&quot;\\nSotheby 's International Realty ofrece unas incre\u00edbles casas de lujo en Alt Empord\u00e0, listas para la venta con caracter\u00edsticas exclusivas que une el mar y la monta\u00f1a con unas vistas privilegiadas al alcance de pocos. \\r\\n\\r\\nNo dude en contactar con nuestros expertos en propiedades de lujo para encontrar su hogar ideal que complazca sus exigencias: mas\u00edas, casas, villas modernas en el norte de la Costa Brava.\\r\\n\\r\\n&quot;}\" data-sheets-userformat=\"{&quot;2&quot;:13245,&quot;3&quot;:{&quot;1&quot;:0},&quot;5&quot;:{&quot;1&quot;:[{&quot;1&quot;:2,&quot;2&quot;:0,&quot;5&quot;:[null,2,0]},{&quot;1&quot;:0,&quot;2&quot;:0,&quot;3&quot;:3},{&quot;1&quot;:1,&quot;2&quot;:0,&quot;4&quot;:1}]},&quot;6&quot;:{&quot;1&quot;:[{&quot;1&quot;:2,&quot;2&quot;:0,&quot;5&quot;:[null,2,0]},{&quot;1&quot;:0,&quot;2&quot;:0,&quot;3&quot;:3},{&quot;1&quot;:1,&quot;2&quot;:0,&quot;4&quot;:1}]},&quot;7&quot;:{&quot;1&quot;:[{&quot;1&quot;:2,&quot;2&quot;:0,&quot;5&quot;:[null,2,0]},{&quot;1&quot;:0,&quot;2&quot;:0,&quot;3&quot;:3},{&quot;1&quot;:1,&quot;2&quot;:0,&quot;4&quot;:1}]},&quot;8&quot;:{&quot;1&quot;:[{&quot;1&quot;:2,&quot;2&quot;:0,&quot;5&quot;:[null,2,0]},{&quot;1&quot;:0,&quot;2&quot;:0,&quot;3&quot;:3},{&quot;1&quot;:1,&quot;2&quot;:0,&quot;4&quot;:1}]},&quot;10&quot;:1,&quot;11&quot;:4,&quot;12&quot;:0,&quot;15&quot;:&quot;Lato&quot;,&quot;16&quot;:12}\">Sotheby &#8216;s International Realty ofrece unas incre\u00edbles <strong>casas de lujo en Alt Empord\u00e0<\/strong>, listas para la venta con caracter\u00edsticas exclusivas que une el mar y la monta\u00f1a con unas vistas privilegiadas al alcance de pocos.<\/p>\n<p>No dude en contactar con nuestros expertos en propiedades de lujo para encontrar su hogar ideal que complazca sus exigencias: <strong>mas\u00edas, casas, villas modernas en el<\/strong> <strong>norte de la Costa Brava<\/strong>.<\/p>\n<p><\/span><\/p>\n","protected":false},"excerpt":{"rendered":"<p>Sotheby &#8216;s International Realty ofrece unas incre\u00edbles casas de lujo en Alt Empord\u00e0, listas para la venta con caracter\u00edsticas exclusivas<a class=\"more-link\" href=\"https:\/\/www.barcelona-sothebysrealty.com\/es\/casas-venta\/costa-brava\/alt-emporda\/\">Llegir M\u00e9s<\/a><\/p>\n","protected":false},"author":2,"featured_media":0,"parent":93468,"menu_order":0,"comment_status":"closed","ping_status":"closed","template":"page-listado.php","meta":[],"yoast_head":"<!-- This site is optimized with the Yoast SEO plugin v17.1 - https:\/\/yoast.com\/wordpress\/plugins\/seo\/ -->\n<meta name=\"robots\" content=\"index, follow, max-snippet:-1, max-image-preview:large, max-video-preview:-1\" \/>\n<meta property=\"og:locale\" content=\"es_ES\" \/>\n<meta property=\"og:type\" content=\"article\" \/>\n<meta property=\"og:title\" content=\"Casas de Lujo en venta en Alt Empord\u00e0 - Barcelona Sotheby&#039;s\" \/>\n<meta property=\"og:description\" content=\"Sotheby &#8216;s International Realty ofrece unas incre\u00edbles casas de lujo en Alt Empord\u00e0, listas para la venta con caracter\u00edsticas exclusivasLlegir M\u00e9s\" \/>\n<meta property=\"og:url\" content=\"https:\/\/www.barcelona-sothebysrealty.com\/es\/casas-venta\/costa-brava\/alt-emporda\/\" \/>\n<meta property=\"og:site_name\" content=\"Barcelona Sotheby&#039;s Realty\" \/>\n<meta name=\"twitter:card\" content=\"summary_large_image\" \/>\n<meta name=\"twitter:label1\" content=\"Tiempo de lectura\" \/>\n\t<meta name=\"twitter:data1\" content=\"1 minuto\" \/>\n<script type=\"application\/ld+json\" class=\"yoast-schema-graph\">{\"@context\":\"https:\/\/schema.org\",\"@graph\":[{\"@type\":\"Organization\",\"@id\":\"https:\/\/www.barcelona-sothebysrealty.com\/es\/#organization\",\"name\":\"Barcelona Sotheby's Realty\",\"url\":\"https:\/\/www.barcelona-sothebysrealty.com\/es\/\",\"sameAs\":[],\"logo\":{\"@type\":\"ImageObject\",\"@id\":\"https:\/\/www.barcelona-sothebysrealty.com\/es\/#logo\",\"inLanguage\":\"es\",\"url\":\"https:\/\/www.barcelona-sothebysrealty.com\/wp-content\/uploads\/2023\/10\/sothebys-barcelona-logo-3.png\",\"contentUrl\":\"https:\/\/www.barcelona-sothebysrealty.com\/wp-content\/uploads\/2023\/10\/sothebys-barcelona-logo-3.png\",\"width\":274,\"height\":274,\"caption\":\"Barcelona Sotheby's Realty\"},\"image\":{\"@id\":\"https:\/\/www.barcelona-sothebysrealty.com\/es\/#logo\"}},{\"@type\":\"WebSite\",\"@id\":\"https:\/\/www.barcelona-sothebysrealty.com\/es\/#website\",\"url\":\"https:\/\/www.barcelona-sothebysrealty.com\/es\/\",\"name\":\"Barcelona Sotheby&#039;s\",\"description\":\"Otro sitio realizado con WordPress\",\"publisher\":{\"@id\":\"https:\/\/www.barcelona-sothebysrealty.com\/es\/#organization\"},\"potentialAction\":[{\"@type\":\"SearchAction\",\"target\":{\"@type\":\"EntryPoint\",\"urlTemplate\":\"https:\/\/www.barcelona-sothebysrealty.com\/es\/?s={search_term_string}\"},\"query-input\":\"required name=search_term_string\"}],\"inLanguage\":\"es\"},{\"@type\":\"WebPage\",\"@id\":\"https:\/\/www.barcelona-sothebysrealty.com\/es\/casas-venta\/costa-brava\/alt-emporda\/#webpage\",\"url\":\"https:\/\/www.barcelona-sothebysrealty.com\/es\/casas-venta\/costa-brava\/alt-emporda\/\",\"name\":\"Casas de Lujo en venta en Alt Empord\\u00e0 - Barcelona Sotheby&#039;s\",\"isPartOf\":{\"@id\":\"https:\/\/www.barcelona-sothebysrealty.com\/es\/#website\"},\"datePublished\":\"2021-03-03T12:26:25+00:00\",\"dateModified\":\"2021-03-03T12:26:25+00:00\",\"breadcrumb\":{\"@id\":\"https:\/\/www.barcelona-sothebysrealty.com\/es\/casas-venta\/costa-brava\/alt-emporda\/#breadcrumb\"},\"inLanguage\":\"es\",\"potentialAction\":[{\"@type\":\"ReadAction\",\"target\":[\"https:\/\/www.barcelona-sothebysrealty.com\/es\/casas-venta\/costa-brava\/alt-emporda\/\"]}]},{\"@type\":\"BreadcrumbList\",\"@id\":\"https:\/\/www.barcelona-sothebysrealty.com\/es\/casas-venta\/costa-brava\/alt-emporda\/#breadcrumb\",\"itemListElement\":[{\"@type\":\"ListItem\",\"position\":1,\"name\":\"Portada\",\"item\":\"https:\/\/www.barcelona-sothebysrealty.com\/es\/\"},{\"@type\":\"ListItem\",\"position\":2,\"name\":\"Barcelona y Costa Brava &#8211; Compra y venta de casas de lujo\",\"item\":\"https:\/\/www.barcelona-sothebysrealty.com\/es\/casas-venta\/\"},{\"@type\":\"ListItem\",\"position\":3,\"name\":\"Casas de Lujo en Costa Brava\",\"item\":\"https:\/\/www.barcelona-sothebysrealty.com\/es\/casas-venta\/costa-brava\/\"},{\"@type\":\"ListItem\",\"position\":4,\"name\":\"Casas de Lujo en venta en Alt Empord\\u00e0\"}]}]}<\/script>\n<!-- \/ Yoast SEO plugin. -->","yoast_head_json":{"robots":{"index":"index","follow":"follow","max-snippet":"max-snippet:-1","max-image-preview":"max-image-preview:large","max-video-preview":"max-video-preview:-1"},"og_locale":"es_ES","og_type":"article","og_title":"Casas de Lujo en venta en Alt Empord\u00e0 - Barcelona Sotheby&#039;s","og_description":"Sotheby &#8216;s International Realty ofrece unas incre\u00edbles casas de lujo en Alt Empord\u00e0, listas para la venta con caracter\u00edsticas exclusivasLlegir M\u00e9s","og_url":"https:\/\/www.barcelona-sothebysrealty.com\/es\/casas-venta\/costa-brava\/alt-emporda\/","og_site_name":"Barcelona Sotheby's Realty","twitter_card":"summary_large_image","twitter_misc":{"Tiempo de lectura":"1 minuto"},"schema":{"@context":"https:\/\/schema.org","@graph":[{"@type":"Organization","@id":"https:\/\/www.barcelona-sothebysrealty.com\/es\/#organization","name":"Barcelona Sotheby's Realty","url":"https:\/\/www.barcelona-sothebysrealty.com\/es\/","sameAs":[],"logo":{"@type":"ImageObject","@id":"https:\/\/www.barcelona-sothebysrealty.com\/es\/#logo","inLanguage":"es","url":"https:\/\/www.barcelona-sothebysrealty.com\/wp-content\/uploads\/2023\/10\/sothebys-barcelona-logo-3.png","contentUrl":"https:\/\/www.barcelona-sothebysrealty.com\/wp-content\/uploads\/2023\/10\/sothebys-barcelona-logo-3.png","width":274,"height":274,"caption":"Barcelona Sotheby's Realty"},"image":{"@id":"https:\/\/www.barcelona-sothebysrealty.com\/es\/#logo"}},{"@type":"WebSite","@id":"https:\/\/www.barcelona-sothebysrealty.com\/es\/#website","url":"https:\/\/www.barcelona-sothebysrealty.com\/es\/","name":"Barcelona Sotheby&#039;s","description":"Otro sitio realizado con WordPress","publisher":{"@id":"https:\/\/www.barcelona-sothebysrealty.com\/es\/#organization"},"potentialAction":[{"@type":"SearchAction","target":{"@type":"EntryPoint","urlTemplate":"https:\/\/www.barcelona-sothebysrealty.com\/es\/?s={search_term_string}"},"query-input":"required name=search_term_string"}],"inLanguage":"es"},{"@type":"WebPage","@id":"https:\/\/www.barcelona-sothebysrealty.com\/es\/casas-venta\/costa-brava\/alt-emporda\/#webpage","url":"https:\/\/www.barcelona-sothebysrealty.com\/es\/casas-venta\/costa-brava\/alt-emporda\/","name":"Casas de Lujo en venta en Alt Empord\u00e0 - Barcelona Sotheby&#039;s","isPartOf":{"@id":"https:\/\/www.barcelona-sothebysrealty.com\/es\/#website"},"datePublished":"2021-03-03T12:26:25+00:00","dateModified":"2021-03-03T12:26:25+00:00","breadcrumb":{"@id":"https:\/\/www.barcelona-sothebysrealty.com\/es\/casas-venta\/costa-brava\/alt-emporda\/#breadcrumb"},"inLanguage":"es","potentialAction":[{"@type":"ReadAction","target":["https:\/\/www.barcelona-sothebysrealty.com\/es\/casas-venta\/costa-brava\/alt-emporda\/"]}]},{"@type":"BreadcrumbList","@id":"https:\/\/www.barcelona-sothebysrealty.com\/es\/casas-venta\/costa-brava\/alt-emporda\/#breadcrumb","itemListElement":[{"@type":"ListItem","position":1,"name":"Portada","item":"https:\/\/www.barcelona-sothebysrealty.com\/es\/"},{"@type":"ListItem","position":2,"name":"Barcelona y Costa Brava &#8211; Compra y venta de casas de lujo","item":"https:\/\/www.barcelona-sothebysrealty.com\/es\/casas-venta\/"},{"@type":"ListItem","position":3,"name":"Casas de Lujo en Costa Brava","item":"https:\/\/www.barcelona-sothebysrealty.com\/es\/casas-venta\/costa-brava\/"},{"@type":"ListItem","position":4,"name":"Casas de Lujo en venta en Alt Empord\u00e0"}]}]}},"_links":{"self":[{"href":"https:\/\/www.barcelona-sothebysrealty.com\/es\/wp-json\/wp\/v2\/pages\/147950"}],"collection":[{"href":"https:\/\/www.barcelona-sothebysrealty.com\/es\/wp-json\/wp\/v2\/pages"}],"about":[{"href":"https:\/\/www.barcelona-sothebysrealty.com\/es\/wp-json\/wp\/v2\/types\/page"}],"author":[{"embeddable":true,"href":"https:\/\/www.barcelona-sothebysrealty.com\/es\/wp-json\/wp\/v2\/users\/2"}],"replies":[{"embeddable":true,"href":"https:\/\/www.barcelona-sothebysrealty.com\/es\/wp-json\/wp\/v2\/comments?post=147950"}],"version-history":[{"count":0,"href":"https:\/\/www.barcelona-sothebysrealty.com\/es\/wp-json\/wp\/v2\/pages\/147950\/revisions"}],"up":[{"embeddable":true,"href":"https:\/\/www.barcelona-sothebysrealty.com\/es\/wp-json\/wp\/v2\/pages\/93468"}],"wp:attachment":[{"href":"https:\/\/www.barcelona-sothebysrealty.com\/es\/wp-json\/wp\/v2\/media?parent=147950"}],"curies":[{"name":"wp","href":"https:\/\/api.w.org\/{rel}","templated":true}]}}