{"id":147957,"date":"2021-03-03T15:03:39","date_gmt":"2021-03-03T14:03:39","guid":{"rendered":"https:\/\/xanatis.com\/~barcelonasotheby\/?page_id=147957"},"modified":"2021-03-12T12:26:21","modified_gmt":"2021-03-12T11:26:21","slug":"baix-emporda","status":"publish","type":"page","link":"https:\/\/www.barcelona-sothebysrealty.com\/es\/casas-venta\/costa-brava\/baix-emporda\/","title":{"rendered":"Casas de lujo en venta en Baix Empord\u00e0"},"content":{"rendered":"<p><span data-sheets-value=\"{&quot;1&quot;:2,&quot;2&quot;:&quot;En Sotheby 's International Realty contamos con el mejor cat\u00e1logo de casas de lujo en el Baix Empord\u00e0, una zona muy rica en espacios naturales. El Baix Empord\u00e0 es una comarca ba\u00f1ada por el mar Mediterr\u00e1neo, al norte limita con el Alt Empord\u00e0, al oeste, con el Giron\u00e8s, y al sur, con la Selva. \\r\\nSi el Baix Empord\u00e0 fuese su pr\u00f3ximo destino para vivir, hay lugares con encanto en los que podr\u00e1 disfrutar de esta maravillosa zona: los caminos de ronda en los que puedes dar un paseo y es una v\u00eda espectacular para descubrir peque\u00f1as calas, la esencia del gran pintor Dal\u00ed con su propiedad Fundaci\u00f3n Gala Salvador Dal\u00ed, las villas medievales de Pals, Peratallada o Monells, La Bisbal y su tradici\u00f3n ceramista, la poblaci\u00f3n marinera de Calella de Palafrugell, o los centros tur\u00edsticos de Palam\u00f3s, Sant Feliu de Gu\u00edxols y Castell-Platja d\u2019Aro.\\r\\n&quot;}\" data-sheets-userformat=\"{&quot;2&quot;:13097,&quot;3&quot;:{&quot;1&quot;:0},&quot;6&quot;:{&quot;1&quot;:[{&quot;1&quot;:2,&quot;2&quot;:0,&quot;5&quot;:[null,2,0]},{&quot;1&quot;:0,&quot;2&quot;:0,&quot;3&quot;:3},{&quot;1&quot;:1,&quot;2&quot;:0,&quot;4&quot;:1}]},&quot;8&quot;:{&quot;1&quot;:[{&quot;1&quot;:2,&quot;2&quot;:0,&quot;5&quot;:[null,2,0]},{&quot;1&quot;:0,&quot;2&quot;:0,&quot;3&quot;:3},{&quot;1&quot;:1,&quot;2&quot;:0,&quot;4&quot;:1}]},&quot;11&quot;:4,&quot;12&quot;:0,&quot;15&quot;:&quot;Lato&quot;,&quot;16&quot;:12}\">En <strong>Sotheby &#8216;s International Realty<\/strong> contamos con el mejor cat\u00e1logo de <strong>casas de lujo en el Baix Empord\u00e0<\/strong>, una zona muy rica en espacios naturales. El Baix Empord\u00e0 es una comarca ba\u00f1ada por el mar Mediterr\u00e1neo, al norte limita con el Alt Empord\u00e0, al oeste, con el Giron\u00e8s, y al sur, con la Selva.<\/span><\/p>\n<p><span data-sheets-value=\"{&quot;1&quot;:2,&quot;2&quot;:&quot;En Sotheby 's International Realty contamos con el mejor cat\u00e1logo de casas de lujo en el Baix Empord\u00e0, una zona muy rica en espacios naturales. El Baix Empord\u00e0 es una comarca ba\u00f1ada por el mar Mediterr\u00e1neo, al norte limita con el Alt Empord\u00e0, al oeste, con el Giron\u00e8s, y al sur, con la Selva. \\r\\nSi el Baix Empord\u00e0 fuese su pr\u00f3ximo destino para vivir, hay lugares con encanto en los que podr\u00e1 disfrutar de esta maravillosa zona: los caminos de ronda en los que puedes dar un paseo y es una v\u00eda espectacular para descubrir peque\u00f1as calas, la esencia del gran pintor Dal\u00ed con su propiedad Fundaci\u00f3n Gala Salvador Dal\u00ed, las villas medievales de Pals, Peratallada o Monells, La Bisbal y su tradici\u00f3n ceramista, la poblaci\u00f3n marinera de Calella de Palafrugell, o los centros tur\u00edsticos de Palam\u00f3s, Sant Feliu de Gu\u00edxols y Castell-Platja d\u2019Aro.\\r\\n&quot;}\" data-sheets-userformat=\"{&quot;2&quot;:13097,&quot;3&quot;:{&quot;1&quot;:0},&quot;6&quot;:{&quot;1&quot;:[{&quot;1&quot;:2,&quot;2&quot;:0,&quot;5&quot;:[null,2,0]},{&quot;1&quot;:0,&quot;2&quot;:0,&quot;3&quot;:3},{&quot;1&quot;:1,&quot;2&quot;:0,&quot;4&quot;:1}]},&quot;8&quot;:{&quot;1&quot;:[{&quot;1&quot;:2,&quot;2&quot;:0,&quot;5&quot;:[null,2,0]},{&quot;1&quot;:0,&quot;2&quot;:0,&quot;3&quot;:3},{&quot;1&quot;:1,&quot;2&quot;:0,&quot;4&quot;:1}]},&quot;11&quot;:4,&quot;12&quot;:0,&quot;15&quot;:&quot;Lato&quot;,&quot;16&quot;:12}\">Si el Baix Empord\u00e0 fuese su pr\u00f3ximo destino para vivir, hay lugares con encanto en los que podr\u00e1 disfrutar de esta maravillosa zona: los caminos de ronda en los que puedes dar un paseo y es una v\u00eda espectacular para descubrir peque\u00f1as calas, la esencia del gran pintor Dal\u00ed con su propiedad Fundaci\u00f3n Gala Salvador Dal\u00ed, las villas medievales de Pals, Peratallada o Monells, La Bisbal y su tradici\u00f3n ceramista, la poblaci\u00f3n marinera de Calella de Palafrugell, o los centros tur\u00edsticos de Palam\u00f3s, Sant Feliu de Gu\u00edxols y Castell-Platja d\u2019Aro.<br \/>\n<\/span><\/p>\n","protected":false},"excerpt":{"rendered":"<p>En Sotheby &#8216;s International Realty contamos con el mejor cat\u00e1logo de casas de lujo en el Baix Empord\u00e0, una zona<a class=\"more-link\" href=\"https:\/\/www.barcelona-sothebysrealty.com\/es\/casas-venta\/costa-brava\/baix-emporda\/\">Llegir M\u00e9s<\/a><\/p>\n","protected":false},"author":2,"featured_media":0,"parent":93468,"menu_order":0,"comment_status":"closed","ping_status":"closed","template":"page-listado.php","meta":[],"yoast_head":"<!-- This site is optimized with the Yoast SEO plugin v17.1 - https:\/\/yoast.com\/wordpress\/plugins\/seo\/ -->\n<meta name=\"robots\" content=\"index, follow, max-snippet:-1, max-image-preview:large, max-video-preview:-1\" \/>\n<meta property=\"og:locale\" content=\"es_ES\" \/>\n<meta property=\"og:type\" content=\"article\" \/>\n<meta property=\"og:title\" content=\"Casas de lujo en venta en Baix Empord\u00e0 - Barcelona Sotheby&#039;s\" \/>\n<meta property=\"og:description\" content=\"En Sotheby &#8216;s International Realty contamos con el mejor cat\u00e1logo de casas de lujo en el Baix Empord\u00e0, una zonaLlegir M\u00e9s\" \/>\n<meta property=\"og:url\" content=\"https:\/\/www.barcelona-sothebysrealty.com\/es\/casas-venta\/costa-brava\/baix-emporda\/\" \/>\n<meta property=\"og:site_name\" content=\"Barcelona Sotheby&#039;s Realty\" \/>\n<meta property=\"article:modified_time\" content=\"2021-03-12T11:26:21+00:00\" \/>\n<meta name=\"twitter:card\" content=\"summary_large_image\" \/>\n<meta name=\"twitter:label1\" content=\"Tiempo de lectura\" \/>\n\t<meta name=\"twitter:data1\" content=\"1 minuto\" \/>\n<script type=\"application\/ld+json\" class=\"yoast-schema-graph\">{\"@context\":\"https:\/\/schema.org\",\"@graph\":[{\"@type\":\"Organization\",\"@id\":\"https:\/\/www.barcelona-sothebysrealty.com\/es\/#organization\",\"name\":\"Barcelona Sotheby's Realty\",\"url\":\"https:\/\/www.barcelona-sothebysrealty.com\/es\/\",\"sameAs\":[],\"logo\":{\"@type\":\"ImageObject\",\"@id\":\"https:\/\/www.barcelona-sothebysrealty.com\/es\/#logo\",\"inLanguage\":\"es\",\"url\":\"https:\/\/www.barcelona-sothebysrealty.com\/wp-content\/uploads\/2023\/10\/sothebys-barcelona-logo-3.png\",\"contentUrl\":\"https:\/\/www.barcelona-sothebysrealty.com\/wp-content\/uploads\/2023\/10\/sothebys-barcelona-logo-3.png\",\"width\":274,\"height\":274,\"caption\":\"Barcelona Sotheby's Realty\"},\"image\":{\"@id\":\"https:\/\/www.barcelona-sothebysrealty.com\/es\/#logo\"}},{\"@type\":\"WebSite\",\"@id\":\"https:\/\/www.barcelona-sothebysrealty.com\/es\/#website\",\"url\":\"https:\/\/www.barcelona-sothebysrealty.com\/es\/\",\"name\":\"Barcelona Sotheby&#039;s\",\"description\":\"Otro sitio realizado con WordPress\",\"publisher\":{\"@id\":\"https:\/\/www.barcelona-sothebysrealty.com\/es\/#organization\"},\"potentialAction\":[{\"@type\":\"SearchAction\",\"target\":{\"@type\":\"EntryPoint\",\"urlTemplate\":\"https:\/\/www.barcelona-sothebysrealty.com\/es\/?s={search_term_string}\"},\"query-input\":\"required name=search_term_string\"}],\"inLanguage\":\"es\"},{\"@type\":\"WebPage\",\"@id\":\"https:\/\/www.barcelona-sothebysrealty.com\/es\/casas-venta\/costa-brava\/baix-emporda\/#webpage\",\"url\":\"https:\/\/www.barcelona-sothebysrealty.com\/es\/casas-venta\/costa-brava\/baix-emporda\/\",\"name\":\"Casas de lujo en venta en Baix Empord\\u00e0 - Barcelona Sotheby&#039;s\",\"isPartOf\":{\"@id\":\"https:\/\/www.barcelona-sothebysrealty.com\/es\/#website\"},\"datePublished\":\"2021-03-03T14:03:39+00:00\",\"dateModified\":\"2021-03-12T11:26:21+00:00\",\"breadcrumb\":{\"@id\":\"https:\/\/www.barcelona-sothebysrealty.com\/es\/casas-venta\/costa-brava\/baix-emporda\/#breadcrumb\"},\"inLanguage\":\"es\",\"potentialAction\":[{\"@type\":\"ReadAction\",\"target\":[\"https:\/\/www.barcelona-sothebysrealty.com\/es\/casas-venta\/costa-brava\/baix-emporda\/\"]}]},{\"@type\":\"BreadcrumbList\",\"@id\":\"https:\/\/www.barcelona-sothebysrealty.com\/es\/casas-venta\/costa-brava\/baix-emporda\/#breadcrumb\",\"itemListElement\":[{\"@type\":\"ListItem\",\"position\":1,\"name\":\"Portada\",\"item\":\"https:\/\/www.barcelona-sothebysrealty.com\/es\/\"},{\"@type\":\"ListItem\",\"position\":2,\"name\":\"Barcelona y Costa Brava &#8211; Compra y venta de casas de lujo\",\"item\":\"https:\/\/www.barcelona-sothebysrealty.com\/es\/casas-venta\/\"},{\"@type\":\"ListItem\",\"position\":3,\"name\":\"Casas de Lujo en Costa Brava\",\"item\":\"https:\/\/www.barcelona-sothebysrealty.com\/es\/casas-venta\/costa-brava\/\"},{\"@type\":\"ListItem\",\"position\":4,\"name\":\"Casas de lujo en venta en Baix Empord\\u00e0\"}]}]}<\/script>\n<!-- \/ Yoast SEO plugin. -->","yoast_head_json":{"robots":{"index":"index","follow":"follow","max-snippet":"max-snippet:-1","max-image-preview":"max-image-preview:large","max-video-preview":"max-video-preview:-1"},"og_locale":"es_ES","og_type":"article","og_title":"Casas de lujo en venta en Baix Empord\u00e0 - Barcelona Sotheby&#039;s","og_description":"En Sotheby &#8216;s International Realty contamos con el mejor cat\u00e1logo de casas de lujo en el Baix Empord\u00e0, una zonaLlegir M\u00e9s","og_url":"https:\/\/www.barcelona-sothebysrealty.com\/es\/casas-venta\/costa-brava\/baix-emporda\/","og_site_name":"Barcelona Sotheby's Realty","article_modified_time":"2021-03-12T11:26:21+00:00","twitter_card":"summary_large_image","twitter_misc":{"Tiempo de lectura":"1 minuto"},"schema":{"@context":"https:\/\/schema.org","@graph":[{"@type":"Organization","@id":"https:\/\/www.barcelona-sothebysrealty.com\/es\/#organization","name":"Barcelona Sotheby's Realty","url":"https:\/\/www.barcelona-sothebysrealty.com\/es\/","sameAs":[],"logo":{"@type":"ImageObject","@id":"https:\/\/www.barcelona-sothebysrealty.com\/es\/#logo","inLanguage":"es","url":"https:\/\/www.barcelona-sothebysrealty.com\/wp-content\/uploads\/2023\/10\/sothebys-barcelona-logo-3.png","contentUrl":"https:\/\/www.barcelona-sothebysrealty.com\/wp-content\/uploads\/2023\/10\/sothebys-barcelona-logo-3.png","width":274,"height":274,"caption":"Barcelona Sotheby's Realty"},"image":{"@id":"https:\/\/www.barcelona-sothebysrealty.com\/es\/#logo"}},{"@type":"WebSite","@id":"https:\/\/www.barcelona-sothebysrealty.com\/es\/#website","url":"https:\/\/www.barcelona-sothebysrealty.com\/es\/","name":"Barcelona Sotheby&#039;s","description":"Otro sitio realizado con WordPress","publisher":{"@id":"https:\/\/www.barcelona-sothebysrealty.com\/es\/#organization"},"potentialAction":[{"@type":"SearchAction","target":{"@type":"EntryPoint","urlTemplate":"https:\/\/www.barcelona-sothebysrealty.com\/es\/?s={search_term_string}"},"query-input":"required name=search_term_string"}],"inLanguage":"es"},{"@type":"WebPage","@id":"https:\/\/www.barcelona-sothebysrealty.com\/es\/casas-venta\/costa-brava\/baix-emporda\/#webpage","url":"https:\/\/www.barcelona-sothebysrealty.com\/es\/casas-venta\/costa-brava\/baix-emporda\/","name":"Casas de lujo en venta en Baix Empord\u00e0 - Barcelona Sotheby&#039;s","isPartOf":{"@id":"https:\/\/www.barcelona-sothebysrealty.com\/es\/#website"},"datePublished":"2021-03-03T14:03:39+00:00","dateModified":"2021-03-12T11:26:21+00:00","breadcrumb":{"@id":"https:\/\/www.barcelona-sothebysrealty.com\/es\/casas-venta\/costa-brava\/baix-emporda\/#breadcrumb"},"inLanguage":"es","potentialAction":[{"@type":"ReadAction","target":["https:\/\/www.barcelona-sothebysrealty.com\/es\/casas-venta\/costa-brava\/baix-emporda\/"]}]},{"@type":"BreadcrumbList","@id":"https:\/\/www.barcelona-sothebysrealty.com\/es\/casas-venta\/costa-brava\/baix-emporda\/#breadcrumb","itemListElement":[{"@type":"ListItem","position":1,"name":"Portada","item":"https:\/\/www.barcelona-sothebysrealty.com\/es\/"},{"@type":"ListItem","position":2,"name":"Barcelona y Costa Brava &#8211; Compra y venta de casas de lujo","item":"https:\/\/www.barcelona-sothebysrealty.com\/es\/casas-venta\/"},{"@type":"ListItem","position":3,"name":"Casas de Lujo en Costa Brava","item":"https:\/\/www.barcelona-sothebysrealty.com\/es\/casas-venta\/costa-brava\/"},{"@type":"ListItem","position":4,"name":"Casas de lujo en venta en Baix Empord\u00e0"}]}]}},"_links":{"self":[{"href":"https:\/\/www.barcelona-sothebysrealty.com\/es\/wp-json\/wp\/v2\/pages\/147957"}],"collection":[{"href":"https:\/\/www.barcelona-sothebysrealty.com\/es\/wp-json\/wp\/v2\/pages"}],"about":[{"href":"https:\/\/www.barcelona-sothebysrealty.com\/es\/wp-json\/wp\/v2\/types\/page"}],"author":[{"embeddable":true,"href":"https:\/\/www.barcelona-sothebysrealty.com\/es\/wp-json\/wp\/v2\/users\/2"}],"replies":[{"embeddable":true,"href":"https:\/\/www.barcelona-sothebysrealty.com\/es\/wp-json\/wp\/v2\/comments?post=147957"}],"version-history":[{"count":0,"href":"https:\/\/www.barcelona-sothebysrealty.com\/es\/wp-json\/wp\/v2\/pages\/147957\/revisions"}],"up":[{"embeddable":true,"href":"https:\/\/www.barcelona-sothebysrealty.com\/es\/wp-json\/wp\/v2\/pages\/93468"}],"wp:attachment":[{"href":"https:\/\/www.barcelona-sothebysrealty.com\/es\/wp-json\/wp\/v2\/media?parent=147957"}],"curies":[{"name":"wp","href":"https:\/\/api.w.org\/{rel}","templated":true}]}}