{"id":148427,"date":"2021-03-30T12:31:17","date_gmt":"2021-03-30T10:31:17","guid":{"rendered":"https:\/\/xanatis.com\/~barcelonasotheby\/?page_id=148427"},"modified":"2024-06-03T17:03:09","modified_gmt":"2024-06-03T15:03:09","slug":"barcelona","status":"publish","type":"page","link":"https:\/\/www.barcelona-sothebysrealty.com\/es\/obra-nueva\/barcelona\/","title":{"rendered":"Obra nueva en Barcelona"},"content":{"rendered":"<p><span data-sheets-value=\"{&quot;1&quot;:2,&quot;2&quot;:&quot;En Barcelona Sotheby\u2019s International Realty somos especialistas en la venta de viviendas exclusivas en Barcelona, por lo que, contamos con una amplia variedad de propiedades de obra nueva elegidas cuidadosamente para lograr la excelencia. Nos gusta marcar la diferencia, por ello, trabajamos con un alto nivel de exigencia que nos permite ofrecer un cat\u00e1logo \u00fanico a la altura de nuestros clientes.\\n\\nNuestra selecci\u00f3n de viviendas de obra nueva est\u00e1 compuesta por propiedades de lo m\u00e1s exclusivas que van desde lujosos apartamentos y maravillosas casas unifamiliares hasta impresionantes \u00e1ticos desde donde podr\u00e1n gobernar la ciudad condal. \\n\\nEn nuestro cat\u00e1logo podr\u00e1n encontrar incre\u00edbles promociones de obra nueva seleccionadas rigurosamente por sus espectaculares acabados, la gran calidad de sus materiales y sus exclusivos dise\u00f1os. Todo esto concentrado en espacios \u00fanicos y combinado con diversas instalaciones como piscinas privadas, gimnasios, jardines o zonas infantiles.\\n\\nAdem\u00e1s, todos nuestros apartamentos, casas y pisos de obra nueva se encuentran en ubicaciones privilegiadas de las zonas m\u00e1s distinguidas de Barcelona. Contamos con propiedades cerca del mar, en la zona alta, en pleno centro e incluso en zonas m\u00e1s apartadas para aquellos que priorizan la privacidad.\\n\\nSea lo que sea aquello que buscan, nos encargaremos de encontrar la propiedad a su medida.\\n&quot;}\" data-sheets-userformat=\"{&quot;2&quot;:13245,&quot;3&quot;:{&quot;1&quot;:0},&quot;5&quot;:{&quot;1&quot;:[{&quot;1&quot;:2,&quot;2&quot;:0,&quot;5&quot;:[null,2,0]},{&quot;1&quot;:0,&quot;2&quot;:0,&quot;3&quot;:3},{&quot;1&quot;:1,&quot;2&quot;:0,&quot;4&quot;:1}]},&quot;6&quot;:{&quot;1&quot;:[{&quot;1&quot;:2,&quot;2&quot;:0,&quot;5&quot;:[null,2,0]},{&quot;1&quot;:0,&quot;2&quot;:0,&quot;3&quot;:3},{&quot;1&quot;:1,&quot;2&quot;:0,&quot;4&quot;:1}]},&quot;7&quot;:{&quot;1&quot;:[{&quot;1&quot;:2,&quot;2&quot;:0,&quot;5&quot;:[null,2,0]},{&quot;1&quot;:0,&quot;2&quot;:0,&quot;3&quot;:3},{&quot;1&quot;:1,&quot;2&quot;:0,&quot;4&quot;:1}]},&quot;8&quot;:{&quot;1&quot;:[{&quot;1&quot;:2,&quot;2&quot;:0,&quot;5&quot;:[null,2,0]},{&quot;1&quot;:0,&quot;2&quot;:0,&quot;3&quot;:3},{&quot;1&quot;:1,&quot;2&quot;:0,&quot;4&quot;:1}]},&quot;10&quot;:1,&quot;11&quot;:4,&quot;12&quot;:0,&quot;15&quot;:&quot;Lato&quot;,&quot;16&quot;:12}\">En <strong>Barcelona Sotheby\u2019s International Realty<\/strong> somos especialistas en la <strong>venta de viviendas exclusivas en Barcelona<\/strong>, por lo que, contamos con una amplia variedad de propiedades de obra nueva elegidas cuidadosamente para lograr la excelencia. Nos gusta marcar la diferencia, por ello, trabajamos con un alto nivel de exigencia que nos permite ofrecer un cat\u00e1logo \u00fanico a la altura de nuestros clientes.<\/span><\/p>\n","protected":false},"excerpt":{"rendered":"<p>En Barcelona Sotheby\u2019s International Realty somos especialistas en la venta de viviendas exclusivas en Barcelona, por lo que, contamos con<a class=\"more-link\" href=\"https:\/\/www.barcelona-sothebysrealty.com\/es\/obra-nueva\/barcelona\/\">Llegir M\u00e9s<\/a><\/p>\n","protected":false},"author":2,"featured_media":0,"parent":148410,"menu_order":0,"comment_status":"closed","ping_status":"closed","template":"page-listado.php","meta":[],"yoast_head":"<!-- This site is optimized with the Yoast SEO plugin v17.1 - https:\/\/yoast.com\/wordpress\/plugins\/seo\/ -->\n<meta name=\"description\" content=\"En Barcelona Sotheby\u2019s contamos con una amplia variedad de propiedades de obra nueva elegidas cuidadosamente para lograr la excelencia\" \/>\n<meta name=\"robots\" content=\"index, follow, max-snippet:-1, max-image-preview:large, max-video-preview:-1\" \/>\n<meta property=\"og:locale\" content=\"es_ES\" \/>\n<meta property=\"og:type\" content=\"article\" \/>\n<meta property=\"og:title\" content=\"Obra nueva en Barcelona - Barcelona Sotheby&#039;s\" \/>\n<meta property=\"og:description\" content=\"En Barcelona Sotheby\u2019s contamos con una amplia variedad de propiedades de obra nueva elegidas cuidadosamente para lograr la excelencia\" \/>\n<meta property=\"og:url\" content=\"https:\/\/www.barcelona-sothebysrealty.com\/es\/obra-nueva\/barcelona\/\" \/>\n<meta property=\"og:site_name\" content=\"Barcelona Sotheby&#039;s Realty\" \/>\n<meta property=\"article:modified_time\" content=\"2024-06-03T15:03:09+00:00\" \/>\n<meta name=\"twitter:card\" content=\"summary_large_image\" \/>\n<meta name=\"twitter:label1\" content=\"Tiempo de lectura\" \/>\n\t<meta name=\"twitter:data1\" content=\"1 minuto\" \/>\n<script type=\"application\/ld+json\" class=\"yoast-schema-graph\">{\"@context\":\"https:\/\/schema.org\",\"@graph\":[{\"@type\":\"Organization\",\"@id\":\"https:\/\/www.barcelona-sothebysrealty.com\/es\/#organization\",\"name\":\"Barcelona Sotheby's Realty\",\"url\":\"https:\/\/www.barcelona-sothebysrealty.com\/es\/\",\"sameAs\":[],\"logo\":{\"@type\":\"ImageObject\",\"@id\":\"https:\/\/www.barcelona-sothebysrealty.com\/es\/#logo\",\"inLanguage\":\"es\",\"url\":\"https:\/\/www.barcelona-sothebysrealty.com\/wp-content\/uploads\/2023\/10\/sothebys-barcelona-logo-3.png\",\"contentUrl\":\"https:\/\/www.barcelona-sothebysrealty.com\/wp-content\/uploads\/2023\/10\/sothebys-barcelona-logo-3.png\",\"width\":274,\"height\":274,\"caption\":\"Barcelona Sotheby's Realty\"},\"image\":{\"@id\":\"https:\/\/www.barcelona-sothebysrealty.com\/es\/#logo\"}},{\"@type\":\"WebSite\",\"@id\":\"https:\/\/www.barcelona-sothebysrealty.com\/es\/#website\",\"url\":\"https:\/\/www.barcelona-sothebysrealty.com\/es\/\",\"name\":\"Barcelona Sotheby&#039;s\",\"description\":\"Otro sitio realizado con WordPress\",\"publisher\":{\"@id\":\"https:\/\/www.barcelona-sothebysrealty.com\/es\/#organization\"},\"potentialAction\":[{\"@type\":\"SearchAction\",\"target\":{\"@type\":\"EntryPoint\",\"urlTemplate\":\"https:\/\/www.barcelona-sothebysrealty.com\/es\/?s={search_term_string}\"},\"query-input\":\"required name=search_term_string\"}],\"inLanguage\":\"es\"},{\"@type\":\"WebPage\",\"@id\":\"https:\/\/www.barcelona-sothebysrealty.com\/es\/obra-nueva\/barcelona\/#webpage\",\"url\":\"https:\/\/www.barcelona-sothebysrealty.com\/es\/obra-nueva\/barcelona\/\",\"name\":\"Obra nueva en Barcelona - Barcelona Sotheby&#039;s\",\"isPartOf\":{\"@id\":\"https:\/\/www.barcelona-sothebysrealty.com\/es\/#website\"},\"datePublished\":\"2021-03-30T10:31:17+00:00\",\"dateModified\":\"2024-06-03T15:03:09+00:00\",\"description\":\"En Barcelona Sotheby\\u2019s contamos con una amplia variedad de propiedades de obra nueva elegidas cuidadosamente para lograr la excelencia\",\"breadcrumb\":{\"@id\":\"https:\/\/www.barcelona-sothebysrealty.com\/es\/obra-nueva\/barcelona\/#breadcrumb\"},\"inLanguage\":\"es\",\"potentialAction\":[{\"@type\":\"ReadAction\",\"target\":[\"https:\/\/www.barcelona-sothebysrealty.com\/es\/obra-nueva\/barcelona\/\"]}]},{\"@type\":\"BreadcrumbList\",\"@id\":\"https:\/\/www.barcelona-sothebysrealty.com\/es\/obra-nueva\/barcelona\/#breadcrumb\",\"itemListElement\":[{\"@type\":\"ListItem\",\"position\":1,\"name\":\"Portada\",\"item\":\"https:\/\/www.barcelona-sothebysrealty.com\/es\/\"},{\"@type\":\"ListItem\",\"position\":2,\"name\":\"Promociones de obra nueva\",\"item\":\"https:\/\/www.barcelona-sothebysrealty.com\/es\/obra-nueva\/\"},{\"@type\":\"ListItem\",\"position\":3,\"name\":\"Obra nueva en Barcelona\"}]}]}<\/script>\n<!-- \/ Yoast SEO plugin. -->","yoast_head_json":{"description":"En Barcelona Sotheby\u2019s contamos con una amplia variedad de propiedades de obra nueva elegidas cuidadosamente para lograr la excelencia","robots":{"index":"index","follow":"follow","max-snippet":"max-snippet:-1","max-image-preview":"max-image-preview:large","max-video-preview":"max-video-preview:-1"},"og_locale":"es_ES","og_type":"article","og_title":"Obra nueva en Barcelona - Barcelona Sotheby&#039;s","og_description":"En Barcelona Sotheby\u2019s contamos con una amplia variedad de propiedades de obra nueva elegidas cuidadosamente para lograr la excelencia","og_url":"https:\/\/www.barcelona-sothebysrealty.com\/es\/obra-nueva\/barcelona\/","og_site_name":"Barcelona Sotheby's Realty","article_modified_time":"2024-06-03T15:03:09+00:00","twitter_card":"summary_large_image","twitter_misc":{"Tiempo de lectura":"1 minuto"},"schema":{"@context":"https:\/\/schema.org","@graph":[{"@type":"Organization","@id":"https:\/\/www.barcelona-sothebysrealty.com\/es\/#organization","name":"Barcelona Sotheby's Realty","url":"https:\/\/www.barcelona-sothebysrealty.com\/es\/","sameAs":[],"logo":{"@type":"ImageObject","@id":"https:\/\/www.barcelona-sothebysrealty.com\/es\/#logo","inLanguage":"es","url":"https:\/\/www.barcelona-sothebysrealty.com\/wp-content\/uploads\/2023\/10\/sothebys-barcelona-logo-3.png","contentUrl":"https:\/\/www.barcelona-sothebysrealty.com\/wp-content\/uploads\/2023\/10\/sothebys-barcelona-logo-3.png","width":274,"height":274,"caption":"Barcelona Sotheby's Realty"},"image":{"@id":"https:\/\/www.barcelona-sothebysrealty.com\/es\/#logo"}},{"@type":"WebSite","@id":"https:\/\/www.barcelona-sothebysrealty.com\/es\/#website","url":"https:\/\/www.barcelona-sothebysrealty.com\/es\/","name":"Barcelona Sotheby&#039;s","description":"Otro sitio realizado con WordPress","publisher":{"@id":"https:\/\/www.barcelona-sothebysrealty.com\/es\/#organization"},"potentialAction":[{"@type":"SearchAction","target":{"@type":"EntryPoint","urlTemplate":"https:\/\/www.barcelona-sothebysrealty.com\/es\/?s={search_term_string}"},"query-input":"required name=search_term_string"}],"inLanguage":"es"},{"@type":"WebPage","@id":"https:\/\/www.barcelona-sothebysrealty.com\/es\/obra-nueva\/barcelona\/#webpage","url":"https:\/\/www.barcelona-sothebysrealty.com\/es\/obra-nueva\/barcelona\/","name":"Obra nueva en Barcelona - Barcelona Sotheby&#039;s","isPartOf":{"@id":"https:\/\/www.barcelona-sothebysrealty.com\/es\/#website"},"datePublished":"2021-03-30T10:31:17+00:00","dateModified":"2024-06-03T15:03:09+00:00","description":"En Barcelona Sotheby\u2019s contamos con una amplia variedad de propiedades de obra nueva elegidas cuidadosamente para lograr la excelencia","breadcrumb":{"@id":"https:\/\/www.barcelona-sothebysrealty.com\/es\/obra-nueva\/barcelona\/#breadcrumb"},"inLanguage":"es","potentialAction":[{"@type":"ReadAction","target":["https:\/\/www.barcelona-sothebysrealty.com\/es\/obra-nueva\/barcelona\/"]}]},{"@type":"BreadcrumbList","@id":"https:\/\/www.barcelona-sothebysrealty.com\/es\/obra-nueva\/barcelona\/#breadcrumb","itemListElement":[{"@type":"ListItem","position":1,"name":"Portada","item":"https:\/\/www.barcelona-sothebysrealty.com\/es\/"},{"@type":"ListItem","position":2,"name":"Promociones de obra nueva","item":"https:\/\/www.barcelona-sothebysrealty.com\/es\/obra-nueva\/"},{"@type":"ListItem","position":3,"name":"Obra nueva en Barcelona"}]}]}},"_links":{"self":[{"href":"https:\/\/www.barcelona-sothebysrealty.com\/es\/wp-json\/wp\/v2\/pages\/148427"}],"collection":[{"href":"https:\/\/www.barcelona-sothebysrealty.com\/es\/wp-json\/wp\/v2\/pages"}],"about":[{"href":"https:\/\/www.barcelona-sothebysrealty.com\/es\/wp-json\/wp\/v2\/types\/page"}],"author":[{"embeddable":true,"href":"https:\/\/www.barcelona-sothebysrealty.com\/es\/wp-json\/wp\/v2\/users\/2"}],"replies":[{"embeddable":true,"href":"https:\/\/www.barcelona-sothebysrealty.com\/es\/wp-json\/wp\/v2\/comments?post=148427"}],"version-history":[{"count":0,"href":"https:\/\/www.barcelona-sothebysrealty.com\/es\/wp-json\/wp\/v2\/pages\/148427\/revisions"}],"up":[{"embeddable":true,"href":"https:\/\/www.barcelona-sothebysrealty.com\/es\/wp-json\/wp\/v2\/pages\/148410"}],"wp:attachment":[{"href":"https:\/\/www.barcelona-sothebysrealty.com\/es\/wp-json\/wp\/v2\/media?parent=148427"}],"curies":[{"name":"wp","href":"https:\/\/api.w.org\/{rel}","templated":true}]}}