{"id":16263,"date":"2020-12-01T09:49:39","date_gmt":"2020-12-01T08:49:39","guid":{"rendered":"https:\/\/xanatis.com\/~barcelonasotheby\/?page_id=16263"},"modified":"2024-04-19T10:41:04","modified_gmt":"2024-04-19T08:41:04","slug":"viviendas-venta","status":"publish","type":"page","link":"https:\/\/www.barcelona-sothebysrealty.com\/es\/viviendas-venta\/","title":{"rendered":"Viviendas en venta &#8211; Compra y venta de pisos y casas de lujo"},"content":{"rendered":"<p>En <strong>Barcelona Sotheby&#8217;s International Realty<\/strong> centramos nuestros esfuerzos en la compra y venta de inmuebles residenciales y en la promoci\u00f3n de proyectos de obra nueva, todos ubicados en las mejores zonas de la ciudad, para satisfacer a nuestros clientes m\u00e1s exigentes.<\/p>\n<p>Si est\u00e1 pensando en comprar <strong>viviendas de lujo en Barcelona o Costa Brava,<\/strong> no dude en contactar nuestra agencia inmobiliaria y le asesoraremos para acertar en su inversi\u00f3n.<\/p>\n","protected":false},"excerpt":{"rendered":"<p>En Barcelona Sotheby&#8217;s International Realty centramos nuestros esfuerzos en la compra y venta de inmuebles residenciales y en la promoci\u00f3n<a class=\"more-link\" href=\"https:\/\/www.barcelona-sothebysrealty.com\/es\/viviendas-venta\/\">Llegir M\u00e9s<\/a><\/p>\n","protected":false},"author":2,"featured_media":0,"parent":0,"menu_order":0,"comment_status":"closed","ping_status":"closed","template":"page-listado.php","meta":[],"yoast_head":"<!-- This site is optimized with the Yoast SEO plugin v17.1 - https:\/\/yoast.com\/wordpress\/plugins\/seo\/ -->\n<meta name=\"description\" content=\"Contamos con la m\u00e1s exclusiva y selecta lista de propiedades con todas las comodidades cubiertas.\" \/>\n<meta name=\"robots\" content=\"index, follow, max-snippet:-1, max-image-preview:large, max-video-preview:-1\" \/>\n<meta property=\"og:locale\" content=\"es_ES\" \/>\n<meta property=\"og:type\" content=\"article\" \/>\n<meta property=\"og:title\" content=\"Descubre nuestro cat\u00e1logo de las m\u00e1s selectas propiedades.\" \/>\n<meta property=\"og:description\" content=\"Contamos con la m\u00e1s exclusiva y selecta lista de propiedades con todas las comodidades cubiertas.\" \/>\n<meta property=\"og:url\" content=\"https:\/\/www.barcelona-sothebysrealty.com\/es\/viviendas-venta\/\" \/>\n<meta property=\"og:site_name\" content=\"Barcelona Sotheby&#039;s Realty\" \/>\n<meta property=\"article:modified_time\" content=\"2024-04-19T08:41:04+00:00\" \/>\n<meta name=\"twitter:card\" content=\"summary_large_image\" \/>\n<script type=\"application\/ld+json\" class=\"yoast-schema-graph\">{\"@context\":\"https:\/\/schema.org\",\"@graph\":[{\"@type\":\"Organization\",\"@id\":\"https:\/\/www.barcelona-sothebysrealty.com\/es\/#organization\",\"name\":\"Barcelona Sotheby's Realty\",\"url\":\"https:\/\/www.barcelona-sothebysrealty.com\/es\/\",\"sameAs\":[],\"logo\":{\"@type\":\"ImageObject\",\"@id\":\"https:\/\/www.barcelona-sothebysrealty.com\/es\/#logo\",\"inLanguage\":\"es\",\"url\":\"https:\/\/www.barcelona-sothebysrealty.com\/wp-content\/uploads\/2023\/10\/sothebys-barcelona-logo-3.png\",\"contentUrl\":\"https:\/\/www.barcelona-sothebysrealty.com\/wp-content\/uploads\/2023\/10\/sothebys-barcelona-logo-3.png\",\"width\":274,\"height\":274,\"caption\":\"Barcelona Sotheby's Realty\"},\"image\":{\"@id\":\"https:\/\/www.barcelona-sothebysrealty.com\/es\/#logo\"}},{\"@type\":\"WebSite\",\"@id\":\"https:\/\/www.barcelona-sothebysrealty.com\/es\/#website\",\"url\":\"https:\/\/www.barcelona-sothebysrealty.com\/es\/\",\"name\":\"Barcelona Sotheby&#039;s\",\"description\":\"Otro sitio realizado con WordPress\",\"publisher\":{\"@id\":\"https:\/\/www.barcelona-sothebysrealty.com\/es\/#organization\"},\"potentialAction\":[{\"@type\":\"SearchAction\",\"target\":{\"@type\":\"EntryPoint\",\"urlTemplate\":\"https:\/\/www.barcelona-sothebysrealty.com\/es\/?s={search_term_string}\"},\"query-input\":\"required name=search_term_string\"}],\"inLanguage\":\"es\"},{\"@type\":\"WebPage\",\"@id\":\"https:\/\/www.barcelona-sothebysrealty.com\/es\/viviendas-venta\/#webpage\",\"url\":\"https:\/\/www.barcelona-sothebysrealty.com\/es\/viviendas-venta\/\",\"name\":\"Descubre nuestro cat\\u00e1logo de las m\\u00e1s selectas propiedades.\",\"isPartOf\":{\"@id\":\"https:\/\/www.barcelona-sothebysrealty.com\/es\/#website\"},\"datePublished\":\"2020-12-01T08:49:39+00:00\",\"dateModified\":\"2024-04-19T08:41:04+00:00\",\"description\":\"Contamos con la m\\u00e1s exclusiva y selecta lista de propiedades con todas las comodidades cubiertas.\",\"breadcrumb\":{\"@id\":\"https:\/\/www.barcelona-sothebysrealty.com\/es\/viviendas-venta\/#breadcrumb\"},\"inLanguage\":\"es\",\"potentialAction\":[{\"@type\":\"ReadAction\",\"target\":[\"https:\/\/www.barcelona-sothebysrealty.com\/es\/viviendas-venta\/\"]}]},{\"@type\":\"BreadcrumbList\",\"@id\":\"https:\/\/www.barcelona-sothebysrealty.com\/es\/viviendas-venta\/#breadcrumb\",\"itemListElement\":[{\"@type\":\"ListItem\",\"position\":1,\"name\":\"Portada\",\"item\":\"https:\/\/www.barcelona-sothebysrealty.com\/es\/\"},{\"@type\":\"ListItem\",\"position\":2,\"name\":\"Viviendas en venta &#8211; Compra y venta de pisos y casas de lujo\"}]}]}<\/script>\n<!-- \/ Yoast SEO plugin. -->","yoast_head_json":{"description":"Contamos con la m\u00e1s exclusiva y selecta lista de propiedades con todas las comodidades cubiertas.","robots":{"index":"index","follow":"follow","max-snippet":"max-snippet:-1","max-image-preview":"max-image-preview:large","max-video-preview":"max-video-preview:-1"},"og_locale":"es_ES","og_type":"article","og_title":"Descubre nuestro cat\u00e1logo de las m\u00e1s selectas propiedades.","og_description":"Contamos con la m\u00e1s exclusiva y selecta lista de propiedades con todas las comodidades cubiertas.","og_url":"https:\/\/www.barcelona-sothebysrealty.com\/es\/viviendas-venta\/","og_site_name":"Barcelona Sotheby's Realty","article_modified_time":"2024-04-19T08:41:04+00:00","twitter_card":"summary_large_image","schema":{"@context":"https:\/\/schema.org","@graph":[{"@type":"Organization","@id":"https:\/\/www.barcelona-sothebysrealty.com\/es\/#organization","name":"Barcelona Sotheby's Realty","url":"https:\/\/www.barcelona-sothebysrealty.com\/es\/","sameAs":[],"logo":{"@type":"ImageObject","@id":"https:\/\/www.barcelona-sothebysrealty.com\/es\/#logo","inLanguage":"es","url":"https:\/\/www.barcelona-sothebysrealty.com\/wp-content\/uploads\/2023\/10\/sothebys-barcelona-logo-3.png","contentUrl":"https:\/\/www.barcelona-sothebysrealty.com\/wp-content\/uploads\/2023\/10\/sothebys-barcelona-logo-3.png","width":274,"height":274,"caption":"Barcelona Sotheby's Realty"},"image":{"@id":"https:\/\/www.barcelona-sothebysrealty.com\/es\/#logo"}},{"@type":"WebSite","@id":"https:\/\/www.barcelona-sothebysrealty.com\/es\/#website","url":"https:\/\/www.barcelona-sothebysrealty.com\/es\/","name":"Barcelona Sotheby&#039;s","description":"Otro sitio realizado con WordPress","publisher":{"@id":"https:\/\/www.barcelona-sothebysrealty.com\/es\/#organization"},"potentialAction":[{"@type":"SearchAction","target":{"@type":"EntryPoint","urlTemplate":"https:\/\/www.barcelona-sothebysrealty.com\/es\/?s={search_term_string}"},"query-input":"required name=search_term_string"}],"inLanguage":"es"},{"@type":"WebPage","@id":"https:\/\/www.barcelona-sothebysrealty.com\/es\/viviendas-venta\/#webpage","url":"https:\/\/www.barcelona-sothebysrealty.com\/es\/viviendas-venta\/","name":"Descubre nuestro cat\u00e1logo de las m\u00e1s selectas propiedades.","isPartOf":{"@id":"https:\/\/www.barcelona-sothebysrealty.com\/es\/#website"},"datePublished":"2020-12-01T08:49:39+00:00","dateModified":"2024-04-19T08:41:04+00:00","description":"Contamos con la m\u00e1s exclusiva y selecta lista de propiedades con todas las comodidades cubiertas.","breadcrumb":{"@id":"https:\/\/www.barcelona-sothebysrealty.com\/es\/viviendas-venta\/#breadcrumb"},"inLanguage":"es","potentialAction":[{"@type":"ReadAction","target":["https:\/\/www.barcelona-sothebysrealty.com\/es\/viviendas-venta\/"]}]},{"@type":"BreadcrumbList","@id":"https:\/\/www.barcelona-sothebysrealty.com\/es\/viviendas-venta\/#breadcrumb","itemListElement":[{"@type":"ListItem","position":1,"name":"Portada","item":"https:\/\/www.barcelona-sothebysrealty.com\/es\/"},{"@type":"ListItem","position":2,"name":"Viviendas en venta &#8211; Compra y venta de pisos y casas de lujo"}]}]}},"_links":{"self":[{"href":"https:\/\/www.barcelona-sothebysrealty.com\/es\/wp-json\/wp\/v2\/pages\/16263"}],"collection":[{"href":"https:\/\/www.barcelona-sothebysrealty.com\/es\/wp-json\/wp\/v2\/pages"}],"about":[{"href":"https:\/\/www.barcelona-sothebysrealty.com\/es\/wp-json\/wp\/v2\/types\/page"}],"author":[{"embeddable":true,"href":"https:\/\/www.barcelona-sothebysrealty.com\/es\/wp-json\/wp\/v2\/users\/2"}],"replies":[{"embeddable":true,"href":"https:\/\/www.barcelona-sothebysrealty.com\/es\/wp-json\/wp\/v2\/comments?post=16263"}],"version-history":[{"count":0,"href":"https:\/\/www.barcelona-sothebysrealty.com\/es\/wp-json\/wp\/v2\/pages\/16263\/revisions"}],"wp:attachment":[{"href":"https:\/\/www.barcelona-sothebysrealty.com\/es\/wp-json\/wp\/v2\/media?parent=16263"}],"curies":[{"name":"wp","href":"https:\/\/api.w.org\/{rel}","templated":true}]}}