{"id":6903192,"date":"2024-05-29T17:45:48","date_gmt":"2024-05-29T15:45:48","guid":{"rendered":"https:\/\/www.barcelona-sothebysrealty.com\/?page_id=6903192"},"modified":"2024-05-29T17:45:48","modified_gmt":"2024-05-29T15:45:48","slug":"sitges","status":"publish","type":"page","link":"https:\/\/www.barcelona-sothebysrealty.com\/es\/obra-nueva\/sitges\/","title":{"rendered":"Obra nueva en Sitges"},"content":{"rendered":"<p><span data-sheets-value=\"{&quot;1&quot;:2,&quot;2&quot;:&quot;En Costa Brava Sotheby's International Realty tenemos la mejor selecci\u00f3n de obra nueva de la Costa Brava, un para\u00edso mundialmente conocido, al alcance de muy pocos. Un destino perfecto para su primera o segunda residencia o incluso para una posible inversi\u00f3n.\\n\\nLa Costa Brava es considerada la joya de las costas catalanas y desde luego, no se trata de una casualidad. Sus incre\u00edbles playas de agua turquesa, sus parques naturales o la exquisita gastronom\u00eda que ofrece, son algunos de los muchos motivos por los que resulta tan atractiva. Adem\u00e1s de su excelente ubicaci\u00f3n cerca de Barcelona, concretamente en la prov\u00edncia de Girona, que proporciona un clima inmejorable en cada maravilloso rinc\u00f3n de la zona. Y por si fuera poco, tambi\u00e9n alberga maravillosas piezas arquitect\u00f3nicas para todos los gustos, desde antiguos monasterios, castillos e incluso restos de pueblos romanos y griegos. Hay lugar tambi\u00e9n para los amantes del deporte, ya que es una zona \u00fanica para la pr\u00e1ctica de senderismo, ciclismo, deportes n\u00e1uticos y por supuesto golf, ya que tiene algunos de los mejores campos de Europa.\\n\\nTener una propiedad en la Costa Brava es un sue\u00f1o para cualquiera que nosotros podemos ayudarle a cumplir. \\n\\n\\n&quot;}\" data-sheets-userformat=\"{&quot;2&quot;:13097,&quot;3&quot;:{&quot;1&quot;:0},&quot;6&quot;:{&quot;1&quot;:[{&quot;1&quot;:2,&quot;2&quot;:0,&quot;5&quot;:[null,2,0]},{&quot;1&quot;:0,&quot;2&quot;:0,&quot;3&quot;:3},{&quot;1&quot;:1,&quot;2&quot;:0,&quot;4&quot;:1}]},&quot;8&quot;:{&quot;1&quot;:[{&quot;1&quot;:2,&quot;2&quot;:0,&quot;5&quot;:[null,2,0]},{&quot;1&quot;:0,&quot;2&quot;:0,&quot;3&quot;:3},{&quot;1&quot;:1,&quot;2&quot;:0,&quot;4&quot;:1}]},&quot;11&quot;:4,&quot;12&quot;:0,&quot;15&quot;:&quot;Lato&quot;,&quot;16&quot;:12}\">En<strong> Sitges Sotheby&#8217;s International Realty<\/strong> tenemos la mejor selecci\u00f3n de obra nueva de la Sitges, un para\u00edso mundialmente conocido, al alcance de muy pocos. Un destino perfecto para su primera o segunda residencia o incluso para una posible inversi\u00f3n.<\/span><\/p>\n","protected":false},"excerpt":{"rendered":"<p>En Sitges Sotheby&#8217;s International Realty tenemos la mejor selecci\u00f3n de obra nueva de la Sitges, un para\u00edso mundialmente conocido, al<a class=\"more-link\" href=\"https:\/\/www.barcelona-sothebysrealty.com\/es\/obra-nueva\/sitges\/\">Llegir M\u00e9s<\/a><\/p>\n","protected":false},"author":4,"featured_media":0,"parent":148410,"menu_order":0,"comment_status":"closed","ping_status":"closed","template":"page-listado.php","meta":[],"yoast_head":"<!-- This site is optimized with the Yoast SEO plugin v17.1 - https:\/\/yoast.com\/wordpress\/plugins\/seo\/ -->\n<meta name=\"description\" content=\"En Costa Brava Sotheby&#039;s International Realty tenemos la mejor selecci\u00f3n de casas de obra nueva de la Costa Brava.\" \/>\n<meta name=\"robots\" content=\"index, follow, max-snippet:-1, max-image-preview:large, max-video-preview:-1\" \/>\n<meta property=\"og:locale\" content=\"es_ES\" \/>\n<meta property=\"og:type\" content=\"article\" \/>\n<meta property=\"og:title\" content=\"Obra nueva en Sitges - Barcelona Sotheby&#039;s\" \/>\n<meta property=\"og:description\" content=\"En Costa Brava Sotheby&#039;s International Realty tenemos la mejor selecci\u00f3n de casas de obra nueva de la Costa Brava.\" \/>\n<meta property=\"og:url\" content=\"https:\/\/www.barcelona-sothebysrealty.com\/es\/obra-nueva\/sitges\/\" \/>\n<meta property=\"og:site_name\" content=\"Barcelona Sotheby&#039;s Realty\" \/>\n<meta name=\"twitter:card\" content=\"summary_large_image\" \/>\n<meta name=\"twitter:label1\" content=\"Tiempo de lectura\" \/>\n\t<meta name=\"twitter:data1\" content=\"1 minuto\" \/>\n<script type=\"application\/ld+json\" class=\"yoast-schema-graph\">{\"@context\":\"https:\/\/schema.org\",\"@graph\":[{\"@type\":\"Organization\",\"@id\":\"https:\/\/www.barcelona-sothebysrealty.com\/es\/#organization\",\"name\":\"Barcelona Sotheby's Realty\",\"url\":\"https:\/\/www.barcelona-sothebysrealty.com\/es\/\",\"sameAs\":[],\"logo\":{\"@type\":\"ImageObject\",\"@id\":\"https:\/\/www.barcelona-sothebysrealty.com\/es\/#logo\",\"inLanguage\":\"es\",\"url\":\"https:\/\/www.barcelona-sothebysrealty.com\/wp-content\/uploads\/2023\/10\/sothebys-barcelona-logo-3.png\",\"contentUrl\":\"https:\/\/www.barcelona-sothebysrealty.com\/wp-content\/uploads\/2023\/10\/sothebys-barcelona-logo-3.png\",\"width\":274,\"height\":274,\"caption\":\"Barcelona Sotheby's Realty\"},\"image\":{\"@id\":\"https:\/\/www.barcelona-sothebysrealty.com\/es\/#logo\"}},{\"@type\":\"WebSite\",\"@id\":\"https:\/\/www.barcelona-sothebysrealty.com\/es\/#website\",\"url\":\"https:\/\/www.barcelona-sothebysrealty.com\/es\/\",\"name\":\"Barcelona Sotheby&#039;s\",\"description\":\"Otro sitio realizado con WordPress\",\"publisher\":{\"@id\":\"https:\/\/www.barcelona-sothebysrealty.com\/es\/#organization\"},\"potentialAction\":[{\"@type\":\"SearchAction\",\"target\":{\"@type\":\"EntryPoint\",\"urlTemplate\":\"https:\/\/www.barcelona-sothebysrealty.com\/es\/?s={search_term_string}\"},\"query-input\":\"required name=search_term_string\"}],\"inLanguage\":\"es\"},{\"@type\":\"WebPage\",\"@id\":\"https:\/\/www.barcelona-sothebysrealty.com\/es\/obra-nueva\/sitges\/#webpage\",\"url\":\"https:\/\/www.barcelona-sothebysrealty.com\/es\/obra-nueva\/sitges\/\",\"name\":\"Obra nueva en Sitges - Barcelona Sotheby&#039;s\",\"isPartOf\":{\"@id\":\"https:\/\/www.barcelona-sothebysrealty.com\/es\/#website\"},\"datePublished\":\"2024-05-29T15:45:48+00:00\",\"dateModified\":\"2024-05-29T15:45:48+00:00\",\"description\":\"En Costa Brava Sotheby's International Realty tenemos la mejor selecci\\u00f3n de casas de obra nueva de la Costa Brava.\",\"breadcrumb\":{\"@id\":\"https:\/\/www.barcelona-sothebysrealty.com\/es\/obra-nueva\/sitges\/#breadcrumb\"},\"inLanguage\":\"es\",\"potentialAction\":[{\"@type\":\"ReadAction\",\"target\":[\"https:\/\/www.barcelona-sothebysrealty.com\/es\/obra-nueva\/sitges\/\"]}]},{\"@type\":\"BreadcrumbList\",\"@id\":\"https:\/\/www.barcelona-sothebysrealty.com\/es\/obra-nueva\/sitges\/#breadcrumb\",\"itemListElement\":[{\"@type\":\"ListItem\",\"position\":1,\"name\":\"Portada\",\"item\":\"https:\/\/www.barcelona-sothebysrealty.com\/es\/\"},{\"@type\":\"ListItem\",\"position\":2,\"name\":\"Promociones de obra nueva\",\"item\":\"https:\/\/www.barcelona-sothebysrealty.com\/es\/obra-nueva\/\"},{\"@type\":\"ListItem\",\"position\":3,\"name\":\"Obra nueva en Sitges\"}]}]}<\/script>\n<!-- \/ Yoast SEO plugin. -->","yoast_head_json":{"description":"En Costa Brava Sotheby's International Realty tenemos la mejor selecci\u00f3n de casas de obra nueva de la Costa Brava.","robots":{"index":"index","follow":"follow","max-snippet":"max-snippet:-1","max-image-preview":"max-image-preview:large","max-video-preview":"max-video-preview:-1"},"og_locale":"es_ES","og_type":"article","og_title":"Obra nueva en Sitges - Barcelona Sotheby&#039;s","og_description":"En Costa Brava Sotheby's International Realty tenemos la mejor selecci\u00f3n de casas de obra nueva de la Costa Brava.","og_url":"https:\/\/www.barcelona-sothebysrealty.com\/es\/obra-nueva\/sitges\/","og_site_name":"Barcelona Sotheby's Realty","twitter_card":"summary_large_image","twitter_misc":{"Tiempo de lectura":"1 minuto"},"schema":{"@context":"https:\/\/schema.org","@graph":[{"@type":"Organization","@id":"https:\/\/www.barcelona-sothebysrealty.com\/es\/#organization","name":"Barcelona Sotheby's Realty","url":"https:\/\/www.barcelona-sothebysrealty.com\/es\/","sameAs":[],"logo":{"@type":"ImageObject","@id":"https:\/\/www.barcelona-sothebysrealty.com\/es\/#logo","inLanguage":"es","url":"https:\/\/www.barcelona-sothebysrealty.com\/wp-content\/uploads\/2023\/10\/sothebys-barcelona-logo-3.png","contentUrl":"https:\/\/www.barcelona-sothebysrealty.com\/wp-content\/uploads\/2023\/10\/sothebys-barcelona-logo-3.png","width":274,"height":274,"caption":"Barcelona Sotheby's Realty"},"image":{"@id":"https:\/\/www.barcelona-sothebysrealty.com\/es\/#logo"}},{"@type":"WebSite","@id":"https:\/\/www.barcelona-sothebysrealty.com\/es\/#website","url":"https:\/\/www.barcelona-sothebysrealty.com\/es\/","name":"Barcelona Sotheby&#039;s","description":"Otro sitio realizado con WordPress","publisher":{"@id":"https:\/\/www.barcelona-sothebysrealty.com\/es\/#organization"},"potentialAction":[{"@type":"SearchAction","target":{"@type":"EntryPoint","urlTemplate":"https:\/\/www.barcelona-sothebysrealty.com\/es\/?s={search_term_string}"},"query-input":"required name=search_term_string"}],"inLanguage":"es"},{"@type":"WebPage","@id":"https:\/\/www.barcelona-sothebysrealty.com\/es\/obra-nueva\/sitges\/#webpage","url":"https:\/\/www.barcelona-sothebysrealty.com\/es\/obra-nueva\/sitges\/","name":"Obra nueva en Sitges - Barcelona Sotheby&#039;s","isPartOf":{"@id":"https:\/\/www.barcelona-sothebysrealty.com\/es\/#website"},"datePublished":"2024-05-29T15:45:48+00:00","dateModified":"2024-05-29T15:45:48+00:00","description":"En Costa Brava Sotheby's International Realty tenemos la mejor selecci\u00f3n de casas de obra nueva de la Costa Brava.","breadcrumb":{"@id":"https:\/\/www.barcelona-sothebysrealty.com\/es\/obra-nueva\/sitges\/#breadcrumb"},"inLanguage":"es","potentialAction":[{"@type":"ReadAction","target":["https:\/\/www.barcelona-sothebysrealty.com\/es\/obra-nueva\/sitges\/"]}]},{"@type":"BreadcrumbList","@id":"https:\/\/www.barcelona-sothebysrealty.com\/es\/obra-nueva\/sitges\/#breadcrumb","itemListElement":[{"@type":"ListItem","position":1,"name":"Portada","item":"https:\/\/www.barcelona-sothebysrealty.com\/es\/"},{"@type":"ListItem","position":2,"name":"Promociones de obra nueva","item":"https:\/\/www.barcelona-sothebysrealty.com\/es\/obra-nueva\/"},{"@type":"ListItem","position":3,"name":"Obra nueva en Sitges"}]}]}},"_links":{"self":[{"href":"https:\/\/www.barcelona-sothebysrealty.com\/es\/wp-json\/wp\/v2\/pages\/6903192"}],"collection":[{"href":"https:\/\/www.barcelona-sothebysrealty.com\/es\/wp-json\/wp\/v2\/pages"}],"about":[{"href":"https:\/\/www.barcelona-sothebysrealty.com\/es\/wp-json\/wp\/v2\/types\/page"}],"author":[{"embeddable":true,"href":"https:\/\/www.barcelona-sothebysrealty.com\/es\/wp-json\/wp\/v2\/users\/4"}],"replies":[{"embeddable":true,"href":"https:\/\/www.barcelona-sothebysrealty.com\/es\/wp-json\/wp\/v2\/comments?post=6903192"}],"version-history":[{"count":0,"href":"https:\/\/www.barcelona-sothebysrealty.com\/es\/wp-json\/wp\/v2\/pages\/6903192\/revisions"}],"up":[{"embeddable":true,"href":"https:\/\/www.barcelona-sothebysrealty.com\/es\/wp-json\/wp\/v2\/pages\/148410"}],"wp:attachment":[{"href":"https:\/\/www.barcelona-sothebysrealty.com\/es\/wp-json\/wp\/v2\/media?parent=6903192"}],"curies":[{"name":"wp","href":"https:\/\/api.w.org\/{rel}","templated":true}]}}