{"id":93257,"date":"2020-12-01T10:39:20","date_gmt":"2020-12-01T09:39:20","guid":{"rendered":"https:\/\/xanatis.com\/~barcelonasotheby\/?page_id=93257"},"modified":"2024-03-21T18:39:35","modified_gmt":"2024-03-21T17:39:35","slug":"eixample","status":"publish","type":"page","link":"https:\/\/www.barcelona-sothebysrealty.com\/es\/viviendas-venta\/barcelona\/eixample\/","title":{"rendered":"Viviendas en Venta Barcelona Eixample"},"content":{"rendered":"<p>El Eixample barcelon\u00e9s posee la mayor colecci\u00f3n de edificios modernistas de Europa. Residencial y tranquilo, y con una amplia oferta de ocio y cultura, es el distrito por el que transcurren calles tan emblem\u00e1ticas como Rambla de Catalunya, Passeig de Sant Joan o Passeig de Gr\u00e0cia.<\/p>\n<p>En Barcelona &amp; Costa Brava Sotheby&#8217;s International Realty disponemos de un amplio porfolio de apartamentos modernistas y \u00e1ticos con terrazas abiertas al sol ubicados en este reconocido internacionalmnete distrito. Si desea comprar o vender propiedades de lujo en el Eixample, estaremos encantados de ayudarle.<\/p>\n","protected":false},"excerpt":{"rendered":"<p>El Eixample barcelon\u00e9s posee la mayor colecci\u00f3n de edificios modernistas de Europa. Residencial y tranquilo, y con una amplia oferta<a class=\"more-link\" href=\"https:\/\/www.barcelona-sothebysrealty.com\/es\/viviendas-venta\/barcelona\/eixample\/\">Llegir M\u00e9s<\/a><\/p>\n","protected":false},"author":2,"featured_media":0,"parent":93252,"menu_order":0,"comment_status":"closed","ping_status":"closed","template":"page-listado.php","meta":[],"yoast_head":"<!-- This site is optimized with the Yoast SEO plugin v17.1 - https:\/\/yoast.com\/wordpress\/plugins\/seo\/ -->\n<meta name=\"robots\" content=\"index, follow, max-snippet:-1, max-image-preview:large, max-video-preview:-1\" \/>\n<meta property=\"og:locale\" content=\"es_ES\" \/>\n<meta property=\"og:type\" content=\"article\" \/>\n<meta property=\"og:title\" content=\"Viviendas en Venta Barcelona Eixample - Barcelona Sotheby&#039;s\" \/>\n<meta property=\"og:description\" content=\"El Eixample barcelon\u00e9s posee la mayor colecci\u00f3n de edificios modernistas de Europa. Residencial y tranquilo, y con una amplia ofertaLlegir M\u00e9s\" \/>\n<meta property=\"og:url\" content=\"https:\/\/www.barcelona-sothebysrealty.com\/es\/viviendas-venta\/barcelona\/eixample\/\" \/>\n<meta property=\"og:site_name\" content=\"Barcelona Sotheby&#039;s Realty\" \/>\n<meta property=\"article:modified_time\" content=\"2024-03-21T17:39:35+00:00\" \/>\n<meta name=\"twitter:card\" content=\"summary_large_image\" \/>\n<meta name=\"twitter:label1\" content=\"Tiempo de lectura\" \/>\n\t<meta name=\"twitter:data1\" content=\"1 minuto\" \/>\n<script type=\"application\/ld+json\" class=\"yoast-schema-graph\">{\"@context\":\"https:\/\/schema.org\",\"@graph\":[{\"@type\":\"Organization\",\"@id\":\"https:\/\/www.barcelona-sothebysrealty.com\/es\/#organization\",\"name\":\"Barcelona Sotheby's Realty\",\"url\":\"https:\/\/www.barcelona-sothebysrealty.com\/es\/\",\"sameAs\":[],\"logo\":{\"@type\":\"ImageObject\",\"@id\":\"https:\/\/www.barcelona-sothebysrealty.com\/es\/#logo\",\"inLanguage\":\"es\",\"url\":\"https:\/\/www.barcelona-sothebysrealty.com\/wp-content\/uploads\/2023\/10\/sothebys-barcelona-logo-3.png\",\"contentUrl\":\"https:\/\/www.barcelona-sothebysrealty.com\/wp-content\/uploads\/2023\/10\/sothebys-barcelona-logo-3.png\",\"width\":274,\"height\":274,\"caption\":\"Barcelona Sotheby's Realty\"},\"image\":{\"@id\":\"https:\/\/www.barcelona-sothebysrealty.com\/es\/#logo\"}},{\"@type\":\"WebSite\",\"@id\":\"https:\/\/www.barcelona-sothebysrealty.com\/es\/#website\",\"url\":\"https:\/\/www.barcelona-sothebysrealty.com\/es\/\",\"name\":\"Barcelona Sotheby&#039;s\",\"description\":\"Otro sitio realizado con WordPress\",\"publisher\":{\"@id\":\"https:\/\/www.barcelona-sothebysrealty.com\/es\/#organization\"},\"potentialAction\":[{\"@type\":\"SearchAction\",\"target\":{\"@type\":\"EntryPoint\",\"urlTemplate\":\"https:\/\/www.barcelona-sothebysrealty.com\/es\/?s={search_term_string}\"},\"query-input\":\"required name=search_term_string\"}],\"inLanguage\":\"es\"},{\"@type\":\"WebPage\",\"@id\":\"https:\/\/www.barcelona-sothebysrealty.com\/es\/viviendas-venta\/barcelona\/eixample\/#webpage\",\"url\":\"https:\/\/www.barcelona-sothebysrealty.com\/es\/viviendas-venta\/barcelona\/eixample\/\",\"name\":\"Viviendas en Venta Barcelona Eixample - Barcelona Sotheby&#039;s\",\"isPartOf\":{\"@id\":\"https:\/\/www.barcelona-sothebysrealty.com\/es\/#website\"},\"datePublished\":\"2020-12-01T09:39:20+00:00\",\"dateModified\":\"2024-03-21T17:39:35+00:00\",\"breadcrumb\":{\"@id\":\"https:\/\/www.barcelona-sothebysrealty.com\/es\/viviendas-venta\/barcelona\/eixample\/#breadcrumb\"},\"inLanguage\":\"es\",\"potentialAction\":[{\"@type\":\"ReadAction\",\"target\":[\"https:\/\/www.barcelona-sothebysrealty.com\/es\/viviendas-venta\/barcelona\/eixample\/\"]}]},{\"@type\":\"BreadcrumbList\",\"@id\":\"https:\/\/www.barcelona-sothebysrealty.com\/es\/viviendas-venta\/barcelona\/eixample\/#breadcrumb\",\"itemListElement\":[{\"@type\":\"ListItem\",\"position\":1,\"name\":\"Portada\",\"item\":\"https:\/\/www.barcelona-sothebysrealty.com\/es\/\"},{\"@type\":\"ListItem\",\"position\":2,\"name\":\"Viviendas en venta &#8211; Compra y venta de pisos y casas de lujo\",\"item\":\"https:\/\/www.barcelona-sothebysrealty.com\/es\/viviendas-venta\/\"},{\"@type\":\"ListItem\",\"position\":3,\"name\":\"Viviendas en Venta Barcelona\",\"item\":\"https:\/\/www.barcelona-sothebysrealty.com\/es\/viviendas-venta\/barcelona\/\"},{\"@type\":\"ListItem\",\"position\":4,\"name\":\"Viviendas en Venta Barcelona Eixample\"}]}]}<\/script>\n<!-- \/ Yoast SEO plugin. -->","yoast_head_json":{"robots":{"index":"index","follow":"follow","max-snippet":"max-snippet:-1","max-image-preview":"max-image-preview:large","max-video-preview":"max-video-preview:-1"},"og_locale":"es_ES","og_type":"article","og_title":"Viviendas en Venta Barcelona Eixample - Barcelona Sotheby&#039;s","og_description":"El Eixample barcelon\u00e9s posee la mayor colecci\u00f3n de edificios modernistas de Europa. Residencial y tranquilo, y con una amplia ofertaLlegir M\u00e9s","og_url":"https:\/\/www.barcelona-sothebysrealty.com\/es\/viviendas-venta\/barcelona\/eixample\/","og_site_name":"Barcelona Sotheby's Realty","article_modified_time":"2024-03-21T17:39:35+00:00","twitter_card":"summary_large_image","twitter_misc":{"Tiempo de lectura":"1 minuto"},"schema":{"@context":"https:\/\/schema.org","@graph":[{"@type":"Organization","@id":"https:\/\/www.barcelona-sothebysrealty.com\/es\/#organization","name":"Barcelona Sotheby's Realty","url":"https:\/\/www.barcelona-sothebysrealty.com\/es\/","sameAs":[],"logo":{"@type":"ImageObject","@id":"https:\/\/www.barcelona-sothebysrealty.com\/es\/#logo","inLanguage":"es","url":"https:\/\/www.barcelona-sothebysrealty.com\/wp-content\/uploads\/2023\/10\/sothebys-barcelona-logo-3.png","contentUrl":"https:\/\/www.barcelona-sothebysrealty.com\/wp-content\/uploads\/2023\/10\/sothebys-barcelona-logo-3.png","width":274,"height":274,"caption":"Barcelona Sotheby's Realty"},"image":{"@id":"https:\/\/www.barcelona-sothebysrealty.com\/es\/#logo"}},{"@type":"WebSite","@id":"https:\/\/www.barcelona-sothebysrealty.com\/es\/#website","url":"https:\/\/www.barcelona-sothebysrealty.com\/es\/","name":"Barcelona Sotheby&#039;s","description":"Otro sitio realizado con WordPress","publisher":{"@id":"https:\/\/www.barcelona-sothebysrealty.com\/es\/#organization"},"potentialAction":[{"@type":"SearchAction","target":{"@type":"EntryPoint","urlTemplate":"https:\/\/www.barcelona-sothebysrealty.com\/es\/?s={search_term_string}"},"query-input":"required name=search_term_string"}],"inLanguage":"es"},{"@type":"WebPage","@id":"https:\/\/www.barcelona-sothebysrealty.com\/es\/viviendas-venta\/barcelona\/eixample\/#webpage","url":"https:\/\/www.barcelona-sothebysrealty.com\/es\/viviendas-venta\/barcelona\/eixample\/","name":"Viviendas en Venta Barcelona Eixample - Barcelona Sotheby&#039;s","isPartOf":{"@id":"https:\/\/www.barcelona-sothebysrealty.com\/es\/#website"},"datePublished":"2020-12-01T09:39:20+00:00","dateModified":"2024-03-21T17:39:35+00:00","breadcrumb":{"@id":"https:\/\/www.barcelona-sothebysrealty.com\/es\/viviendas-venta\/barcelona\/eixample\/#breadcrumb"},"inLanguage":"es","potentialAction":[{"@type":"ReadAction","target":["https:\/\/www.barcelona-sothebysrealty.com\/es\/viviendas-venta\/barcelona\/eixample\/"]}]},{"@type":"BreadcrumbList","@id":"https:\/\/www.barcelona-sothebysrealty.com\/es\/viviendas-venta\/barcelona\/eixample\/#breadcrumb","itemListElement":[{"@type":"ListItem","position":1,"name":"Portada","item":"https:\/\/www.barcelona-sothebysrealty.com\/es\/"},{"@type":"ListItem","position":2,"name":"Viviendas en venta &#8211; Compra y venta de pisos y casas de lujo","item":"https:\/\/www.barcelona-sothebysrealty.com\/es\/viviendas-venta\/"},{"@type":"ListItem","position":3,"name":"Viviendas en Venta Barcelona","item":"https:\/\/www.barcelona-sothebysrealty.com\/es\/viviendas-venta\/barcelona\/"},{"@type":"ListItem","position":4,"name":"Viviendas en Venta Barcelona Eixample"}]}]}},"_links":{"self":[{"href":"https:\/\/www.barcelona-sothebysrealty.com\/es\/wp-json\/wp\/v2\/pages\/93257"}],"collection":[{"href":"https:\/\/www.barcelona-sothebysrealty.com\/es\/wp-json\/wp\/v2\/pages"}],"about":[{"href":"https:\/\/www.barcelona-sothebysrealty.com\/es\/wp-json\/wp\/v2\/types\/page"}],"author":[{"embeddable":true,"href":"https:\/\/www.barcelona-sothebysrealty.com\/es\/wp-json\/wp\/v2\/users\/2"}],"replies":[{"embeddable":true,"href":"https:\/\/www.barcelona-sothebysrealty.com\/es\/wp-json\/wp\/v2\/comments?post=93257"}],"version-history":[{"count":0,"href":"https:\/\/www.barcelona-sothebysrealty.com\/es\/wp-json\/wp\/v2\/pages\/93257\/revisions"}],"up":[{"embeddable":true,"href":"https:\/\/www.barcelona-sothebysrealty.com\/es\/wp-json\/wp\/v2\/pages\/93252"}],"wp:attachment":[{"href":"https:\/\/www.barcelona-sothebysrealty.com\/es\/wp-json\/wp\/v2\/media?parent=93257"}],"curies":[{"name":"wp","href":"https:\/\/api.w.org\/{rel}","templated":true}]}}