{"id":93310,"date":"2020-12-01T12:47:17","date_gmt":"2020-12-01T11:47:17","guid":{"rendered":"https:\/\/xanatis.com\/~barcelonasotheby\/?page_id=93310"},"modified":"2020-12-23T13:10:17","modified_gmt":"2020-12-23T12:10:17","slug":"eixample-esquerra","status":"publish","type":"page","link":"https:\/\/www.barcelona-sothebysrealty.com\/es\/pisos-venta\/barcelona\/eixample-esquerra\/","title":{"rendered":"Pisos de lujo en Eixample Esquerra de Barcelona"},"content":{"rendered":"<p>En Barcelona Sotheby&#8217;s International Realty somos especialista en propiedades de lujo y contamos con una selecta oferta de <strong>pisos en venta en el Eixample Esquerra de Barcelona.<\/strong> Amplios apartamentos o espectaculares \u00e1ticos con vistas al Mercado de Sant Antoni o Pla\u00e7a Universitat y cerca de atracciones tur\u00edsticas como la antigua prisi\u00f3n Modelo o el recinto de la Escola Industrial.<\/p>\n<p>&nbsp;<\/p>\n","protected":false},"excerpt":{"rendered":"<p>En Barcelona Sotheby&#8217;s International Realty somos especialista en propiedades de lujo y contamos con una selecta oferta de pisos en<a class=\"more-link\" href=\"https:\/\/www.barcelona-sothebysrealty.com\/es\/pisos-venta\/barcelona\/eixample-esquerra\/\">Llegir M\u00e9s<\/a><\/p>\n","protected":false},"author":2,"featured_media":0,"parent":93302,"menu_order":0,"comment_status":"closed","ping_status":"closed","template":"page-listado.php","meta":[],"yoast_head":"<!-- This site is optimized with the Yoast SEO plugin v17.1 - https:\/\/yoast.com\/wordpress\/plugins\/seo\/ -->\n<meta name=\"robots\" content=\"index, follow, max-snippet:-1, max-image-preview:large, max-video-preview:-1\" \/>\n<meta property=\"og:locale\" content=\"es_ES\" \/>\n<meta property=\"og:type\" content=\"article\" \/>\n<meta property=\"og:title\" content=\"Pisos de lujo en Eixample Esquerra de Barcelona - Barcelona Sotheby&#039;s\" \/>\n<meta property=\"og:description\" content=\"En Barcelona Sotheby&#8217;s International Realty somos especialista en propiedades de lujo y contamos con una selecta oferta de pisos enLlegir M\u00e9s\" \/>\n<meta property=\"og:url\" content=\"https:\/\/www.barcelona-sothebysrealty.com\/es\/pisos-venta\/barcelona\/eixample-esquerra\/\" \/>\n<meta property=\"og:site_name\" content=\"Barcelona Sotheby&#039;s Realty\" \/>\n<meta property=\"article:modified_time\" content=\"2020-12-23T12:10:17+00:00\" \/>\n<meta name=\"twitter:card\" content=\"summary_large_image\" \/>\n<script type=\"application\/ld+json\" class=\"yoast-schema-graph\">{\"@context\":\"https:\/\/schema.org\",\"@graph\":[{\"@type\":\"Organization\",\"@id\":\"https:\/\/www.barcelona-sothebysrealty.com\/es\/#organization\",\"name\":\"Barcelona Sotheby's Realty\",\"url\":\"https:\/\/www.barcelona-sothebysrealty.com\/es\/\",\"sameAs\":[],\"logo\":{\"@type\":\"ImageObject\",\"@id\":\"https:\/\/www.barcelona-sothebysrealty.com\/es\/#logo\",\"inLanguage\":\"es\",\"url\":\"https:\/\/www.barcelona-sothebysrealty.com\/wp-content\/uploads\/2023\/10\/sothebys-barcelona-logo-3.png\",\"contentUrl\":\"https:\/\/www.barcelona-sothebysrealty.com\/wp-content\/uploads\/2023\/10\/sothebys-barcelona-logo-3.png\",\"width\":274,\"height\":274,\"caption\":\"Barcelona Sotheby's Realty\"},\"image\":{\"@id\":\"https:\/\/www.barcelona-sothebysrealty.com\/es\/#logo\"}},{\"@type\":\"WebSite\",\"@id\":\"https:\/\/www.barcelona-sothebysrealty.com\/es\/#website\",\"url\":\"https:\/\/www.barcelona-sothebysrealty.com\/es\/\",\"name\":\"Barcelona Sotheby&#039;s\",\"description\":\"Otro sitio realizado con WordPress\",\"publisher\":{\"@id\":\"https:\/\/www.barcelona-sothebysrealty.com\/es\/#organization\"},\"potentialAction\":[{\"@type\":\"SearchAction\",\"target\":{\"@type\":\"EntryPoint\",\"urlTemplate\":\"https:\/\/www.barcelona-sothebysrealty.com\/es\/?s={search_term_string}\"},\"query-input\":\"required name=search_term_string\"}],\"inLanguage\":\"es\"},{\"@type\":\"WebPage\",\"@id\":\"https:\/\/www.barcelona-sothebysrealty.com\/es\/pisos-venta\/barcelona\/eixample-esquerra\/#webpage\",\"url\":\"https:\/\/www.barcelona-sothebysrealty.com\/es\/pisos-venta\/barcelona\/eixample-esquerra\/\",\"name\":\"Pisos de lujo en Eixample Esquerra de Barcelona - Barcelona Sotheby&#039;s\",\"isPartOf\":{\"@id\":\"https:\/\/www.barcelona-sothebysrealty.com\/es\/#website\"},\"datePublished\":\"2020-12-01T11:47:17+00:00\",\"dateModified\":\"2020-12-23T12:10:17+00:00\",\"breadcrumb\":{\"@id\":\"https:\/\/www.barcelona-sothebysrealty.com\/es\/pisos-venta\/barcelona\/eixample-esquerra\/#breadcrumb\"},\"inLanguage\":\"es\",\"potentialAction\":[{\"@type\":\"ReadAction\",\"target\":[\"https:\/\/www.barcelona-sothebysrealty.com\/es\/pisos-venta\/barcelona\/eixample-esquerra\/\"]}]},{\"@type\":\"BreadcrumbList\",\"@id\":\"https:\/\/www.barcelona-sothebysrealty.com\/es\/pisos-venta\/barcelona\/eixample-esquerra\/#breadcrumb\",\"itemListElement\":[{\"@type\":\"ListItem\",\"position\":1,\"name\":\"Portada\",\"item\":\"https:\/\/www.barcelona-sothebysrealty.com\/es\/\"},{\"@type\":\"ListItem\",\"position\":2,\"name\":\"Barcelona y Costa Brava &#8211; Compra y venta de pisos y lujo\",\"item\":\"https:\/\/www.barcelona-sothebysrealty.com\/es\/pisos-venta\/\"},{\"@type\":\"ListItem\",\"position\":3,\"name\":\"Pisos de lujo en Barcelona\",\"item\":\"https:\/\/www.barcelona-sothebysrealty.com\/es\/pisos-venta\/barcelona\/\"},{\"@type\":\"ListItem\",\"position\":4,\"name\":\"Pisos de lujo en Eixample Esquerra de Barcelona\"}]}]}<\/script>\n<!-- \/ Yoast SEO plugin. -->","yoast_head_json":{"robots":{"index":"index","follow":"follow","max-snippet":"max-snippet:-1","max-image-preview":"max-image-preview:large","max-video-preview":"max-video-preview:-1"},"og_locale":"es_ES","og_type":"article","og_title":"Pisos de lujo en Eixample Esquerra de Barcelona - Barcelona Sotheby&#039;s","og_description":"En Barcelona Sotheby&#8217;s International Realty somos especialista en propiedades de lujo y contamos con una selecta oferta de pisos enLlegir M\u00e9s","og_url":"https:\/\/www.barcelona-sothebysrealty.com\/es\/pisos-venta\/barcelona\/eixample-esquerra\/","og_site_name":"Barcelona Sotheby's Realty","article_modified_time":"2020-12-23T12:10:17+00:00","twitter_card":"summary_large_image","schema":{"@context":"https:\/\/schema.org","@graph":[{"@type":"Organization","@id":"https:\/\/www.barcelona-sothebysrealty.com\/es\/#organization","name":"Barcelona Sotheby's Realty","url":"https:\/\/www.barcelona-sothebysrealty.com\/es\/","sameAs":[],"logo":{"@type":"ImageObject","@id":"https:\/\/www.barcelona-sothebysrealty.com\/es\/#logo","inLanguage":"es","url":"https:\/\/www.barcelona-sothebysrealty.com\/wp-content\/uploads\/2023\/10\/sothebys-barcelona-logo-3.png","contentUrl":"https:\/\/www.barcelona-sothebysrealty.com\/wp-content\/uploads\/2023\/10\/sothebys-barcelona-logo-3.png","width":274,"height":274,"caption":"Barcelona Sotheby's Realty"},"image":{"@id":"https:\/\/www.barcelona-sothebysrealty.com\/es\/#logo"}},{"@type":"WebSite","@id":"https:\/\/www.barcelona-sothebysrealty.com\/es\/#website","url":"https:\/\/www.barcelona-sothebysrealty.com\/es\/","name":"Barcelona Sotheby&#039;s","description":"Otro sitio realizado con WordPress","publisher":{"@id":"https:\/\/www.barcelona-sothebysrealty.com\/es\/#organization"},"potentialAction":[{"@type":"SearchAction","target":{"@type":"EntryPoint","urlTemplate":"https:\/\/www.barcelona-sothebysrealty.com\/es\/?s={search_term_string}"},"query-input":"required name=search_term_string"}],"inLanguage":"es"},{"@type":"WebPage","@id":"https:\/\/www.barcelona-sothebysrealty.com\/es\/pisos-venta\/barcelona\/eixample-esquerra\/#webpage","url":"https:\/\/www.barcelona-sothebysrealty.com\/es\/pisos-venta\/barcelona\/eixample-esquerra\/","name":"Pisos de lujo en Eixample Esquerra de Barcelona - Barcelona Sotheby&#039;s","isPartOf":{"@id":"https:\/\/www.barcelona-sothebysrealty.com\/es\/#website"},"datePublished":"2020-12-01T11:47:17+00:00","dateModified":"2020-12-23T12:10:17+00:00","breadcrumb":{"@id":"https:\/\/www.barcelona-sothebysrealty.com\/es\/pisos-venta\/barcelona\/eixample-esquerra\/#breadcrumb"},"inLanguage":"es","potentialAction":[{"@type":"ReadAction","target":["https:\/\/www.barcelona-sothebysrealty.com\/es\/pisos-venta\/barcelona\/eixample-esquerra\/"]}]},{"@type":"BreadcrumbList","@id":"https:\/\/www.barcelona-sothebysrealty.com\/es\/pisos-venta\/barcelona\/eixample-esquerra\/#breadcrumb","itemListElement":[{"@type":"ListItem","position":1,"name":"Portada","item":"https:\/\/www.barcelona-sothebysrealty.com\/es\/"},{"@type":"ListItem","position":2,"name":"Barcelona y Costa Brava &#8211; Compra y venta de pisos y lujo","item":"https:\/\/www.barcelona-sothebysrealty.com\/es\/pisos-venta\/"},{"@type":"ListItem","position":3,"name":"Pisos de lujo en Barcelona","item":"https:\/\/www.barcelona-sothebysrealty.com\/es\/pisos-venta\/barcelona\/"},{"@type":"ListItem","position":4,"name":"Pisos de lujo en Eixample Esquerra de Barcelona"}]}]}},"_links":{"self":[{"href":"https:\/\/www.barcelona-sothebysrealty.com\/es\/wp-json\/wp\/v2\/pages\/93310"}],"collection":[{"href":"https:\/\/www.barcelona-sothebysrealty.com\/es\/wp-json\/wp\/v2\/pages"}],"about":[{"href":"https:\/\/www.barcelona-sothebysrealty.com\/es\/wp-json\/wp\/v2\/types\/page"}],"author":[{"embeddable":true,"href":"https:\/\/www.barcelona-sothebysrealty.com\/es\/wp-json\/wp\/v2\/users\/2"}],"replies":[{"embeddable":true,"href":"https:\/\/www.barcelona-sothebysrealty.com\/es\/wp-json\/wp\/v2\/comments?post=93310"}],"version-history":[{"count":0,"href":"https:\/\/www.barcelona-sothebysrealty.com\/es\/wp-json\/wp\/v2\/pages\/93310\/revisions"}],"up":[{"embeddable":true,"href":"https:\/\/www.barcelona-sothebysrealty.com\/es\/wp-json\/wp\/v2\/pages\/93302"}],"wp:attachment":[{"href":"https:\/\/www.barcelona-sothebysrealty.com\/es\/wp-json\/wp\/v2\/media?parent=93310"}],"curies":[{"name":"wp","href":"https:\/\/api.w.org\/{rel}","templated":true}]}}