{"id":93314,"date":"2020-12-01T12:49:42","date_gmt":"2020-12-01T11:49:42","guid":{"rendered":"https:\/\/xanatis.com\/~barcelonasotheby\/?page_id=93314"},"modified":"2024-02-28T10:58:07","modified_gmt":"2024-02-28T09:58:07","slug":"gracia","status":"publish","type":"page","link":"https:\/\/www.barcelona-sothebysrealty.com\/es\/pisos-venta\/barcelona\/gracia\/","title":{"rendered":"Pisos de lujo en Gr\u00e0cia"},"content":{"rendered":"<p>Considerado uno de los barrios m\u00e1s singulares de Barcelona, Gr\u00e0cia ha sabido mantener su antigua esencia de pueblo. Con una oferta cultural y gastron\u00f3mica sin igual, sus peque\u00f1as calles dejan paso a amplias terrazas que invitan a disfrutar de reuniones al aire libre.<\/p>\n<p>Se trata de uno de los barrios m\u00e1s bohemios de Europa, en el que residen artistas y dise\u00f1adores, y en donde los edificios conservan su car\u00e1cter cl\u00e1sico y emblem\u00e1tico.<\/p>\n<p>En Barcelona &amp; Costa Brava Sotheby&#8217;s International Realty ponemos a su disposici\u00f3n \u00fanicamente los apartamentos m\u00e1s exclusivos de este bohemio e hist\u00f3rico barrio.<\/p>\n","protected":false},"excerpt":{"rendered":"<p>Considerado uno de los barrios m\u00e1s singulares de Barcelona, Gr\u00e0cia ha sabido mantener su antigua esencia de pueblo. Con una<a class=\"more-link\" href=\"https:\/\/www.barcelona-sothebysrealty.com\/es\/pisos-venta\/barcelona\/gracia\/\">Llegir M\u00e9s<\/a><\/p>\n","protected":false},"author":2,"featured_media":0,"parent":93302,"menu_order":0,"comment_status":"closed","ping_status":"closed","template":"page-listado.php","meta":[],"yoast_head":"<!-- This site is optimized with the Yoast SEO plugin v17.1 - https:\/\/yoast.com\/wordpress\/plugins\/seo\/ -->\n<meta name=\"robots\" content=\"index, follow, max-snippet:-1, max-image-preview:large, max-video-preview:-1\" \/>\n<meta property=\"og:locale\" content=\"es_ES\" \/>\n<meta property=\"og:type\" content=\"article\" \/>\n<meta property=\"og:title\" content=\"Pisos de lujo en Gr\u00e0cia - Barcelona Sotheby&#039;s\" \/>\n<meta property=\"og:description\" content=\"Considerado uno de los barrios m\u00e1s singulares de Barcelona, Gr\u00e0cia ha sabido mantener su antigua esencia de pueblo. Con unaLlegir M\u00e9s\" \/>\n<meta property=\"og:url\" content=\"https:\/\/www.barcelona-sothebysrealty.com\/es\/pisos-venta\/barcelona\/gracia\/\" \/>\n<meta property=\"og:site_name\" content=\"Barcelona Sotheby&#039;s Realty\" \/>\n<meta property=\"article:modified_time\" content=\"2024-02-28T09:58:07+00:00\" \/>\n<meta name=\"twitter:card\" content=\"summary_large_image\" \/>\n<meta name=\"twitter:label1\" content=\"Tiempo de lectura\" \/>\n\t<meta name=\"twitter:data1\" content=\"1 minuto\" \/>\n<script type=\"application\/ld+json\" class=\"yoast-schema-graph\">{\"@context\":\"https:\/\/schema.org\",\"@graph\":[{\"@type\":\"Organization\",\"@id\":\"https:\/\/www.barcelona-sothebysrealty.com\/es\/#organization\",\"name\":\"Barcelona Sotheby's Realty\",\"url\":\"https:\/\/www.barcelona-sothebysrealty.com\/es\/\",\"sameAs\":[],\"logo\":{\"@type\":\"ImageObject\",\"@id\":\"https:\/\/www.barcelona-sothebysrealty.com\/es\/#logo\",\"inLanguage\":\"es\",\"url\":\"https:\/\/www.barcelona-sothebysrealty.com\/wp-content\/uploads\/2023\/10\/sothebys-barcelona-logo-3.png\",\"contentUrl\":\"https:\/\/www.barcelona-sothebysrealty.com\/wp-content\/uploads\/2023\/10\/sothebys-barcelona-logo-3.png\",\"width\":274,\"height\":274,\"caption\":\"Barcelona Sotheby's Realty\"},\"image\":{\"@id\":\"https:\/\/www.barcelona-sothebysrealty.com\/es\/#logo\"}},{\"@type\":\"WebSite\",\"@id\":\"https:\/\/www.barcelona-sothebysrealty.com\/es\/#website\",\"url\":\"https:\/\/www.barcelona-sothebysrealty.com\/es\/\",\"name\":\"Barcelona Sotheby&#039;s\",\"description\":\"Otro sitio realizado con WordPress\",\"publisher\":{\"@id\":\"https:\/\/www.barcelona-sothebysrealty.com\/es\/#organization\"},\"potentialAction\":[{\"@type\":\"SearchAction\",\"target\":{\"@type\":\"EntryPoint\",\"urlTemplate\":\"https:\/\/www.barcelona-sothebysrealty.com\/es\/?s={search_term_string}\"},\"query-input\":\"required name=search_term_string\"}],\"inLanguage\":\"es\"},{\"@type\":\"WebPage\",\"@id\":\"https:\/\/www.barcelona-sothebysrealty.com\/es\/pisos-venta\/barcelona\/gracia\/#webpage\",\"url\":\"https:\/\/www.barcelona-sothebysrealty.com\/es\/pisos-venta\/barcelona\/gracia\/\",\"name\":\"Pisos de lujo en Gr\\u00e0cia - Barcelona Sotheby&#039;s\",\"isPartOf\":{\"@id\":\"https:\/\/www.barcelona-sothebysrealty.com\/es\/#website\"},\"datePublished\":\"2020-12-01T11:49:42+00:00\",\"dateModified\":\"2024-02-28T09:58:07+00:00\",\"breadcrumb\":{\"@id\":\"https:\/\/www.barcelona-sothebysrealty.com\/es\/pisos-venta\/barcelona\/gracia\/#breadcrumb\"},\"inLanguage\":\"es\",\"potentialAction\":[{\"@type\":\"ReadAction\",\"target\":[\"https:\/\/www.barcelona-sothebysrealty.com\/es\/pisos-venta\/barcelona\/gracia\/\"]}]},{\"@type\":\"BreadcrumbList\",\"@id\":\"https:\/\/www.barcelona-sothebysrealty.com\/es\/pisos-venta\/barcelona\/gracia\/#breadcrumb\",\"itemListElement\":[{\"@type\":\"ListItem\",\"position\":1,\"name\":\"Portada\",\"item\":\"https:\/\/www.barcelona-sothebysrealty.com\/es\/\"},{\"@type\":\"ListItem\",\"position\":2,\"name\":\"Barcelona y Costa Brava &#8211; Compra y venta de pisos y lujo\",\"item\":\"https:\/\/www.barcelona-sothebysrealty.com\/es\/pisos-venta\/\"},{\"@type\":\"ListItem\",\"position\":3,\"name\":\"Pisos de lujo en Barcelona\",\"item\":\"https:\/\/www.barcelona-sothebysrealty.com\/es\/pisos-venta\/barcelona\/\"},{\"@type\":\"ListItem\",\"position\":4,\"name\":\"Pisos de lujo en Gr\\u00e0cia\"}]}]}<\/script>\n<!-- \/ Yoast SEO plugin. -->","yoast_head_json":{"robots":{"index":"index","follow":"follow","max-snippet":"max-snippet:-1","max-image-preview":"max-image-preview:large","max-video-preview":"max-video-preview:-1"},"og_locale":"es_ES","og_type":"article","og_title":"Pisos de lujo en Gr\u00e0cia - Barcelona Sotheby&#039;s","og_description":"Considerado uno de los barrios m\u00e1s singulares de Barcelona, Gr\u00e0cia ha sabido mantener su antigua esencia de pueblo. Con unaLlegir M\u00e9s","og_url":"https:\/\/www.barcelona-sothebysrealty.com\/es\/pisos-venta\/barcelona\/gracia\/","og_site_name":"Barcelona Sotheby's Realty","article_modified_time":"2024-02-28T09:58:07+00:00","twitter_card":"summary_large_image","twitter_misc":{"Tiempo de lectura":"1 minuto"},"schema":{"@context":"https:\/\/schema.org","@graph":[{"@type":"Organization","@id":"https:\/\/www.barcelona-sothebysrealty.com\/es\/#organization","name":"Barcelona Sotheby's Realty","url":"https:\/\/www.barcelona-sothebysrealty.com\/es\/","sameAs":[],"logo":{"@type":"ImageObject","@id":"https:\/\/www.barcelona-sothebysrealty.com\/es\/#logo","inLanguage":"es","url":"https:\/\/www.barcelona-sothebysrealty.com\/wp-content\/uploads\/2023\/10\/sothebys-barcelona-logo-3.png","contentUrl":"https:\/\/www.barcelona-sothebysrealty.com\/wp-content\/uploads\/2023\/10\/sothebys-barcelona-logo-3.png","width":274,"height":274,"caption":"Barcelona Sotheby's Realty"},"image":{"@id":"https:\/\/www.barcelona-sothebysrealty.com\/es\/#logo"}},{"@type":"WebSite","@id":"https:\/\/www.barcelona-sothebysrealty.com\/es\/#website","url":"https:\/\/www.barcelona-sothebysrealty.com\/es\/","name":"Barcelona Sotheby&#039;s","description":"Otro sitio realizado con WordPress","publisher":{"@id":"https:\/\/www.barcelona-sothebysrealty.com\/es\/#organization"},"potentialAction":[{"@type":"SearchAction","target":{"@type":"EntryPoint","urlTemplate":"https:\/\/www.barcelona-sothebysrealty.com\/es\/?s={search_term_string}"},"query-input":"required name=search_term_string"}],"inLanguage":"es"},{"@type":"WebPage","@id":"https:\/\/www.barcelona-sothebysrealty.com\/es\/pisos-venta\/barcelona\/gracia\/#webpage","url":"https:\/\/www.barcelona-sothebysrealty.com\/es\/pisos-venta\/barcelona\/gracia\/","name":"Pisos de lujo en Gr\u00e0cia - Barcelona Sotheby&#039;s","isPartOf":{"@id":"https:\/\/www.barcelona-sothebysrealty.com\/es\/#website"},"datePublished":"2020-12-01T11:49:42+00:00","dateModified":"2024-02-28T09:58:07+00:00","breadcrumb":{"@id":"https:\/\/www.barcelona-sothebysrealty.com\/es\/pisos-venta\/barcelona\/gracia\/#breadcrumb"},"inLanguage":"es","potentialAction":[{"@type":"ReadAction","target":["https:\/\/www.barcelona-sothebysrealty.com\/es\/pisos-venta\/barcelona\/gracia\/"]}]},{"@type":"BreadcrumbList","@id":"https:\/\/www.barcelona-sothebysrealty.com\/es\/pisos-venta\/barcelona\/gracia\/#breadcrumb","itemListElement":[{"@type":"ListItem","position":1,"name":"Portada","item":"https:\/\/www.barcelona-sothebysrealty.com\/es\/"},{"@type":"ListItem","position":2,"name":"Barcelona y Costa Brava &#8211; Compra y venta de pisos y lujo","item":"https:\/\/www.barcelona-sothebysrealty.com\/es\/pisos-venta\/"},{"@type":"ListItem","position":3,"name":"Pisos de lujo en Barcelona","item":"https:\/\/www.barcelona-sothebysrealty.com\/es\/pisos-venta\/barcelona\/"},{"@type":"ListItem","position":4,"name":"Pisos de lujo en Gr\u00e0cia"}]}]}},"_links":{"self":[{"href":"https:\/\/www.barcelona-sothebysrealty.com\/es\/wp-json\/wp\/v2\/pages\/93314"}],"collection":[{"href":"https:\/\/www.barcelona-sothebysrealty.com\/es\/wp-json\/wp\/v2\/pages"}],"about":[{"href":"https:\/\/www.barcelona-sothebysrealty.com\/es\/wp-json\/wp\/v2\/types\/page"}],"author":[{"embeddable":true,"href":"https:\/\/www.barcelona-sothebysrealty.com\/es\/wp-json\/wp\/v2\/users\/2"}],"replies":[{"embeddable":true,"href":"https:\/\/www.barcelona-sothebysrealty.com\/es\/wp-json\/wp\/v2\/comments?post=93314"}],"version-history":[{"count":0,"href":"https:\/\/www.barcelona-sothebysrealty.com\/es\/wp-json\/wp\/v2\/pages\/93314\/revisions"}],"up":[{"embeddable":true,"href":"https:\/\/www.barcelona-sothebysrealty.com\/es\/wp-json\/wp\/v2\/pages\/93302"}],"wp:attachment":[{"href":"https:\/\/www.barcelona-sothebysrealty.com\/es\/wp-json\/wp\/v2\/media?parent=93314"}],"curies":[{"name":"wp","href":"https:\/\/api.w.org\/{rel}","templated":true}]}}