{"id":93350,"date":"2020-12-03T09:00:27","date_gmt":"2020-12-03T08:00:27","guid":{"rendered":"https:\/\/xanatis.com\/~barcelonasotheby\/?page_id=93350"},"modified":"2021-03-04T17:05:18","modified_gmt":"2021-03-04T16:05:18","slug":"barcelona","status":"publish","type":"page","link":"https:\/\/www.barcelona-sothebysrealty.com\/es\/casas-venta\/barcelona\/","title":{"rendered":"Casas de lujo en venta en Barcelona"},"content":{"rendered":"<p>En Barcelona Sotheby&#8217;s International Realty somos especialistas en la compra y venta de inmuebles residenciales y en la promoci\u00f3n de proyectos de obra nueva. En nuestro cat\u00e1logo puede encontrar diferentes tipos de propiedades para satisfacer todo tipo de intereses y necesidades.<\/p>\n<p>Las <strong>casas de lujo en Barcelona<\/strong> son uno de los inmuebles m\u00e1s solicitados entre nuestros exigentes clientes, quienes buscan incre\u00edbles fincas con jard\u00edn, espacios residenciales con piscinas u hogares tranquilos alejados del centro de la ciudad pero con todos los servicios al alcance de la mano. De diferentes estilos arquitect\u00f3nicos, entre nuestras casas en venta en Barcelona podr\u00e1 encontrar mansiones con acabados cl\u00e1sicos, espacios de inspiraci\u00f3n minimalista o fincas donde la luz natural es lo m\u00e1s importante.<\/p>\n","protected":false},"excerpt":{"rendered":"<p>En Barcelona Sotheby&#8217;s International Realty somos especialistas en la compra y venta de inmuebles residenciales y en la promoci\u00f3n de<a class=\"more-link\" href=\"https:\/\/www.barcelona-sothebysrealty.com\/es\/casas-venta\/barcelona\/\">Llegir M\u00e9s<\/a><\/p>\n","protected":false},"author":2,"featured_media":0,"parent":93346,"menu_order":0,"comment_status":"closed","ping_status":"closed","template":"page-listado.php","meta":[],"yoast_head":"<!-- This site is optimized with the Yoast SEO plugin v17.1 - https:\/\/yoast.com\/wordpress\/plugins\/seo\/ -->\n<meta name=\"robots\" content=\"index, follow, max-snippet:-1, max-image-preview:large, max-video-preview:-1\" \/>\n<meta property=\"og:locale\" content=\"es_ES\" \/>\n<meta property=\"og:type\" content=\"article\" \/>\n<meta property=\"og:title\" content=\"Casas de lujo en venta en Barcelona - Barcelona Sotheby&#039;s\" \/>\n<meta property=\"og:description\" content=\"En Barcelona Sotheby&#8217;s International Realty somos especialistas en la compra y venta de inmuebles residenciales y en la promoci\u00f3n deLlegir M\u00e9s\" \/>\n<meta property=\"og:url\" content=\"https:\/\/www.barcelona-sothebysrealty.com\/es\/casas-venta\/barcelona\/\" \/>\n<meta property=\"og:site_name\" content=\"Barcelona Sotheby&#039;s Realty\" \/>\n<meta property=\"article:modified_time\" content=\"2021-03-04T16:05:18+00:00\" \/>\n<meta name=\"twitter:card\" content=\"summary_large_image\" \/>\n<meta name=\"twitter:label1\" content=\"Tiempo de lectura\" \/>\n\t<meta name=\"twitter:data1\" content=\"1 minuto\" \/>\n<script type=\"application\/ld+json\" class=\"yoast-schema-graph\">{\"@context\":\"https:\/\/schema.org\",\"@graph\":[{\"@type\":\"Organization\",\"@id\":\"https:\/\/www.barcelona-sothebysrealty.com\/es\/#organization\",\"name\":\"Barcelona Sotheby's Realty\",\"url\":\"https:\/\/www.barcelona-sothebysrealty.com\/es\/\",\"sameAs\":[],\"logo\":{\"@type\":\"ImageObject\",\"@id\":\"https:\/\/www.barcelona-sothebysrealty.com\/es\/#logo\",\"inLanguage\":\"es\",\"url\":\"https:\/\/www.barcelona-sothebysrealty.com\/wp-content\/uploads\/2023\/10\/sothebys-barcelona-logo-3.png\",\"contentUrl\":\"https:\/\/www.barcelona-sothebysrealty.com\/wp-content\/uploads\/2023\/10\/sothebys-barcelona-logo-3.png\",\"width\":274,\"height\":274,\"caption\":\"Barcelona Sotheby's Realty\"},\"image\":{\"@id\":\"https:\/\/www.barcelona-sothebysrealty.com\/es\/#logo\"}},{\"@type\":\"WebSite\",\"@id\":\"https:\/\/www.barcelona-sothebysrealty.com\/es\/#website\",\"url\":\"https:\/\/www.barcelona-sothebysrealty.com\/es\/\",\"name\":\"Barcelona Sotheby&#039;s\",\"description\":\"Otro sitio realizado con WordPress\",\"publisher\":{\"@id\":\"https:\/\/www.barcelona-sothebysrealty.com\/es\/#organization\"},\"potentialAction\":[{\"@type\":\"SearchAction\",\"target\":{\"@type\":\"EntryPoint\",\"urlTemplate\":\"https:\/\/www.barcelona-sothebysrealty.com\/es\/?s={search_term_string}\"},\"query-input\":\"required name=search_term_string\"}],\"inLanguage\":\"es\"},{\"@type\":\"WebPage\",\"@id\":\"https:\/\/www.barcelona-sothebysrealty.com\/es\/casas-venta\/barcelona\/#webpage\",\"url\":\"https:\/\/www.barcelona-sothebysrealty.com\/es\/casas-venta\/barcelona\/\",\"name\":\"Casas de lujo en venta en Barcelona - Barcelona Sotheby&#039;s\",\"isPartOf\":{\"@id\":\"https:\/\/www.barcelona-sothebysrealty.com\/es\/#website\"},\"datePublished\":\"2020-12-03T08:00:27+00:00\",\"dateModified\":\"2021-03-04T16:05:18+00:00\",\"breadcrumb\":{\"@id\":\"https:\/\/www.barcelona-sothebysrealty.com\/es\/casas-venta\/barcelona\/#breadcrumb\"},\"inLanguage\":\"es\",\"potentialAction\":[{\"@type\":\"ReadAction\",\"target\":[\"https:\/\/www.barcelona-sothebysrealty.com\/es\/casas-venta\/barcelona\/\"]}]},{\"@type\":\"BreadcrumbList\",\"@id\":\"https:\/\/www.barcelona-sothebysrealty.com\/es\/casas-venta\/barcelona\/#breadcrumb\",\"itemListElement\":[{\"@type\":\"ListItem\",\"position\":1,\"name\":\"Portada\",\"item\":\"https:\/\/www.barcelona-sothebysrealty.com\/es\/\"},{\"@type\":\"ListItem\",\"position\":2,\"name\":\"Barcelona y Costa Brava &#8211; Compra y venta de casas de lujo\",\"item\":\"https:\/\/www.barcelona-sothebysrealty.com\/es\/casas-venta\/\"},{\"@type\":\"ListItem\",\"position\":3,\"name\":\"Casas de lujo en venta en Barcelona\"}]}]}<\/script>\n<!-- \/ Yoast SEO plugin. -->","yoast_head_json":{"robots":{"index":"index","follow":"follow","max-snippet":"max-snippet:-1","max-image-preview":"max-image-preview:large","max-video-preview":"max-video-preview:-1"},"og_locale":"es_ES","og_type":"article","og_title":"Casas de lujo en venta en Barcelona - Barcelona Sotheby&#039;s","og_description":"En Barcelona Sotheby&#8217;s International Realty somos especialistas en la compra y venta de inmuebles residenciales y en la promoci\u00f3n deLlegir M\u00e9s","og_url":"https:\/\/www.barcelona-sothebysrealty.com\/es\/casas-venta\/barcelona\/","og_site_name":"Barcelona Sotheby's Realty","article_modified_time":"2021-03-04T16:05:18+00:00","twitter_card":"summary_large_image","twitter_misc":{"Tiempo de lectura":"1 minuto"},"schema":{"@context":"https:\/\/schema.org","@graph":[{"@type":"Organization","@id":"https:\/\/www.barcelona-sothebysrealty.com\/es\/#organization","name":"Barcelona Sotheby's Realty","url":"https:\/\/www.barcelona-sothebysrealty.com\/es\/","sameAs":[],"logo":{"@type":"ImageObject","@id":"https:\/\/www.barcelona-sothebysrealty.com\/es\/#logo","inLanguage":"es","url":"https:\/\/www.barcelona-sothebysrealty.com\/wp-content\/uploads\/2023\/10\/sothebys-barcelona-logo-3.png","contentUrl":"https:\/\/www.barcelona-sothebysrealty.com\/wp-content\/uploads\/2023\/10\/sothebys-barcelona-logo-3.png","width":274,"height":274,"caption":"Barcelona Sotheby's Realty"},"image":{"@id":"https:\/\/www.barcelona-sothebysrealty.com\/es\/#logo"}},{"@type":"WebSite","@id":"https:\/\/www.barcelona-sothebysrealty.com\/es\/#website","url":"https:\/\/www.barcelona-sothebysrealty.com\/es\/","name":"Barcelona Sotheby&#039;s","description":"Otro sitio realizado con WordPress","publisher":{"@id":"https:\/\/www.barcelona-sothebysrealty.com\/es\/#organization"},"potentialAction":[{"@type":"SearchAction","target":{"@type":"EntryPoint","urlTemplate":"https:\/\/www.barcelona-sothebysrealty.com\/es\/?s={search_term_string}"},"query-input":"required name=search_term_string"}],"inLanguage":"es"},{"@type":"WebPage","@id":"https:\/\/www.barcelona-sothebysrealty.com\/es\/casas-venta\/barcelona\/#webpage","url":"https:\/\/www.barcelona-sothebysrealty.com\/es\/casas-venta\/barcelona\/","name":"Casas de lujo en venta en Barcelona - Barcelona Sotheby&#039;s","isPartOf":{"@id":"https:\/\/www.barcelona-sothebysrealty.com\/es\/#website"},"datePublished":"2020-12-03T08:00:27+00:00","dateModified":"2021-03-04T16:05:18+00:00","breadcrumb":{"@id":"https:\/\/www.barcelona-sothebysrealty.com\/es\/casas-venta\/barcelona\/#breadcrumb"},"inLanguage":"es","potentialAction":[{"@type":"ReadAction","target":["https:\/\/www.barcelona-sothebysrealty.com\/es\/casas-venta\/barcelona\/"]}]},{"@type":"BreadcrumbList","@id":"https:\/\/www.barcelona-sothebysrealty.com\/es\/casas-venta\/barcelona\/#breadcrumb","itemListElement":[{"@type":"ListItem","position":1,"name":"Portada","item":"https:\/\/www.barcelona-sothebysrealty.com\/es\/"},{"@type":"ListItem","position":2,"name":"Barcelona y Costa Brava &#8211; Compra y venta de casas de lujo","item":"https:\/\/www.barcelona-sothebysrealty.com\/es\/casas-venta\/"},{"@type":"ListItem","position":3,"name":"Casas de lujo en venta en Barcelona"}]}]}},"_links":{"self":[{"href":"https:\/\/www.barcelona-sothebysrealty.com\/es\/wp-json\/wp\/v2\/pages\/93350"}],"collection":[{"href":"https:\/\/www.barcelona-sothebysrealty.com\/es\/wp-json\/wp\/v2\/pages"}],"about":[{"href":"https:\/\/www.barcelona-sothebysrealty.com\/es\/wp-json\/wp\/v2\/types\/page"}],"author":[{"embeddable":true,"href":"https:\/\/www.barcelona-sothebysrealty.com\/es\/wp-json\/wp\/v2\/users\/2"}],"replies":[{"embeddable":true,"href":"https:\/\/www.barcelona-sothebysrealty.com\/es\/wp-json\/wp\/v2\/comments?post=93350"}],"version-history":[{"count":0,"href":"https:\/\/www.barcelona-sothebysrealty.com\/es\/wp-json\/wp\/v2\/pages\/93350\/revisions"}],"up":[{"embeddable":true,"href":"https:\/\/www.barcelona-sothebysrealty.com\/es\/wp-json\/wp\/v2\/pages\/93346"}],"wp:attachment":[{"href":"https:\/\/www.barcelona-sothebysrealty.com\/es\/wp-json\/wp\/v2\/media?parent=93350"}],"curies":[{"name":"wp","href":"https:\/\/api.w.org\/{rel}","templated":true}]}}