{"id":93400,"date":"2020-12-03T11:47:01","date_gmt":"2020-12-03T10:47:01","guid":{"rendered":"https:\/\/xanatis.com\/~barcelonasotheby\/?page_id=93400"},"modified":"2023-12-15T10:04:42","modified_gmt":"2023-12-15T09:04:42","slug":"sarria","status":"publish","type":"page","link":"https:\/\/www.barcelona-sothebysrealty.com\/es\/aticos-venta\/barcelona\/sarria\/","title":{"rendered":"\u00c1ticos de lujo en Sarri\u00e0 Barcelona"},"content":{"rendered":"<p>En Barcelona Sotheby&#8217;s International Realty encontrar\u00e1 un equipo de especialistas asesores que le ayudar\u00e1n en la compra y venta de <strong>\u00e1ticos en Sarri\u00e0,<\/strong> tanto de inmuebles residenciales listos para entrar a vivir como de proyectos de obra nueva en construcci\u00f3n. Construidos en fincas modernistas, concebidos como espacios minimalistas o con unas espectaculares vistas a la ciudad, los \u00e1ticos en la ciudad catalana son una de las propiedades m\u00e1s codiciadas.<\/p>\n<p>Si est\u00e1 buscando <strong>\u00e1ticos de lujo en Sarri\u00e0<\/strong> no dude en ponerse en contacto con nosotros. En nuestro \u00e1mplio cat\u00e1logo encontrar\u00e1 los mejores \u00e1ticos de lujo en Sarri\u00e0.<\/p>\n<p>Todas las fincas han sido seleccionadas siguiendo los m\u00e1s altos est\u00e1ndares de calidad, con el objetivo de satisfacer los intereses y el bienestar de nuestros clientes.<\/p>\n","protected":false},"excerpt":{"rendered":"<p>En Barcelona Sotheby&#8217;s International Realty encontrar\u00e1 un equipo de especialistas asesores que le ayudar\u00e1n en la compra y venta de<a class=\"more-link\" href=\"https:\/\/www.barcelona-sothebysrealty.com\/es\/aticos-venta\/barcelona\/sarria\/\">Llegir M\u00e9s<\/a><\/p>\n","protected":false},"author":2,"featured_media":0,"parent":93388,"menu_order":0,"comment_status":"closed","ping_status":"closed","template":"page-listado.php","meta":[],"yoast_head":"<!-- This site is optimized with the Yoast SEO plugin v17.1 - https:\/\/yoast.com\/wordpress\/plugins\/seo\/ -->\n<meta name=\"robots\" content=\"index, follow, max-snippet:-1, max-image-preview:large, max-video-preview:-1\" \/>\n<meta property=\"og:locale\" content=\"es_ES\" \/>\n<meta property=\"og:type\" content=\"article\" \/>\n<meta property=\"og:title\" content=\"\u00c1ticos de lujo en Sarri\u00e0 Barcelona - Barcelona Sotheby&#039;s\" \/>\n<meta property=\"og:description\" content=\"En Barcelona Sotheby&#8217;s International Realty encontrar\u00e1 un equipo de especialistas asesores que le ayudar\u00e1n en la compra y venta deLlegir M\u00e9s\" \/>\n<meta property=\"og:url\" content=\"https:\/\/www.barcelona-sothebysrealty.com\/es\/aticos-venta\/barcelona\/sarria\/\" \/>\n<meta property=\"og:site_name\" content=\"Barcelona Sotheby&#039;s Realty\" \/>\n<meta property=\"article:modified_time\" content=\"2023-12-15T09:04:42+00:00\" \/>\n<meta name=\"twitter:card\" content=\"summary_large_image\" \/>\n<meta name=\"twitter:label1\" content=\"Tiempo de lectura\" \/>\n\t<meta name=\"twitter:data1\" content=\"1 minuto\" \/>\n<script type=\"application\/ld+json\" class=\"yoast-schema-graph\">{\"@context\":\"https:\/\/schema.org\",\"@graph\":[{\"@type\":\"Organization\",\"@id\":\"https:\/\/www.barcelona-sothebysrealty.com\/es\/#organization\",\"name\":\"Barcelona Sotheby's Realty\",\"url\":\"https:\/\/www.barcelona-sothebysrealty.com\/es\/\",\"sameAs\":[],\"logo\":{\"@type\":\"ImageObject\",\"@id\":\"https:\/\/www.barcelona-sothebysrealty.com\/es\/#logo\",\"inLanguage\":\"es\",\"url\":\"https:\/\/www.barcelona-sothebysrealty.com\/wp-content\/uploads\/2023\/10\/sothebys-barcelona-logo-3.png\",\"contentUrl\":\"https:\/\/www.barcelona-sothebysrealty.com\/wp-content\/uploads\/2023\/10\/sothebys-barcelona-logo-3.png\",\"width\":274,\"height\":274,\"caption\":\"Barcelona Sotheby's Realty\"},\"image\":{\"@id\":\"https:\/\/www.barcelona-sothebysrealty.com\/es\/#logo\"}},{\"@type\":\"WebSite\",\"@id\":\"https:\/\/www.barcelona-sothebysrealty.com\/es\/#website\",\"url\":\"https:\/\/www.barcelona-sothebysrealty.com\/es\/\",\"name\":\"Barcelona Sotheby&#039;s\",\"description\":\"Otro sitio realizado con WordPress\",\"publisher\":{\"@id\":\"https:\/\/www.barcelona-sothebysrealty.com\/es\/#organization\"},\"potentialAction\":[{\"@type\":\"SearchAction\",\"target\":{\"@type\":\"EntryPoint\",\"urlTemplate\":\"https:\/\/www.barcelona-sothebysrealty.com\/es\/?s={search_term_string}\"},\"query-input\":\"required name=search_term_string\"}],\"inLanguage\":\"es\"},{\"@type\":\"WebPage\",\"@id\":\"https:\/\/www.barcelona-sothebysrealty.com\/es\/aticos-venta\/barcelona\/sarria\/#webpage\",\"url\":\"https:\/\/www.barcelona-sothebysrealty.com\/es\/aticos-venta\/barcelona\/sarria\/\",\"name\":\"\\u00c1ticos de lujo en Sarri\\u00e0 Barcelona - Barcelona Sotheby&#039;s\",\"isPartOf\":{\"@id\":\"https:\/\/www.barcelona-sothebysrealty.com\/es\/#website\"},\"datePublished\":\"2020-12-03T10:47:01+00:00\",\"dateModified\":\"2023-12-15T09:04:42+00:00\",\"breadcrumb\":{\"@id\":\"https:\/\/www.barcelona-sothebysrealty.com\/es\/aticos-venta\/barcelona\/sarria\/#breadcrumb\"},\"inLanguage\":\"es\",\"potentialAction\":[{\"@type\":\"ReadAction\",\"target\":[\"https:\/\/www.barcelona-sothebysrealty.com\/es\/aticos-venta\/barcelona\/sarria\/\"]}]},{\"@type\":\"BreadcrumbList\",\"@id\":\"https:\/\/www.barcelona-sothebysrealty.com\/es\/aticos-venta\/barcelona\/sarria\/#breadcrumb\",\"itemListElement\":[{\"@type\":\"ListItem\",\"position\":1,\"name\":\"Portada\",\"item\":\"https:\/\/www.barcelona-sothebysrealty.com\/es\/\"},{\"@type\":\"ListItem\",\"position\":2,\"name\":\"\\u00c1ticos en venta Barcelona &#8211; Compra y venta de \\u00e1ticos de lujo\",\"item\":\"https:\/\/www.barcelona-sothebysrealty.com\/es\/aticos-venta\/\"},{\"@type\":\"ListItem\",\"position\":3,\"name\":\"\\u00c1ticos de lujo en Barcelona\",\"item\":\"https:\/\/www.barcelona-sothebysrealty.com\/es\/aticos-venta\/barcelona\/\"},{\"@type\":\"ListItem\",\"position\":4,\"name\":\"\\u00c1ticos de lujo en Sarri\\u00e0 Barcelona\"}]}]}<\/script>\n<!-- \/ Yoast SEO plugin. -->","yoast_head_json":{"robots":{"index":"index","follow":"follow","max-snippet":"max-snippet:-1","max-image-preview":"max-image-preview:large","max-video-preview":"max-video-preview:-1"},"og_locale":"es_ES","og_type":"article","og_title":"\u00c1ticos de lujo en Sarri\u00e0 Barcelona - Barcelona Sotheby&#039;s","og_description":"En Barcelona Sotheby&#8217;s International Realty encontrar\u00e1 un equipo de especialistas asesores que le ayudar\u00e1n en la compra y venta deLlegir M\u00e9s","og_url":"https:\/\/www.barcelona-sothebysrealty.com\/es\/aticos-venta\/barcelona\/sarria\/","og_site_name":"Barcelona Sotheby's Realty","article_modified_time":"2023-12-15T09:04:42+00:00","twitter_card":"summary_large_image","twitter_misc":{"Tiempo de lectura":"1 minuto"},"schema":{"@context":"https:\/\/schema.org","@graph":[{"@type":"Organization","@id":"https:\/\/www.barcelona-sothebysrealty.com\/es\/#organization","name":"Barcelona Sotheby's Realty","url":"https:\/\/www.barcelona-sothebysrealty.com\/es\/","sameAs":[],"logo":{"@type":"ImageObject","@id":"https:\/\/www.barcelona-sothebysrealty.com\/es\/#logo","inLanguage":"es","url":"https:\/\/www.barcelona-sothebysrealty.com\/wp-content\/uploads\/2023\/10\/sothebys-barcelona-logo-3.png","contentUrl":"https:\/\/www.barcelona-sothebysrealty.com\/wp-content\/uploads\/2023\/10\/sothebys-barcelona-logo-3.png","width":274,"height":274,"caption":"Barcelona Sotheby's Realty"},"image":{"@id":"https:\/\/www.barcelona-sothebysrealty.com\/es\/#logo"}},{"@type":"WebSite","@id":"https:\/\/www.barcelona-sothebysrealty.com\/es\/#website","url":"https:\/\/www.barcelona-sothebysrealty.com\/es\/","name":"Barcelona Sotheby&#039;s","description":"Otro sitio realizado con WordPress","publisher":{"@id":"https:\/\/www.barcelona-sothebysrealty.com\/es\/#organization"},"potentialAction":[{"@type":"SearchAction","target":{"@type":"EntryPoint","urlTemplate":"https:\/\/www.barcelona-sothebysrealty.com\/es\/?s={search_term_string}"},"query-input":"required name=search_term_string"}],"inLanguage":"es"},{"@type":"WebPage","@id":"https:\/\/www.barcelona-sothebysrealty.com\/es\/aticos-venta\/barcelona\/sarria\/#webpage","url":"https:\/\/www.barcelona-sothebysrealty.com\/es\/aticos-venta\/barcelona\/sarria\/","name":"\u00c1ticos de lujo en Sarri\u00e0 Barcelona - Barcelona Sotheby&#039;s","isPartOf":{"@id":"https:\/\/www.barcelona-sothebysrealty.com\/es\/#website"},"datePublished":"2020-12-03T10:47:01+00:00","dateModified":"2023-12-15T09:04:42+00:00","breadcrumb":{"@id":"https:\/\/www.barcelona-sothebysrealty.com\/es\/aticos-venta\/barcelona\/sarria\/#breadcrumb"},"inLanguage":"es","potentialAction":[{"@type":"ReadAction","target":["https:\/\/www.barcelona-sothebysrealty.com\/es\/aticos-venta\/barcelona\/sarria\/"]}]},{"@type":"BreadcrumbList","@id":"https:\/\/www.barcelona-sothebysrealty.com\/es\/aticos-venta\/barcelona\/sarria\/#breadcrumb","itemListElement":[{"@type":"ListItem","position":1,"name":"Portada","item":"https:\/\/www.barcelona-sothebysrealty.com\/es\/"},{"@type":"ListItem","position":2,"name":"\u00c1ticos en venta Barcelona &#8211; Compra y venta de \u00e1ticos de lujo","item":"https:\/\/www.barcelona-sothebysrealty.com\/es\/aticos-venta\/"},{"@type":"ListItem","position":3,"name":"\u00c1ticos de lujo en Barcelona","item":"https:\/\/www.barcelona-sothebysrealty.com\/es\/aticos-venta\/barcelona\/"},{"@type":"ListItem","position":4,"name":"\u00c1ticos de lujo en Sarri\u00e0 Barcelona"}]}]}},"_links":{"self":[{"href":"https:\/\/www.barcelona-sothebysrealty.com\/es\/wp-json\/wp\/v2\/pages\/93400"}],"collection":[{"href":"https:\/\/www.barcelona-sothebysrealty.com\/es\/wp-json\/wp\/v2\/pages"}],"about":[{"href":"https:\/\/www.barcelona-sothebysrealty.com\/es\/wp-json\/wp\/v2\/types\/page"}],"author":[{"embeddable":true,"href":"https:\/\/www.barcelona-sothebysrealty.com\/es\/wp-json\/wp\/v2\/users\/2"}],"replies":[{"embeddable":true,"href":"https:\/\/www.barcelona-sothebysrealty.com\/es\/wp-json\/wp\/v2\/comments?post=93400"}],"version-history":[{"count":0,"href":"https:\/\/www.barcelona-sothebysrealty.com\/es\/wp-json\/wp\/v2\/pages\/93400\/revisions"}],"up":[{"embeddable":true,"href":"https:\/\/www.barcelona-sothebysrealty.com\/es\/wp-json\/wp\/v2\/pages\/93388"}],"wp:attachment":[{"href":"https:\/\/www.barcelona-sothebysrealty.com\/es\/wp-json\/wp\/v2\/media?parent=93400"}],"curies":[{"name":"wp","href":"https:\/\/api.w.org\/{rel}","templated":true}]}}