{"id":93453,"date":"2020-12-23T13:37:42","date_gmt":"2020-12-23T12:37:42","guid":{"rendered":"https:\/\/xanatis.com\/~barcelonasotheby\/?page_id=93453"},"modified":"2024-03-26T17:45:54","modified_gmt":"2024-03-26T16:45:54","slug":"begur","status":"publish","type":"page","link":"https:\/\/www.barcelona-sothebysrealty.com\/es\/pisos-venta\/begur\/","title":{"rendered":"Apartamentos de Lujo en Begur"},"content":{"rendered":"<p>En Sotheby\u2019s Costa Brava centramos nuestros esfuerzos en la compra y venta de inmuebles residenciales y en la promoci\u00f3n de proyectos de obra nueva, todos ubicados en las mejores zonas del litoral gerundense con el objetivo satisfacer a los clientes m\u00e1s exigentes.<\/p>\n<p>En nuestro cat\u00e1logo encontrar\u00e1 exclusivos <strong>apartamentos de lujo en venta en Begur:<\/strong> incre\u00edbles fincas frente al mar, propiedades \u00fanicas con jard\u00edn o inmuebles con luz natural y unas vistas inigualables. Todos seleccionados cumpliendo nuestros m\u00e1s exigentes est\u00e1ndares, pensando en el bienestar y el inter\u00e9s de los futuros propietarios o inversores.<\/p>\n<p>De entre todo nuestro porfolio destacan especialmente los <strong>apartamentos en Begur con piscina,<\/strong> fincas con jard\u00edn para poder disfrutar del entorno de forma tranquila y relajada, especialmente para aquellos amantes del agua.<\/p>\n","protected":false},"excerpt":{"rendered":"<p>En Sotheby\u2019s Costa Brava centramos nuestros esfuerzos en la compra y venta de inmuebles residenciales y en la promoci\u00f3n de<a class=\"more-link\" href=\"https:\/\/www.barcelona-sothebysrealty.com\/es\/pisos-venta\/begur\/\">Llegir M\u00e9s<\/a><\/p>\n","protected":false},"author":2,"featured_media":0,"parent":93296,"menu_order":0,"comment_status":"closed","ping_status":"closed","template":"page-listado.php","meta":[],"yoast_head":"<!-- This site is optimized with the Yoast SEO plugin v17.1 - https:\/\/yoast.com\/wordpress\/plugins\/seo\/ -->\n<meta name=\"robots\" content=\"index, follow, max-snippet:-1, max-image-preview:large, max-video-preview:-1\" \/>\n<meta property=\"og:locale\" content=\"es_ES\" \/>\n<meta property=\"og:type\" content=\"article\" \/>\n<meta property=\"og:title\" content=\"Apartamentos de Lujo en Begur - Barcelona Sotheby&#039;s\" \/>\n<meta property=\"og:description\" content=\"En Sotheby\u2019s Costa Brava centramos nuestros esfuerzos en la compra y venta de inmuebles residenciales y en la promoci\u00f3n deLlegir M\u00e9s\" \/>\n<meta property=\"og:url\" content=\"https:\/\/www.barcelona-sothebysrealty.com\/es\/pisos-venta\/begur\/\" \/>\n<meta property=\"og:site_name\" content=\"Barcelona Sotheby&#039;s Realty\" \/>\n<meta property=\"article:modified_time\" content=\"2024-03-26T16:45:54+00:00\" \/>\n<meta name=\"twitter:card\" content=\"summary_large_image\" \/>\n<meta name=\"twitter:label1\" content=\"Tiempo de lectura\" \/>\n\t<meta name=\"twitter:data1\" content=\"1 minuto\" \/>\n<script type=\"application\/ld+json\" class=\"yoast-schema-graph\">{\"@context\":\"https:\/\/schema.org\",\"@graph\":[{\"@type\":\"Organization\",\"@id\":\"https:\/\/www.barcelona-sothebysrealty.com\/es\/#organization\",\"name\":\"Barcelona Sotheby's Realty\",\"url\":\"https:\/\/www.barcelona-sothebysrealty.com\/es\/\",\"sameAs\":[],\"logo\":{\"@type\":\"ImageObject\",\"@id\":\"https:\/\/www.barcelona-sothebysrealty.com\/es\/#logo\",\"inLanguage\":\"es\",\"url\":\"https:\/\/www.barcelona-sothebysrealty.com\/wp-content\/uploads\/2023\/10\/sothebys-barcelona-logo-3.png\",\"contentUrl\":\"https:\/\/www.barcelona-sothebysrealty.com\/wp-content\/uploads\/2023\/10\/sothebys-barcelona-logo-3.png\",\"width\":274,\"height\":274,\"caption\":\"Barcelona Sotheby's Realty\"},\"image\":{\"@id\":\"https:\/\/www.barcelona-sothebysrealty.com\/es\/#logo\"}},{\"@type\":\"WebSite\",\"@id\":\"https:\/\/www.barcelona-sothebysrealty.com\/es\/#website\",\"url\":\"https:\/\/www.barcelona-sothebysrealty.com\/es\/\",\"name\":\"Barcelona Sotheby&#039;s\",\"description\":\"Otro sitio realizado con WordPress\",\"publisher\":{\"@id\":\"https:\/\/www.barcelona-sothebysrealty.com\/es\/#organization\"},\"potentialAction\":[{\"@type\":\"SearchAction\",\"target\":{\"@type\":\"EntryPoint\",\"urlTemplate\":\"https:\/\/www.barcelona-sothebysrealty.com\/es\/?s={search_term_string}\"},\"query-input\":\"required name=search_term_string\"}],\"inLanguage\":\"es\"},{\"@type\":\"WebPage\",\"@id\":\"https:\/\/www.barcelona-sothebysrealty.com\/es\/pisos-venta\/begur\/#webpage\",\"url\":\"https:\/\/www.barcelona-sothebysrealty.com\/es\/pisos-venta\/begur\/\",\"name\":\"Apartamentos de Lujo en Begur - Barcelona Sotheby&#039;s\",\"isPartOf\":{\"@id\":\"https:\/\/www.barcelona-sothebysrealty.com\/es\/#website\"},\"datePublished\":\"2020-12-23T12:37:42+00:00\",\"dateModified\":\"2024-03-26T16:45:54+00:00\",\"breadcrumb\":{\"@id\":\"https:\/\/www.barcelona-sothebysrealty.com\/es\/pisos-venta\/begur\/#breadcrumb\"},\"inLanguage\":\"es\",\"potentialAction\":[{\"@type\":\"ReadAction\",\"target\":[\"https:\/\/www.barcelona-sothebysrealty.com\/es\/pisos-venta\/begur\/\"]}]},{\"@type\":\"BreadcrumbList\",\"@id\":\"https:\/\/www.barcelona-sothebysrealty.com\/es\/pisos-venta\/begur\/#breadcrumb\",\"itemListElement\":[{\"@type\":\"ListItem\",\"position\":1,\"name\":\"Portada\",\"item\":\"https:\/\/www.barcelona-sothebysrealty.com\/es\/\"},{\"@type\":\"ListItem\",\"position\":2,\"name\":\"Barcelona y Costa Brava &#8211; Compra y venta de pisos y lujo\",\"item\":\"https:\/\/www.barcelona-sothebysrealty.com\/es\/pisos-venta\/\"},{\"@type\":\"ListItem\",\"position\":3,\"name\":\"Apartamentos de Lujo en Begur\"}]}]}<\/script>\n<!-- \/ Yoast SEO plugin. -->","yoast_head_json":{"robots":{"index":"index","follow":"follow","max-snippet":"max-snippet:-1","max-image-preview":"max-image-preview:large","max-video-preview":"max-video-preview:-1"},"og_locale":"es_ES","og_type":"article","og_title":"Apartamentos de Lujo en Begur - Barcelona Sotheby&#039;s","og_description":"En Sotheby\u2019s Costa Brava centramos nuestros esfuerzos en la compra y venta de inmuebles residenciales y en la promoci\u00f3n deLlegir M\u00e9s","og_url":"https:\/\/www.barcelona-sothebysrealty.com\/es\/pisos-venta\/begur\/","og_site_name":"Barcelona Sotheby's Realty","article_modified_time":"2024-03-26T16:45:54+00:00","twitter_card":"summary_large_image","twitter_misc":{"Tiempo de lectura":"1 minuto"},"schema":{"@context":"https:\/\/schema.org","@graph":[{"@type":"Organization","@id":"https:\/\/www.barcelona-sothebysrealty.com\/es\/#organization","name":"Barcelona Sotheby's Realty","url":"https:\/\/www.barcelona-sothebysrealty.com\/es\/","sameAs":[],"logo":{"@type":"ImageObject","@id":"https:\/\/www.barcelona-sothebysrealty.com\/es\/#logo","inLanguage":"es","url":"https:\/\/www.barcelona-sothebysrealty.com\/wp-content\/uploads\/2023\/10\/sothebys-barcelona-logo-3.png","contentUrl":"https:\/\/www.barcelona-sothebysrealty.com\/wp-content\/uploads\/2023\/10\/sothebys-barcelona-logo-3.png","width":274,"height":274,"caption":"Barcelona Sotheby's Realty"},"image":{"@id":"https:\/\/www.barcelona-sothebysrealty.com\/es\/#logo"}},{"@type":"WebSite","@id":"https:\/\/www.barcelona-sothebysrealty.com\/es\/#website","url":"https:\/\/www.barcelona-sothebysrealty.com\/es\/","name":"Barcelona Sotheby&#039;s","description":"Otro sitio realizado con WordPress","publisher":{"@id":"https:\/\/www.barcelona-sothebysrealty.com\/es\/#organization"},"potentialAction":[{"@type":"SearchAction","target":{"@type":"EntryPoint","urlTemplate":"https:\/\/www.barcelona-sothebysrealty.com\/es\/?s={search_term_string}"},"query-input":"required name=search_term_string"}],"inLanguage":"es"},{"@type":"WebPage","@id":"https:\/\/www.barcelona-sothebysrealty.com\/es\/pisos-venta\/begur\/#webpage","url":"https:\/\/www.barcelona-sothebysrealty.com\/es\/pisos-venta\/begur\/","name":"Apartamentos de Lujo en Begur - Barcelona Sotheby&#039;s","isPartOf":{"@id":"https:\/\/www.barcelona-sothebysrealty.com\/es\/#website"},"datePublished":"2020-12-23T12:37:42+00:00","dateModified":"2024-03-26T16:45:54+00:00","breadcrumb":{"@id":"https:\/\/www.barcelona-sothebysrealty.com\/es\/pisos-venta\/begur\/#breadcrumb"},"inLanguage":"es","potentialAction":[{"@type":"ReadAction","target":["https:\/\/www.barcelona-sothebysrealty.com\/es\/pisos-venta\/begur\/"]}]},{"@type":"BreadcrumbList","@id":"https:\/\/www.barcelona-sothebysrealty.com\/es\/pisos-venta\/begur\/#breadcrumb","itemListElement":[{"@type":"ListItem","position":1,"name":"Portada","item":"https:\/\/www.barcelona-sothebysrealty.com\/es\/"},{"@type":"ListItem","position":2,"name":"Barcelona y Costa Brava &#8211; Compra y venta de pisos y lujo","item":"https:\/\/www.barcelona-sothebysrealty.com\/es\/pisos-venta\/"},{"@type":"ListItem","position":3,"name":"Apartamentos de Lujo en Begur"}]}]}},"_links":{"self":[{"href":"https:\/\/www.barcelona-sothebysrealty.com\/es\/wp-json\/wp\/v2\/pages\/93453"}],"collection":[{"href":"https:\/\/www.barcelona-sothebysrealty.com\/es\/wp-json\/wp\/v2\/pages"}],"about":[{"href":"https:\/\/www.barcelona-sothebysrealty.com\/es\/wp-json\/wp\/v2\/types\/page"}],"author":[{"embeddable":true,"href":"https:\/\/www.barcelona-sothebysrealty.com\/es\/wp-json\/wp\/v2\/users\/2"}],"replies":[{"embeddable":true,"href":"https:\/\/www.barcelona-sothebysrealty.com\/es\/wp-json\/wp\/v2\/comments?post=93453"}],"version-history":[{"count":0,"href":"https:\/\/www.barcelona-sothebysrealty.com\/es\/wp-json\/wp\/v2\/pages\/93453\/revisions"}],"up":[{"embeddable":true,"href":"https:\/\/www.barcelona-sothebysrealty.com\/es\/wp-json\/wp\/v2\/pages\/93296"}],"wp:attachment":[{"href":"https:\/\/www.barcelona-sothebysrealty.com\/es\/wp-json\/wp\/v2\/media?parent=93453"}],"curies":[{"name":"wp","href":"https:\/\/api.w.org\/{rel}","templated":true}]}}