{"id":93507,"date":"2021-01-18T10:23:13","date_gmt":"2021-01-18T09:23:13","guid":{"rendered":"https:\/\/xanatis.com\/~barcelonasotheby\/?page_id=93507"},"modified":"2024-09-19T11:22:22","modified_gmt":"2024-09-19T09:22:22","slug":"inmobiliaria-begur","status":"publish","type":"page","link":"https:\/\/www.barcelona-sothebysrealty.com\/es\/inmobiliaria-begur\/","title":{"rendered":"Inmobiliaria Begur, Propiedades Exclusivas"},"content":{"rendered":"<p>Begur es una joya de la Costa Brava. Presenta un amplio patrimonio hist\u00f3rico-cultural, desde restos de la fortaleza situada en la parte m\u00e1s alta de la ciudad que data del siglo XI hasta las \u00faltimas casas indianas construidas en el siglo XIX. Tambi\u00e9n, Begur posee un litoral repleto de calas y playas de arena fina o peque\u00f1os cantos: Aiguablava, Fornells, Fonda, Sa Tuna, Aiguafreda, Sa Riera e Illa Roja. Todas ellas rodeadas de acantilados y bosques que brindan un encanto sin igual.<\/p>\n<p>En Sotheby&#8217;s Inmobiliaria Begur ofrecemos a nuestros compradores nacionales e internacionales una selecci\u00f3n \u00fanica de propiedades de lujo, casas modernas, villas exclusivas y apartamentos extraordinarios en venta en esta bella ciudad de la parte central de la Costa Brava.<\/p>\n","protected":false},"excerpt":{"rendered":"<p>Begur es una joya de la Costa Brava. Presenta un amplio patrimonio hist\u00f3rico-cultural, desde restos de la fortaleza situada en<a class=\"more-link\" href=\"https:\/\/www.barcelona-sothebysrealty.com\/es\/inmobiliaria-begur\/\">Llegir M\u00e9s<\/a><\/p>\n","protected":false},"author":2,"featured_media":0,"parent":0,"menu_order":0,"comment_status":"closed","ping_status":"closed","template":"page-listado.php","meta":[],"yoast_head":"<!-- This site is optimized with the Yoast SEO plugin v17.1 - https:\/\/yoast.com\/wordpress\/plugins\/seo\/ -->\n<meta name=\"description\" content=\"Compre y venda propiedades exclusivas en Begur con Sotheby&#039;s. Agencia inmobiliaria de lujo para quienes buscan lo extraordinario.\" \/>\n<meta name=\"robots\" content=\"index, follow, max-snippet:-1, max-image-preview:large, max-video-preview:-1\" \/>\n<meta property=\"og:locale\" content=\"es_ES\" \/>\n<meta property=\"og:type\" content=\"article\" \/>\n<meta property=\"og:title\" content=\"Inmobiliaria en Begur | Sotheby&#039;s, Lujo Inmobiliario\" \/>\n<meta property=\"og:description\" content=\"Compre y venda propiedades exclusivas en Begur con Sotheby&#039;s. Agencia inmobiliaria de lujo para quienes buscan lo extraordinario.\" \/>\n<meta property=\"og:url\" content=\"https:\/\/www.barcelona-sothebysrealty.com\/es\/inmobiliaria-begur\/\" \/>\n<meta property=\"og:site_name\" content=\"Barcelona Sotheby&#039;s Realty\" \/>\n<meta property=\"article:modified_time\" content=\"2024-09-19T09:22:22+00:00\" \/>\n<meta name=\"twitter:card\" content=\"summary_large_image\" \/>\n<meta name=\"twitter:label1\" content=\"Tiempo de lectura\" \/>\n\t<meta name=\"twitter:data1\" content=\"1 minuto\" \/>\n<script type=\"application\/ld+json\" class=\"yoast-schema-graph\">{\"@context\":\"https:\/\/schema.org\",\"@graph\":[{\"@type\":\"Organization\",\"@id\":\"https:\/\/www.barcelona-sothebysrealty.com\/es\/#organization\",\"name\":\"Barcelona Sotheby's Realty\",\"url\":\"https:\/\/www.barcelona-sothebysrealty.com\/es\/\",\"sameAs\":[],\"logo\":{\"@type\":\"ImageObject\",\"@id\":\"https:\/\/www.barcelona-sothebysrealty.com\/es\/#logo\",\"inLanguage\":\"es\",\"url\":\"https:\/\/www.barcelona-sothebysrealty.com\/wp-content\/uploads\/2023\/10\/sothebys-barcelona-logo-3.png\",\"contentUrl\":\"https:\/\/www.barcelona-sothebysrealty.com\/wp-content\/uploads\/2023\/10\/sothebys-barcelona-logo-3.png\",\"width\":274,\"height\":274,\"caption\":\"Barcelona Sotheby's Realty\"},\"image\":{\"@id\":\"https:\/\/www.barcelona-sothebysrealty.com\/es\/#logo\"}},{\"@type\":\"WebSite\",\"@id\":\"https:\/\/www.barcelona-sothebysrealty.com\/es\/#website\",\"url\":\"https:\/\/www.barcelona-sothebysrealty.com\/es\/\",\"name\":\"Barcelona Sotheby&#039;s\",\"description\":\"Otro sitio realizado con WordPress\",\"publisher\":{\"@id\":\"https:\/\/www.barcelona-sothebysrealty.com\/es\/#organization\"},\"potentialAction\":[{\"@type\":\"SearchAction\",\"target\":{\"@type\":\"EntryPoint\",\"urlTemplate\":\"https:\/\/www.barcelona-sothebysrealty.com\/es\/?s={search_term_string}\"},\"query-input\":\"required name=search_term_string\"}],\"inLanguage\":\"es\"},{\"@type\":\"WebPage\",\"@id\":\"https:\/\/www.barcelona-sothebysrealty.com\/es\/inmobiliaria-begur\/#webpage\",\"url\":\"https:\/\/www.barcelona-sothebysrealty.com\/es\/inmobiliaria-begur\/\",\"name\":\"Inmobiliaria en Begur | Sotheby's, Lujo Inmobiliario\",\"isPartOf\":{\"@id\":\"https:\/\/www.barcelona-sothebysrealty.com\/es\/#website\"},\"datePublished\":\"2021-01-18T09:23:13+00:00\",\"dateModified\":\"2024-09-19T09:22:22+00:00\",\"description\":\"Compre y venda propiedades exclusivas en Begur con Sotheby's. Agencia inmobiliaria de lujo para quienes buscan lo extraordinario.\",\"breadcrumb\":{\"@id\":\"https:\/\/www.barcelona-sothebysrealty.com\/es\/inmobiliaria-begur\/#breadcrumb\"},\"inLanguage\":\"es\",\"potentialAction\":[{\"@type\":\"ReadAction\",\"target\":[\"https:\/\/www.barcelona-sothebysrealty.com\/es\/inmobiliaria-begur\/\"]}]},{\"@type\":\"BreadcrumbList\",\"@id\":\"https:\/\/www.barcelona-sothebysrealty.com\/es\/inmobiliaria-begur\/#breadcrumb\",\"itemListElement\":[{\"@type\":\"ListItem\",\"position\":1,\"name\":\"Portada\",\"item\":\"https:\/\/www.barcelona-sothebysrealty.com\/es\/\"},{\"@type\":\"ListItem\",\"position\":2,\"name\":\"Inmobiliaria Begur, Propiedades Exclusivas\"}]}]}<\/script>\n<!-- \/ Yoast SEO plugin. -->","yoast_head_json":{"description":"Compre y venda propiedades exclusivas en Begur con Sotheby's. Agencia inmobiliaria de lujo para quienes buscan lo extraordinario.","robots":{"index":"index","follow":"follow","max-snippet":"max-snippet:-1","max-image-preview":"max-image-preview:large","max-video-preview":"max-video-preview:-1"},"og_locale":"es_ES","og_type":"article","og_title":"Inmobiliaria en Begur | Sotheby's, Lujo Inmobiliario","og_description":"Compre y venda propiedades exclusivas en Begur con Sotheby's. Agencia inmobiliaria de lujo para quienes buscan lo extraordinario.","og_url":"https:\/\/www.barcelona-sothebysrealty.com\/es\/inmobiliaria-begur\/","og_site_name":"Barcelona Sotheby's Realty","article_modified_time":"2024-09-19T09:22:22+00:00","twitter_card":"summary_large_image","twitter_misc":{"Tiempo de lectura":"1 minuto"},"schema":{"@context":"https:\/\/schema.org","@graph":[{"@type":"Organization","@id":"https:\/\/www.barcelona-sothebysrealty.com\/es\/#organization","name":"Barcelona Sotheby's Realty","url":"https:\/\/www.barcelona-sothebysrealty.com\/es\/","sameAs":[],"logo":{"@type":"ImageObject","@id":"https:\/\/www.barcelona-sothebysrealty.com\/es\/#logo","inLanguage":"es","url":"https:\/\/www.barcelona-sothebysrealty.com\/wp-content\/uploads\/2023\/10\/sothebys-barcelona-logo-3.png","contentUrl":"https:\/\/www.barcelona-sothebysrealty.com\/wp-content\/uploads\/2023\/10\/sothebys-barcelona-logo-3.png","width":274,"height":274,"caption":"Barcelona Sotheby's Realty"},"image":{"@id":"https:\/\/www.barcelona-sothebysrealty.com\/es\/#logo"}},{"@type":"WebSite","@id":"https:\/\/www.barcelona-sothebysrealty.com\/es\/#website","url":"https:\/\/www.barcelona-sothebysrealty.com\/es\/","name":"Barcelona Sotheby&#039;s","description":"Otro sitio realizado con WordPress","publisher":{"@id":"https:\/\/www.barcelona-sothebysrealty.com\/es\/#organization"},"potentialAction":[{"@type":"SearchAction","target":{"@type":"EntryPoint","urlTemplate":"https:\/\/www.barcelona-sothebysrealty.com\/es\/?s={search_term_string}"},"query-input":"required name=search_term_string"}],"inLanguage":"es"},{"@type":"WebPage","@id":"https:\/\/www.barcelona-sothebysrealty.com\/es\/inmobiliaria-begur\/#webpage","url":"https:\/\/www.barcelona-sothebysrealty.com\/es\/inmobiliaria-begur\/","name":"Inmobiliaria en Begur | Sotheby's, Lujo Inmobiliario","isPartOf":{"@id":"https:\/\/www.barcelona-sothebysrealty.com\/es\/#website"},"datePublished":"2021-01-18T09:23:13+00:00","dateModified":"2024-09-19T09:22:22+00:00","description":"Compre y venda propiedades exclusivas en Begur con Sotheby's. Agencia inmobiliaria de lujo para quienes buscan lo extraordinario.","breadcrumb":{"@id":"https:\/\/www.barcelona-sothebysrealty.com\/es\/inmobiliaria-begur\/#breadcrumb"},"inLanguage":"es","potentialAction":[{"@type":"ReadAction","target":["https:\/\/www.barcelona-sothebysrealty.com\/es\/inmobiliaria-begur\/"]}]},{"@type":"BreadcrumbList","@id":"https:\/\/www.barcelona-sothebysrealty.com\/es\/inmobiliaria-begur\/#breadcrumb","itemListElement":[{"@type":"ListItem","position":1,"name":"Portada","item":"https:\/\/www.barcelona-sothebysrealty.com\/es\/"},{"@type":"ListItem","position":2,"name":"Inmobiliaria Begur, Propiedades Exclusivas"}]}]}},"_links":{"self":[{"href":"https:\/\/www.barcelona-sothebysrealty.com\/es\/wp-json\/wp\/v2\/pages\/93507"}],"collection":[{"href":"https:\/\/www.barcelona-sothebysrealty.com\/es\/wp-json\/wp\/v2\/pages"}],"about":[{"href":"https:\/\/www.barcelona-sothebysrealty.com\/es\/wp-json\/wp\/v2\/types\/page"}],"author":[{"embeddable":true,"href":"https:\/\/www.barcelona-sothebysrealty.com\/es\/wp-json\/wp\/v2\/users\/2"}],"replies":[{"embeddable":true,"href":"https:\/\/www.barcelona-sothebysrealty.com\/es\/wp-json\/wp\/v2\/comments?post=93507"}],"version-history":[{"count":2,"href":"https:\/\/www.barcelona-sothebysrealty.com\/es\/wp-json\/wp\/v2\/pages\/93507\/revisions"}],"predecessor-version":[{"id":8234180,"href":"https:\/\/www.barcelona-sothebysrealty.com\/es\/wp-json\/wp\/v2\/pages\/93507\/revisions\/8234180"}],"wp:attachment":[{"href":"https:\/\/www.barcelona-sothebysrealty.com\/es\/wp-json\/wp\/v2\/media?parent=93507"}],"curies":[{"name":"wp","href":"https:\/\/api.w.org\/{rel}","templated":true}]}}