{"id":93541,"date":"2021-02-01T15:21:18","date_gmt":"2021-02-01T14:21:18","guid":{"rendered":"https:\/\/xanatis.com\/~barcelonasotheby\/?page_id=93541"},"modified":"2023-12-14T15:05:19","modified_gmt":"2023-12-14T14:05:19","slug":"cabrils","status":"publish","type":"page","link":"https:\/\/www.barcelona-sothebysrealty.com\/es\/viviendas-venta\/maresme\/cabrils\/","title":{"rendered":"Viviendas en venta Cabrils"},"content":{"rendered":"<p>Cabrils y Cabrera representan la perfecta combinaci\u00f3n entre mar y monta\u00f1a. Emplazados en un entorno natural repleto de zonas verdes y playas de arena blanca, ambos municipios son lim\u00edtrofes y est\u00e1n enclavados en id\u00edlicos valles ubicados a tan s\u00f3lo 30 minutos del centro de Barcelona.<\/p>\n<p>Reconocidos con la distinci\u00f3n de villas gastron\u00f3micas por la calidad y riqueza de su cocina mediterr\u00e1nea, sus calles est\u00e1n repletas de peque\u00f1os comercios y restaurantes de gran tradici\u00f3n.<\/p>\n<p>Si desea vender o comprar un bien inmobiliario en Cabrils o Cabrera, por favor, no dude en ponerse en contacto con nuestro equipo de consultores inmobiliarios.<\/p>\n","protected":false},"excerpt":{"rendered":"<p>Cabrils y Cabrera representan la perfecta combinaci\u00f3n entre mar y monta\u00f1a. Emplazados en un entorno natural repleto de zonas verdes<a class=\"more-link\" href=\"https:\/\/www.barcelona-sothebysrealty.com\/es\/viviendas-venta\/maresme\/cabrils\/\">Llegir M\u00e9s<\/a><\/p>\n","protected":false},"author":2,"featured_media":0,"parent":93279,"menu_order":0,"comment_status":"closed","ping_status":"closed","template":"page-listado.php","meta":[],"yoast_head":"<!-- This site is optimized with the Yoast SEO plugin v17.1 - https:\/\/yoast.com\/wordpress\/plugins\/seo\/ -->\n<meta name=\"robots\" content=\"index, follow, max-snippet:-1, max-image-preview:large, max-video-preview:-1\" \/>\n<meta property=\"og:locale\" content=\"es_ES\" \/>\n<meta property=\"og:type\" content=\"article\" \/>\n<meta property=\"og:title\" content=\"Viviendas en venta Cabrils - Barcelona Sotheby&#039;s\" \/>\n<meta property=\"og:description\" content=\"Cabrils y Cabrera representan la perfecta combinaci\u00f3n entre mar y monta\u00f1a. Emplazados en un entorno natural repleto de zonas verdesLlegir M\u00e9s\" \/>\n<meta property=\"og:url\" content=\"https:\/\/www.barcelona-sothebysrealty.com\/es\/viviendas-venta\/maresme\/cabrils\/\" \/>\n<meta property=\"og:site_name\" content=\"Barcelona Sotheby&#039;s Realty\" \/>\n<meta property=\"article:modified_time\" content=\"2023-12-14T14:05:19+00:00\" \/>\n<meta name=\"twitter:card\" content=\"summary_large_image\" \/>\n<meta name=\"twitter:label1\" content=\"Tiempo de lectura\" \/>\n\t<meta name=\"twitter:data1\" content=\"1 minuto\" \/>\n<script type=\"application\/ld+json\" class=\"yoast-schema-graph\">{\"@context\":\"https:\/\/schema.org\",\"@graph\":[{\"@type\":\"Organization\",\"@id\":\"https:\/\/www.barcelona-sothebysrealty.com\/es\/#organization\",\"name\":\"Barcelona Sotheby's Realty\",\"url\":\"https:\/\/www.barcelona-sothebysrealty.com\/es\/\",\"sameAs\":[],\"logo\":{\"@type\":\"ImageObject\",\"@id\":\"https:\/\/www.barcelona-sothebysrealty.com\/es\/#logo\",\"inLanguage\":\"es\",\"url\":\"https:\/\/www.barcelona-sothebysrealty.com\/wp-content\/uploads\/2023\/10\/sothebys-barcelona-logo-3.png\",\"contentUrl\":\"https:\/\/www.barcelona-sothebysrealty.com\/wp-content\/uploads\/2023\/10\/sothebys-barcelona-logo-3.png\",\"width\":274,\"height\":274,\"caption\":\"Barcelona Sotheby's Realty\"},\"image\":{\"@id\":\"https:\/\/www.barcelona-sothebysrealty.com\/es\/#logo\"}},{\"@type\":\"WebSite\",\"@id\":\"https:\/\/www.barcelona-sothebysrealty.com\/es\/#website\",\"url\":\"https:\/\/www.barcelona-sothebysrealty.com\/es\/\",\"name\":\"Barcelona Sotheby&#039;s\",\"description\":\"Otro sitio realizado con WordPress\",\"publisher\":{\"@id\":\"https:\/\/www.barcelona-sothebysrealty.com\/es\/#organization\"},\"potentialAction\":[{\"@type\":\"SearchAction\",\"target\":{\"@type\":\"EntryPoint\",\"urlTemplate\":\"https:\/\/www.barcelona-sothebysrealty.com\/es\/?s={search_term_string}\"},\"query-input\":\"required name=search_term_string\"}],\"inLanguage\":\"es\"},{\"@type\":\"WebPage\",\"@id\":\"https:\/\/www.barcelona-sothebysrealty.com\/es\/viviendas-venta\/maresme\/cabrils\/#webpage\",\"url\":\"https:\/\/www.barcelona-sothebysrealty.com\/es\/viviendas-venta\/maresme\/cabrils\/\",\"name\":\"Viviendas en venta Cabrils - Barcelona Sotheby&#039;s\",\"isPartOf\":{\"@id\":\"https:\/\/www.barcelona-sothebysrealty.com\/es\/#website\"},\"datePublished\":\"2021-02-01T14:21:18+00:00\",\"dateModified\":\"2023-12-14T14:05:19+00:00\",\"breadcrumb\":{\"@id\":\"https:\/\/www.barcelona-sothebysrealty.com\/es\/viviendas-venta\/maresme\/cabrils\/#breadcrumb\"},\"inLanguage\":\"es\",\"potentialAction\":[{\"@type\":\"ReadAction\",\"target\":[\"https:\/\/www.barcelona-sothebysrealty.com\/es\/viviendas-venta\/maresme\/cabrils\/\"]}]},{\"@type\":\"BreadcrumbList\",\"@id\":\"https:\/\/www.barcelona-sothebysrealty.com\/es\/viviendas-venta\/maresme\/cabrils\/#breadcrumb\",\"itemListElement\":[{\"@type\":\"ListItem\",\"position\":1,\"name\":\"Portada\",\"item\":\"https:\/\/www.barcelona-sothebysrealty.com\/es\/\"},{\"@type\":\"ListItem\",\"position\":2,\"name\":\"Viviendas en venta &#8211; Compra y venta de pisos y casas de lujo\",\"item\":\"https:\/\/www.barcelona-sothebysrealty.com\/es\/viviendas-venta\/\"},{\"@type\":\"ListItem\",\"position\":3,\"name\":\"Viviendas en Venta en Maresme\",\"item\":\"https:\/\/www.barcelona-sothebysrealty.com\/es\/viviendas-venta\/maresme\/\"},{\"@type\":\"ListItem\",\"position\":4,\"name\":\"Viviendas en venta Cabrils\"}]}]}<\/script>\n<!-- \/ Yoast SEO plugin. -->","yoast_head_json":{"robots":{"index":"index","follow":"follow","max-snippet":"max-snippet:-1","max-image-preview":"max-image-preview:large","max-video-preview":"max-video-preview:-1"},"og_locale":"es_ES","og_type":"article","og_title":"Viviendas en venta Cabrils - Barcelona Sotheby&#039;s","og_description":"Cabrils y Cabrera representan la perfecta combinaci\u00f3n entre mar y monta\u00f1a. Emplazados en un entorno natural repleto de zonas verdesLlegir M\u00e9s","og_url":"https:\/\/www.barcelona-sothebysrealty.com\/es\/viviendas-venta\/maresme\/cabrils\/","og_site_name":"Barcelona Sotheby's Realty","article_modified_time":"2023-12-14T14:05:19+00:00","twitter_card":"summary_large_image","twitter_misc":{"Tiempo de lectura":"1 minuto"},"schema":{"@context":"https:\/\/schema.org","@graph":[{"@type":"Organization","@id":"https:\/\/www.barcelona-sothebysrealty.com\/es\/#organization","name":"Barcelona Sotheby's Realty","url":"https:\/\/www.barcelona-sothebysrealty.com\/es\/","sameAs":[],"logo":{"@type":"ImageObject","@id":"https:\/\/www.barcelona-sothebysrealty.com\/es\/#logo","inLanguage":"es","url":"https:\/\/www.barcelona-sothebysrealty.com\/wp-content\/uploads\/2023\/10\/sothebys-barcelona-logo-3.png","contentUrl":"https:\/\/www.barcelona-sothebysrealty.com\/wp-content\/uploads\/2023\/10\/sothebys-barcelona-logo-3.png","width":274,"height":274,"caption":"Barcelona Sotheby's Realty"},"image":{"@id":"https:\/\/www.barcelona-sothebysrealty.com\/es\/#logo"}},{"@type":"WebSite","@id":"https:\/\/www.barcelona-sothebysrealty.com\/es\/#website","url":"https:\/\/www.barcelona-sothebysrealty.com\/es\/","name":"Barcelona Sotheby&#039;s","description":"Otro sitio realizado con WordPress","publisher":{"@id":"https:\/\/www.barcelona-sothebysrealty.com\/es\/#organization"},"potentialAction":[{"@type":"SearchAction","target":{"@type":"EntryPoint","urlTemplate":"https:\/\/www.barcelona-sothebysrealty.com\/es\/?s={search_term_string}"},"query-input":"required name=search_term_string"}],"inLanguage":"es"},{"@type":"WebPage","@id":"https:\/\/www.barcelona-sothebysrealty.com\/es\/viviendas-venta\/maresme\/cabrils\/#webpage","url":"https:\/\/www.barcelona-sothebysrealty.com\/es\/viviendas-venta\/maresme\/cabrils\/","name":"Viviendas en venta Cabrils - Barcelona Sotheby&#039;s","isPartOf":{"@id":"https:\/\/www.barcelona-sothebysrealty.com\/es\/#website"},"datePublished":"2021-02-01T14:21:18+00:00","dateModified":"2023-12-14T14:05:19+00:00","breadcrumb":{"@id":"https:\/\/www.barcelona-sothebysrealty.com\/es\/viviendas-venta\/maresme\/cabrils\/#breadcrumb"},"inLanguage":"es","potentialAction":[{"@type":"ReadAction","target":["https:\/\/www.barcelona-sothebysrealty.com\/es\/viviendas-venta\/maresme\/cabrils\/"]}]},{"@type":"BreadcrumbList","@id":"https:\/\/www.barcelona-sothebysrealty.com\/es\/viviendas-venta\/maresme\/cabrils\/#breadcrumb","itemListElement":[{"@type":"ListItem","position":1,"name":"Portada","item":"https:\/\/www.barcelona-sothebysrealty.com\/es\/"},{"@type":"ListItem","position":2,"name":"Viviendas en venta &#8211; Compra y venta de pisos y casas de lujo","item":"https:\/\/www.barcelona-sothebysrealty.com\/es\/viviendas-venta\/"},{"@type":"ListItem","position":3,"name":"Viviendas en Venta en Maresme","item":"https:\/\/www.barcelona-sothebysrealty.com\/es\/viviendas-venta\/maresme\/"},{"@type":"ListItem","position":4,"name":"Viviendas en venta Cabrils"}]}]}},"_links":{"self":[{"href":"https:\/\/www.barcelona-sothebysrealty.com\/es\/wp-json\/wp\/v2\/pages\/93541"}],"collection":[{"href":"https:\/\/www.barcelona-sothebysrealty.com\/es\/wp-json\/wp\/v2\/pages"}],"about":[{"href":"https:\/\/www.barcelona-sothebysrealty.com\/es\/wp-json\/wp\/v2\/types\/page"}],"author":[{"embeddable":true,"href":"https:\/\/www.barcelona-sothebysrealty.com\/es\/wp-json\/wp\/v2\/users\/2"}],"replies":[{"embeddable":true,"href":"https:\/\/www.barcelona-sothebysrealty.com\/es\/wp-json\/wp\/v2\/comments?post=93541"}],"version-history":[{"count":0,"href":"https:\/\/www.barcelona-sothebysrealty.com\/es\/wp-json\/wp\/v2\/pages\/93541\/revisions"}],"up":[{"embeddable":true,"href":"https:\/\/www.barcelona-sothebysrealty.com\/es\/wp-json\/wp\/v2\/pages\/93279"}],"wp:attachment":[{"href":"https:\/\/www.barcelona-sothebysrealty.com\/es\/wp-json\/wp\/v2\/media?parent=93541"}],"curies":[{"name":"wp","href":"https:\/\/api.w.org\/{rel}","templated":true}]}}