{"id":93544,"date":"2021-02-01T15:22:31","date_gmt":"2021-02-01T14:22:31","guid":{"rendered":"https:\/\/xanatis.com\/~barcelonasotheby\/?page_id=93544"},"modified":"2023-12-14T15:02:33","modified_gmt":"2023-12-14T14:02:33","slug":"teia","status":"publish","type":"page","link":"https:\/\/www.barcelona-sothebysrealty.com\/es\/viviendas-venta\/maresme\/teia\/","title":{"rendered":"Viviendas en venta Tei\u00e0"},"content":{"rendered":"<p>A menos de 20 kil\u00f3metros de Barcelona y a escasos minutos de la playa de Masnou, Tei\u00e0 ofrece una estampa t\u00edpicamente Mediterr\u00e1nea con un paisaje de frondosos bosques salpicados de vi\u00f1edos y majestuosas mas\u00edas.<\/p>\n<p>Tradicionalmente lugar de veraneo de muchos barceloneses, este encantador pueblo es el enclave perfecto para disfrutar de un estilo de vida tranquilo y sosegado.<\/p>\n<p>En Barcelona &amp; Costa Brava Sotheby&#8217;s International Realty somos especialistas en la venta de villas de lujo ubicadas en las zonas m\u00e1s exclusivas de Tei\u00e0, como la cotizada urbanizaci\u00f3n de Sant Berger, un entorno privado puramente residencial a escasos 20 minutos del centro de Barcelona.<\/p>\n","protected":false},"excerpt":{"rendered":"<p>A menos de 20 kil\u00f3metros de Barcelona y a escasos minutos de la playa de Masnou, Tei\u00e0 ofrece una estampa<a class=\"more-link\" href=\"https:\/\/www.barcelona-sothebysrealty.com\/es\/viviendas-venta\/maresme\/teia\/\">Llegir M\u00e9s<\/a><\/p>\n","protected":false},"author":2,"featured_media":0,"parent":93279,"menu_order":0,"comment_status":"closed","ping_status":"closed","template":"page-listado.php","meta":[],"yoast_head":"<!-- This site is optimized with the Yoast SEO plugin v17.1 - https:\/\/yoast.com\/wordpress\/plugins\/seo\/ -->\n<meta name=\"robots\" content=\"index, follow, max-snippet:-1, max-image-preview:large, max-video-preview:-1\" \/>\n<meta property=\"og:locale\" content=\"es_ES\" \/>\n<meta property=\"og:type\" content=\"article\" \/>\n<meta property=\"og:title\" content=\"Viviendas en venta Tei\u00e0 - Barcelona Sotheby&#039;s\" \/>\n<meta property=\"og:description\" content=\"A menos de 20 kil\u00f3metros de Barcelona y a escasos minutos de la playa de Masnou, Tei\u00e0 ofrece una estampaLlegir M\u00e9s\" \/>\n<meta property=\"og:url\" content=\"https:\/\/www.barcelona-sothebysrealty.com\/es\/viviendas-venta\/maresme\/teia\/\" \/>\n<meta property=\"og:site_name\" content=\"Barcelona Sotheby&#039;s Realty\" \/>\n<meta property=\"article:modified_time\" content=\"2023-12-14T14:02:33+00:00\" \/>\n<meta name=\"twitter:card\" content=\"summary_large_image\" \/>\n<meta name=\"twitter:label1\" content=\"Tiempo de lectura\" \/>\n\t<meta name=\"twitter:data1\" content=\"1 minuto\" \/>\n<script type=\"application\/ld+json\" class=\"yoast-schema-graph\">{\"@context\":\"https:\/\/schema.org\",\"@graph\":[{\"@type\":\"Organization\",\"@id\":\"https:\/\/www.barcelona-sothebysrealty.com\/es\/#organization\",\"name\":\"Barcelona Sotheby's Realty\",\"url\":\"https:\/\/www.barcelona-sothebysrealty.com\/es\/\",\"sameAs\":[],\"logo\":{\"@type\":\"ImageObject\",\"@id\":\"https:\/\/www.barcelona-sothebysrealty.com\/es\/#logo\",\"inLanguage\":\"es\",\"url\":\"https:\/\/www.barcelona-sothebysrealty.com\/wp-content\/uploads\/2023\/10\/sothebys-barcelona-logo-3.png\",\"contentUrl\":\"https:\/\/www.barcelona-sothebysrealty.com\/wp-content\/uploads\/2023\/10\/sothebys-barcelona-logo-3.png\",\"width\":274,\"height\":274,\"caption\":\"Barcelona Sotheby's Realty\"},\"image\":{\"@id\":\"https:\/\/www.barcelona-sothebysrealty.com\/es\/#logo\"}},{\"@type\":\"WebSite\",\"@id\":\"https:\/\/www.barcelona-sothebysrealty.com\/es\/#website\",\"url\":\"https:\/\/www.barcelona-sothebysrealty.com\/es\/\",\"name\":\"Barcelona Sotheby&#039;s\",\"description\":\"Otro sitio realizado con WordPress\",\"publisher\":{\"@id\":\"https:\/\/www.barcelona-sothebysrealty.com\/es\/#organization\"},\"potentialAction\":[{\"@type\":\"SearchAction\",\"target\":{\"@type\":\"EntryPoint\",\"urlTemplate\":\"https:\/\/www.barcelona-sothebysrealty.com\/es\/?s={search_term_string}\"},\"query-input\":\"required name=search_term_string\"}],\"inLanguage\":\"es\"},{\"@type\":\"WebPage\",\"@id\":\"https:\/\/www.barcelona-sothebysrealty.com\/es\/viviendas-venta\/maresme\/teia\/#webpage\",\"url\":\"https:\/\/www.barcelona-sothebysrealty.com\/es\/viviendas-venta\/maresme\/teia\/\",\"name\":\"Viviendas en venta Tei\\u00e0 - Barcelona Sotheby&#039;s\",\"isPartOf\":{\"@id\":\"https:\/\/www.barcelona-sothebysrealty.com\/es\/#website\"},\"datePublished\":\"2021-02-01T14:22:31+00:00\",\"dateModified\":\"2023-12-14T14:02:33+00:00\",\"breadcrumb\":{\"@id\":\"https:\/\/www.barcelona-sothebysrealty.com\/es\/viviendas-venta\/maresme\/teia\/#breadcrumb\"},\"inLanguage\":\"es\",\"potentialAction\":[{\"@type\":\"ReadAction\",\"target\":[\"https:\/\/www.barcelona-sothebysrealty.com\/es\/viviendas-venta\/maresme\/teia\/\"]}]},{\"@type\":\"BreadcrumbList\",\"@id\":\"https:\/\/www.barcelona-sothebysrealty.com\/es\/viviendas-venta\/maresme\/teia\/#breadcrumb\",\"itemListElement\":[{\"@type\":\"ListItem\",\"position\":1,\"name\":\"Portada\",\"item\":\"https:\/\/www.barcelona-sothebysrealty.com\/es\/\"},{\"@type\":\"ListItem\",\"position\":2,\"name\":\"Viviendas en venta &#8211; Compra y venta de pisos y casas de lujo\",\"item\":\"https:\/\/www.barcelona-sothebysrealty.com\/es\/viviendas-venta\/\"},{\"@type\":\"ListItem\",\"position\":3,\"name\":\"Viviendas en Venta en Maresme\",\"item\":\"https:\/\/www.barcelona-sothebysrealty.com\/es\/viviendas-venta\/maresme\/\"},{\"@type\":\"ListItem\",\"position\":4,\"name\":\"Viviendas en venta Tei\\u00e0\"}]}]}<\/script>\n<!-- \/ Yoast SEO plugin. -->","yoast_head_json":{"robots":{"index":"index","follow":"follow","max-snippet":"max-snippet:-1","max-image-preview":"max-image-preview:large","max-video-preview":"max-video-preview:-1"},"og_locale":"es_ES","og_type":"article","og_title":"Viviendas en venta Tei\u00e0 - Barcelona Sotheby&#039;s","og_description":"A menos de 20 kil\u00f3metros de Barcelona y a escasos minutos de la playa de Masnou, Tei\u00e0 ofrece una estampaLlegir M\u00e9s","og_url":"https:\/\/www.barcelona-sothebysrealty.com\/es\/viviendas-venta\/maresme\/teia\/","og_site_name":"Barcelona Sotheby's Realty","article_modified_time":"2023-12-14T14:02:33+00:00","twitter_card":"summary_large_image","twitter_misc":{"Tiempo de lectura":"1 minuto"},"schema":{"@context":"https:\/\/schema.org","@graph":[{"@type":"Organization","@id":"https:\/\/www.barcelona-sothebysrealty.com\/es\/#organization","name":"Barcelona Sotheby's Realty","url":"https:\/\/www.barcelona-sothebysrealty.com\/es\/","sameAs":[],"logo":{"@type":"ImageObject","@id":"https:\/\/www.barcelona-sothebysrealty.com\/es\/#logo","inLanguage":"es","url":"https:\/\/www.barcelona-sothebysrealty.com\/wp-content\/uploads\/2023\/10\/sothebys-barcelona-logo-3.png","contentUrl":"https:\/\/www.barcelona-sothebysrealty.com\/wp-content\/uploads\/2023\/10\/sothebys-barcelona-logo-3.png","width":274,"height":274,"caption":"Barcelona Sotheby's Realty"},"image":{"@id":"https:\/\/www.barcelona-sothebysrealty.com\/es\/#logo"}},{"@type":"WebSite","@id":"https:\/\/www.barcelona-sothebysrealty.com\/es\/#website","url":"https:\/\/www.barcelona-sothebysrealty.com\/es\/","name":"Barcelona Sotheby&#039;s","description":"Otro sitio realizado con WordPress","publisher":{"@id":"https:\/\/www.barcelona-sothebysrealty.com\/es\/#organization"},"potentialAction":[{"@type":"SearchAction","target":{"@type":"EntryPoint","urlTemplate":"https:\/\/www.barcelona-sothebysrealty.com\/es\/?s={search_term_string}"},"query-input":"required name=search_term_string"}],"inLanguage":"es"},{"@type":"WebPage","@id":"https:\/\/www.barcelona-sothebysrealty.com\/es\/viviendas-venta\/maresme\/teia\/#webpage","url":"https:\/\/www.barcelona-sothebysrealty.com\/es\/viviendas-venta\/maresme\/teia\/","name":"Viviendas en venta Tei\u00e0 - Barcelona Sotheby&#039;s","isPartOf":{"@id":"https:\/\/www.barcelona-sothebysrealty.com\/es\/#website"},"datePublished":"2021-02-01T14:22:31+00:00","dateModified":"2023-12-14T14:02:33+00:00","breadcrumb":{"@id":"https:\/\/www.barcelona-sothebysrealty.com\/es\/viviendas-venta\/maresme\/teia\/#breadcrumb"},"inLanguage":"es","potentialAction":[{"@type":"ReadAction","target":["https:\/\/www.barcelona-sothebysrealty.com\/es\/viviendas-venta\/maresme\/teia\/"]}]},{"@type":"BreadcrumbList","@id":"https:\/\/www.barcelona-sothebysrealty.com\/es\/viviendas-venta\/maresme\/teia\/#breadcrumb","itemListElement":[{"@type":"ListItem","position":1,"name":"Portada","item":"https:\/\/www.barcelona-sothebysrealty.com\/es\/"},{"@type":"ListItem","position":2,"name":"Viviendas en venta &#8211; Compra y venta de pisos y casas de lujo","item":"https:\/\/www.barcelona-sothebysrealty.com\/es\/viviendas-venta\/"},{"@type":"ListItem","position":3,"name":"Viviendas en Venta en Maresme","item":"https:\/\/www.barcelona-sothebysrealty.com\/es\/viviendas-venta\/maresme\/"},{"@type":"ListItem","position":4,"name":"Viviendas en venta Tei\u00e0"}]}]}},"_links":{"self":[{"href":"https:\/\/www.barcelona-sothebysrealty.com\/es\/wp-json\/wp\/v2\/pages\/93544"}],"collection":[{"href":"https:\/\/www.barcelona-sothebysrealty.com\/es\/wp-json\/wp\/v2\/pages"}],"about":[{"href":"https:\/\/www.barcelona-sothebysrealty.com\/es\/wp-json\/wp\/v2\/types\/page"}],"author":[{"embeddable":true,"href":"https:\/\/www.barcelona-sothebysrealty.com\/es\/wp-json\/wp\/v2\/users\/2"}],"replies":[{"embeddable":true,"href":"https:\/\/www.barcelona-sothebysrealty.com\/es\/wp-json\/wp\/v2\/comments?post=93544"}],"version-history":[{"count":0,"href":"https:\/\/www.barcelona-sothebysrealty.com\/es\/wp-json\/wp\/v2\/pages\/93544\/revisions"}],"up":[{"embeddable":true,"href":"https:\/\/www.barcelona-sothebysrealty.com\/es\/wp-json\/wp\/v2\/pages\/93279"}],"wp:attachment":[{"href":"https:\/\/www.barcelona-sothebysrealty.com\/es\/wp-json\/wp\/v2\/media?parent=93544"}],"curies":[{"name":"wp","href":"https:\/\/api.w.org\/{rel}","templated":true}]}}