{"id":93547,"date":"2021-02-01T15:23:59","date_gmt":"2021-02-01T14:23:59","guid":{"rendered":"https:\/\/xanatis.com\/~barcelonasotheby\/?page_id=93547"},"modified":"2024-09-19T11:34:17","modified_gmt":"2024-09-19T09:34:17","slug":"inmobiliaria-lloret-de-mar","status":"publish","type":"page","link":"https:\/\/www.barcelona-sothebysrealty.com\/es\/inmobiliaria-lloret-de-mar\/","title":{"rendered":"Inmobiliaria Lloret de Mar, Propiedades Exclusivas"},"content":{"rendered":"<p>Se trata de uno de los destinos favoritos de veraneo a nivel internacional. Con sus ocho playas, Lloret de Mar cuenta con todos los servicios, y una amplia oferta gastron\u00f3mica y de ocio, tanto de d\u00eda como de noche. En su casco urbano, las tiendas m\u00e1s exclusivas y los locales m\u00e1s reconocidos de la Costa Brava, pero sin renunciar a la vida pausada de sus \u00e1reas residenciales de la periferia.<\/p>\n<p>En Inmobiliaria Sotheby&#8217;s Lloret de Mar somos especialistas en la venta de inmuebles exclusivos: modernas casas con vistas al mar y preciosos jardines con piscina privada o apartamentos en primera l\u00ednea de playa.<\/p>\n","protected":false},"excerpt":{"rendered":"<p>Se trata de uno de los destinos favoritos de veraneo a nivel internacional. Con sus ocho playas, Lloret de Mar<a class=\"more-link\" href=\"https:\/\/www.barcelona-sothebysrealty.com\/es\/inmobiliaria-lloret-de-mar\/\">Llegir M\u00e9s<\/a><\/p>\n","protected":false},"author":2,"featured_media":0,"parent":0,"menu_order":0,"comment_status":"closed","ping_status":"closed","template":"page-listado.php","meta":[],"yoast_head":"<!-- This site is optimized with the Yoast SEO plugin v17.1 - https:\/\/yoast.com\/wordpress\/plugins\/seo\/ -->\n<meta name=\"description\" content=\"Compre y venda propiedades exclusivas en Lloret de Mar con Sotheby&#039;s. Agencia inmobiliaria de lujo para quienes buscan lo extraordinario.\" \/>\n<meta name=\"robots\" content=\"index, follow, max-snippet:-1, max-image-preview:large, max-video-preview:-1\" \/>\n<meta property=\"og:locale\" content=\"es_ES\" \/>\n<meta property=\"og:type\" content=\"article\" \/>\n<meta property=\"og:title\" content=\"Inmobiliaria Lloret de Mar | Sotheby&#039;s | Lujo Inmobiliario\" \/>\n<meta property=\"og:description\" content=\"Compre y venda propiedades exclusivas en Lloret de Mar con Sotheby&#039;s. Agencia inmobiliaria de lujo para quienes buscan lo extraordinario.\" \/>\n<meta property=\"og:url\" content=\"https:\/\/www.barcelona-sothebysrealty.com\/es\/inmobiliaria-lloret-de-mar\/\" \/>\n<meta property=\"og:site_name\" content=\"Barcelona Sotheby&#039;s Realty\" \/>\n<meta property=\"article:modified_time\" content=\"2024-09-19T09:34:17+00:00\" \/>\n<meta name=\"twitter:card\" content=\"summary_large_image\" \/>\n<meta name=\"twitter:label1\" content=\"Tiempo de lectura\" \/>\n\t<meta name=\"twitter:data1\" content=\"1 minuto\" \/>\n<script type=\"application\/ld+json\" class=\"yoast-schema-graph\">{\"@context\":\"https:\/\/schema.org\",\"@graph\":[{\"@type\":\"Organization\",\"@id\":\"https:\/\/www.barcelona-sothebysrealty.com\/es\/#organization\",\"name\":\"Barcelona Sotheby's Realty\",\"url\":\"https:\/\/www.barcelona-sothebysrealty.com\/es\/\",\"sameAs\":[],\"logo\":{\"@type\":\"ImageObject\",\"@id\":\"https:\/\/www.barcelona-sothebysrealty.com\/es\/#logo\",\"inLanguage\":\"es\",\"url\":\"https:\/\/www.barcelona-sothebysrealty.com\/wp-content\/uploads\/2023\/10\/sothebys-barcelona-logo-3.png\",\"contentUrl\":\"https:\/\/www.barcelona-sothebysrealty.com\/wp-content\/uploads\/2023\/10\/sothebys-barcelona-logo-3.png\",\"width\":274,\"height\":274,\"caption\":\"Barcelona Sotheby's Realty\"},\"image\":{\"@id\":\"https:\/\/www.barcelona-sothebysrealty.com\/es\/#logo\"}},{\"@type\":\"WebSite\",\"@id\":\"https:\/\/www.barcelona-sothebysrealty.com\/es\/#website\",\"url\":\"https:\/\/www.barcelona-sothebysrealty.com\/es\/\",\"name\":\"Barcelona Sotheby&#039;s\",\"description\":\"Otro sitio realizado con WordPress\",\"publisher\":{\"@id\":\"https:\/\/www.barcelona-sothebysrealty.com\/es\/#organization\"},\"potentialAction\":[{\"@type\":\"SearchAction\",\"target\":{\"@type\":\"EntryPoint\",\"urlTemplate\":\"https:\/\/www.barcelona-sothebysrealty.com\/es\/?s={search_term_string}\"},\"query-input\":\"required name=search_term_string\"}],\"inLanguage\":\"es\"},{\"@type\":\"WebPage\",\"@id\":\"https:\/\/www.barcelona-sothebysrealty.com\/es\/inmobiliaria-lloret-de-mar\/#webpage\",\"url\":\"https:\/\/www.barcelona-sothebysrealty.com\/es\/inmobiliaria-lloret-de-mar\/\",\"name\":\"Inmobiliaria Lloret de Mar | Sotheby's | Lujo Inmobiliario\",\"isPartOf\":{\"@id\":\"https:\/\/www.barcelona-sothebysrealty.com\/es\/#website\"},\"datePublished\":\"2021-02-01T14:23:59+00:00\",\"dateModified\":\"2024-09-19T09:34:17+00:00\",\"description\":\"Compre y venda propiedades exclusivas en Lloret de Mar con Sotheby's. Agencia inmobiliaria de lujo para quienes buscan lo extraordinario.\",\"breadcrumb\":{\"@id\":\"https:\/\/www.barcelona-sothebysrealty.com\/es\/inmobiliaria-lloret-de-mar\/#breadcrumb\"},\"inLanguage\":\"es\",\"potentialAction\":[{\"@type\":\"ReadAction\",\"target\":[\"https:\/\/www.barcelona-sothebysrealty.com\/es\/inmobiliaria-lloret-de-mar\/\"]}]},{\"@type\":\"BreadcrumbList\",\"@id\":\"https:\/\/www.barcelona-sothebysrealty.com\/es\/inmobiliaria-lloret-de-mar\/#breadcrumb\",\"itemListElement\":[{\"@type\":\"ListItem\",\"position\":1,\"name\":\"Portada\",\"item\":\"https:\/\/www.barcelona-sothebysrealty.com\/es\/\"},{\"@type\":\"ListItem\",\"position\":2,\"name\":\"Inmobiliaria Lloret de Mar, Propiedades Exclusivas\"}]}]}<\/script>\n<!-- \/ Yoast SEO plugin. -->","yoast_head_json":{"description":"Compre y venda propiedades exclusivas en Lloret de Mar con Sotheby's. Agencia inmobiliaria de lujo para quienes buscan lo extraordinario.","robots":{"index":"index","follow":"follow","max-snippet":"max-snippet:-1","max-image-preview":"max-image-preview:large","max-video-preview":"max-video-preview:-1"},"og_locale":"es_ES","og_type":"article","og_title":"Inmobiliaria Lloret de Mar | Sotheby's | Lujo Inmobiliario","og_description":"Compre y venda propiedades exclusivas en Lloret de Mar con Sotheby's. Agencia inmobiliaria de lujo para quienes buscan lo extraordinario.","og_url":"https:\/\/www.barcelona-sothebysrealty.com\/es\/inmobiliaria-lloret-de-mar\/","og_site_name":"Barcelona Sotheby's Realty","article_modified_time":"2024-09-19T09:34:17+00:00","twitter_card":"summary_large_image","twitter_misc":{"Tiempo de lectura":"1 minuto"},"schema":{"@context":"https:\/\/schema.org","@graph":[{"@type":"Organization","@id":"https:\/\/www.barcelona-sothebysrealty.com\/es\/#organization","name":"Barcelona Sotheby's Realty","url":"https:\/\/www.barcelona-sothebysrealty.com\/es\/","sameAs":[],"logo":{"@type":"ImageObject","@id":"https:\/\/www.barcelona-sothebysrealty.com\/es\/#logo","inLanguage":"es","url":"https:\/\/www.barcelona-sothebysrealty.com\/wp-content\/uploads\/2023\/10\/sothebys-barcelona-logo-3.png","contentUrl":"https:\/\/www.barcelona-sothebysrealty.com\/wp-content\/uploads\/2023\/10\/sothebys-barcelona-logo-3.png","width":274,"height":274,"caption":"Barcelona Sotheby's Realty"},"image":{"@id":"https:\/\/www.barcelona-sothebysrealty.com\/es\/#logo"}},{"@type":"WebSite","@id":"https:\/\/www.barcelona-sothebysrealty.com\/es\/#website","url":"https:\/\/www.barcelona-sothebysrealty.com\/es\/","name":"Barcelona Sotheby&#039;s","description":"Otro sitio realizado con WordPress","publisher":{"@id":"https:\/\/www.barcelona-sothebysrealty.com\/es\/#organization"},"potentialAction":[{"@type":"SearchAction","target":{"@type":"EntryPoint","urlTemplate":"https:\/\/www.barcelona-sothebysrealty.com\/es\/?s={search_term_string}"},"query-input":"required name=search_term_string"}],"inLanguage":"es"},{"@type":"WebPage","@id":"https:\/\/www.barcelona-sothebysrealty.com\/es\/inmobiliaria-lloret-de-mar\/#webpage","url":"https:\/\/www.barcelona-sothebysrealty.com\/es\/inmobiliaria-lloret-de-mar\/","name":"Inmobiliaria Lloret de Mar | Sotheby's | Lujo Inmobiliario","isPartOf":{"@id":"https:\/\/www.barcelona-sothebysrealty.com\/es\/#website"},"datePublished":"2021-02-01T14:23:59+00:00","dateModified":"2024-09-19T09:34:17+00:00","description":"Compre y venda propiedades exclusivas en Lloret de Mar con Sotheby's. Agencia inmobiliaria de lujo para quienes buscan lo extraordinario.","breadcrumb":{"@id":"https:\/\/www.barcelona-sothebysrealty.com\/es\/inmobiliaria-lloret-de-mar\/#breadcrumb"},"inLanguage":"es","potentialAction":[{"@type":"ReadAction","target":["https:\/\/www.barcelona-sothebysrealty.com\/es\/inmobiliaria-lloret-de-mar\/"]}]},{"@type":"BreadcrumbList","@id":"https:\/\/www.barcelona-sothebysrealty.com\/es\/inmobiliaria-lloret-de-mar\/#breadcrumb","itemListElement":[{"@type":"ListItem","position":1,"name":"Portada","item":"https:\/\/www.barcelona-sothebysrealty.com\/es\/"},{"@type":"ListItem","position":2,"name":"Inmobiliaria Lloret de Mar, Propiedades Exclusivas"}]}]}},"_links":{"self":[{"href":"https:\/\/www.barcelona-sothebysrealty.com\/es\/wp-json\/wp\/v2\/pages\/93547"}],"collection":[{"href":"https:\/\/www.barcelona-sothebysrealty.com\/es\/wp-json\/wp\/v2\/pages"}],"about":[{"href":"https:\/\/www.barcelona-sothebysrealty.com\/es\/wp-json\/wp\/v2\/types\/page"}],"author":[{"embeddable":true,"href":"https:\/\/www.barcelona-sothebysrealty.com\/es\/wp-json\/wp\/v2\/users\/2"}],"replies":[{"embeddable":true,"href":"https:\/\/www.barcelona-sothebysrealty.com\/es\/wp-json\/wp\/v2\/comments?post=93547"}],"version-history":[{"count":1,"href":"https:\/\/www.barcelona-sothebysrealty.com\/es\/wp-json\/wp\/v2\/pages\/93547\/revisions"}],"predecessor-version":[{"id":8234286,"href":"https:\/\/www.barcelona-sothebysrealty.com\/es\/wp-json\/wp\/v2\/pages\/93547\/revisions\/8234286"}],"wp:attachment":[{"href":"https:\/\/www.barcelona-sothebysrealty.com\/es\/wp-json\/wp\/v2\/media?parent=93547"}],"curies":[{"name":"wp","href":"https:\/\/api.w.org\/{rel}","templated":true}]}}