{"id":303178,"date":"2021-06-23T12:01:42","date_gmt":"2021-06-23T10:01:42","guid":{"rendered":"https:\/\/sothebys.cloudrelay.es\/?page_id=303178"},"modified":"2023-12-15T09:21:16","modified_gmt":"2023-12-15T08:21:16","slug":"cote-sur-barcelona","status":"publish","type":"page","link":"https:\/\/www.barcelona-sothebysrealty.com\/fr\/proprietes-vente\/cote-sur-barcelona\/","title":{"rendered":"Propri\u00e9t\u00e9s \u00e0 vendre sur la c\u00f4te sud de Barcelone"},"content":{"rendered":"<p><span style=\"font-weight: 400;\">\u00c0 Barcelone et sur la Costa Brava, Sotheby&rsquo;s International Realty s\u00e9lectionne soigneusement les maisons les plus exclusives et les plus remarquables de chaque r\u00e9gion afin d&rsquo;offrir les meilleures options \u00e0 nos clients. Par cons\u00e9quent, dans notre s\u00e9lection de maisons \u00e0 vendre sur la Costa Sur de Barcelone, vous ne trouverez que de v\u00e9ritables joyaux.<\/span><\/p>\n","protected":false},"excerpt":{"rendered":"<p>\u00c0 Barcelone et sur la Costa Brava, Sotheby&rsquo;s International Realty s\u00e9lectionne soigneusement les maisons les plus exclusives et les plus<a class=\"more-link\" href=\"https:\/\/www.barcelona-sothebysrealty.com\/fr\/proprietes-vente\/cote-sur-barcelona\/\">Llegir M\u00e9s<\/a><\/p>\n","protected":false},"author":2,"featured_media":0,"parent":93584,"menu_order":0,"comment_status":"closed","ping_status":"closed","template":"page-listado.php","meta":[],"yoast_head":"<!-- This site is optimized with the Yoast SEO plugin v17.1 - https:\/\/yoast.com\/wordpress\/plugins\/seo\/ -->\n<meta name=\"description\" content=\"Disponemos de una amplia selecci\u00f3n de viviendas exclusivas situadas a lo largo de la Costa sur de Barcelona\" \/>\n<meta name=\"robots\" content=\"index, follow, max-snippet:-1, max-image-preview:large, max-video-preview:-1\" \/>\n<meta property=\"og:locale\" content=\"fr_FR\" \/>\n<meta property=\"og:type\" content=\"article\" \/>\n<meta property=\"og:title\" content=\"Propri\u00e9t\u00e9s \u00e0 vendre sur la c\u00f4te sud de Barcelone - Barcelona Sotheby&#039;s\" \/>\n<meta property=\"og:description\" content=\"Disponemos de una amplia selecci\u00f3n de viviendas exclusivas situadas a lo largo de la Costa sur de Barcelona\" \/>\n<meta property=\"og:url\" content=\"https:\/\/www.barcelona-sothebysrealty.com\/fr\/proprietes-vente\/cote-sur-barcelona\/\" \/>\n<meta property=\"og:site_name\" content=\"Barcelona Sotheby&#039;s Realty\" \/>\n<meta property=\"article:modified_time\" content=\"2023-12-15T08:21:16+00:00\" \/>\n<meta name=\"twitter:card\" content=\"summary_large_image\" \/>\n<meta name=\"twitter:label1\" content=\"Dur\u00e9e de lecture est.\" \/>\n\t<meta name=\"twitter:data1\" content=\"1 minute\" \/>\n<script type=\"application\/ld+json\" class=\"yoast-schema-graph\">{\"@context\":\"https:\/\/schema.org\",\"@graph\":[{\"@type\":\"Organization\",\"@id\":\"https:\/\/www.barcelona-sothebysrealty.com\/es\/#organization\",\"name\":\"Barcelona Sotheby's Realty\",\"url\":\"https:\/\/www.barcelona-sothebysrealty.com\/es\/\",\"sameAs\":[],\"logo\":{\"@type\":\"ImageObject\",\"@id\":\"https:\/\/www.barcelona-sothebysrealty.com\/es\/#logo\",\"inLanguage\":\"fr-FR\",\"url\":\"https:\/\/www.barcelona-sothebysrealty.com\/wp-content\/uploads\/2023\/10\/sothebys-barcelona-logo-3.png\",\"contentUrl\":\"https:\/\/www.barcelona-sothebysrealty.com\/wp-content\/uploads\/2023\/10\/sothebys-barcelona-logo-3.png\",\"width\":274,\"height\":274,\"caption\":\"Barcelona Sotheby's Realty\"},\"image\":{\"@id\":\"https:\/\/www.barcelona-sothebysrealty.com\/es\/#logo\"}},{\"@type\":\"WebSite\",\"@id\":\"https:\/\/www.barcelona-sothebysrealty.com\/es\/#website\",\"url\":\"https:\/\/www.barcelona-sothebysrealty.com\/es\/\",\"name\":\"Barcelona Sotheby&#039;s\",\"description\":\"Otro sitio realizado con WordPress\",\"publisher\":{\"@id\":\"https:\/\/www.barcelona-sothebysrealty.com\/es\/#organization\"},\"potentialAction\":[{\"@type\":\"SearchAction\",\"target\":{\"@type\":\"EntryPoint\",\"urlTemplate\":\"https:\/\/www.barcelona-sothebysrealty.com\/es\/?s={search_term_string}\"},\"query-input\":\"required name=search_term_string\"}],\"inLanguage\":\"fr-FR\"},{\"@type\":\"WebPage\",\"@id\":\"https:\/\/www.barcelona-sothebysrealty.com\/fr\/proprietes-vente\/cote-sur-barcelona\/#webpage\",\"url\":\"https:\/\/www.barcelona-sothebysrealty.com\/fr\/proprietes-vente\/cote-sur-barcelona\/\",\"name\":\"Propri\\u00e9t\\u00e9s \\u00e0 vendre sur la c\\u00f4te sud de Barcelone - Barcelona Sotheby&#039;s\",\"isPartOf\":{\"@id\":\"https:\/\/www.barcelona-sothebysrealty.com\/es\/#website\"},\"datePublished\":\"2021-06-23T10:01:42+00:00\",\"dateModified\":\"2023-12-15T08:21:16+00:00\",\"description\":\"Disponemos de una amplia selecci\\u00f3n de viviendas exclusivas situadas a lo largo de la Costa sur de Barcelona\",\"breadcrumb\":{\"@id\":\"https:\/\/www.barcelona-sothebysrealty.com\/fr\/proprietes-vente\/cote-sur-barcelona\/#breadcrumb\"},\"inLanguage\":\"fr-FR\",\"potentialAction\":[{\"@type\":\"ReadAction\",\"target\":[\"https:\/\/www.barcelona-sothebysrealty.com\/fr\/proprietes-vente\/cote-sur-barcelona\/\"]}]},{\"@type\":\"BreadcrumbList\",\"@id\":\"https:\/\/www.barcelona-sothebysrealty.com\/fr\/proprietes-vente\/cote-sur-barcelona\/#breadcrumb\",\"itemListElement\":[{\"@type\":\"ListItem\",\"position\":1,\"name\":\"Portada\",\"item\":\"https:\/\/www.barcelona-sothebysrealty.com\/fr\/\"},{\"@type\":\"ListItem\",\"position\":2,\"name\":\"Propri\\u00e9t\\u00e9s \\u00e0 vendre &#8211; Achat et vente d&#8217;appartements et de maisons de luxe\",\"item\":\"https:\/\/www.barcelona-sothebysrealty.com\/fr\/proprietes-vente\/\"},{\"@type\":\"ListItem\",\"position\":3,\"name\":\"Propri\\u00e9t\\u00e9s \\u00e0 vendre sur la c\\u00f4te sud de Barcelone\"}]}]}<\/script>\n<!-- \/ Yoast SEO plugin. -->","yoast_head_json":{"description":"Disponemos de una amplia selecci\u00f3n de viviendas exclusivas situadas a lo largo de la Costa sur de Barcelona","robots":{"index":"index","follow":"follow","max-snippet":"max-snippet:-1","max-image-preview":"max-image-preview:large","max-video-preview":"max-video-preview:-1"},"og_locale":"fr_FR","og_type":"article","og_title":"Propri\u00e9t\u00e9s \u00e0 vendre sur la c\u00f4te sud de Barcelone - Barcelona Sotheby&#039;s","og_description":"Disponemos de una amplia selecci\u00f3n de viviendas exclusivas situadas a lo largo de la Costa sur de Barcelona","og_url":"https:\/\/www.barcelona-sothebysrealty.com\/fr\/proprietes-vente\/cote-sur-barcelona\/","og_site_name":"Barcelona Sotheby's Realty","article_modified_time":"2023-12-15T08:21:16+00:00","twitter_card":"summary_large_image","twitter_misc":{"Dur\u00e9e de lecture est.":"1 minute"},"schema":{"@context":"https:\/\/schema.org","@graph":[{"@type":"Organization","@id":"https:\/\/www.barcelona-sothebysrealty.com\/es\/#organization","name":"Barcelona Sotheby's Realty","url":"https:\/\/www.barcelona-sothebysrealty.com\/es\/","sameAs":[],"logo":{"@type":"ImageObject","@id":"https:\/\/www.barcelona-sothebysrealty.com\/es\/#logo","inLanguage":"fr-FR","url":"https:\/\/www.barcelona-sothebysrealty.com\/wp-content\/uploads\/2023\/10\/sothebys-barcelona-logo-3.png","contentUrl":"https:\/\/www.barcelona-sothebysrealty.com\/wp-content\/uploads\/2023\/10\/sothebys-barcelona-logo-3.png","width":274,"height":274,"caption":"Barcelona Sotheby's Realty"},"image":{"@id":"https:\/\/www.barcelona-sothebysrealty.com\/es\/#logo"}},{"@type":"WebSite","@id":"https:\/\/www.barcelona-sothebysrealty.com\/es\/#website","url":"https:\/\/www.barcelona-sothebysrealty.com\/es\/","name":"Barcelona Sotheby&#039;s","description":"Otro sitio realizado con WordPress","publisher":{"@id":"https:\/\/www.barcelona-sothebysrealty.com\/es\/#organization"},"potentialAction":[{"@type":"SearchAction","target":{"@type":"EntryPoint","urlTemplate":"https:\/\/www.barcelona-sothebysrealty.com\/es\/?s={search_term_string}"},"query-input":"required name=search_term_string"}],"inLanguage":"fr-FR"},{"@type":"WebPage","@id":"https:\/\/www.barcelona-sothebysrealty.com\/fr\/proprietes-vente\/cote-sur-barcelona\/#webpage","url":"https:\/\/www.barcelona-sothebysrealty.com\/fr\/proprietes-vente\/cote-sur-barcelona\/","name":"Propri\u00e9t\u00e9s \u00e0 vendre sur la c\u00f4te sud de Barcelone - Barcelona Sotheby&#039;s","isPartOf":{"@id":"https:\/\/www.barcelona-sothebysrealty.com\/es\/#website"},"datePublished":"2021-06-23T10:01:42+00:00","dateModified":"2023-12-15T08:21:16+00:00","description":"Disponemos de una amplia selecci\u00f3n de viviendas exclusivas situadas a lo largo de la Costa sur de Barcelona","breadcrumb":{"@id":"https:\/\/www.barcelona-sothebysrealty.com\/fr\/proprietes-vente\/cote-sur-barcelona\/#breadcrumb"},"inLanguage":"fr-FR","potentialAction":[{"@type":"ReadAction","target":["https:\/\/www.barcelona-sothebysrealty.com\/fr\/proprietes-vente\/cote-sur-barcelona\/"]}]},{"@type":"BreadcrumbList","@id":"https:\/\/www.barcelona-sothebysrealty.com\/fr\/proprietes-vente\/cote-sur-barcelona\/#breadcrumb","itemListElement":[{"@type":"ListItem","position":1,"name":"Portada","item":"https:\/\/www.barcelona-sothebysrealty.com\/fr\/"},{"@type":"ListItem","position":2,"name":"Propri\u00e9t\u00e9s \u00e0 vendre &#8211; Achat et vente d&#8217;appartements et de maisons de luxe","item":"https:\/\/www.barcelona-sothebysrealty.com\/fr\/proprietes-vente\/"},{"@type":"ListItem","position":3,"name":"Propri\u00e9t\u00e9s \u00e0 vendre sur la c\u00f4te sud de Barcelone"}]}]}},"_links":{"self":[{"href":"https:\/\/www.barcelona-sothebysrealty.com\/fr\/wp-json\/wp\/v2\/pages\/303178"}],"collection":[{"href":"https:\/\/www.barcelona-sothebysrealty.com\/fr\/wp-json\/wp\/v2\/pages"}],"about":[{"href":"https:\/\/www.barcelona-sothebysrealty.com\/fr\/wp-json\/wp\/v2\/types\/page"}],"author":[{"embeddable":true,"href":"https:\/\/www.barcelona-sothebysrealty.com\/fr\/wp-json\/wp\/v2\/users\/2"}],"replies":[{"embeddable":true,"href":"https:\/\/www.barcelona-sothebysrealty.com\/fr\/wp-json\/wp\/v2\/comments?post=303178"}],"version-history":[{"count":0,"href":"https:\/\/www.barcelona-sothebysrealty.com\/fr\/wp-json\/wp\/v2\/pages\/303178\/revisions"}],"up":[{"embeddable":true,"href":"https:\/\/www.barcelona-sothebysrealty.com\/fr\/wp-json\/wp\/v2\/pages\/93584"}],"wp:attachment":[{"href":"https:\/\/www.barcelona-sothebysrealty.com\/fr\/wp-json\/wp\/v2\/media?parent=303178"}],"curies":[{"name":"wp","href":"https:\/\/api.w.org\/{rel}","templated":true}]}}