{"id":93652,"date":"2020-12-01T11:58:20","date_gmt":"2020-12-01T10:58:20","guid":{"rendered":"https:\/\/xanatis.com\/~barcelonasotheby\/proprietes-vente\/sant-cugat\/"},"modified":"2021-02-18T16:53:24","modified_gmt":"2021-02-18T15:53:24","slug":"sant-cugat","status":"publish","type":"page","link":"https:\/\/www.barcelona-sothebysrealty.com\/fr\/proprietes-vente\/sant-cugat\/","title":{"rendered":"Propri\u00e9t\u00e9s \u00e0 vendre \u00e0 Sant Cugat"},"content":{"rendered":"<p><span style=\"font-weight: 400;\">\u00c0 Barcelona Sotheby&rsquo;s International Realty, nous disposons du meilleur catalogue de maisons de luxe \u00e0 Sant Cugat : des espaces uniques pr\u00eats \u00e0 s&rsquo;installer en pensant uniquement aux exigences de nos acheteurs et aux grandes attentes de confort en mati\u00e8re de logement de luxe.\u00a0<\/span><\/p>\n<p><span style=\"font-weight: 400;\">Situ\u00e9 \u00e0 quelques kilom\u00e8tres de Barcelone, Sant Cugat est pr\u00e9sent\u00e9 comme l&rsquo;un des meilleurs quartiers r\u00e9sidentiels et de loisirs de haut niveau. <\/span><span style=\"font-weight: 400;\">Elle<\/span> <span style=\"font-weight: 400;\">Il <\/span><span style=\"font-weight: 400;\">dispose de zones technologiquement \u00e9quip\u00e9es pour faire conna\u00eetre le concept de ville intelligente \u00e0 tous ses habitants.\u00a0<\/span><\/p>\n<p><span style=\"font-weight: 400;\">Si vous envisagez d&rsquo;acheter une maison de luxe \u00e0 Sant Cugat, n&rsquo;h\u00e9sitez pas \u00e0 contacter notre agence et nous vous conseillerons pour faire le bon investissement.<\/span><\/p>\n","protected":false},"excerpt":{"rendered":"<p>\u00c0 Barcelona Sotheby&rsquo;s International Realty, nous disposons du meilleur catalogue de maisons de luxe \u00e0 Sant Cugat : des espaces<a class=\"more-link\" href=\"https:\/\/www.barcelona-sothebysrealty.com\/fr\/proprietes-vente\/sant-cugat\/\">Llegir M\u00e9s<\/a><\/p>\n","protected":false},"author":2,"featured_media":0,"parent":93584,"menu_order":0,"comment_status":"closed","ping_status":"closed","template":"page-listado.php","meta":[],"yoast_head":"<!-- This site is optimized with the Yoast SEO plugin v17.1 - https:\/\/yoast.com\/wordpress\/plugins\/seo\/ -->\n<meta name=\"robots\" content=\"index, follow, max-snippet:-1, max-image-preview:large, max-video-preview:-1\" \/>\n<meta property=\"og:locale\" content=\"fr_FR\" \/>\n<meta property=\"og:type\" content=\"article\" \/>\n<meta property=\"og:title\" content=\"Propri\u00e9t\u00e9s \u00e0 vendre \u00e0 Sant Cugat - Barcelona Sotheby&#039;s\" \/>\n<meta property=\"og:description\" content=\"\u00c0 Barcelona Sotheby&rsquo;s International Realty, nous disposons du meilleur catalogue de maisons de luxe \u00e0 Sant Cugat : des espacesLlegir M\u00e9s\" \/>\n<meta property=\"og:url\" content=\"https:\/\/www.barcelona-sothebysrealty.com\/fr\/proprietes-vente\/sant-cugat\/\" \/>\n<meta property=\"og:site_name\" content=\"Barcelona Sotheby&#039;s Realty\" \/>\n<meta property=\"article:modified_time\" content=\"2021-02-18T15:53:24+00:00\" \/>\n<meta name=\"twitter:card\" content=\"summary_large_image\" \/>\n<meta name=\"twitter:label1\" content=\"Dur\u00e9e de lecture est.\" \/>\n\t<meta name=\"twitter:data1\" content=\"1 minute\" \/>\n<script type=\"application\/ld+json\" class=\"yoast-schema-graph\">{\"@context\":\"https:\/\/schema.org\",\"@graph\":[{\"@type\":\"Organization\",\"@id\":\"https:\/\/www.barcelona-sothebysrealty.com\/es\/#organization\",\"name\":\"Barcelona Sotheby's Realty\",\"url\":\"https:\/\/www.barcelona-sothebysrealty.com\/es\/\",\"sameAs\":[],\"logo\":{\"@type\":\"ImageObject\",\"@id\":\"https:\/\/www.barcelona-sothebysrealty.com\/es\/#logo\",\"inLanguage\":\"fr-FR\",\"url\":\"https:\/\/www.barcelona-sothebysrealty.com\/wp-content\/uploads\/2023\/10\/sothebys-barcelona-logo-3.png\",\"contentUrl\":\"https:\/\/www.barcelona-sothebysrealty.com\/wp-content\/uploads\/2023\/10\/sothebys-barcelona-logo-3.png\",\"width\":274,\"height\":274,\"caption\":\"Barcelona Sotheby's Realty\"},\"image\":{\"@id\":\"https:\/\/www.barcelona-sothebysrealty.com\/es\/#logo\"}},{\"@type\":\"WebSite\",\"@id\":\"https:\/\/www.barcelona-sothebysrealty.com\/es\/#website\",\"url\":\"https:\/\/www.barcelona-sothebysrealty.com\/es\/\",\"name\":\"Barcelona Sotheby&#039;s\",\"description\":\"Otro sitio realizado con WordPress\",\"publisher\":{\"@id\":\"https:\/\/www.barcelona-sothebysrealty.com\/es\/#organization\"},\"potentialAction\":[{\"@type\":\"SearchAction\",\"target\":{\"@type\":\"EntryPoint\",\"urlTemplate\":\"https:\/\/www.barcelona-sothebysrealty.com\/es\/?s={search_term_string}\"},\"query-input\":\"required name=search_term_string\"}],\"inLanguage\":\"fr-FR\"},{\"@type\":\"WebPage\",\"@id\":\"https:\/\/www.barcelona-sothebysrealty.com\/fr\/proprietes-vente\/sant-cugat\/#webpage\",\"url\":\"https:\/\/www.barcelona-sothebysrealty.com\/fr\/proprietes-vente\/sant-cugat\/\",\"name\":\"Propri\\u00e9t\\u00e9s \\u00e0 vendre \\u00e0 Sant Cugat - Barcelona Sotheby&#039;s\",\"isPartOf\":{\"@id\":\"https:\/\/www.barcelona-sothebysrealty.com\/es\/#website\"},\"datePublished\":\"2020-12-01T10:58:20+00:00\",\"dateModified\":\"2021-02-18T15:53:24+00:00\",\"breadcrumb\":{\"@id\":\"https:\/\/www.barcelona-sothebysrealty.com\/fr\/proprietes-vente\/sant-cugat\/#breadcrumb\"},\"inLanguage\":\"fr-FR\",\"potentialAction\":[{\"@type\":\"ReadAction\",\"target\":[\"https:\/\/www.barcelona-sothebysrealty.com\/fr\/proprietes-vente\/sant-cugat\/\"]}]},{\"@type\":\"BreadcrumbList\",\"@id\":\"https:\/\/www.barcelona-sothebysrealty.com\/fr\/proprietes-vente\/sant-cugat\/#breadcrumb\",\"itemListElement\":[{\"@type\":\"ListItem\",\"position\":1,\"name\":\"Portada\",\"item\":\"https:\/\/www.barcelona-sothebysrealty.com\/fr\/\"},{\"@type\":\"ListItem\",\"position\":2,\"name\":\"Propri\\u00e9t\\u00e9s \\u00e0 vendre &#8211; Achat et vente d&#8217;appartements et de maisons de luxe\",\"item\":\"https:\/\/www.barcelona-sothebysrealty.com\/fr\/proprietes-vente\/\"},{\"@type\":\"ListItem\",\"position\":3,\"name\":\"Propri\\u00e9t\\u00e9s \\u00e0 vendre \\u00e0 Sant Cugat\"}]}]}<\/script>\n<!-- \/ Yoast SEO plugin. -->","yoast_head_json":{"robots":{"index":"index","follow":"follow","max-snippet":"max-snippet:-1","max-image-preview":"max-image-preview:large","max-video-preview":"max-video-preview:-1"},"og_locale":"fr_FR","og_type":"article","og_title":"Propri\u00e9t\u00e9s \u00e0 vendre \u00e0 Sant Cugat - Barcelona Sotheby&#039;s","og_description":"\u00c0 Barcelona Sotheby&rsquo;s International Realty, nous disposons du meilleur catalogue de maisons de luxe \u00e0 Sant Cugat : des espacesLlegir M\u00e9s","og_url":"https:\/\/www.barcelona-sothebysrealty.com\/fr\/proprietes-vente\/sant-cugat\/","og_site_name":"Barcelona Sotheby's Realty","article_modified_time":"2021-02-18T15:53:24+00:00","twitter_card":"summary_large_image","twitter_misc":{"Dur\u00e9e de lecture est.":"1 minute"},"schema":{"@context":"https:\/\/schema.org","@graph":[{"@type":"Organization","@id":"https:\/\/www.barcelona-sothebysrealty.com\/es\/#organization","name":"Barcelona Sotheby's Realty","url":"https:\/\/www.barcelona-sothebysrealty.com\/es\/","sameAs":[],"logo":{"@type":"ImageObject","@id":"https:\/\/www.barcelona-sothebysrealty.com\/es\/#logo","inLanguage":"fr-FR","url":"https:\/\/www.barcelona-sothebysrealty.com\/wp-content\/uploads\/2023\/10\/sothebys-barcelona-logo-3.png","contentUrl":"https:\/\/www.barcelona-sothebysrealty.com\/wp-content\/uploads\/2023\/10\/sothebys-barcelona-logo-3.png","width":274,"height":274,"caption":"Barcelona Sotheby's Realty"},"image":{"@id":"https:\/\/www.barcelona-sothebysrealty.com\/es\/#logo"}},{"@type":"WebSite","@id":"https:\/\/www.barcelona-sothebysrealty.com\/es\/#website","url":"https:\/\/www.barcelona-sothebysrealty.com\/es\/","name":"Barcelona Sotheby&#039;s","description":"Otro sitio realizado con WordPress","publisher":{"@id":"https:\/\/www.barcelona-sothebysrealty.com\/es\/#organization"},"potentialAction":[{"@type":"SearchAction","target":{"@type":"EntryPoint","urlTemplate":"https:\/\/www.barcelona-sothebysrealty.com\/es\/?s={search_term_string}"},"query-input":"required name=search_term_string"}],"inLanguage":"fr-FR"},{"@type":"WebPage","@id":"https:\/\/www.barcelona-sothebysrealty.com\/fr\/proprietes-vente\/sant-cugat\/#webpage","url":"https:\/\/www.barcelona-sothebysrealty.com\/fr\/proprietes-vente\/sant-cugat\/","name":"Propri\u00e9t\u00e9s \u00e0 vendre \u00e0 Sant Cugat - Barcelona Sotheby&#039;s","isPartOf":{"@id":"https:\/\/www.barcelona-sothebysrealty.com\/es\/#website"},"datePublished":"2020-12-01T10:58:20+00:00","dateModified":"2021-02-18T15:53:24+00:00","breadcrumb":{"@id":"https:\/\/www.barcelona-sothebysrealty.com\/fr\/proprietes-vente\/sant-cugat\/#breadcrumb"},"inLanguage":"fr-FR","potentialAction":[{"@type":"ReadAction","target":["https:\/\/www.barcelona-sothebysrealty.com\/fr\/proprietes-vente\/sant-cugat\/"]}]},{"@type":"BreadcrumbList","@id":"https:\/\/www.barcelona-sothebysrealty.com\/fr\/proprietes-vente\/sant-cugat\/#breadcrumb","itemListElement":[{"@type":"ListItem","position":1,"name":"Portada","item":"https:\/\/www.barcelona-sothebysrealty.com\/fr\/"},{"@type":"ListItem","position":2,"name":"Propri\u00e9t\u00e9s \u00e0 vendre &#8211; Achat et vente d&#8217;appartements et de maisons de luxe","item":"https:\/\/www.barcelona-sothebysrealty.com\/fr\/proprietes-vente\/"},{"@type":"ListItem","position":3,"name":"Propri\u00e9t\u00e9s \u00e0 vendre \u00e0 Sant Cugat"}]}]}},"_links":{"self":[{"href":"https:\/\/www.barcelona-sothebysrealty.com\/fr\/wp-json\/wp\/v2\/pages\/93652"}],"collection":[{"href":"https:\/\/www.barcelona-sothebysrealty.com\/fr\/wp-json\/wp\/v2\/pages"}],"about":[{"href":"https:\/\/www.barcelona-sothebysrealty.com\/fr\/wp-json\/wp\/v2\/types\/page"}],"author":[{"embeddable":true,"href":"https:\/\/www.barcelona-sothebysrealty.com\/fr\/wp-json\/wp\/v2\/users\/2"}],"replies":[{"embeddable":true,"href":"https:\/\/www.barcelona-sothebysrealty.com\/fr\/wp-json\/wp\/v2\/comments?post=93652"}],"version-history":[{"count":0,"href":"https:\/\/www.barcelona-sothebysrealty.com\/fr\/wp-json\/wp\/v2\/pages\/93652\/revisions"}],"up":[{"embeddable":true,"href":"https:\/\/www.barcelona-sothebysrealty.com\/fr\/wp-json\/wp\/v2\/pages\/93584"}],"wp:attachment":[{"href":"https:\/\/www.barcelona-sothebysrealty.com\/fr\/wp-json\/wp\/v2\/media?parent=93652"}],"curies":[{"name":"wp","href":"https:\/\/api.w.org\/{rel}","templated":true}]}}