{"id":93715,"date":"2020-12-01T12:11:02","date_gmt":"2020-12-01T11:11:02","guid":{"rendered":"https:\/\/xanatis.com\/~barcelonasotheby\/proprietes-vente\/maresme\/llavaneres\/"},"modified":"2023-12-14T15:01:26","modified_gmt":"2023-12-14T14:01:26","slug":"llavaneres","status":"publish","type":"page","link":"https:\/\/www.barcelona-sothebysrealty.com\/fr\/proprietes-vente\/maresme\/llavaneres\/","title":{"rendered":"Propri\u00e9t\u00e9s \u00e0 vendre Llavaneres"},"content":{"rendered":"<p>Avec ses prestigieux terrains de golf, son club nautique, son centre \u00e9questre, ses for\u00eats verdoyantes et ses vastes plages de sable blanc, Sant Andreu de Llavaneres et Sant Vicen\u00e7 de Montalt sont sans aucun doute parmi les plus prestigieux endroits de la c\u00f4te du Maresme.<\/p>\n<p>Une enclave parfaite pour acheter votre r\u00e9sidence secondaire ou pour s&rsquo;installer tout au long de l&rsquo;ann\u00e9e dans l&rsquo;un de ses d\u00e9veloppements s\u00e9lectionn\u00e9s tels que Supermaresme, Rocaferrera ou Bell-Aire. Vivre ici, \u00e0 40 kilom\u00e8tres de la ville de Barcelone et \u00e0 150 kilom\u00e8tres de la fronti\u00e8re fran\u00e7aise, est vraiment un privil\u00e8ge.<\/p>\n<p>Chez Barcelona &amp; Costa Brava Sotheby&rsquo;s International Realty, nous offrons un service de courtage discret et professionnel dans cette zone exclusive.<\/p>\n","protected":false},"excerpt":{"rendered":"<p>Avec ses prestigieux terrains de golf, son club nautique, son centre \u00e9questre, ses for\u00eats verdoyantes et ses vastes plages de<a class=\"more-link\" href=\"https:\/\/www.barcelona-sothebysrealty.com\/fr\/proprietes-vente\/maresme\/llavaneres\/\">Llegir M\u00e9s<\/a><\/p>\n","protected":false},"author":2,"featured_media":0,"parent":93689,"menu_order":0,"comment_status":"closed","ping_status":"closed","template":"page-listado.php","meta":[],"yoast_head":"<!-- This site is optimized with the Yoast SEO plugin v17.1 - https:\/\/yoast.com\/wordpress\/plugins\/seo\/ -->\n<meta name=\"robots\" content=\"index, follow, max-snippet:-1, max-image-preview:large, max-video-preview:-1\" \/>\n<meta property=\"og:locale\" content=\"fr_FR\" \/>\n<meta property=\"og:type\" content=\"article\" \/>\n<meta property=\"og:title\" content=\"Propri\u00e9t\u00e9s \u00e0 vendre Llavaneres - Barcelona Sotheby&#039;s\" \/>\n<meta property=\"og:description\" content=\"Avec ses prestigieux terrains de golf, son club nautique, son centre \u00e9questre, ses for\u00eats verdoyantes et ses vastes plages deLlegir M\u00e9s\" \/>\n<meta property=\"og:url\" content=\"https:\/\/www.barcelona-sothebysrealty.com\/fr\/proprietes-vente\/maresme\/llavaneres\/\" \/>\n<meta property=\"og:site_name\" content=\"Barcelona Sotheby&#039;s Realty\" \/>\n<meta property=\"article:modified_time\" content=\"2023-12-14T14:01:26+00:00\" \/>\n<meta name=\"twitter:card\" content=\"summary_large_image\" \/>\n<meta name=\"twitter:label1\" content=\"Dur\u00e9e de lecture est.\" \/>\n\t<meta name=\"twitter:data1\" content=\"1 minute\" \/>\n<script type=\"application\/ld+json\" class=\"yoast-schema-graph\">{\"@context\":\"https:\/\/schema.org\",\"@graph\":[{\"@type\":\"Organization\",\"@id\":\"https:\/\/www.barcelona-sothebysrealty.com\/es\/#organization\",\"name\":\"Barcelona Sotheby's Realty\",\"url\":\"https:\/\/www.barcelona-sothebysrealty.com\/es\/\",\"sameAs\":[],\"logo\":{\"@type\":\"ImageObject\",\"@id\":\"https:\/\/www.barcelona-sothebysrealty.com\/es\/#logo\",\"inLanguage\":\"fr-FR\",\"url\":\"https:\/\/www.barcelona-sothebysrealty.com\/wp-content\/uploads\/2023\/10\/sothebys-barcelona-logo-3.png\",\"contentUrl\":\"https:\/\/www.barcelona-sothebysrealty.com\/wp-content\/uploads\/2023\/10\/sothebys-barcelona-logo-3.png\",\"width\":274,\"height\":274,\"caption\":\"Barcelona Sotheby's Realty\"},\"image\":{\"@id\":\"https:\/\/www.barcelona-sothebysrealty.com\/es\/#logo\"}},{\"@type\":\"WebSite\",\"@id\":\"https:\/\/www.barcelona-sothebysrealty.com\/es\/#website\",\"url\":\"https:\/\/www.barcelona-sothebysrealty.com\/es\/\",\"name\":\"Barcelona Sotheby&#039;s\",\"description\":\"Otro sitio realizado con WordPress\",\"publisher\":{\"@id\":\"https:\/\/www.barcelona-sothebysrealty.com\/es\/#organization\"},\"potentialAction\":[{\"@type\":\"SearchAction\",\"target\":{\"@type\":\"EntryPoint\",\"urlTemplate\":\"https:\/\/www.barcelona-sothebysrealty.com\/es\/?s={search_term_string}\"},\"query-input\":\"required name=search_term_string\"}],\"inLanguage\":\"fr-FR\"},{\"@type\":\"WebPage\",\"@id\":\"https:\/\/www.barcelona-sothebysrealty.com\/fr\/proprietes-vente\/maresme\/llavaneres\/#webpage\",\"url\":\"https:\/\/www.barcelona-sothebysrealty.com\/fr\/proprietes-vente\/maresme\/llavaneres\/\",\"name\":\"Propri\\u00e9t\\u00e9s \\u00e0 vendre Llavaneres - Barcelona Sotheby&#039;s\",\"isPartOf\":{\"@id\":\"https:\/\/www.barcelona-sothebysrealty.com\/es\/#website\"},\"datePublished\":\"2020-12-01T11:11:02+00:00\",\"dateModified\":\"2023-12-14T14:01:26+00:00\",\"breadcrumb\":{\"@id\":\"https:\/\/www.barcelona-sothebysrealty.com\/fr\/proprietes-vente\/maresme\/llavaneres\/#breadcrumb\"},\"inLanguage\":\"fr-FR\",\"potentialAction\":[{\"@type\":\"ReadAction\",\"target\":[\"https:\/\/www.barcelona-sothebysrealty.com\/fr\/proprietes-vente\/maresme\/llavaneres\/\"]}]},{\"@type\":\"BreadcrumbList\",\"@id\":\"https:\/\/www.barcelona-sothebysrealty.com\/fr\/proprietes-vente\/maresme\/llavaneres\/#breadcrumb\",\"itemListElement\":[{\"@type\":\"ListItem\",\"position\":1,\"name\":\"Portada\",\"item\":\"https:\/\/www.barcelona-sothebysrealty.com\/fr\/\"},{\"@type\":\"ListItem\",\"position\":2,\"name\":\"Propri\\u00e9t\\u00e9s \\u00e0 vendre &#8211; Achat et vente d&#8217;appartements et de maisons de luxe\",\"item\":\"https:\/\/www.barcelona-sothebysrealty.com\/fr\/proprietes-vente\/\"},{\"@type\":\"ListItem\",\"position\":3,\"name\":\"Propri\\u00e9t\\u00e9s \\u00e0 vendre dans le Maresme\",\"item\":\"https:\/\/www.barcelona-sothebysrealty.com\/fr\/proprietes-vente\/maresme\/\"},{\"@type\":\"ListItem\",\"position\":4,\"name\":\"Propri\\u00e9t\\u00e9s \\u00e0 vendre Llavaneres\"}]}]}<\/script>\n<!-- \/ Yoast SEO plugin. -->","yoast_head_json":{"robots":{"index":"index","follow":"follow","max-snippet":"max-snippet:-1","max-image-preview":"max-image-preview:large","max-video-preview":"max-video-preview:-1"},"og_locale":"fr_FR","og_type":"article","og_title":"Propri\u00e9t\u00e9s \u00e0 vendre Llavaneres - Barcelona Sotheby&#039;s","og_description":"Avec ses prestigieux terrains de golf, son club nautique, son centre \u00e9questre, ses for\u00eats verdoyantes et ses vastes plages deLlegir M\u00e9s","og_url":"https:\/\/www.barcelona-sothebysrealty.com\/fr\/proprietes-vente\/maresme\/llavaneres\/","og_site_name":"Barcelona Sotheby's Realty","article_modified_time":"2023-12-14T14:01:26+00:00","twitter_card":"summary_large_image","twitter_misc":{"Dur\u00e9e de lecture est.":"1 minute"},"schema":{"@context":"https:\/\/schema.org","@graph":[{"@type":"Organization","@id":"https:\/\/www.barcelona-sothebysrealty.com\/es\/#organization","name":"Barcelona Sotheby's Realty","url":"https:\/\/www.barcelona-sothebysrealty.com\/es\/","sameAs":[],"logo":{"@type":"ImageObject","@id":"https:\/\/www.barcelona-sothebysrealty.com\/es\/#logo","inLanguage":"fr-FR","url":"https:\/\/www.barcelona-sothebysrealty.com\/wp-content\/uploads\/2023\/10\/sothebys-barcelona-logo-3.png","contentUrl":"https:\/\/www.barcelona-sothebysrealty.com\/wp-content\/uploads\/2023\/10\/sothebys-barcelona-logo-3.png","width":274,"height":274,"caption":"Barcelona Sotheby's Realty"},"image":{"@id":"https:\/\/www.barcelona-sothebysrealty.com\/es\/#logo"}},{"@type":"WebSite","@id":"https:\/\/www.barcelona-sothebysrealty.com\/es\/#website","url":"https:\/\/www.barcelona-sothebysrealty.com\/es\/","name":"Barcelona Sotheby&#039;s","description":"Otro sitio realizado con WordPress","publisher":{"@id":"https:\/\/www.barcelona-sothebysrealty.com\/es\/#organization"},"potentialAction":[{"@type":"SearchAction","target":{"@type":"EntryPoint","urlTemplate":"https:\/\/www.barcelona-sothebysrealty.com\/es\/?s={search_term_string}"},"query-input":"required name=search_term_string"}],"inLanguage":"fr-FR"},{"@type":"WebPage","@id":"https:\/\/www.barcelona-sothebysrealty.com\/fr\/proprietes-vente\/maresme\/llavaneres\/#webpage","url":"https:\/\/www.barcelona-sothebysrealty.com\/fr\/proprietes-vente\/maresme\/llavaneres\/","name":"Propri\u00e9t\u00e9s \u00e0 vendre Llavaneres - Barcelona Sotheby&#039;s","isPartOf":{"@id":"https:\/\/www.barcelona-sothebysrealty.com\/es\/#website"},"datePublished":"2020-12-01T11:11:02+00:00","dateModified":"2023-12-14T14:01:26+00:00","breadcrumb":{"@id":"https:\/\/www.barcelona-sothebysrealty.com\/fr\/proprietes-vente\/maresme\/llavaneres\/#breadcrumb"},"inLanguage":"fr-FR","potentialAction":[{"@type":"ReadAction","target":["https:\/\/www.barcelona-sothebysrealty.com\/fr\/proprietes-vente\/maresme\/llavaneres\/"]}]},{"@type":"BreadcrumbList","@id":"https:\/\/www.barcelona-sothebysrealty.com\/fr\/proprietes-vente\/maresme\/llavaneres\/#breadcrumb","itemListElement":[{"@type":"ListItem","position":1,"name":"Portada","item":"https:\/\/www.barcelona-sothebysrealty.com\/fr\/"},{"@type":"ListItem","position":2,"name":"Propri\u00e9t\u00e9s \u00e0 vendre &#8211; Achat et vente d&#8217;appartements et de maisons de luxe","item":"https:\/\/www.barcelona-sothebysrealty.com\/fr\/proprietes-vente\/"},{"@type":"ListItem","position":3,"name":"Propri\u00e9t\u00e9s \u00e0 vendre dans le Maresme","item":"https:\/\/www.barcelona-sothebysrealty.com\/fr\/proprietes-vente\/maresme\/"},{"@type":"ListItem","position":4,"name":"Propri\u00e9t\u00e9s \u00e0 vendre Llavaneres"}]}]}},"_links":{"self":[{"href":"https:\/\/www.barcelona-sothebysrealty.com\/fr\/wp-json\/wp\/v2\/pages\/93715"}],"collection":[{"href":"https:\/\/www.barcelona-sothebysrealty.com\/fr\/wp-json\/wp\/v2\/pages"}],"about":[{"href":"https:\/\/www.barcelona-sothebysrealty.com\/fr\/wp-json\/wp\/v2\/types\/page"}],"author":[{"embeddable":true,"href":"https:\/\/www.barcelona-sothebysrealty.com\/fr\/wp-json\/wp\/v2\/users\/2"}],"replies":[{"embeddable":true,"href":"https:\/\/www.barcelona-sothebysrealty.com\/fr\/wp-json\/wp\/v2\/comments?post=93715"}],"version-history":[{"count":0,"href":"https:\/\/www.barcelona-sothebysrealty.com\/fr\/wp-json\/wp\/v2\/pages\/93715\/revisions"}],"up":[{"embeddable":true,"href":"https:\/\/www.barcelona-sothebysrealty.com\/fr\/wp-json\/wp\/v2\/pages\/93689"}],"wp:attachment":[{"href":"https:\/\/www.barcelona-sothebysrealty.com\/fr\/wp-json\/wp\/v2\/media?parent=93715"}],"curies":[{"name":"wp","href":"https:\/\/api.w.org\/{rel}","templated":true}]}}