{"id":93728,"date":"2021-02-01T15:21:18","date_gmt":"2021-02-01T14:21:18","guid":{"rendered":"https:\/\/xanatis.com\/~barcelonasotheby\/proprietes-vente\/maresme\/cabrils\/"},"modified":"2023-12-14T15:05:46","modified_gmt":"2023-12-14T14:05:46","slug":"cabrils","status":"publish","type":"page","link":"https:\/\/www.barcelona-sothebysrealty.com\/fr\/proprietes-vente\/maresme\/cabrils\/","title":{"rendered":"Propri\u00e9t\u00e9s \u00e0 vendre Cabrils"},"content":{"rendered":"<p>Cabrils et Cabrera de mar repr\u00e9sentent la combinaison parfaite entre la mer et la montagne. Situ\u00e9 dans un environnement naturel plein de zones vertes et de plages de sable blanc, les deux municipalit\u00e9s sont limitrophes et sont situ\u00e9es dans des vall\u00e9es idylliques situ\u00e9es \u00e0 seulement 30 minutes du centre-ville de Barcelone.<\/p>\n<p>Reconnu avec la distinction des villages gastronomiques pour la qualit\u00e9 et la richesse de sa cuisine m\u00e9diterran\u00e9enne, ses rues sont pleines de petites boutiques et restaurants de grande tradition.<\/p>\n<p>Si vous souhaitez vendre ou acheter un bien immobilier \u00e0 Cabrils ou Cabrera, n&rsquo;h\u00e9sitez pas \u00e0 contacter notre \u00e9quipe de conseillers immobiliers.<\/p>\n","protected":false},"excerpt":{"rendered":"<p>Cabrils et Cabrera de mar repr\u00e9sentent la combinaison parfaite entre la mer et la montagne. Situ\u00e9 dans un environnement naturel<a class=\"more-link\" href=\"https:\/\/www.barcelona-sothebysrealty.com\/fr\/proprietes-vente\/maresme\/cabrils\/\">Llegir M\u00e9s<\/a><\/p>\n","protected":false},"author":2,"featured_media":0,"parent":93689,"menu_order":0,"comment_status":"closed","ping_status":"closed","template":"page-listado.php","meta":[],"yoast_head":"<!-- This site is optimized with the Yoast SEO plugin v17.1 - https:\/\/yoast.com\/wordpress\/plugins\/seo\/ -->\n<meta name=\"robots\" content=\"index, follow, max-snippet:-1, max-image-preview:large, max-video-preview:-1\" \/>\n<meta property=\"og:locale\" content=\"fr_FR\" \/>\n<meta property=\"og:type\" content=\"article\" \/>\n<meta property=\"og:title\" content=\"Propri\u00e9t\u00e9s \u00e0 vendre Cabrils - Barcelona Sotheby&#039;s\" \/>\n<meta property=\"og:description\" content=\"Cabrils et Cabrera de mar repr\u00e9sentent la combinaison parfaite entre la mer et la montagne. Situ\u00e9 dans un environnement naturelLlegir M\u00e9s\" \/>\n<meta property=\"og:url\" content=\"https:\/\/www.barcelona-sothebysrealty.com\/fr\/proprietes-vente\/maresme\/cabrils\/\" \/>\n<meta property=\"og:site_name\" content=\"Barcelona Sotheby&#039;s Realty\" \/>\n<meta property=\"article:modified_time\" content=\"2023-12-14T14:05:46+00:00\" \/>\n<meta name=\"twitter:card\" content=\"summary_large_image\" \/>\n<meta name=\"twitter:label1\" content=\"Dur\u00e9e de lecture est.\" \/>\n\t<meta name=\"twitter:data1\" content=\"1 minute\" \/>\n<script type=\"application\/ld+json\" class=\"yoast-schema-graph\">{\"@context\":\"https:\/\/schema.org\",\"@graph\":[{\"@type\":\"Organization\",\"@id\":\"https:\/\/www.barcelona-sothebysrealty.com\/es\/#organization\",\"name\":\"Barcelona Sotheby's Realty\",\"url\":\"https:\/\/www.barcelona-sothebysrealty.com\/es\/\",\"sameAs\":[],\"logo\":{\"@type\":\"ImageObject\",\"@id\":\"https:\/\/www.barcelona-sothebysrealty.com\/es\/#logo\",\"inLanguage\":\"fr-FR\",\"url\":\"https:\/\/www.barcelona-sothebysrealty.com\/wp-content\/uploads\/2023\/10\/sothebys-barcelona-logo-3.png\",\"contentUrl\":\"https:\/\/www.barcelona-sothebysrealty.com\/wp-content\/uploads\/2023\/10\/sothebys-barcelona-logo-3.png\",\"width\":274,\"height\":274,\"caption\":\"Barcelona Sotheby's Realty\"},\"image\":{\"@id\":\"https:\/\/www.barcelona-sothebysrealty.com\/es\/#logo\"}},{\"@type\":\"WebSite\",\"@id\":\"https:\/\/www.barcelona-sothebysrealty.com\/es\/#website\",\"url\":\"https:\/\/www.barcelona-sothebysrealty.com\/es\/\",\"name\":\"Barcelona Sotheby&#039;s\",\"description\":\"Otro sitio realizado con WordPress\",\"publisher\":{\"@id\":\"https:\/\/www.barcelona-sothebysrealty.com\/es\/#organization\"},\"potentialAction\":[{\"@type\":\"SearchAction\",\"target\":{\"@type\":\"EntryPoint\",\"urlTemplate\":\"https:\/\/www.barcelona-sothebysrealty.com\/es\/?s={search_term_string}\"},\"query-input\":\"required name=search_term_string\"}],\"inLanguage\":\"fr-FR\"},{\"@type\":\"WebPage\",\"@id\":\"https:\/\/www.barcelona-sothebysrealty.com\/fr\/proprietes-vente\/maresme\/cabrils\/#webpage\",\"url\":\"https:\/\/www.barcelona-sothebysrealty.com\/fr\/proprietes-vente\/maresme\/cabrils\/\",\"name\":\"Propri\\u00e9t\\u00e9s \\u00e0 vendre Cabrils - Barcelona Sotheby&#039;s\",\"isPartOf\":{\"@id\":\"https:\/\/www.barcelona-sothebysrealty.com\/es\/#website\"},\"datePublished\":\"2021-02-01T14:21:18+00:00\",\"dateModified\":\"2023-12-14T14:05:46+00:00\",\"breadcrumb\":{\"@id\":\"https:\/\/www.barcelona-sothebysrealty.com\/fr\/proprietes-vente\/maresme\/cabrils\/#breadcrumb\"},\"inLanguage\":\"fr-FR\",\"potentialAction\":[{\"@type\":\"ReadAction\",\"target\":[\"https:\/\/www.barcelona-sothebysrealty.com\/fr\/proprietes-vente\/maresme\/cabrils\/\"]}]},{\"@type\":\"BreadcrumbList\",\"@id\":\"https:\/\/www.barcelona-sothebysrealty.com\/fr\/proprietes-vente\/maresme\/cabrils\/#breadcrumb\",\"itemListElement\":[{\"@type\":\"ListItem\",\"position\":1,\"name\":\"Portada\",\"item\":\"https:\/\/www.barcelona-sothebysrealty.com\/fr\/\"},{\"@type\":\"ListItem\",\"position\":2,\"name\":\"Propri\\u00e9t\\u00e9s \\u00e0 vendre &#8211; Achat et vente d&#8217;appartements et de maisons de luxe\",\"item\":\"https:\/\/www.barcelona-sothebysrealty.com\/fr\/proprietes-vente\/\"},{\"@type\":\"ListItem\",\"position\":3,\"name\":\"Propri\\u00e9t\\u00e9s \\u00e0 vendre dans le Maresme\",\"item\":\"https:\/\/www.barcelona-sothebysrealty.com\/fr\/proprietes-vente\/maresme\/\"},{\"@type\":\"ListItem\",\"position\":4,\"name\":\"Propri\\u00e9t\\u00e9s \\u00e0 vendre Cabrils\"}]}]}<\/script>\n<!-- \/ Yoast SEO plugin. -->","yoast_head_json":{"robots":{"index":"index","follow":"follow","max-snippet":"max-snippet:-1","max-image-preview":"max-image-preview:large","max-video-preview":"max-video-preview:-1"},"og_locale":"fr_FR","og_type":"article","og_title":"Propri\u00e9t\u00e9s \u00e0 vendre Cabrils - Barcelona Sotheby&#039;s","og_description":"Cabrils et Cabrera de mar repr\u00e9sentent la combinaison parfaite entre la mer et la montagne. Situ\u00e9 dans un environnement naturelLlegir M\u00e9s","og_url":"https:\/\/www.barcelona-sothebysrealty.com\/fr\/proprietes-vente\/maresme\/cabrils\/","og_site_name":"Barcelona Sotheby's Realty","article_modified_time":"2023-12-14T14:05:46+00:00","twitter_card":"summary_large_image","twitter_misc":{"Dur\u00e9e de lecture est.":"1 minute"},"schema":{"@context":"https:\/\/schema.org","@graph":[{"@type":"Organization","@id":"https:\/\/www.barcelona-sothebysrealty.com\/es\/#organization","name":"Barcelona Sotheby's Realty","url":"https:\/\/www.barcelona-sothebysrealty.com\/es\/","sameAs":[],"logo":{"@type":"ImageObject","@id":"https:\/\/www.barcelona-sothebysrealty.com\/es\/#logo","inLanguage":"fr-FR","url":"https:\/\/www.barcelona-sothebysrealty.com\/wp-content\/uploads\/2023\/10\/sothebys-barcelona-logo-3.png","contentUrl":"https:\/\/www.barcelona-sothebysrealty.com\/wp-content\/uploads\/2023\/10\/sothebys-barcelona-logo-3.png","width":274,"height":274,"caption":"Barcelona Sotheby's Realty"},"image":{"@id":"https:\/\/www.barcelona-sothebysrealty.com\/es\/#logo"}},{"@type":"WebSite","@id":"https:\/\/www.barcelona-sothebysrealty.com\/es\/#website","url":"https:\/\/www.barcelona-sothebysrealty.com\/es\/","name":"Barcelona Sotheby&#039;s","description":"Otro sitio realizado con WordPress","publisher":{"@id":"https:\/\/www.barcelona-sothebysrealty.com\/es\/#organization"},"potentialAction":[{"@type":"SearchAction","target":{"@type":"EntryPoint","urlTemplate":"https:\/\/www.barcelona-sothebysrealty.com\/es\/?s={search_term_string}"},"query-input":"required name=search_term_string"}],"inLanguage":"fr-FR"},{"@type":"WebPage","@id":"https:\/\/www.barcelona-sothebysrealty.com\/fr\/proprietes-vente\/maresme\/cabrils\/#webpage","url":"https:\/\/www.barcelona-sothebysrealty.com\/fr\/proprietes-vente\/maresme\/cabrils\/","name":"Propri\u00e9t\u00e9s \u00e0 vendre Cabrils - Barcelona Sotheby&#039;s","isPartOf":{"@id":"https:\/\/www.barcelona-sothebysrealty.com\/es\/#website"},"datePublished":"2021-02-01T14:21:18+00:00","dateModified":"2023-12-14T14:05:46+00:00","breadcrumb":{"@id":"https:\/\/www.barcelona-sothebysrealty.com\/fr\/proprietes-vente\/maresme\/cabrils\/#breadcrumb"},"inLanguage":"fr-FR","potentialAction":[{"@type":"ReadAction","target":["https:\/\/www.barcelona-sothebysrealty.com\/fr\/proprietes-vente\/maresme\/cabrils\/"]}]},{"@type":"BreadcrumbList","@id":"https:\/\/www.barcelona-sothebysrealty.com\/fr\/proprietes-vente\/maresme\/cabrils\/#breadcrumb","itemListElement":[{"@type":"ListItem","position":1,"name":"Portada","item":"https:\/\/www.barcelona-sothebysrealty.com\/fr\/"},{"@type":"ListItem","position":2,"name":"Propri\u00e9t\u00e9s \u00e0 vendre &#8211; Achat et vente d&#8217;appartements et de maisons de luxe","item":"https:\/\/www.barcelona-sothebysrealty.com\/fr\/proprietes-vente\/"},{"@type":"ListItem","position":3,"name":"Propri\u00e9t\u00e9s \u00e0 vendre dans le Maresme","item":"https:\/\/www.barcelona-sothebysrealty.com\/fr\/proprietes-vente\/maresme\/"},{"@type":"ListItem","position":4,"name":"Propri\u00e9t\u00e9s \u00e0 vendre Cabrils"}]}]}},"_links":{"self":[{"href":"https:\/\/www.barcelona-sothebysrealty.com\/fr\/wp-json\/wp\/v2\/pages\/93728"}],"collection":[{"href":"https:\/\/www.barcelona-sothebysrealty.com\/fr\/wp-json\/wp\/v2\/pages"}],"about":[{"href":"https:\/\/www.barcelona-sothebysrealty.com\/fr\/wp-json\/wp\/v2\/types\/page"}],"author":[{"embeddable":true,"href":"https:\/\/www.barcelona-sothebysrealty.com\/fr\/wp-json\/wp\/v2\/users\/2"}],"replies":[{"embeddable":true,"href":"https:\/\/www.barcelona-sothebysrealty.com\/fr\/wp-json\/wp\/v2\/comments?post=93728"}],"version-history":[{"count":0,"href":"https:\/\/www.barcelona-sothebysrealty.com\/fr\/wp-json\/wp\/v2\/pages\/93728\/revisions"}],"up":[{"embeddable":true,"href":"https:\/\/www.barcelona-sothebysrealty.com\/fr\/wp-json\/wp\/v2\/pages\/93689"}],"wp:attachment":[{"href":"https:\/\/www.barcelona-sothebysrealty.com\/fr\/wp-json\/wp\/v2\/media?parent=93728"}],"curies":[{"name":"wp","href":"https:\/\/api.w.org\/{rel}","templated":true}]}}