{"id":93767,"date":"2021-01-18T10:22:00","date_gmt":"2021-01-18T09:22:00","guid":{"rendered":"https:\/\/xanatis.com\/~barcelonasotheby\/proprietes-vente\/costa-brava\/platja-daro\/"},"modified":"2024-04-22T17:53:46","modified_gmt":"2024-04-22T15:53:46","slug":"immobilier-platja-d-aro","status":"publish","type":"page","link":"https:\/\/www.barcelona-sothebysrealty.com\/fr\/immobilier-platja-d-aro\/","title":{"rendered":"Immobilier de luxe \u00e0 Platja d\u2019Aro"},"content":{"rendered":"<p>Platja d&rsquo;Aro est situ\u00e9e au centre g\u00e9ographique de la Costa Brava. Il est connu comme le centre commercial de cette belle r\u00e9gion, gr\u00e2ce \u00e0 son large \u00e9ventail de magasins ouverts sept jours sur sept toute l&rsquo;ann\u00e9e, ainsi que pour sa vie nocturne anim\u00e9e. En outre, il poss\u00e8de un front de mer fantastique, avec une plage de plus de deux kilom\u00e8tres et de petites criques \u00e0 d\u00e9couvrir.<\/p>\n<p>Depuis notre bureau de Platja d&rsquo;Aro, Barcelona &amp; Costa Brava Sotheby&rsquo;s International Realty propose une s\u00e9lection de biens immobiliers de luxe \u00e0 acheter: <strong><a href=\"https:\/\/www.barcelona-sothebysrealty.com\/fr\/maison-vendre\/platja-d-aro\/\">maisons et villas exclusives<\/a><\/strong>, ainsi que des <strong><a href=\"https:\/\/www.barcelona-sothebysrealty.com\/fr\/appartement-vendre\/platja-daro\/\">appartements uniques<\/a><\/strong> avec vue sur la mer. De plus, nous sommes sp\u00e9cialis\u00e9s dans le quartier r\u00e9sidentiel renomm\u00e9 de Mas Nou.<\/p>\n","protected":false},"excerpt":{"rendered":"<p>Platja d&rsquo;Aro est situ\u00e9e au centre g\u00e9ographique de la Costa Brava. Il est connu comme le centre commercial de cette<a class=\"more-link\" href=\"https:\/\/www.barcelona-sothebysrealty.com\/fr\/immobilier-platja-d-aro\/\">Llegir M\u00e9s<\/a><\/p>\n","protected":false},"author":2,"featured_media":0,"parent":0,"menu_order":0,"comment_status":"closed","ping_status":"closed","template":"page-listado.php","meta":[],"yoast_head":"<!-- This site is optimized with the Yoast SEO plugin v17.1 - https:\/\/yoast.com\/wordpress\/plugins\/seo\/ -->\n<meta name=\"description\" content=\"Sotheby&#039;s Costa Brava, agence immobili\u00e8re sp\u00e9cialis\u00e9e dans la vente de propri\u00e9t\u00e9s de luxe \u00e0 Platja d&#039;Aro.\" \/>\n<meta name=\"robots\" content=\"index, follow, max-snippet:-1, max-image-preview:large, max-video-preview:-1\" \/>\n<meta property=\"og:locale\" content=\"fr_FR\" \/>\n<meta property=\"og:type\" content=\"article\" \/>\n<meta property=\"og:title\" content=\"Immobilier \u00e0 Platja d&#039;Aro | S\u00e9lection Unique Propri\u00e9t\u00e9s\" \/>\n<meta property=\"og:description\" content=\"Sotheby&#039;s Costa Brava, agence immobili\u00e8re sp\u00e9cialis\u00e9e dans la vente de propri\u00e9t\u00e9s de luxe \u00e0 Platja d&#039;Aro.\" \/>\n<meta property=\"og:url\" content=\"https:\/\/www.barcelona-sothebysrealty.com\/fr\/immobilier-platja-d-aro\/\" \/>\n<meta property=\"og:site_name\" content=\"Barcelona Sotheby&#039;s Realty\" \/>\n<meta property=\"article:modified_time\" content=\"2024-04-22T15:53:46+00:00\" \/>\n<meta name=\"twitter:card\" content=\"summary_large_image\" \/>\n<meta name=\"twitter:label1\" content=\"Dur\u00e9e de lecture est.\" \/>\n\t<meta name=\"twitter:data1\" content=\"1 minute\" \/>\n<script type=\"application\/ld+json\" class=\"yoast-schema-graph\">{\"@context\":\"https:\/\/schema.org\",\"@graph\":[{\"@type\":\"Organization\",\"@id\":\"https:\/\/www.barcelona-sothebysrealty.com\/es\/#organization\",\"name\":\"Barcelona Sotheby's Realty\",\"url\":\"https:\/\/www.barcelona-sothebysrealty.com\/es\/\",\"sameAs\":[],\"logo\":{\"@type\":\"ImageObject\",\"@id\":\"https:\/\/www.barcelona-sothebysrealty.com\/es\/#logo\",\"inLanguage\":\"fr-FR\",\"url\":\"https:\/\/www.barcelona-sothebysrealty.com\/wp-content\/uploads\/2023\/10\/sothebys-barcelona-logo-3.png\",\"contentUrl\":\"https:\/\/www.barcelona-sothebysrealty.com\/wp-content\/uploads\/2023\/10\/sothebys-barcelona-logo-3.png\",\"width\":274,\"height\":274,\"caption\":\"Barcelona Sotheby's Realty\"},\"image\":{\"@id\":\"https:\/\/www.barcelona-sothebysrealty.com\/es\/#logo\"}},{\"@type\":\"WebSite\",\"@id\":\"https:\/\/www.barcelona-sothebysrealty.com\/es\/#website\",\"url\":\"https:\/\/www.barcelona-sothebysrealty.com\/es\/\",\"name\":\"Barcelona Sotheby&#039;s\",\"description\":\"Otro sitio realizado con WordPress\",\"publisher\":{\"@id\":\"https:\/\/www.barcelona-sothebysrealty.com\/es\/#organization\"},\"potentialAction\":[{\"@type\":\"SearchAction\",\"target\":{\"@type\":\"EntryPoint\",\"urlTemplate\":\"https:\/\/www.barcelona-sothebysrealty.com\/es\/?s={search_term_string}\"},\"query-input\":\"required name=search_term_string\"}],\"inLanguage\":\"fr-FR\"},{\"@type\":\"WebPage\",\"@id\":\"https:\/\/www.barcelona-sothebysrealty.com\/fr\/immobilier-platja-d-aro\/#webpage\",\"url\":\"https:\/\/www.barcelona-sothebysrealty.com\/fr\/immobilier-platja-d-aro\/\",\"name\":\"Immobilier \\u00e0 Platja d'Aro | S\\u00e9lection Unique Propri\\u00e9t\\u00e9s\",\"isPartOf\":{\"@id\":\"https:\/\/www.barcelona-sothebysrealty.com\/es\/#website\"},\"datePublished\":\"2021-01-18T09:22:00+00:00\",\"dateModified\":\"2024-04-22T15:53:46+00:00\",\"description\":\"Sotheby's Costa Brava, agence immobili\\u00e8re sp\\u00e9cialis\\u00e9e dans la vente de propri\\u00e9t\\u00e9s de luxe \\u00e0 Platja d'Aro.\",\"breadcrumb\":{\"@id\":\"https:\/\/www.barcelona-sothebysrealty.com\/fr\/immobilier-platja-d-aro\/#breadcrumb\"},\"inLanguage\":\"fr-FR\",\"potentialAction\":[{\"@type\":\"ReadAction\",\"target\":[\"https:\/\/www.barcelona-sothebysrealty.com\/fr\/immobilier-platja-d-aro\/\"]}]},{\"@type\":\"BreadcrumbList\",\"@id\":\"https:\/\/www.barcelona-sothebysrealty.com\/fr\/immobilier-platja-d-aro\/#breadcrumb\",\"itemListElement\":[{\"@type\":\"ListItem\",\"position\":1,\"name\":\"Portada\",\"item\":\"https:\/\/www.barcelona-sothebysrealty.com\/fr\/\"},{\"@type\":\"ListItem\",\"position\":2,\"name\":\"Immobilier de luxe \\u00e0 Platja d\\u2019Aro\"}]}]}<\/script>\n<!-- \/ Yoast SEO plugin. -->","yoast_head_json":{"description":"Sotheby's Costa Brava, agence immobili\u00e8re sp\u00e9cialis\u00e9e dans la vente de propri\u00e9t\u00e9s de luxe \u00e0 Platja d'Aro.","robots":{"index":"index","follow":"follow","max-snippet":"max-snippet:-1","max-image-preview":"max-image-preview:large","max-video-preview":"max-video-preview:-1"},"og_locale":"fr_FR","og_type":"article","og_title":"Immobilier \u00e0 Platja d'Aro | S\u00e9lection Unique Propri\u00e9t\u00e9s","og_description":"Sotheby's Costa Brava, agence immobili\u00e8re sp\u00e9cialis\u00e9e dans la vente de propri\u00e9t\u00e9s de luxe \u00e0 Platja d'Aro.","og_url":"https:\/\/www.barcelona-sothebysrealty.com\/fr\/immobilier-platja-d-aro\/","og_site_name":"Barcelona Sotheby's Realty","article_modified_time":"2024-04-22T15:53:46+00:00","twitter_card":"summary_large_image","twitter_misc":{"Dur\u00e9e de lecture est.":"1 minute"},"schema":{"@context":"https:\/\/schema.org","@graph":[{"@type":"Organization","@id":"https:\/\/www.barcelona-sothebysrealty.com\/es\/#organization","name":"Barcelona Sotheby's Realty","url":"https:\/\/www.barcelona-sothebysrealty.com\/es\/","sameAs":[],"logo":{"@type":"ImageObject","@id":"https:\/\/www.barcelona-sothebysrealty.com\/es\/#logo","inLanguage":"fr-FR","url":"https:\/\/www.barcelona-sothebysrealty.com\/wp-content\/uploads\/2023\/10\/sothebys-barcelona-logo-3.png","contentUrl":"https:\/\/www.barcelona-sothebysrealty.com\/wp-content\/uploads\/2023\/10\/sothebys-barcelona-logo-3.png","width":274,"height":274,"caption":"Barcelona Sotheby's Realty"},"image":{"@id":"https:\/\/www.barcelona-sothebysrealty.com\/es\/#logo"}},{"@type":"WebSite","@id":"https:\/\/www.barcelona-sothebysrealty.com\/es\/#website","url":"https:\/\/www.barcelona-sothebysrealty.com\/es\/","name":"Barcelona Sotheby&#039;s","description":"Otro sitio realizado con WordPress","publisher":{"@id":"https:\/\/www.barcelona-sothebysrealty.com\/es\/#organization"},"potentialAction":[{"@type":"SearchAction","target":{"@type":"EntryPoint","urlTemplate":"https:\/\/www.barcelona-sothebysrealty.com\/es\/?s={search_term_string}"},"query-input":"required name=search_term_string"}],"inLanguage":"fr-FR"},{"@type":"WebPage","@id":"https:\/\/www.barcelona-sothebysrealty.com\/fr\/immobilier-platja-d-aro\/#webpage","url":"https:\/\/www.barcelona-sothebysrealty.com\/fr\/immobilier-platja-d-aro\/","name":"Immobilier \u00e0 Platja d'Aro | S\u00e9lection Unique Propri\u00e9t\u00e9s","isPartOf":{"@id":"https:\/\/www.barcelona-sothebysrealty.com\/es\/#website"},"datePublished":"2021-01-18T09:22:00+00:00","dateModified":"2024-04-22T15:53:46+00:00","description":"Sotheby's Costa Brava, agence immobili\u00e8re sp\u00e9cialis\u00e9e dans la vente de propri\u00e9t\u00e9s de luxe \u00e0 Platja d'Aro.","breadcrumb":{"@id":"https:\/\/www.barcelona-sothebysrealty.com\/fr\/immobilier-platja-d-aro\/#breadcrumb"},"inLanguage":"fr-FR","potentialAction":[{"@type":"ReadAction","target":["https:\/\/www.barcelona-sothebysrealty.com\/fr\/immobilier-platja-d-aro\/"]}]},{"@type":"BreadcrumbList","@id":"https:\/\/www.barcelona-sothebysrealty.com\/fr\/immobilier-platja-d-aro\/#breadcrumb","itemListElement":[{"@type":"ListItem","position":1,"name":"Portada","item":"https:\/\/www.barcelona-sothebysrealty.com\/fr\/"},{"@type":"ListItem","position":2,"name":"Immobilier de luxe \u00e0 Platja d\u2019Aro"}]}]}},"_links":{"self":[{"href":"https:\/\/www.barcelona-sothebysrealty.com\/fr\/wp-json\/wp\/v2\/pages\/93767"}],"collection":[{"href":"https:\/\/www.barcelona-sothebysrealty.com\/fr\/wp-json\/wp\/v2\/pages"}],"about":[{"href":"https:\/\/www.barcelona-sothebysrealty.com\/fr\/wp-json\/wp\/v2\/types\/page"}],"author":[{"embeddable":true,"href":"https:\/\/www.barcelona-sothebysrealty.com\/fr\/wp-json\/wp\/v2\/users\/2"}],"replies":[{"embeddable":true,"href":"https:\/\/www.barcelona-sothebysrealty.com\/fr\/wp-json\/wp\/v2\/comments?post=93767"}],"version-history":[{"count":0,"href":"https:\/\/www.barcelona-sothebysrealty.com\/fr\/wp-json\/wp\/v2\/pages\/93767\/revisions"}],"wp:attachment":[{"href":"https:\/\/www.barcelona-sothebysrealty.com\/fr\/wp-json\/wp\/v2\/media?parent=93767"}],"curies":[{"name":"wp","href":"https:\/\/api.w.org\/{rel}","templated":true}]}}