{"id":93780,"date":"2021-01-18T10:23:13","date_gmt":"2021-01-18T09:23:13","guid":{"rendered":"https:\/\/xanatis.com\/~barcelonasotheby\/proprietes-vente\/costa-brava\/begur\/"},"modified":"2024-04-20T00:08:27","modified_gmt":"2024-04-19T22:08:27","slug":"immobilier-begur","status":"publish","type":"page","link":"https:\/\/www.barcelona-sothebysrealty.com\/fr\/immobilier-begur\/","title":{"rendered":"Immobilier de luxe \u00e0 Begur"},"content":{"rendered":"<p>Begur est un joyau de la Costa Brava. Il poss\u00e8de un vaste patrimoine historique et culturel, des vestiges de la forteresse situ\u00e9e dans la partie la plus \u00e9lev\u00e9e de la ville datant du XIe si\u00e8cle aux derni\u00e8res maisons indiennes construites au XIXe si\u00e8cle. En outre, Begur a un littoral plein de criques et de plages de sable fin ou de petits coins: Aiguablava, Fornells, Fonda, Sa Tuna, Aiguafreda, Sa Riera et Illa Roja. Tous entour\u00e9s de falaises et de for\u00eats offrant un charme sans pareil.<\/p>\n<p>Nous offrons \u00e0 nos acheteurs nationaux et internationaux une s\u00e9lection unique de propri\u00e9t\u00e9s de luxe, de <strong><a href=\"https:\/\/www.barcelona-sothebysrealty.com\/fr\/maison-vendre\/begur\/\">maisons modernes<\/a><\/strong>, de villas exclusives et d\u2019<strong><a href=\"https:\/\/www.barcelona-sothebysrealty.com\/fr\/appartement-vendre\/begur\/\">appartements extraordinaires<\/a><\/strong> \u00e0 vendre dans cette belle ville de la partie centrale de la Costa Brava.<\/p>\n","protected":false},"excerpt":{"rendered":"<p>Begur est un joyau de la Costa Brava. Il poss\u00e8de un vaste patrimoine historique et culturel, des vestiges de la<a class=\"more-link\" href=\"https:\/\/www.barcelona-sothebysrealty.com\/fr\/immobilier-begur\/\">Llegir M\u00e9s<\/a><\/p>\n","protected":false},"author":2,"featured_media":0,"parent":0,"menu_order":0,"comment_status":"closed","ping_status":"closed","template":"page-listado.php","meta":[],"yoast_head":"<!-- This site is optimized with the Yoast SEO plugin v17.1 - https:\/\/yoast.com\/wordpress\/plugins\/seo\/ -->\n<meta name=\"description\" content=\"Sotheby&#039;s Costa Brava, agence immobili\u00e8re sp\u00e9cialis\u00e9e dans la vente de propri\u00e9t\u00e9s de luxe \u00e0 Begur.\" \/>\n<meta name=\"robots\" content=\"index, follow, max-snippet:-1, max-image-preview:large, max-video-preview:-1\" \/>\n<meta property=\"og:locale\" content=\"fr_FR\" \/>\n<meta property=\"og:type\" content=\"article\" \/>\n<meta property=\"og:title\" content=\"Immobilier Begur | S\u00e9lection Unique Propri\u00e9t\u00e9s | Sotheby&#039;s\" \/>\n<meta property=\"og:description\" content=\"Sotheby&#039;s Costa Brava, agence immobili\u00e8re sp\u00e9cialis\u00e9e dans la vente de propri\u00e9t\u00e9s de luxe \u00e0 Begur.\" \/>\n<meta property=\"og:url\" content=\"https:\/\/www.barcelona-sothebysrealty.com\/fr\/immobilier-begur\/\" \/>\n<meta property=\"og:site_name\" content=\"Barcelona Sotheby&#039;s Realty\" \/>\n<meta property=\"article:modified_time\" content=\"2024-04-19T22:08:27+00:00\" \/>\n<meta name=\"twitter:card\" content=\"summary_large_image\" \/>\n<meta name=\"twitter:label1\" content=\"Dur\u00e9e de lecture est.\" \/>\n\t<meta name=\"twitter:data1\" content=\"1 minute\" \/>\n<script type=\"application\/ld+json\" class=\"yoast-schema-graph\">{\"@context\":\"https:\/\/schema.org\",\"@graph\":[{\"@type\":\"Organization\",\"@id\":\"https:\/\/www.barcelona-sothebysrealty.com\/es\/#organization\",\"name\":\"Barcelona Sotheby's Realty\",\"url\":\"https:\/\/www.barcelona-sothebysrealty.com\/es\/\",\"sameAs\":[],\"logo\":{\"@type\":\"ImageObject\",\"@id\":\"https:\/\/www.barcelona-sothebysrealty.com\/es\/#logo\",\"inLanguage\":\"fr-FR\",\"url\":\"https:\/\/www.barcelona-sothebysrealty.com\/wp-content\/uploads\/2023\/10\/sothebys-barcelona-logo-3.png\",\"contentUrl\":\"https:\/\/www.barcelona-sothebysrealty.com\/wp-content\/uploads\/2023\/10\/sothebys-barcelona-logo-3.png\",\"width\":274,\"height\":274,\"caption\":\"Barcelona Sotheby's Realty\"},\"image\":{\"@id\":\"https:\/\/www.barcelona-sothebysrealty.com\/es\/#logo\"}},{\"@type\":\"WebSite\",\"@id\":\"https:\/\/www.barcelona-sothebysrealty.com\/es\/#website\",\"url\":\"https:\/\/www.barcelona-sothebysrealty.com\/es\/\",\"name\":\"Barcelona Sotheby&#039;s\",\"description\":\"Otro sitio realizado con WordPress\",\"publisher\":{\"@id\":\"https:\/\/www.barcelona-sothebysrealty.com\/es\/#organization\"},\"potentialAction\":[{\"@type\":\"SearchAction\",\"target\":{\"@type\":\"EntryPoint\",\"urlTemplate\":\"https:\/\/www.barcelona-sothebysrealty.com\/es\/?s={search_term_string}\"},\"query-input\":\"required name=search_term_string\"}],\"inLanguage\":\"fr-FR\"},{\"@type\":\"WebPage\",\"@id\":\"https:\/\/www.barcelona-sothebysrealty.com\/fr\/immobilier-begur\/#webpage\",\"url\":\"https:\/\/www.barcelona-sothebysrealty.com\/fr\/immobilier-begur\/\",\"name\":\"Immobilier Begur | S\\u00e9lection Unique Propri\\u00e9t\\u00e9s | Sotheby's\",\"isPartOf\":{\"@id\":\"https:\/\/www.barcelona-sothebysrealty.com\/es\/#website\"},\"datePublished\":\"2021-01-18T09:23:13+00:00\",\"dateModified\":\"2024-04-19T22:08:27+00:00\",\"description\":\"Sotheby's Costa Brava, agence immobili\\u00e8re sp\\u00e9cialis\\u00e9e dans la vente de propri\\u00e9t\\u00e9s de luxe \\u00e0 Begur.\",\"breadcrumb\":{\"@id\":\"https:\/\/www.barcelona-sothebysrealty.com\/fr\/immobilier-begur\/#breadcrumb\"},\"inLanguage\":\"fr-FR\",\"potentialAction\":[{\"@type\":\"ReadAction\",\"target\":[\"https:\/\/www.barcelona-sothebysrealty.com\/fr\/immobilier-begur\/\"]}]},{\"@type\":\"BreadcrumbList\",\"@id\":\"https:\/\/www.barcelona-sothebysrealty.com\/fr\/immobilier-begur\/#breadcrumb\",\"itemListElement\":[{\"@type\":\"ListItem\",\"position\":1,\"name\":\"Portada\",\"item\":\"https:\/\/www.barcelona-sothebysrealty.com\/fr\/\"},{\"@type\":\"ListItem\",\"position\":2,\"name\":\"Immobilier de luxe \\u00e0 Begur\"}]}]}<\/script>\n<!-- \/ Yoast SEO plugin. -->","yoast_head_json":{"description":"Sotheby's Costa Brava, agence immobili\u00e8re sp\u00e9cialis\u00e9e dans la vente de propri\u00e9t\u00e9s de luxe \u00e0 Begur.","robots":{"index":"index","follow":"follow","max-snippet":"max-snippet:-1","max-image-preview":"max-image-preview:large","max-video-preview":"max-video-preview:-1"},"og_locale":"fr_FR","og_type":"article","og_title":"Immobilier Begur | S\u00e9lection Unique Propri\u00e9t\u00e9s | Sotheby's","og_description":"Sotheby's Costa Brava, agence immobili\u00e8re sp\u00e9cialis\u00e9e dans la vente de propri\u00e9t\u00e9s de luxe \u00e0 Begur.","og_url":"https:\/\/www.barcelona-sothebysrealty.com\/fr\/immobilier-begur\/","og_site_name":"Barcelona Sotheby's Realty","article_modified_time":"2024-04-19T22:08:27+00:00","twitter_card":"summary_large_image","twitter_misc":{"Dur\u00e9e de lecture est.":"1 minute"},"schema":{"@context":"https:\/\/schema.org","@graph":[{"@type":"Organization","@id":"https:\/\/www.barcelona-sothebysrealty.com\/es\/#organization","name":"Barcelona Sotheby's Realty","url":"https:\/\/www.barcelona-sothebysrealty.com\/es\/","sameAs":[],"logo":{"@type":"ImageObject","@id":"https:\/\/www.barcelona-sothebysrealty.com\/es\/#logo","inLanguage":"fr-FR","url":"https:\/\/www.barcelona-sothebysrealty.com\/wp-content\/uploads\/2023\/10\/sothebys-barcelona-logo-3.png","contentUrl":"https:\/\/www.barcelona-sothebysrealty.com\/wp-content\/uploads\/2023\/10\/sothebys-barcelona-logo-3.png","width":274,"height":274,"caption":"Barcelona Sotheby's Realty"},"image":{"@id":"https:\/\/www.barcelona-sothebysrealty.com\/es\/#logo"}},{"@type":"WebSite","@id":"https:\/\/www.barcelona-sothebysrealty.com\/es\/#website","url":"https:\/\/www.barcelona-sothebysrealty.com\/es\/","name":"Barcelona Sotheby&#039;s","description":"Otro sitio realizado con WordPress","publisher":{"@id":"https:\/\/www.barcelona-sothebysrealty.com\/es\/#organization"},"potentialAction":[{"@type":"SearchAction","target":{"@type":"EntryPoint","urlTemplate":"https:\/\/www.barcelona-sothebysrealty.com\/es\/?s={search_term_string}"},"query-input":"required name=search_term_string"}],"inLanguage":"fr-FR"},{"@type":"WebPage","@id":"https:\/\/www.barcelona-sothebysrealty.com\/fr\/immobilier-begur\/#webpage","url":"https:\/\/www.barcelona-sothebysrealty.com\/fr\/immobilier-begur\/","name":"Immobilier Begur | S\u00e9lection Unique Propri\u00e9t\u00e9s | Sotheby's","isPartOf":{"@id":"https:\/\/www.barcelona-sothebysrealty.com\/es\/#website"},"datePublished":"2021-01-18T09:23:13+00:00","dateModified":"2024-04-19T22:08:27+00:00","description":"Sotheby's Costa Brava, agence immobili\u00e8re sp\u00e9cialis\u00e9e dans la vente de propri\u00e9t\u00e9s de luxe \u00e0 Begur.","breadcrumb":{"@id":"https:\/\/www.barcelona-sothebysrealty.com\/fr\/immobilier-begur\/#breadcrumb"},"inLanguage":"fr-FR","potentialAction":[{"@type":"ReadAction","target":["https:\/\/www.barcelona-sothebysrealty.com\/fr\/immobilier-begur\/"]}]},{"@type":"BreadcrumbList","@id":"https:\/\/www.barcelona-sothebysrealty.com\/fr\/immobilier-begur\/#breadcrumb","itemListElement":[{"@type":"ListItem","position":1,"name":"Portada","item":"https:\/\/www.barcelona-sothebysrealty.com\/fr\/"},{"@type":"ListItem","position":2,"name":"Immobilier de luxe \u00e0 Begur"}]}]}},"_links":{"self":[{"href":"https:\/\/www.barcelona-sothebysrealty.com\/fr\/wp-json\/wp\/v2\/pages\/93780"}],"collection":[{"href":"https:\/\/www.barcelona-sothebysrealty.com\/fr\/wp-json\/wp\/v2\/pages"}],"about":[{"href":"https:\/\/www.barcelona-sothebysrealty.com\/fr\/wp-json\/wp\/v2\/types\/page"}],"author":[{"embeddable":true,"href":"https:\/\/www.barcelona-sothebysrealty.com\/fr\/wp-json\/wp\/v2\/users\/2"}],"replies":[{"embeddable":true,"href":"https:\/\/www.barcelona-sothebysrealty.com\/fr\/wp-json\/wp\/v2\/comments?post=93780"}],"version-history":[{"count":0,"href":"https:\/\/www.barcelona-sothebysrealty.com\/fr\/wp-json\/wp\/v2\/pages\/93780\/revisions"}],"wp:attachment":[{"href":"https:\/\/www.barcelona-sothebysrealty.com\/fr\/wp-json\/wp\/v2\/media?parent=93780"}],"curies":[{"name":"wp","href":"https:\/\/api.w.org\/{rel}","templated":true}]}}