{"id":93858,"date":"2020-12-01T12:47:17","date_gmt":"2020-12-01T11:47:17","guid":{"rendered":"https:\/\/xanatis.com\/~barcelonasotheby\/appartements-vente\/barcelona\/eixample-esquerra\/"},"modified":"2021-02-18T15:56:58","modified_gmt":"2021-02-18T14:56:58","slug":"eixample-esquerra","status":"publish","type":"page","link":"https:\/\/www.barcelona-sothebysrealty.com\/fr\/appartement-vendre\/barcelone\/eixample-esquerra\/","title":{"rendered":"Appartements de luxe dans l&rsquo;Eixample Esquerra de Barcelone"},"content":{"rendered":"<p><span style=\"font-weight: 400;\">Chez <\/span><span style=\"font-weight: 400;\">Barcelona Sotheby&rsquo;s International Realty, nous sommes sp\u00e9cialis\u00e9s dans les propri\u00e9t\u00e9s de luxe et nous avons une offre s\u00e9lective d&rsquo;appartements \u00e0 vendre dans l&rsquo;Eixample Esquerra de Barcelone. Appartements spacieux ou penthouses spectaculaires <\/span><span style=\"font-weight: 400;\">orient\u00e9s vers <\/span><span style=\"font-weight: 400;\">le march\u00e9 Sant Antoni ou la Pla\u00e7a Universitat et \u00e0 proximit\u00e9 d&rsquo;attractions touristiques telles que l&rsquo;ancienne prison Modelo ou l&rsquo;Escola Industrial.<\/span><\/p>\n<p>&nbsp;<\/p>\n","protected":false},"excerpt":{"rendered":"<p>Chez Barcelona Sotheby&rsquo;s International Realty, nous sommes sp\u00e9cialis\u00e9s dans les propri\u00e9t\u00e9s de luxe et nous avons une offre s\u00e9lective d&rsquo;appartements<a class=\"more-link\" href=\"https:\/\/www.barcelona-sothebysrealty.com\/fr\/appartement-vendre\/barcelone\/eixample-esquerra\/\">Llegir M\u00e9s<\/a><\/p>\n","protected":false},"author":2,"featured_media":0,"parent":93833,"menu_order":0,"comment_status":"closed","ping_status":"closed","template":"page-listado.php","meta":[],"yoast_head":"<!-- This site is optimized with the Yoast SEO plugin v17.1 - https:\/\/yoast.com\/wordpress\/plugins\/seo\/ -->\n<meta name=\"robots\" content=\"index, follow, max-snippet:-1, max-image-preview:large, max-video-preview:-1\" \/>\n<meta property=\"og:locale\" content=\"fr_FR\" \/>\n<meta property=\"og:type\" content=\"article\" \/>\n<meta property=\"og:title\" content=\"Appartements de luxe dans l&#039;Eixample Esquerra de Barcelone - Barcelona Sotheby&#039;s\" \/>\n<meta property=\"og:description\" content=\"Chez Barcelona Sotheby&rsquo;s International Realty, nous sommes sp\u00e9cialis\u00e9s dans les propri\u00e9t\u00e9s de luxe et nous avons une offre s\u00e9lective d&rsquo;appartementsLlegir M\u00e9s\" \/>\n<meta property=\"og:url\" content=\"https:\/\/www.barcelona-sothebysrealty.com\/fr\/appartement-vendre\/barcelone\/eixample-esquerra\/\" \/>\n<meta property=\"og:site_name\" content=\"Barcelona Sotheby&#039;s Realty\" \/>\n<meta property=\"article:modified_time\" content=\"2021-02-18T14:56:58+00:00\" \/>\n<meta name=\"twitter:card\" content=\"summary_large_image\" \/>\n<meta name=\"twitter:label1\" content=\"Dur\u00e9e de lecture est.\" \/>\n\t<meta name=\"twitter:data1\" content=\"1 minute\" \/>\n<script type=\"application\/ld+json\" class=\"yoast-schema-graph\">{\"@context\":\"https:\/\/schema.org\",\"@graph\":[{\"@type\":\"Organization\",\"@id\":\"https:\/\/www.barcelona-sothebysrealty.com\/es\/#organization\",\"name\":\"Barcelona Sotheby's Realty\",\"url\":\"https:\/\/www.barcelona-sothebysrealty.com\/es\/\",\"sameAs\":[],\"logo\":{\"@type\":\"ImageObject\",\"@id\":\"https:\/\/www.barcelona-sothebysrealty.com\/es\/#logo\",\"inLanguage\":\"fr-FR\",\"url\":\"https:\/\/www.barcelona-sothebysrealty.com\/wp-content\/uploads\/2023\/10\/sothebys-barcelona-logo-3.png\",\"contentUrl\":\"https:\/\/www.barcelona-sothebysrealty.com\/wp-content\/uploads\/2023\/10\/sothebys-barcelona-logo-3.png\",\"width\":274,\"height\":274,\"caption\":\"Barcelona Sotheby's Realty\"},\"image\":{\"@id\":\"https:\/\/www.barcelona-sothebysrealty.com\/es\/#logo\"}},{\"@type\":\"WebSite\",\"@id\":\"https:\/\/www.barcelona-sothebysrealty.com\/es\/#website\",\"url\":\"https:\/\/www.barcelona-sothebysrealty.com\/es\/\",\"name\":\"Barcelona Sotheby&#039;s\",\"description\":\"Otro sitio realizado con WordPress\",\"publisher\":{\"@id\":\"https:\/\/www.barcelona-sothebysrealty.com\/es\/#organization\"},\"potentialAction\":[{\"@type\":\"SearchAction\",\"target\":{\"@type\":\"EntryPoint\",\"urlTemplate\":\"https:\/\/www.barcelona-sothebysrealty.com\/es\/?s={search_term_string}\"},\"query-input\":\"required name=search_term_string\"}],\"inLanguage\":\"fr-FR\"},{\"@type\":\"WebPage\",\"@id\":\"https:\/\/www.barcelona-sothebysrealty.com\/fr\/appartement-vendre\/barcelone\/eixample-esquerra\/#webpage\",\"url\":\"https:\/\/www.barcelona-sothebysrealty.com\/fr\/appartement-vendre\/barcelone\/eixample-esquerra\/\",\"name\":\"Appartements de luxe dans l'Eixample Esquerra de Barcelone - Barcelona Sotheby&#039;s\",\"isPartOf\":{\"@id\":\"https:\/\/www.barcelona-sothebysrealty.com\/es\/#website\"},\"datePublished\":\"2020-12-01T11:47:17+00:00\",\"dateModified\":\"2021-02-18T14:56:58+00:00\",\"breadcrumb\":{\"@id\":\"https:\/\/www.barcelona-sothebysrealty.com\/fr\/appartement-vendre\/barcelone\/eixample-esquerra\/#breadcrumb\"},\"inLanguage\":\"fr-FR\",\"potentialAction\":[{\"@type\":\"ReadAction\",\"target\":[\"https:\/\/www.barcelona-sothebysrealty.com\/fr\/appartement-vendre\/barcelone\/eixample-esquerra\/\"]}]},{\"@type\":\"BreadcrumbList\",\"@id\":\"https:\/\/www.barcelona-sothebysrealty.com\/fr\/appartement-vendre\/barcelone\/eixample-esquerra\/#breadcrumb\",\"itemListElement\":[{\"@type\":\"ListItem\",\"position\":1,\"name\":\"Portada\",\"item\":\"https:\/\/www.barcelona-sothebysrealty.com\/fr\/\"},{\"@type\":\"ListItem\",\"position\":2,\"name\":\"Barcelone et Costa Brava &#8211; Achat et vente d&#8217;appartements et de produits de luxe\",\"item\":\"https:\/\/www.barcelona-sothebysrealty.com\/fr\/appartement-vendre\/\"},{\"@type\":\"ListItem\",\"position\":3,\"name\":\"Appartements de luxe \\u00e0 Barcelone\",\"item\":\"https:\/\/www.barcelona-sothebysrealty.com\/fr\/appartement-vendre\/barcelone\/\"},{\"@type\":\"ListItem\",\"position\":4,\"name\":\"Appartements de luxe dans l&#8217;Eixample Esquerra de Barcelone\"}]}]}<\/script>\n<!-- \/ Yoast SEO plugin. -->","yoast_head_json":{"robots":{"index":"index","follow":"follow","max-snippet":"max-snippet:-1","max-image-preview":"max-image-preview:large","max-video-preview":"max-video-preview:-1"},"og_locale":"fr_FR","og_type":"article","og_title":"Appartements de luxe dans l'Eixample Esquerra de Barcelone - Barcelona Sotheby&#039;s","og_description":"Chez Barcelona Sotheby&rsquo;s International Realty, nous sommes sp\u00e9cialis\u00e9s dans les propri\u00e9t\u00e9s de luxe et nous avons une offre s\u00e9lective d&rsquo;appartementsLlegir M\u00e9s","og_url":"https:\/\/www.barcelona-sothebysrealty.com\/fr\/appartement-vendre\/barcelone\/eixample-esquerra\/","og_site_name":"Barcelona Sotheby's Realty","article_modified_time":"2021-02-18T14:56:58+00:00","twitter_card":"summary_large_image","twitter_misc":{"Dur\u00e9e de lecture est.":"1 minute"},"schema":{"@context":"https:\/\/schema.org","@graph":[{"@type":"Organization","@id":"https:\/\/www.barcelona-sothebysrealty.com\/es\/#organization","name":"Barcelona Sotheby's Realty","url":"https:\/\/www.barcelona-sothebysrealty.com\/es\/","sameAs":[],"logo":{"@type":"ImageObject","@id":"https:\/\/www.barcelona-sothebysrealty.com\/es\/#logo","inLanguage":"fr-FR","url":"https:\/\/www.barcelona-sothebysrealty.com\/wp-content\/uploads\/2023\/10\/sothebys-barcelona-logo-3.png","contentUrl":"https:\/\/www.barcelona-sothebysrealty.com\/wp-content\/uploads\/2023\/10\/sothebys-barcelona-logo-3.png","width":274,"height":274,"caption":"Barcelona Sotheby's Realty"},"image":{"@id":"https:\/\/www.barcelona-sothebysrealty.com\/es\/#logo"}},{"@type":"WebSite","@id":"https:\/\/www.barcelona-sothebysrealty.com\/es\/#website","url":"https:\/\/www.barcelona-sothebysrealty.com\/es\/","name":"Barcelona Sotheby&#039;s","description":"Otro sitio realizado con WordPress","publisher":{"@id":"https:\/\/www.barcelona-sothebysrealty.com\/es\/#organization"},"potentialAction":[{"@type":"SearchAction","target":{"@type":"EntryPoint","urlTemplate":"https:\/\/www.barcelona-sothebysrealty.com\/es\/?s={search_term_string}"},"query-input":"required name=search_term_string"}],"inLanguage":"fr-FR"},{"@type":"WebPage","@id":"https:\/\/www.barcelona-sothebysrealty.com\/fr\/appartement-vendre\/barcelone\/eixample-esquerra\/#webpage","url":"https:\/\/www.barcelona-sothebysrealty.com\/fr\/appartement-vendre\/barcelone\/eixample-esquerra\/","name":"Appartements de luxe dans l'Eixample Esquerra de Barcelone - Barcelona Sotheby&#039;s","isPartOf":{"@id":"https:\/\/www.barcelona-sothebysrealty.com\/es\/#website"},"datePublished":"2020-12-01T11:47:17+00:00","dateModified":"2021-02-18T14:56:58+00:00","breadcrumb":{"@id":"https:\/\/www.barcelona-sothebysrealty.com\/fr\/appartement-vendre\/barcelone\/eixample-esquerra\/#breadcrumb"},"inLanguage":"fr-FR","potentialAction":[{"@type":"ReadAction","target":["https:\/\/www.barcelona-sothebysrealty.com\/fr\/appartement-vendre\/barcelone\/eixample-esquerra\/"]}]},{"@type":"BreadcrumbList","@id":"https:\/\/www.barcelona-sothebysrealty.com\/fr\/appartement-vendre\/barcelone\/eixample-esquerra\/#breadcrumb","itemListElement":[{"@type":"ListItem","position":1,"name":"Portada","item":"https:\/\/www.barcelona-sothebysrealty.com\/fr\/"},{"@type":"ListItem","position":2,"name":"Barcelone et Costa Brava &#8211; Achat et vente d&#8217;appartements et de produits de luxe","item":"https:\/\/www.barcelona-sothebysrealty.com\/fr\/appartement-vendre\/"},{"@type":"ListItem","position":3,"name":"Appartements de luxe \u00e0 Barcelone","item":"https:\/\/www.barcelona-sothebysrealty.com\/fr\/appartement-vendre\/barcelone\/"},{"@type":"ListItem","position":4,"name":"Appartements de luxe dans l&#8217;Eixample Esquerra de Barcelone"}]}]}},"_links":{"self":[{"href":"https:\/\/www.barcelona-sothebysrealty.com\/fr\/wp-json\/wp\/v2\/pages\/93858"}],"collection":[{"href":"https:\/\/www.barcelona-sothebysrealty.com\/fr\/wp-json\/wp\/v2\/pages"}],"about":[{"href":"https:\/\/www.barcelona-sothebysrealty.com\/fr\/wp-json\/wp\/v2\/types\/page"}],"author":[{"embeddable":true,"href":"https:\/\/www.barcelona-sothebysrealty.com\/fr\/wp-json\/wp\/v2\/users\/2"}],"replies":[{"embeddable":true,"href":"https:\/\/www.barcelona-sothebysrealty.com\/fr\/wp-json\/wp\/v2\/comments?post=93858"}],"version-history":[{"count":0,"href":"https:\/\/www.barcelona-sothebysrealty.com\/fr\/wp-json\/wp\/v2\/pages\/93858\/revisions"}],"up":[{"embeddable":true,"href":"https:\/\/www.barcelona-sothebysrealty.com\/fr\/wp-json\/wp\/v2\/pages\/93833"}],"wp:attachment":[{"href":"https:\/\/www.barcelona-sothebysrealty.com\/fr\/wp-json\/wp\/v2\/media?parent=93858"}],"curies":[{"name":"wp","href":"https:\/\/api.w.org\/{rel}","templated":true}]}}