{"id":93871,"date":"2020-12-01T12:49:42","date_gmt":"2020-12-01T11:49:42","guid":{"rendered":"https:\/\/xanatis.com\/~barcelonasotheby\/appartements-vente\/barcelona\/gracia\/"},"modified":"2024-02-28T10:59:25","modified_gmt":"2024-02-28T09:59:25","slug":"gracia","status":"publish","type":"page","link":"https:\/\/www.barcelona-sothebysrealty.com\/fr\/appartement-vendre\/barcelone\/gracia\/","title":{"rendered":"Appartements de luxe \u00e0 Gr\u00e0cia"},"content":{"rendered":"<p>Consid\u00e9r\u00e9 comme l&rsquo;un des quartiers les plus uniques de Barcelone, Gr\u00e0cia a r\u00e9ussi \u00e0 conserver son ancien esprit de village. Avec une offre culturelle et gastronomique incomparable, ses petites rues laissent la place \u00e0 de grandes terrasses qui invitent \u00e0 des rencontres en plein air.<\/p>\n<p>C&rsquo;est l&rsquo;un des quartiers les plus boh\u00e8mes d&rsquo;Europe, o\u00f9 r\u00e9sident artistes et designers, et o\u00f9 les b\u00e2timents conservent leur caract\u00e8re classique et embl\u00e9matique.<\/p>\n<p>\u00c0 Barcelone &amp; Costa Brava Sotheby&rsquo;s International Realty, nous vous proposons uniquement les appartements les plus exclusifs de ce quartier boh\u00e8me et historique.<\/p>\n","protected":false},"excerpt":{"rendered":"<p>Consid\u00e9r\u00e9 comme l&rsquo;un des quartiers les plus uniques de Barcelone, Gr\u00e0cia a r\u00e9ussi \u00e0 conserver son ancien esprit de village.<a class=\"more-link\" href=\"https:\/\/www.barcelona-sothebysrealty.com\/fr\/appartement-vendre\/barcelone\/gracia\/\">Llegir M\u00e9s<\/a><\/p>\n","protected":false},"author":2,"featured_media":0,"parent":93833,"menu_order":0,"comment_status":"closed","ping_status":"closed","template":"page-listado.php","meta":[],"yoast_head":"<!-- This site is optimized with the Yoast SEO plugin v17.1 - https:\/\/yoast.com\/wordpress\/plugins\/seo\/ -->\n<meta name=\"robots\" content=\"index, follow, max-snippet:-1, max-image-preview:large, max-video-preview:-1\" \/>\n<meta property=\"og:locale\" content=\"fr_FR\" \/>\n<meta property=\"og:type\" content=\"article\" \/>\n<meta property=\"og:title\" content=\"Appartements de luxe \u00e0 Gr\u00e0cia - Barcelona Sotheby&#039;s\" \/>\n<meta property=\"og:description\" content=\"Consid\u00e9r\u00e9 comme l&rsquo;un des quartiers les plus uniques de Barcelone, Gr\u00e0cia a r\u00e9ussi \u00e0 conserver son ancien esprit de village.Llegir M\u00e9s\" \/>\n<meta property=\"og:url\" content=\"https:\/\/www.barcelona-sothebysrealty.com\/fr\/appartement-vendre\/barcelone\/gracia\/\" \/>\n<meta property=\"og:site_name\" content=\"Barcelona Sotheby&#039;s Realty\" \/>\n<meta property=\"article:modified_time\" content=\"2024-02-28T09:59:25+00:00\" \/>\n<meta name=\"twitter:card\" content=\"summary_large_image\" \/>\n<meta name=\"twitter:label1\" content=\"Dur\u00e9e de lecture est.\" \/>\n\t<meta name=\"twitter:data1\" content=\"1 minute\" \/>\n<script type=\"application\/ld+json\" class=\"yoast-schema-graph\">{\"@context\":\"https:\/\/schema.org\",\"@graph\":[{\"@type\":\"Organization\",\"@id\":\"https:\/\/www.barcelona-sothebysrealty.com\/es\/#organization\",\"name\":\"Barcelona Sotheby's Realty\",\"url\":\"https:\/\/www.barcelona-sothebysrealty.com\/es\/\",\"sameAs\":[],\"logo\":{\"@type\":\"ImageObject\",\"@id\":\"https:\/\/www.barcelona-sothebysrealty.com\/es\/#logo\",\"inLanguage\":\"fr-FR\",\"url\":\"https:\/\/www.barcelona-sothebysrealty.com\/wp-content\/uploads\/2023\/10\/sothebys-barcelona-logo-3.png\",\"contentUrl\":\"https:\/\/www.barcelona-sothebysrealty.com\/wp-content\/uploads\/2023\/10\/sothebys-barcelona-logo-3.png\",\"width\":274,\"height\":274,\"caption\":\"Barcelona Sotheby's Realty\"},\"image\":{\"@id\":\"https:\/\/www.barcelona-sothebysrealty.com\/es\/#logo\"}},{\"@type\":\"WebSite\",\"@id\":\"https:\/\/www.barcelona-sothebysrealty.com\/es\/#website\",\"url\":\"https:\/\/www.barcelona-sothebysrealty.com\/es\/\",\"name\":\"Barcelona Sotheby&#039;s\",\"description\":\"Otro sitio realizado con WordPress\",\"publisher\":{\"@id\":\"https:\/\/www.barcelona-sothebysrealty.com\/es\/#organization\"},\"potentialAction\":[{\"@type\":\"SearchAction\",\"target\":{\"@type\":\"EntryPoint\",\"urlTemplate\":\"https:\/\/www.barcelona-sothebysrealty.com\/es\/?s={search_term_string}\"},\"query-input\":\"required name=search_term_string\"}],\"inLanguage\":\"fr-FR\"},{\"@type\":\"WebPage\",\"@id\":\"https:\/\/www.barcelona-sothebysrealty.com\/fr\/appartement-vendre\/barcelone\/gracia\/#webpage\",\"url\":\"https:\/\/www.barcelona-sothebysrealty.com\/fr\/appartement-vendre\/barcelone\/gracia\/\",\"name\":\"Appartements de luxe \\u00e0 Gr\\u00e0cia - Barcelona Sotheby&#039;s\",\"isPartOf\":{\"@id\":\"https:\/\/www.barcelona-sothebysrealty.com\/es\/#website\"},\"datePublished\":\"2020-12-01T11:49:42+00:00\",\"dateModified\":\"2024-02-28T09:59:25+00:00\",\"breadcrumb\":{\"@id\":\"https:\/\/www.barcelona-sothebysrealty.com\/fr\/appartement-vendre\/barcelone\/gracia\/#breadcrumb\"},\"inLanguage\":\"fr-FR\",\"potentialAction\":[{\"@type\":\"ReadAction\",\"target\":[\"https:\/\/www.barcelona-sothebysrealty.com\/fr\/appartement-vendre\/barcelone\/gracia\/\"]}]},{\"@type\":\"BreadcrumbList\",\"@id\":\"https:\/\/www.barcelona-sothebysrealty.com\/fr\/appartement-vendre\/barcelone\/gracia\/#breadcrumb\",\"itemListElement\":[{\"@type\":\"ListItem\",\"position\":1,\"name\":\"Portada\",\"item\":\"https:\/\/www.barcelona-sothebysrealty.com\/fr\/\"},{\"@type\":\"ListItem\",\"position\":2,\"name\":\"Barcelone et Costa Brava &#8211; Achat et vente d&#8217;appartements et de produits de luxe\",\"item\":\"https:\/\/www.barcelona-sothebysrealty.com\/fr\/appartement-vendre\/\"},{\"@type\":\"ListItem\",\"position\":3,\"name\":\"Appartements de luxe \\u00e0 Barcelone\",\"item\":\"https:\/\/www.barcelona-sothebysrealty.com\/fr\/appartement-vendre\/barcelone\/\"},{\"@type\":\"ListItem\",\"position\":4,\"name\":\"Appartements de luxe \\u00e0 Gr\\u00e0cia\"}]}]}<\/script>\n<!-- \/ Yoast SEO plugin. -->","yoast_head_json":{"robots":{"index":"index","follow":"follow","max-snippet":"max-snippet:-1","max-image-preview":"max-image-preview:large","max-video-preview":"max-video-preview:-1"},"og_locale":"fr_FR","og_type":"article","og_title":"Appartements de luxe \u00e0 Gr\u00e0cia - Barcelona Sotheby&#039;s","og_description":"Consid\u00e9r\u00e9 comme l&rsquo;un des quartiers les plus uniques de Barcelone, Gr\u00e0cia a r\u00e9ussi \u00e0 conserver son ancien esprit de village.Llegir M\u00e9s","og_url":"https:\/\/www.barcelona-sothebysrealty.com\/fr\/appartement-vendre\/barcelone\/gracia\/","og_site_name":"Barcelona Sotheby's Realty","article_modified_time":"2024-02-28T09:59:25+00:00","twitter_card":"summary_large_image","twitter_misc":{"Dur\u00e9e de lecture est.":"1 minute"},"schema":{"@context":"https:\/\/schema.org","@graph":[{"@type":"Organization","@id":"https:\/\/www.barcelona-sothebysrealty.com\/es\/#organization","name":"Barcelona Sotheby's Realty","url":"https:\/\/www.barcelona-sothebysrealty.com\/es\/","sameAs":[],"logo":{"@type":"ImageObject","@id":"https:\/\/www.barcelona-sothebysrealty.com\/es\/#logo","inLanguage":"fr-FR","url":"https:\/\/www.barcelona-sothebysrealty.com\/wp-content\/uploads\/2023\/10\/sothebys-barcelona-logo-3.png","contentUrl":"https:\/\/www.barcelona-sothebysrealty.com\/wp-content\/uploads\/2023\/10\/sothebys-barcelona-logo-3.png","width":274,"height":274,"caption":"Barcelona Sotheby's Realty"},"image":{"@id":"https:\/\/www.barcelona-sothebysrealty.com\/es\/#logo"}},{"@type":"WebSite","@id":"https:\/\/www.barcelona-sothebysrealty.com\/es\/#website","url":"https:\/\/www.barcelona-sothebysrealty.com\/es\/","name":"Barcelona Sotheby&#039;s","description":"Otro sitio realizado con WordPress","publisher":{"@id":"https:\/\/www.barcelona-sothebysrealty.com\/es\/#organization"},"potentialAction":[{"@type":"SearchAction","target":{"@type":"EntryPoint","urlTemplate":"https:\/\/www.barcelona-sothebysrealty.com\/es\/?s={search_term_string}"},"query-input":"required name=search_term_string"}],"inLanguage":"fr-FR"},{"@type":"WebPage","@id":"https:\/\/www.barcelona-sothebysrealty.com\/fr\/appartement-vendre\/barcelone\/gracia\/#webpage","url":"https:\/\/www.barcelona-sothebysrealty.com\/fr\/appartement-vendre\/barcelone\/gracia\/","name":"Appartements de luxe \u00e0 Gr\u00e0cia - Barcelona Sotheby&#039;s","isPartOf":{"@id":"https:\/\/www.barcelona-sothebysrealty.com\/es\/#website"},"datePublished":"2020-12-01T11:49:42+00:00","dateModified":"2024-02-28T09:59:25+00:00","breadcrumb":{"@id":"https:\/\/www.barcelona-sothebysrealty.com\/fr\/appartement-vendre\/barcelone\/gracia\/#breadcrumb"},"inLanguage":"fr-FR","potentialAction":[{"@type":"ReadAction","target":["https:\/\/www.barcelona-sothebysrealty.com\/fr\/appartement-vendre\/barcelone\/gracia\/"]}]},{"@type":"BreadcrumbList","@id":"https:\/\/www.barcelona-sothebysrealty.com\/fr\/appartement-vendre\/barcelone\/gracia\/#breadcrumb","itemListElement":[{"@type":"ListItem","position":1,"name":"Portada","item":"https:\/\/www.barcelona-sothebysrealty.com\/fr\/"},{"@type":"ListItem","position":2,"name":"Barcelone et Costa Brava &#8211; Achat et vente d&#8217;appartements et de produits de luxe","item":"https:\/\/www.barcelona-sothebysrealty.com\/fr\/appartement-vendre\/"},{"@type":"ListItem","position":3,"name":"Appartements de luxe \u00e0 Barcelone","item":"https:\/\/www.barcelona-sothebysrealty.com\/fr\/appartement-vendre\/barcelone\/"},{"@type":"ListItem","position":4,"name":"Appartements de luxe \u00e0 Gr\u00e0cia"}]}]}},"_links":{"self":[{"href":"https:\/\/www.barcelona-sothebysrealty.com\/fr\/wp-json\/wp\/v2\/pages\/93871"}],"collection":[{"href":"https:\/\/www.barcelona-sothebysrealty.com\/fr\/wp-json\/wp\/v2\/pages"}],"about":[{"href":"https:\/\/www.barcelona-sothebysrealty.com\/fr\/wp-json\/wp\/v2\/types\/page"}],"author":[{"embeddable":true,"href":"https:\/\/www.barcelona-sothebysrealty.com\/fr\/wp-json\/wp\/v2\/users\/2"}],"replies":[{"embeddable":true,"href":"https:\/\/www.barcelona-sothebysrealty.com\/fr\/wp-json\/wp\/v2\/comments?post=93871"}],"version-history":[{"count":0,"href":"https:\/\/www.barcelona-sothebysrealty.com\/fr\/wp-json\/wp\/v2\/pages\/93871\/revisions"}],"up":[{"embeddable":true,"href":"https:\/\/www.barcelona-sothebysrealty.com\/fr\/wp-json\/wp\/v2\/pages\/93833"}],"wp:attachment":[{"href":"https:\/\/www.barcelona-sothebysrealty.com\/fr\/wp-json\/wp\/v2\/media?parent=93871"}],"curies":[{"name":"wp","href":"https:\/\/api.w.org\/{rel}","templated":true}]}}