{"id":94001,"date":"2020-12-23T13:19:25","date_gmt":"2020-12-23T12:19:25","guid":{"rendered":"https:\/\/xanatis.com\/~barcelonasotheby\/appartements-vente\/costa-brava\/"},"modified":"2024-04-22T19:59:15","modified_gmt":"2024-04-22T17:59:15","slug":"costa-brava","status":"publish","type":"page","link":"https:\/\/www.barcelona-sothebysrealty.com\/fr\/appartement-vendre\/costa-brava\/","title":{"rendered":"Appartements \u00e0 vendre sur la Costa Brava"},"content":{"rendered":"<p><span style=\"font-weight: 400;\">Chez <\/span><span style=\"font-weight: 400;\">Costa Brava Sotheby&rsquo;s International Realty, nous concentrons nos efforts sur la vente de propri\u00e9t\u00e9s r\u00e9sidentielles et la promotion de projets de d\u00e9veloppement immobilier. Toutes nos propri\u00e9t\u00e9s ont \u00e9t\u00e9 soigneusement s\u00e9lectionn\u00e9es pour satisfaire nos clients les plus exigeants et sont situ\u00e9es dans les endroits les plus <\/span><span style=\"font-weight: 400;\">convoit\u00e9s<\/span><span style=\"font-weight: 400;\"> de la Costa Brava.\u00a0<\/span><\/p>\n<p><span style=\"font-weight: 400;\">Si vous \u00eates int\u00e9ress\u00e9 par l&rsquo;achat d&rsquo;<\/span><b>appartements de luxe sur la Costa Brava, n<\/b><span style=\"font-weight: 400;\">&lsquo;h\u00e9sitez pas \u00e0 nous contacter. Nous vous accueillerons dans nos bureaux de Platja d&rsquo;Aro et de Begur, o\u00f9 nous vous fournirons un excellent service immobilier local et vous conseillerons pour faire le bon investissement.<\/span><\/p>\n","protected":false},"excerpt":{"rendered":"<p>Chez Costa Brava Sotheby&rsquo;s International Realty, nous concentrons nos efforts sur la vente de propri\u00e9t\u00e9s r\u00e9sidentielles et la promotion de<a class=\"more-link\" href=\"https:\/\/www.barcelona-sothebysrealty.com\/fr\/appartement-vendre\/costa-brava\/\">Llegir M\u00e9s<\/a><\/p>\n","protected":false},"author":2,"featured_media":0,"parent":93820,"menu_order":0,"comment_status":"closed","ping_status":"closed","template":"page-listado.php","meta":[],"yoast_head":"<!-- This site is optimized with the Yoast SEO plugin v17.1 - https:\/\/yoast.com\/wordpress\/plugins\/seo\/ -->\n<meta name=\"description\" content=\"Nos propri\u00e9t\u00e9s sont soigneusement s\u00e9lectionn\u00e9es pour satisfaire nos clients les plus exigeants et sont situ\u00e9es dans les meilleurs emplacements de la Costa Brava\" \/>\n<meta name=\"robots\" content=\"index, follow, max-snippet:-1, max-image-preview:large, max-video-preview:-1\" \/>\n<meta property=\"og:locale\" content=\"fr_FR\" \/>\n<meta property=\"og:type\" content=\"article\" \/>\n<meta property=\"og:title\" content=\"Appartement \u00e0 Vendre Costa Brava | Sotheby&#039;s Real Estate\" \/>\n<meta property=\"og:description\" content=\"Nos propri\u00e9t\u00e9s sont soigneusement s\u00e9lectionn\u00e9es pour satisfaire nos clients les plus exigeants et sont situ\u00e9es dans les meilleurs emplacements de la Costa Brava\" \/>\n<meta property=\"og:url\" content=\"https:\/\/www.barcelona-sothebysrealty.com\/fr\/appartement-vendre\/costa-brava\/\" \/>\n<meta property=\"og:site_name\" content=\"Barcelona Sotheby&#039;s Realty\" \/>\n<meta property=\"article:modified_time\" content=\"2024-04-22T17:59:15+00:00\" \/>\n<meta name=\"twitter:card\" content=\"summary_large_image\" \/>\n<meta name=\"twitter:label1\" content=\"Dur\u00e9e de lecture est.\" \/>\n\t<meta name=\"twitter:data1\" content=\"1 minute\" \/>\n<script type=\"application\/ld+json\" class=\"yoast-schema-graph\">{\"@context\":\"https:\/\/schema.org\",\"@graph\":[{\"@type\":\"Organization\",\"@id\":\"https:\/\/www.barcelona-sothebysrealty.com\/es\/#organization\",\"name\":\"Barcelona Sotheby's Realty\",\"url\":\"https:\/\/www.barcelona-sothebysrealty.com\/es\/\",\"sameAs\":[],\"logo\":{\"@type\":\"ImageObject\",\"@id\":\"https:\/\/www.barcelona-sothebysrealty.com\/es\/#logo\",\"inLanguage\":\"fr-FR\",\"url\":\"https:\/\/www.barcelona-sothebysrealty.com\/wp-content\/uploads\/2023\/10\/sothebys-barcelona-logo-3.png\",\"contentUrl\":\"https:\/\/www.barcelona-sothebysrealty.com\/wp-content\/uploads\/2023\/10\/sothebys-barcelona-logo-3.png\",\"width\":274,\"height\":274,\"caption\":\"Barcelona Sotheby's Realty\"},\"image\":{\"@id\":\"https:\/\/www.barcelona-sothebysrealty.com\/es\/#logo\"}},{\"@type\":\"WebSite\",\"@id\":\"https:\/\/www.barcelona-sothebysrealty.com\/es\/#website\",\"url\":\"https:\/\/www.barcelona-sothebysrealty.com\/es\/\",\"name\":\"Barcelona Sotheby&#039;s\",\"description\":\"Otro sitio realizado con WordPress\",\"publisher\":{\"@id\":\"https:\/\/www.barcelona-sothebysrealty.com\/es\/#organization\"},\"potentialAction\":[{\"@type\":\"SearchAction\",\"target\":{\"@type\":\"EntryPoint\",\"urlTemplate\":\"https:\/\/www.barcelona-sothebysrealty.com\/es\/?s={search_term_string}\"},\"query-input\":\"required name=search_term_string\"}],\"inLanguage\":\"fr-FR\"},{\"@type\":\"WebPage\",\"@id\":\"https:\/\/www.barcelona-sothebysrealty.com\/fr\/appartement-vendre\/costa-brava\/#webpage\",\"url\":\"https:\/\/www.barcelona-sothebysrealty.com\/fr\/appartement-vendre\/costa-brava\/\",\"name\":\"Appartement \\u00e0 Vendre Costa Brava | Sotheby's Real Estate\",\"isPartOf\":{\"@id\":\"https:\/\/www.barcelona-sothebysrealty.com\/es\/#website\"},\"datePublished\":\"2020-12-23T12:19:25+00:00\",\"dateModified\":\"2024-04-22T17:59:15+00:00\",\"description\":\"Nos propri\\u00e9t\\u00e9s sont soigneusement s\\u00e9lectionn\\u00e9es pour satisfaire nos clients les plus exigeants et sont situ\\u00e9es dans les meilleurs emplacements de la Costa Brava\",\"breadcrumb\":{\"@id\":\"https:\/\/www.barcelona-sothebysrealty.com\/fr\/appartement-vendre\/costa-brava\/#breadcrumb\"},\"inLanguage\":\"fr-FR\",\"potentialAction\":[{\"@type\":\"ReadAction\",\"target\":[\"https:\/\/www.barcelona-sothebysrealty.com\/fr\/appartement-vendre\/costa-brava\/\"]}]},{\"@type\":\"BreadcrumbList\",\"@id\":\"https:\/\/www.barcelona-sothebysrealty.com\/fr\/appartement-vendre\/costa-brava\/#breadcrumb\",\"itemListElement\":[{\"@type\":\"ListItem\",\"position\":1,\"name\":\"Portada\",\"item\":\"https:\/\/www.barcelona-sothebysrealty.com\/fr\/\"},{\"@type\":\"ListItem\",\"position\":2,\"name\":\"Barcelone et Costa Brava &#8211; Achat et vente d&#8217;appartements et de produits de luxe\",\"item\":\"https:\/\/www.barcelona-sothebysrealty.com\/fr\/appartement-vendre\/\"},{\"@type\":\"ListItem\",\"position\":3,\"name\":\"Appartements \\u00e0 vendre sur la Costa Brava\"}]}]}<\/script>\n<!-- \/ Yoast SEO plugin. -->","yoast_head_json":{"description":"Nos propri\u00e9t\u00e9s sont soigneusement s\u00e9lectionn\u00e9es pour satisfaire nos clients les plus exigeants et sont situ\u00e9es dans les meilleurs emplacements de la Costa Brava","robots":{"index":"index","follow":"follow","max-snippet":"max-snippet:-1","max-image-preview":"max-image-preview:large","max-video-preview":"max-video-preview:-1"},"og_locale":"fr_FR","og_type":"article","og_title":"Appartement \u00e0 Vendre Costa Brava | Sotheby's Real Estate","og_description":"Nos propri\u00e9t\u00e9s sont soigneusement s\u00e9lectionn\u00e9es pour satisfaire nos clients les plus exigeants et sont situ\u00e9es dans les meilleurs emplacements de la Costa Brava","og_url":"https:\/\/www.barcelona-sothebysrealty.com\/fr\/appartement-vendre\/costa-brava\/","og_site_name":"Barcelona Sotheby's Realty","article_modified_time":"2024-04-22T17:59:15+00:00","twitter_card":"summary_large_image","twitter_misc":{"Dur\u00e9e de lecture est.":"1 minute"},"schema":{"@context":"https:\/\/schema.org","@graph":[{"@type":"Organization","@id":"https:\/\/www.barcelona-sothebysrealty.com\/es\/#organization","name":"Barcelona Sotheby's Realty","url":"https:\/\/www.barcelona-sothebysrealty.com\/es\/","sameAs":[],"logo":{"@type":"ImageObject","@id":"https:\/\/www.barcelona-sothebysrealty.com\/es\/#logo","inLanguage":"fr-FR","url":"https:\/\/www.barcelona-sothebysrealty.com\/wp-content\/uploads\/2023\/10\/sothebys-barcelona-logo-3.png","contentUrl":"https:\/\/www.barcelona-sothebysrealty.com\/wp-content\/uploads\/2023\/10\/sothebys-barcelona-logo-3.png","width":274,"height":274,"caption":"Barcelona Sotheby's Realty"},"image":{"@id":"https:\/\/www.barcelona-sothebysrealty.com\/es\/#logo"}},{"@type":"WebSite","@id":"https:\/\/www.barcelona-sothebysrealty.com\/es\/#website","url":"https:\/\/www.barcelona-sothebysrealty.com\/es\/","name":"Barcelona Sotheby&#039;s","description":"Otro sitio realizado con WordPress","publisher":{"@id":"https:\/\/www.barcelona-sothebysrealty.com\/es\/#organization"},"potentialAction":[{"@type":"SearchAction","target":{"@type":"EntryPoint","urlTemplate":"https:\/\/www.barcelona-sothebysrealty.com\/es\/?s={search_term_string}"},"query-input":"required name=search_term_string"}],"inLanguage":"fr-FR"},{"@type":"WebPage","@id":"https:\/\/www.barcelona-sothebysrealty.com\/fr\/appartement-vendre\/costa-brava\/#webpage","url":"https:\/\/www.barcelona-sothebysrealty.com\/fr\/appartement-vendre\/costa-brava\/","name":"Appartement \u00e0 Vendre Costa Brava | Sotheby's Real Estate","isPartOf":{"@id":"https:\/\/www.barcelona-sothebysrealty.com\/es\/#website"},"datePublished":"2020-12-23T12:19:25+00:00","dateModified":"2024-04-22T17:59:15+00:00","description":"Nos propri\u00e9t\u00e9s sont soigneusement s\u00e9lectionn\u00e9es pour satisfaire nos clients les plus exigeants et sont situ\u00e9es dans les meilleurs emplacements de la Costa Brava","breadcrumb":{"@id":"https:\/\/www.barcelona-sothebysrealty.com\/fr\/appartement-vendre\/costa-brava\/#breadcrumb"},"inLanguage":"fr-FR","potentialAction":[{"@type":"ReadAction","target":["https:\/\/www.barcelona-sothebysrealty.com\/fr\/appartement-vendre\/costa-brava\/"]}]},{"@type":"BreadcrumbList","@id":"https:\/\/www.barcelona-sothebysrealty.com\/fr\/appartement-vendre\/costa-brava\/#breadcrumb","itemListElement":[{"@type":"ListItem","position":1,"name":"Portada","item":"https:\/\/www.barcelona-sothebysrealty.com\/fr\/"},{"@type":"ListItem","position":2,"name":"Barcelone et Costa Brava &#8211; Achat et vente d&#8217;appartements et de produits de luxe","item":"https:\/\/www.barcelona-sothebysrealty.com\/fr\/appartement-vendre\/"},{"@type":"ListItem","position":3,"name":"Appartements \u00e0 vendre sur la Costa Brava"}]}]}},"_links":{"self":[{"href":"https:\/\/www.barcelona-sothebysrealty.com\/fr\/wp-json\/wp\/v2\/pages\/94001"}],"collection":[{"href":"https:\/\/www.barcelona-sothebysrealty.com\/fr\/wp-json\/wp\/v2\/pages"}],"about":[{"href":"https:\/\/www.barcelona-sothebysrealty.com\/fr\/wp-json\/wp\/v2\/types\/page"}],"author":[{"embeddable":true,"href":"https:\/\/www.barcelona-sothebysrealty.com\/fr\/wp-json\/wp\/v2\/users\/2"}],"replies":[{"embeddable":true,"href":"https:\/\/www.barcelona-sothebysrealty.com\/fr\/wp-json\/wp\/v2\/comments?post=94001"}],"version-history":[{"count":0,"href":"https:\/\/www.barcelona-sothebysrealty.com\/fr\/wp-json\/wp\/v2\/pages\/94001\/revisions"}],"up":[{"embeddable":true,"href":"https:\/\/www.barcelona-sothebysrealty.com\/fr\/wp-json\/wp\/v2\/pages\/93820"}],"wp:attachment":[{"href":"https:\/\/www.barcelona-sothebysrealty.com\/fr\/wp-json\/wp\/v2\/media?parent=94001"}],"curies":[{"name":"wp","href":"https:\/\/api.w.org\/{rel}","templated":true}]}}