{"id":94036,"date":"2020-12-23T13:42:40","date_gmt":"2020-12-23T12:42:40","guid":{"rendered":"https:\/\/xanatis.com\/~barcelonasotheby\/appartements-vente\/costa-brava\/lloret-de-mar\/"},"modified":"2024-04-22T20:02:17","modified_gmt":"2024-04-22T18:02:17","slug":"lloret-de-mar","status":"publish","type":"page","link":"https:\/\/www.barcelona-sothebysrealty.com\/fr\/appartement-vendre\/lloret-de-mar\/","title":{"rendered":"Appartements \u00e0 vendre \u00e0 Lloret de Mar"},"content":{"rendered":"<p><span style=\"font-weight: 400;\">Dans Costa Brava Sotheby&rsquo;s International Realty, nous concentrons nos efforts sur l&rsquo;achat et la vente de propri\u00e9t\u00e9s r\u00e9sidentielles et la promotion de nouveaux projets de construction, tous situ\u00e9s dans les meilleures zones de la c\u00f4te de G\u00e9rone afin de satisfaire les clients les plus exigeants.\u00a0<\/span><\/p>\n<p><span style=\"font-weight: 400;\">Dans notre catalogue, vous trouverez des appartements exclusifs en vente \u00e0 Lloret de Mar, d&rsquo;incroyables propri\u00e9t\u00e9s en bord de mer, des propri\u00e9t\u00e9s uniques avec jardin ou des propri\u00e9t\u00e9s avec lumi\u00e8re naturelle et <\/span><span style=\"font-weight: 400;\">une<\/span><span style=\"font-weight: 400;\"> vue imprenable. Tous ont \u00e9t\u00e9 s\u00e9lectionn\u00e9s selon nos normes de qualit\u00e9 les plus exigeantes, toujours avec pour objectif le bien-\u00eatre et les int\u00e9r\u00eats des futurs propri\u00e9taires ou investisseurs.\u00a0<\/span><\/p>\n<p><span style=\"font-weight: 400;\">Lloret de Mar, situ\u00e9 dans la r\u00e9gion de la Selva, au bord de la M\u00e9diterran\u00e9e, est l&rsquo;une des destinations touristiques les plus populaires de la Costa Brava. Avec un pass\u00e9 indien, la ville conserve de vieux palais n\u00e9oclassiques, modernistes ou \u00e9clectiques, construits dans les ann\u00e9es de prosp\u00e9rit\u00e9 \u00e9conomique. Le po\u00e8te catalan Josep Carner a baptis\u00e9 le village \u00ab\u00a0le doux paradis\u00a0\u00bb pour son environnement enviable et sa tranquillit\u00e9 r\u00e9paratrice.<\/span><\/p>\n","protected":false},"excerpt":{"rendered":"<p>Dans Costa Brava Sotheby&rsquo;s International Realty, nous concentrons nos efforts sur l&rsquo;achat et la vente de propri\u00e9t\u00e9s r\u00e9sidentielles et la<a class=\"more-link\" href=\"https:\/\/www.barcelona-sothebysrealty.com\/fr\/appartement-vendre\/lloret-de-mar\/\">Llegir M\u00e9s<\/a><\/p>\n","protected":false},"author":2,"featured_media":0,"parent":93820,"menu_order":0,"comment_status":"closed","ping_status":"closed","template":"page-listado.php","meta":[],"yoast_head":"<!-- This site is optimized with the Yoast SEO plugin v17.1 - https:\/\/yoast.com\/wordpress\/plugins\/seo\/ -->\n<meta name=\"description\" content=\"Nos propri\u00e9t\u00e9s sont soigneusement s\u00e9lectionn\u00e9es pour satisfaire nos clients les plus exigeants et sont situ\u00e9es dans les meilleurs emplacements de Lloret de Mar\" \/>\n<meta name=\"robots\" content=\"index, follow, max-snippet:-1, max-image-preview:large, max-video-preview:-1\" \/>\n<meta property=\"og:locale\" content=\"fr_FR\" \/>\n<meta property=\"og:type\" content=\"article\" \/>\n<meta property=\"og:title\" content=\"Appartement \u00e0 Vendre Lloret de Mar | Immobilier Sotheby&#039;s\" \/>\n<meta property=\"og:description\" content=\"Nos propri\u00e9t\u00e9s sont soigneusement s\u00e9lectionn\u00e9es pour satisfaire nos clients les plus exigeants et sont situ\u00e9es dans les meilleurs emplacements de Lloret de Mar\" \/>\n<meta property=\"og:url\" content=\"https:\/\/www.barcelona-sothebysrealty.com\/fr\/appartement-vendre\/lloret-de-mar\/\" \/>\n<meta property=\"og:site_name\" content=\"Barcelona Sotheby&#039;s Realty\" \/>\n<meta property=\"article:modified_time\" content=\"2024-04-22T18:02:17+00:00\" \/>\n<meta name=\"twitter:card\" content=\"summary_large_image\" \/>\n<meta name=\"twitter:label1\" content=\"Dur\u00e9e de lecture est.\" \/>\n\t<meta name=\"twitter:data1\" content=\"1 minute\" \/>\n<script type=\"application\/ld+json\" class=\"yoast-schema-graph\">{\"@context\":\"https:\/\/schema.org\",\"@graph\":[{\"@type\":\"Organization\",\"@id\":\"https:\/\/www.barcelona-sothebysrealty.com\/es\/#organization\",\"name\":\"Barcelona Sotheby's Realty\",\"url\":\"https:\/\/www.barcelona-sothebysrealty.com\/es\/\",\"sameAs\":[],\"logo\":{\"@type\":\"ImageObject\",\"@id\":\"https:\/\/www.barcelona-sothebysrealty.com\/es\/#logo\",\"inLanguage\":\"fr-FR\",\"url\":\"https:\/\/www.barcelona-sothebysrealty.com\/wp-content\/uploads\/2023\/10\/sothebys-barcelona-logo-3.png\",\"contentUrl\":\"https:\/\/www.barcelona-sothebysrealty.com\/wp-content\/uploads\/2023\/10\/sothebys-barcelona-logo-3.png\",\"width\":274,\"height\":274,\"caption\":\"Barcelona Sotheby's Realty\"},\"image\":{\"@id\":\"https:\/\/www.barcelona-sothebysrealty.com\/es\/#logo\"}},{\"@type\":\"WebSite\",\"@id\":\"https:\/\/www.barcelona-sothebysrealty.com\/es\/#website\",\"url\":\"https:\/\/www.barcelona-sothebysrealty.com\/es\/\",\"name\":\"Barcelona Sotheby&#039;s\",\"description\":\"Otro sitio realizado con WordPress\",\"publisher\":{\"@id\":\"https:\/\/www.barcelona-sothebysrealty.com\/es\/#organization\"},\"potentialAction\":[{\"@type\":\"SearchAction\",\"target\":{\"@type\":\"EntryPoint\",\"urlTemplate\":\"https:\/\/www.barcelona-sothebysrealty.com\/es\/?s={search_term_string}\"},\"query-input\":\"required name=search_term_string\"}],\"inLanguage\":\"fr-FR\"},{\"@type\":\"WebPage\",\"@id\":\"https:\/\/www.barcelona-sothebysrealty.com\/fr\/appartement-vendre\/lloret-de-mar\/#webpage\",\"url\":\"https:\/\/www.barcelona-sothebysrealty.com\/fr\/appartement-vendre\/lloret-de-mar\/\",\"name\":\"Appartement \\u00e0 Vendre Lloret de Mar | Immobilier Sotheby's\",\"isPartOf\":{\"@id\":\"https:\/\/www.barcelona-sothebysrealty.com\/es\/#website\"},\"datePublished\":\"2020-12-23T12:42:40+00:00\",\"dateModified\":\"2024-04-22T18:02:17+00:00\",\"description\":\"Nos propri\\u00e9t\\u00e9s sont soigneusement s\\u00e9lectionn\\u00e9es pour satisfaire nos clients les plus exigeants et sont situ\\u00e9es dans les meilleurs emplacements de Lloret de Mar\",\"breadcrumb\":{\"@id\":\"https:\/\/www.barcelona-sothebysrealty.com\/fr\/appartement-vendre\/lloret-de-mar\/#breadcrumb\"},\"inLanguage\":\"fr-FR\",\"potentialAction\":[{\"@type\":\"ReadAction\",\"target\":[\"https:\/\/www.barcelona-sothebysrealty.com\/fr\/appartement-vendre\/lloret-de-mar\/\"]}]},{\"@type\":\"BreadcrumbList\",\"@id\":\"https:\/\/www.barcelona-sothebysrealty.com\/fr\/appartement-vendre\/lloret-de-mar\/#breadcrumb\",\"itemListElement\":[{\"@type\":\"ListItem\",\"position\":1,\"name\":\"Portada\",\"item\":\"https:\/\/www.barcelona-sothebysrealty.com\/fr\/\"},{\"@type\":\"ListItem\",\"position\":2,\"name\":\"Barcelone et Costa Brava &#8211; Achat et vente d&#8217;appartements et de produits de luxe\",\"item\":\"https:\/\/www.barcelona-sothebysrealty.com\/fr\/appartement-vendre\/\"},{\"@type\":\"ListItem\",\"position\":3,\"name\":\"Appartements \\u00e0 vendre \\u00e0 Lloret de Mar\"}]}]}<\/script>\n<!-- \/ Yoast SEO plugin. -->","yoast_head_json":{"description":"Nos propri\u00e9t\u00e9s sont soigneusement s\u00e9lectionn\u00e9es pour satisfaire nos clients les plus exigeants et sont situ\u00e9es dans les meilleurs emplacements de Lloret de Mar","robots":{"index":"index","follow":"follow","max-snippet":"max-snippet:-1","max-image-preview":"max-image-preview:large","max-video-preview":"max-video-preview:-1"},"og_locale":"fr_FR","og_type":"article","og_title":"Appartement \u00e0 Vendre Lloret de Mar | Immobilier Sotheby's","og_description":"Nos propri\u00e9t\u00e9s sont soigneusement s\u00e9lectionn\u00e9es pour satisfaire nos clients les plus exigeants et sont situ\u00e9es dans les meilleurs emplacements de Lloret de Mar","og_url":"https:\/\/www.barcelona-sothebysrealty.com\/fr\/appartement-vendre\/lloret-de-mar\/","og_site_name":"Barcelona Sotheby's Realty","article_modified_time":"2024-04-22T18:02:17+00:00","twitter_card":"summary_large_image","twitter_misc":{"Dur\u00e9e de lecture est.":"1 minute"},"schema":{"@context":"https:\/\/schema.org","@graph":[{"@type":"Organization","@id":"https:\/\/www.barcelona-sothebysrealty.com\/es\/#organization","name":"Barcelona Sotheby's Realty","url":"https:\/\/www.barcelona-sothebysrealty.com\/es\/","sameAs":[],"logo":{"@type":"ImageObject","@id":"https:\/\/www.barcelona-sothebysrealty.com\/es\/#logo","inLanguage":"fr-FR","url":"https:\/\/www.barcelona-sothebysrealty.com\/wp-content\/uploads\/2023\/10\/sothebys-barcelona-logo-3.png","contentUrl":"https:\/\/www.barcelona-sothebysrealty.com\/wp-content\/uploads\/2023\/10\/sothebys-barcelona-logo-3.png","width":274,"height":274,"caption":"Barcelona Sotheby's Realty"},"image":{"@id":"https:\/\/www.barcelona-sothebysrealty.com\/es\/#logo"}},{"@type":"WebSite","@id":"https:\/\/www.barcelona-sothebysrealty.com\/es\/#website","url":"https:\/\/www.barcelona-sothebysrealty.com\/es\/","name":"Barcelona Sotheby&#039;s","description":"Otro sitio realizado con WordPress","publisher":{"@id":"https:\/\/www.barcelona-sothebysrealty.com\/es\/#organization"},"potentialAction":[{"@type":"SearchAction","target":{"@type":"EntryPoint","urlTemplate":"https:\/\/www.barcelona-sothebysrealty.com\/es\/?s={search_term_string}"},"query-input":"required name=search_term_string"}],"inLanguage":"fr-FR"},{"@type":"WebPage","@id":"https:\/\/www.barcelona-sothebysrealty.com\/fr\/appartement-vendre\/lloret-de-mar\/#webpage","url":"https:\/\/www.barcelona-sothebysrealty.com\/fr\/appartement-vendre\/lloret-de-mar\/","name":"Appartement \u00e0 Vendre Lloret de Mar | Immobilier Sotheby's","isPartOf":{"@id":"https:\/\/www.barcelona-sothebysrealty.com\/es\/#website"},"datePublished":"2020-12-23T12:42:40+00:00","dateModified":"2024-04-22T18:02:17+00:00","description":"Nos propri\u00e9t\u00e9s sont soigneusement s\u00e9lectionn\u00e9es pour satisfaire nos clients les plus exigeants et sont situ\u00e9es dans les meilleurs emplacements de Lloret de Mar","breadcrumb":{"@id":"https:\/\/www.barcelona-sothebysrealty.com\/fr\/appartement-vendre\/lloret-de-mar\/#breadcrumb"},"inLanguage":"fr-FR","potentialAction":[{"@type":"ReadAction","target":["https:\/\/www.barcelona-sothebysrealty.com\/fr\/appartement-vendre\/lloret-de-mar\/"]}]},{"@type":"BreadcrumbList","@id":"https:\/\/www.barcelona-sothebysrealty.com\/fr\/appartement-vendre\/lloret-de-mar\/#breadcrumb","itemListElement":[{"@type":"ListItem","position":1,"name":"Portada","item":"https:\/\/www.barcelona-sothebysrealty.com\/fr\/"},{"@type":"ListItem","position":2,"name":"Barcelone et Costa Brava &#8211; Achat et vente d&#8217;appartements et de produits de luxe","item":"https:\/\/www.barcelona-sothebysrealty.com\/fr\/appartement-vendre\/"},{"@type":"ListItem","position":3,"name":"Appartements \u00e0 vendre \u00e0 Lloret de Mar"}]}]}},"_links":{"self":[{"href":"https:\/\/www.barcelona-sothebysrealty.com\/fr\/wp-json\/wp\/v2\/pages\/94036"}],"collection":[{"href":"https:\/\/www.barcelona-sothebysrealty.com\/fr\/wp-json\/wp\/v2\/pages"}],"about":[{"href":"https:\/\/www.barcelona-sothebysrealty.com\/fr\/wp-json\/wp\/v2\/types\/page"}],"author":[{"embeddable":true,"href":"https:\/\/www.barcelona-sothebysrealty.com\/fr\/wp-json\/wp\/v2\/users\/2"}],"replies":[{"embeddable":true,"href":"https:\/\/www.barcelona-sothebysrealty.com\/fr\/wp-json\/wp\/v2\/comments?post=94036"}],"version-history":[{"count":0,"href":"https:\/\/www.barcelona-sothebysrealty.com\/fr\/wp-json\/wp\/v2\/pages\/94036\/revisions"}],"up":[{"embeddable":true,"href":"https:\/\/www.barcelona-sothebysrealty.com\/fr\/wp-json\/wp\/v2\/pages\/93820"}],"wp:attachment":[{"href":"https:\/\/www.barcelona-sothebysrealty.com\/fr\/wp-json\/wp\/v2\/media?parent=94036"}],"curies":[{"name":"wp","href":"https:\/\/api.w.org\/{rel}","templated":true}]}}