{"id":94053,"date":"2021-02-01T15:30:01","date_gmt":"2021-02-01T14:30:01","guid":{"rendered":"https:\/\/xanatis.com\/~barcelonasotheby\/appartements-vente\/costa-brava\/calonge\/"},"modified":"2021-03-10T10:16:12","modified_gmt":"2021-03-10T09:16:12","slug":"calonge","status":"publish","type":"page","link":"https:\/\/www.barcelona-sothebysrealty.com\/fr\/appartement-vendre\/calonge\/","title":{"rendered":"Appartements de luxe \u00e0 Calonge"},"content":{"rendered":"<p>Calonge est une petite ville situ\u00e9e \u00e0 environ quatre kilom\u00e8tres de la c\u00f4te m\u00e9diterran\u00e9enne. Elle se caract\u00e9rise par ses nombreux quartiers r\u00e9sidentiels, parmi lesquels Sant Antoni de Calonge que se trouve juste \u00e0 c\u00f4t\u00e9 de la plage et de la mer.<\/p>\n<p>\u00c0 Barcelona &amp; Costa Brava Sotheby&rsquo;s International Realty vend des villas et des maisons de luxe offrant une vue panoramique sur la mer et les montagnes, ainsi que des appartements face \u00e0 la plage de Sant Antoni de Calonge.<\/p>\n","protected":false},"excerpt":{"rendered":"<p>Calonge est une petite ville situ\u00e9e \u00e0 environ quatre kilom\u00e8tres de la c\u00f4te m\u00e9diterran\u00e9enne. Elle se caract\u00e9rise par ses nombreux<a class=\"more-link\" href=\"https:\/\/www.barcelona-sothebysrealty.com\/fr\/appartement-vendre\/calonge\/\">Llegir M\u00e9s<\/a><\/p>\n","protected":false},"author":2,"featured_media":0,"parent":93820,"menu_order":0,"comment_status":"closed","ping_status":"closed","template":"page-listado.php","meta":[],"yoast_head":"<!-- This site is optimized with the Yoast SEO plugin v17.1 - https:\/\/yoast.com\/wordpress\/plugins\/seo\/ -->\n<meta name=\"robots\" content=\"index, follow, max-snippet:-1, max-image-preview:large, max-video-preview:-1\" \/>\n<meta property=\"og:locale\" content=\"fr_FR\" \/>\n<meta property=\"og:type\" content=\"article\" \/>\n<meta property=\"og:title\" content=\"Appartements de luxe \u00e0 Calonge - Barcelona Sotheby&#039;s\" \/>\n<meta property=\"og:description\" content=\"Calonge est une petite ville situ\u00e9e \u00e0 environ quatre kilom\u00e8tres de la c\u00f4te m\u00e9diterran\u00e9enne. Elle se caract\u00e9rise par ses nombreuxLlegir M\u00e9s\" \/>\n<meta property=\"og:url\" content=\"https:\/\/www.barcelona-sothebysrealty.com\/fr\/appartement-vendre\/calonge\/\" \/>\n<meta property=\"og:site_name\" content=\"Barcelona Sotheby&#039;s Realty\" \/>\n<meta property=\"article:modified_time\" content=\"2021-03-10T09:16:12+00:00\" \/>\n<meta name=\"twitter:card\" content=\"summary_large_image\" \/>\n<meta name=\"twitter:label1\" content=\"Dur\u00e9e de lecture est.\" \/>\n\t<meta name=\"twitter:data1\" content=\"1 minute\" \/>\n<script type=\"application\/ld+json\" class=\"yoast-schema-graph\">{\"@context\":\"https:\/\/schema.org\",\"@graph\":[{\"@type\":\"Organization\",\"@id\":\"https:\/\/www.barcelona-sothebysrealty.com\/es\/#organization\",\"name\":\"Barcelona Sotheby's Realty\",\"url\":\"https:\/\/www.barcelona-sothebysrealty.com\/es\/\",\"sameAs\":[],\"logo\":{\"@type\":\"ImageObject\",\"@id\":\"https:\/\/www.barcelona-sothebysrealty.com\/es\/#logo\",\"inLanguage\":\"fr-FR\",\"url\":\"https:\/\/www.barcelona-sothebysrealty.com\/wp-content\/uploads\/2023\/10\/sothebys-barcelona-logo-3.png\",\"contentUrl\":\"https:\/\/www.barcelona-sothebysrealty.com\/wp-content\/uploads\/2023\/10\/sothebys-barcelona-logo-3.png\",\"width\":274,\"height\":274,\"caption\":\"Barcelona Sotheby's Realty\"},\"image\":{\"@id\":\"https:\/\/www.barcelona-sothebysrealty.com\/es\/#logo\"}},{\"@type\":\"WebSite\",\"@id\":\"https:\/\/www.barcelona-sothebysrealty.com\/es\/#website\",\"url\":\"https:\/\/www.barcelona-sothebysrealty.com\/es\/\",\"name\":\"Barcelona Sotheby&#039;s\",\"description\":\"Otro sitio realizado con WordPress\",\"publisher\":{\"@id\":\"https:\/\/www.barcelona-sothebysrealty.com\/es\/#organization\"},\"potentialAction\":[{\"@type\":\"SearchAction\",\"target\":{\"@type\":\"EntryPoint\",\"urlTemplate\":\"https:\/\/www.barcelona-sothebysrealty.com\/es\/?s={search_term_string}\"},\"query-input\":\"required name=search_term_string\"}],\"inLanguage\":\"fr-FR\"},{\"@type\":\"WebPage\",\"@id\":\"https:\/\/www.barcelona-sothebysrealty.com\/fr\/appartement-vendre\/calonge\/#webpage\",\"url\":\"https:\/\/www.barcelona-sothebysrealty.com\/fr\/appartement-vendre\/calonge\/\",\"name\":\"Appartements de luxe \\u00e0 Calonge - Barcelona Sotheby&#039;s\",\"isPartOf\":{\"@id\":\"https:\/\/www.barcelona-sothebysrealty.com\/es\/#website\"},\"datePublished\":\"2021-02-01T14:30:01+00:00\",\"dateModified\":\"2021-03-10T09:16:12+00:00\",\"breadcrumb\":{\"@id\":\"https:\/\/www.barcelona-sothebysrealty.com\/fr\/appartement-vendre\/calonge\/#breadcrumb\"},\"inLanguage\":\"fr-FR\",\"potentialAction\":[{\"@type\":\"ReadAction\",\"target\":[\"https:\/\/www.barcelona-sothebysrealty.com\/fr\/appartement-vendre\/calonge\/\"]}]},{\"@type\":\"BreadcrumbList\",\"@id\":\"https:\/\/www.barcelona-sothebysrealty.com\/fr\/appartement-vendre\/calonge\/#breadcrumb\",\"itemListElement\":[{\"@type\":\"ListItem\",\"position\":1,\"name\":\"Portada\",\"item\":\"https:\/\/www.barcelona-sothebysrealty.com\/fr\/\"},{\"@type\":\"ListItem\",\"position\":2,\"name\":\"Barcelone et Costa Brava &#8211; Achat et vente d&#8217;appartements et de produits de luxe\",\"item\":\"https:\/\/www.barcelona-sothebysrealty.com\/fr\/appartement-vendre\/\"},{\"@type\":\"ListItem\",\"position\":3,\"name\":\"Appartements de luxe \\u00e0 Calonge\"}]}]}<\/script>\n<!-- \/ Yoast SEO plugin. -->","yoast_head_json":{"robots":{"index":"index","follow":"follow","max-snippet":"max-snippet:-1","max-image-preview":"max-image-preview:large","max-video-preview":"max-video-preview:-1"},"og_locale":"fr_FR","og_type":"article","og_title":"Appartements de luxe \u00e0 Calonge - Barcelona Sotheby&#039;s","og_description":"Calonge est une petite ville situ\u00e9e \u00e0 environ quatre kilom\u00e8tres de la c\u00f4te m\u00e9diterran\u00e9enne. Elle se caract\u00e9rise par ses nombreuxLlegir M\u00e9s","og_url":"https:\/\/www.barcelona-sothebysrealty.com\/fr\/appartement-vendre\/calonge\/","og_site_name":"Barcelona Sotheby's Realty","article_modified_time":"2021-03-10T09:16:12+00:00","twitter_card":"summary_large_image","twitter_misc":{"Dur\u00e9e de lecture est.":"1 minute"},"schema":{"@context":"https:\/\/schema.org","@graph":[{"@type":"Organization","@id":"https:\/\/www.barcelona-sothebysrealty.com\/es\/#organization","name":"Barcelona Sotheby's Realty","url":"https:\/\/www.barcelona-sothebysrealty.com\/es\/","sameAs":[],"logo":{"@type":"ImageObject","@id":"https:\/\/www.barcelona-sothebysrealty.com\/es\/#logo","inLanguage":"fr-FR","url":"https:\/\/www.barcelona-sothebysrealty.com\/wp-content\/uploads\/2023\/10\/sothebys-barcelona-logo-3.png","contentUrl":"https:\/\/www.barcelona-sothebysrealty.com\/wp-content\/uploads\/2023\/10\/sothebys-barcelona-logo-3.png","width":274,"height":274,"caption":"Barcelona Sotheby's Realty"},"image":{"@id":"https:\/\/www.barcelona-sothebysrealty.com\/es\/#logo"}},{"@type":"WebSite","@id":"https:\/\/www.barcelona-sothebysrealty.com\/es\/#website","url":"https:\/\/www.barcelona-sothebysrealty.com\/es\/","name":"Barcelona Sotheby&#039;s","description":"Otro sitio realizado con WordPress","publisher":{"@id":"https:\/\/www.barcelona-sothebysrealty.com\/es\/#organization"},"potentialAction":[{"@type":"SearchAction","target":{"@type":"EntryPoint","urlTemplate":"https:\/\/www.barcelona-sothebysrealty.com\/es\/?s={search_term_string}"},"query-input":"required name=search_term_string"}],"inLanguage":"fr-FR"},{"@type":"WebPage","@id":"https:\/\/www.barcelona-sothebysrealty.com\/fr\/appartement-vendre\/calonge\/#webpage","url":"https:\/\/www.barcelona-sothebysrealty.com\/fr\/appartement-vendre\/calonge\/","name":"Appartements de luxe \u00e0 Calonge - Barcelona Sotheby&#039;s","isPartOf":{"@id":"https:\/\/www.barcelona-sothebysrealty.com\/es\/#website"},"datePublished":"2021-02-01T14:30:01+00:00","dateModified":"2021-03-10T09:16:12+00:00","breadcrumb":{"@id":"https:\/\/www.barcelona-sothebysrealty.com\/fr\/appartement-vendre\/calonge\/#breadcrumb"},"inLanguage":"fr-FR","potentialAction":[{"@type":"ReadAction","target":["https:\/\/www.barcelona-sothebysrealty.com\/fr\/appartement-vendre\/calonge\/"]}]},{"@type":"BreadcrumbList","@id":"https:\/\/www.barcelona-sothebysrealty.com\/fr\/appartement-vendre\/calonge\/#breadcrumb","itemListElement":[{"@type":"ListItem","position":1,"name":"Portada","item":"https:\/\/www.barcelona-sothebysrealty.com\/fr\/"},{"@type":"ListItem","position":2,"name":"Barcelone et Costa Brava &#8211; Achat et vente d&#8217;appartements et de produits de luxe","item":"https:\/\/www.barcelona-sothebysrealty.com\/fr\/appartement-vendre\/"},{"@type":"ListItem","position":3,"name":"Appartements de luxe \u00e0 Calonge"}]}]}},"_links":{"self":[{"href":"https:\/\/www.barcelona-sothebysrealty.com\/fr\/wp-json\/wp\/v2\/pages\/94053"}],"collection":[{"href":"https:\/\/www.barcelona-sothebysrealty.com\/fr\/wp-json\/wp\/v2\/pages"}],"about":[{"href":"https:\/\/www.barcelona-sothebysrealty.com\/fr\/wp-json\/wp\/v2\/types\/page"}],"author":[{"embeddable":true,"href":"https:\/\/www.barcelona-sothebysrealty.com\/fr\/wp-json\/wp\/v2\/users\/2"}],"replies":[{"embeddable":true,"href":"https:\/\/www.barcelona-sothebysrealty.com\/fr\/wp-json\/wp\/v2\/comments?post=94053"}],"version-history":[{"count":0,"href":"https:\/\/www.barcelona-sothebysrealty.com\/fr\/wp-json\/wp\/v2\/pages\/94053\/revisions"}],"up":[{"embeddable":true,"href":"https:\/\/www.barcelona-sothebysrealty.com\/fr\/wp-json\/wp\/v2\/pages\/93820"}],"wp:attachment":[{"href":"https:\/\/www.barcelona-sothebysrealty.com\/fr\/wp-json\/wp\/v2\/media?parent=94053"}],"curies":[{"name":"wp","href":"https:\/\/api.w.org\/{rel}","templated":true}]}}