{"id":94187,"date":"2020-12-03T09:48:59","date_gmt":"2020-12-03T08:48:59","guid":{"rendered":"https:\/\/xanatis.com\/~barcelonasotheby\/maisons-vente\/maresme\/alella\/"},"modified":"2021-02-18T16:38:58","modified_gmt":"2021-02-18T15:38:58","slug":"alella","status":"publish","type":"page","link":"https:\/\/www.barcelona-sothebysrealty.com\/fr\/maison-vendre\/maresme\/alella\/","title":{"rendered":"Maisons de luxe \u00e0 Alella"},"content":{"rendered":"<p><span style=\"font-weight: 400;\">Chez Barcelona Sotheby&rsquo;s International Realty, nous avons d&rsquo;incroyables maisons \u00e0 vendre \u00e0 Alella, des propri\u00e9t\u00e9s exclusives situ\u00e9es dans l&rsquo;une des municipalit\u00e9s ayant la meilleure qualit\u00e9 de vie sur la c\u00f4te de Barcelone.<\/span><\/p>\n<p><span style=\"font-weight: 400;\">Cette municipalit\u00e9, situ\u00e9e \u00e0 moins de vingt kilom\u00e8tres de Barcelone, est l&rsquo;endroit id\u00e9al pour trouver votre nouvelle maison ou pour r\u00e9aliser votre prochain investissement immobilier. Bien desservie et dot\u00e9e de tous les services n\u00e9cessaires, Alella est le choix id\u00e9al pour les amoureux de la mer, de la vie tranquille et des sports de plein air.<\/span><\/p>\n","protected":false},"excerpt":{"rendered":"<p>Chez Barcelona Sotheby&rsquo;s International Realty, nous avons d&rsquo;incroyables maisons \u00e0 vendre \u00e0 Alella, des propri\u00e9t\u00e9s exclusives situ\u00e9es dans l&rsquo;une des<a class=\"more-link\" href=\"https:\/\/www.barcelona-sothebysrealty.com\/fr\/maison-vendre\/maresme\/alella\/\">Llegir M\u00e9s<\/a><\/p>\n","protected":false},"author":2,"featured_media":0,"parent":94174,"menu_order":0,"comment_status":"closed","ping_status":"closed","template":"page-listado.php","meta":[],"yoast_head":"<!-- This site is optimized with the Yoast SEO plugin v17.1 - https:\/\/yoast.com\/wordpress\/plugins\/seo\/ -->\n<meta name=\"robots\" content=\"index, follow, max-snippet:-1, max-image-preview:large, max-video-preview:-1\" \/>\n<meta property=\"og:locale\" content=\"fr_FR\" \/>\n<meta property=\"og:type\" content=\"article\" \/>\n<meta property=\"og:title\" content=\"Maisons de luxe \u00e0 Alella - Barcelona Sotheby&#039;s\" \/>\n<meta property=\"og:description\" content=\"Chez Barcelona Sotheby&rsquo;s International Realty, nous avons d&rsquo;incroyables maisons \u00e0 vendre \u00e0 Alella, des propri\u00e9t\u00e9s exclusives situ\u00e9es dans l&rsquo;une desLlegir M\u00e9s\" \/>\n<meta property=\"og:url\" content=\"https:\/\/www.barcelona-sothebysrealty.com\/fr\/maison-vendre\/maresme\/alella\/\" \/>\n<meta property=\"og:site_name\" content=\"Barcelona Sotheby&#039;s Realty\" \/>\n<meta property=\"article:modified_time\" content=\"2021-02-18T15:38:58+00:00\" \/>\n<meta name=\"twitter:card\" content=\"summary_large_image\" \/>\n<meta name=\"twitter:label1\" content=\"Dur\u00e9e de lecture est.\" \/>\n\t<meta name=\"twitter:data1\" content=\"1 minute\" \/>\n<script type=\"application\/ld+json\" class=\"yoast-schema-graph\">{\"@context\":\"https:\/\/schema.org\",\"@graph\":[{\"@type\":\"Organization\",\"@id\":\"https:\/\/www.barcelona-sothebysrealty.com\/es\/#organization\",\"name\":\"Barcelona Sotheby's Realty\",\"url\":\"https:\/\/www.barcelona-sothebysrealty.com\/es\/\",\"sameAs\":[],\"logo\":{\"@type\":\"ImageObject\",\"@id\":\"https:\/\/www.barcelona-sothebysrealty.com\/es\/#logo\",\"inLanguage\":\"fr-FR\",\"url\":\"https:\/\/www.barcelona-sothebysrealty.com\/wp-content\/uploads\/2023\/10\/sothebys-barcelona-logo-3.png\",\"contentUrl\":\"https:\/\/www.barcelona-sothebysrealty.com\/wp-content\/uploads\/2023\/10\/sothebys-barcelona-logo-3.png\",\"width\":274,\"height\":274,\"caption\":\"Barcelona Sotheby's Realty\"},\"image\":{\"@id\":\"https:\/\/www.barcelona-sothebysrealty.com\/es\/#logo\"}},{\"@type\":\"WebSite\",\"@id\":\"https:\/\/www.barcelona-sothebysrealty.com\/es\/#website\",\"url\":\"https:\/\/www.barcelona-sothebysrealty.com\/es\/\",\"name\":\"Barcelona Sotheby&#039;s\",\"description\":\"Otro sitio realizado con WordPress\",\"publisher\":{\"@id\":\"https:\/\/www.barcelona-sothebysrealty.com\/es\/#organization\"},\"potentialAction\":[{\"@type\":\"SearchAction\",\"target\":{\"@type\":\"EntryPoint\",\"urlTemplate\":\"https:\/\/www.barcelona-sothebysrealty.com\/es\/?s={search_term_string}\"},\"query-input\":\"required name=search_term_string\"}],\"inLanguage\":\"fr-FR\"},{\"@type\":\"WebPage\",\"@id\":\"https:\/\/www.barcelona-sothebysrealty.com\/fr\/maison-vendre\/maresme\/alella\/#webpage\",\"url\":\"https:\/\/www.barcelona-sothebysrealty.com\/fr\/maison-vendre\/maresme\/alella\/\",\"name\":\"Maisons de luxe \\u00e0 Alella - Barcelona Sotheby&#039;s\",\"isPartOf\":{\"@id\":\"https:\/\/www.barcelona-sothebysrealty.com\/es\/#website\"},\"datePublished\":\"2020-12-03T08:48:59+00:00\",\"dateModified\":\"2021-02-18T15:38:58+00:00\",\"breadcrumb\":{\"@id\":\"https:\/\/www.barcelona-sothebysrealty.com\/fr\/maison-vendre\/maresme\/alella\/#breadcrumb\"},\"inLanguage\":\"fr-FR\",\"potentialAction\":[{\"@type\":\"ReadAction\",\"target\":[\"https:\/\/www.barcelona-sothebysrealty.com\/fr\/maison-vendre\/maresme\/alella\/\"]}]},{\"@type\":\"BreadcrumbList\",\"@id\":\"https:\/\/www.barcelona-sothebysrealty.com\/fr\/maison-vendre\/maresme\/alella\/#breadcrumb\",\"itemListElement\":[{\"@type\":\"ListItem\",\"position\":1,\"name\":\"Portada\",\"item\":\"https:\/\/www.barcelona-sothebysrealty.com\/fr\/\"},{\"@type\":\"ListItem\",\"position\":2,\"name\":\"Barcelone et Costa Brava &#8211; Achat et vente de logements de luxe\",\"item\":\"https:\/\/www.barcelona-sothebysrealty.com\/fr\/maison-vendre\/\"},{\"@type\":\"ListItem\",\"position\":3,\"name\":\"Maisons de luxe \\u00e0 vendre dans le Maresme\",\"item\":\"https:\/\/www.barcelona-sothebysrealty.com\/fr\/maison-vendre\/maresme\/\"},{\"@type\":\"ListItem\",\"position\":4,\"name\":\"Maisons de luxe \\u00e0 Alella\"}]}]}<\/script>\n<!-- \/ Yoast SEO plugin. -->","yoast_head_json":{"robots":{"index":"index","follow":"follow","max-snippet":"max-snippet:-1","max-image-preview":"max-image-preview:large","max-video-preview":"max-video-preview:-1"},"og_locale":"fr_FR","og_type":"article","og_title":"Maisons de luxe \u00e0 Alella - Barcelona Sotheby&#039;s","og_description":"Chez Barcelona Sotheby&rsquo;s International Realty, nous avons d&rsquo;incroyables maisons \u00e0 vendre \u00e0 Alella, des propri\u00e9t\u00e9s exclusives situ\u00e9es dans l&rsquo;une desLlegir M\u00e9s","og_url":"https:\/\/www.barcelona-sothebysrealty.com\/fr\/maison-vendre\/maresme\/alella\/","og_site_name":"Barcelona Sotheby's Realty","article_modified_time":"2021-02-18T15:38:58+00:00","twitter_card":"summary_large_image","twitter_misc":{"Dur\u00e9e de lecture est.":"1 minute"},"schema":{"@context":"https:\/\/schema.org","@graph":[{"@type":"Organization","@id":"https:\/\/www.barcelona-sothebysrealty.com\/es\/#organization","name":"Barcelona Sotheby's Realty","url":"https:\/\/www.barcelona-sothebysrealty.com\/es\/","sameAs":[],"logo":{"@type":"ImageObject","@id":"https:\/\/www.barcelona-sothebysrealty.com\/es\/#logo","inLanguage":"fr-FR","url":"https:\/\/www.barcelona-sothebysrealty.com\/wp-content\/uploads\/2023\/10\/sothebys-barcelona-logo-3.png","contentUrl":"https:\/\/www.barcelona-sothebysrealty.com\/wp-content\/uploads\/2023\/10\/sothebys-barcelona-logo-3.png","width":274,"height":274,"caption":"Barcelona Sotheby's Realty"},"image":{"@id":"https:\/\/www.barcelona-sothebysrealty.com\/es\/#logo"}},{"@type":"WebSite","@id":"https:\/\/www.barcelona-sothebysrealty.com\/es\/#website","url":"https:\/\/www.barcelona-sothebysrealty.com\/es\/","name":"Barcelona Sotheby&#039;s","description":"Otro sitio realizado con WordPress","publisher":{"@id":"https:\/\/www.barcelona-sothebysrealty.com\/es\/#organization"},"potentialAction":[{"@type":"SearchAction","target":{"@type":"EntryPoint","urlTemplate":"https:\/\/www.barcelona-sothebysrealty.com\/es\/?s={search_term_string}"},"query-input":"required name=search_term_string"}],"inLanguage":"fr-FR"},{"@type":"WebPage","@id":"https:\/\/www.barcelona-sothebysrealty.com\/fr\/maison-vendre\/maresme\/alella\/#webpage","url":"https:\/\/www.barcelona-sothebysrealty.com\/fr\/maison-vendre\/maresme\/alella\/","name":"Maisons de luxe \u00e0 Alella - Barcelona Sotheby&#039;s","isPartOf":{"@id":"https:\/\/www.barcelona-sothebysrealty.com\/es\/#website"},"datePublished":"2020-12-03T08:48:59+00:00","dateModified":"2021-02-18T15:38:58+00:00","breadcrumb":{"@id":"https:\/\/www.barcelona-sothebysrealty.com\/fr\/maison-vendre\/maresme\/alella\/#breadcrumb"},"inLanguage":"fr-FR","potentialAction":[{"@type":"ReadAction","target":["https:\/\/www.barcelona-sothebysrealty.com\/fr\/maison-vendre\/maresme\/alella\/"]}]},{"@type":"BreadcrumbList","@id":"https:\/\/www.barcelona-sothebysrealty.com\/fr\/maison-vendre\/maresme\/alella\/#breadcrumb","itemListElement":[{"@type":"ListItem","position":1,"name":"Portada","item":"https:\/\/www.barcelona-sothebysrealty.com\/fr\/"},{"@type":"ListItem","position":2,"name":"Barcelone et Costa Brava &#8211; Achat et vente de logements de luxe","item":"https:\/\/www.barcelona-sothebysrealty.com\/fr\/maison-vendre\/"},{"@type":"ListItem","position":3,"name":"Maisons de luxe \u00e0 vendre dans le Maresme","item":"https:\/\/www.barcelona-sothebysrealty.com\/fr\/maison-vendre\/maresme\/"},{"@type":"ListItem","position":4,"name":"Maisons de luxe \u00e0 Alella"}]}]}},"_links":{"self":[{"href":"https:\/\/www.barcelona-sothebysrealty.com\/fr\/wp-json\/wp\/v2\/pages\/94187"}],"collection":[{"href":"https:\/\/www.barcelona-sothebysrealty.com\/fr\/wp-json\/wp\/v2\/pages"}],"about":[{"href":"https:\/\/www.barcelona-sothebysrealty.com\/fr\/wp-json\/wp\/v2\/types\/page"}],"author":[{"embeddable":true,"href":"https:\/\/www.barcelona-sothebysrealty.com\/fr\/wp-json\/wp\/v2\/users\/2"}],"replies":[{"embeddable":true,"href":"https:\/\/www.barcelona-sothebysrealty.com\/fr\/wp-json\/wp\/v2\/comments?post=94187"}],"version-history":[{"count":0,"href":"https:\/\/www.barcelona-sothebysrealty.com\/fr\/wp-json\/wp\/v2\/pages\/94187\/revisions"}],"up":[{"embeddable":true,"href":"https:\/\/www.barcelona-sothebysrealty.com\/fr\/wp-json\/wp\/v2\/pages\/94174"}],"wp:attachment":[{"href":"https:\/\/www.barcelona-sothebysrealty.com\/fr\/wp-json\/wp\/v2\/media?parent=94187"}],"curies":[{"name":"wp","href":"https:\/\/api.w.org\/{rel}","templated":true}]}}