{"id":94252,"date":"2020-12-24T08:58:00","date_gmt":"2020-12-24T07:58:00","guid":{"rendered":"https:\/\/xanatis.com\/~barcelonasotheby\/maisons-vente\/costa-brava\/platja-daro\/"},"modified":"2024-04-22T19:57:47","modified_gmt":"2024-04-22T17:57:47","slug":"platja-d-aro","status":"publish","type":"page","link":"https:\/\/www.barcelona-sothebysrealty.com\/fr\/maison-vendre\/platja-d-aro\/","title":{"rendered":"Maisons de luxe \u00e0 vendre \u00e0 Platja d&rsquo;Aro"},"content":{"rendered":"<p><span style=\"font-weight: 400;\">Chez Costa Brava Sotheby&rsquo;s International Realty, nous sommes sp\u00e9cialis\u00e9s dans l&rsquo;achat et la vente de propri\u00e9t\u00e9s r\u00e9sidentielles et dans la promotion de nouveaux projets de construction. Toutes nos propri\u00e9t\u00e9s sont situ\u00e9es dans les meilleures zones de la c\u00f4te catalane et ont \u00e9t\u00e9 soigneusement s\u00e9lectionn\u00e9es dans le but de satisfaire les clients les plus exigeants.\u00a0<\/span><\/p>\n<p><span style=\"font-weight: 400;\">Parmi les propri\u00e9t\u00e9s de la Costa Brava figurant dans notre catalogue, vous trouverez des maisons de luxe exclusives \u00e0 vendre \u00e0 Platja d&rsquo;Aro. D&rsquo;incroyables domaines en bord de mer, des maisons uniques avec jardin ou des manoirs avec lumi\u00e8re naturelle et vue in\u00e9gal\u00e9e. Choisis selon nos crit\u00e8res les plus exigeants, en pensant au bien-\u00eatre et \u00e0 l&rsquo;int\u00e9r\u00eat des futurs propri\u00e9taires ou investisseurs.<\/span><\/p>\n<p>&nbsp;<\/p>\n","protected":false},"excerpt":{"rendered":"<p>Chez Costa Brava Sotheby&rsquo;s International Realty, nous sommes sp\u00e9cialis\u00e9s dans l&rsquo;achat et la vente de propri\u00e9t\u00e9s r\u00e9sidentielles et dans la<a class=\"more-link\" href=\"https:\/\/www.barcelona-sothebysrealty.com\/fr\/maison-vendre\/platja-d-aro\/\">Llegir M\u00e9s<\/a><\/p>\n","protected":false},"author":2,"featured_media":0,"parent":94066,"menu_order":0,"comment_status":"closed","ping_status":"closed","template":"page-listado.php","meta":[],"yoast_head":"<!-- This site is optimized with the Yoast SEO plugin v17.1 - https:\/\/yoast.com\/wordpress\/plugins\/seo\/ -->\n<meta name=\"description\" content=\"Maisons de luxe avec les meilleures vues \u00e0 Platja d&#039;Aro, propri\u00e9t\u00e9s uniques avec jardins ou demeures avec des vues in\u00e9gal\u00e9es.\" \/>\n<meta name=\"robots\" content=\"index, follow, max-snippet:-1, max-image-preview:large, max-video-preview:-1\" \/>\n<meta property=\"og:locale\" content=\"fr_FR\" \/>\n<meta property=\"og:type\" content=\"article\" \/>\n<meta property=\"og:title\" content=\"Maison \u00e0 vendre Platja d&#039;Aro | S\u00e9lection Unique de Maisons\" \/>\n<meta property=\"og:description\" content=\"Maisons de luxe avec les meilleures vues \u00e0 Platja d&#039;Aro, propri\u00e9t\u00e9s uniques avec jardins ou demeures avec des vues in\u00e9gal\u00e9es.\" \/>\n<meta property=\"og:url\" content=\"https:\/\/www.barcelona-sothebysrealty.com\/fr\/maison-vendre\/platja-d-aro\/\" \/>\n<meta property=\"og:site_name\" content=\"Barcelona Sotheby&#039;s Realty\" \/>\n<meta property=\"article:modified_time\" content=\"2024-04-22T17:57:47+00:00\" \/>\n<meta name=\"twitter:card\" content=\"summary_large_image\" \/>\n<meta name=\"twitter:label1\" content=\"Dur\u00e9e de lecture est.\" \/>\n\t<meta name=\"twitter:data1\" content=\"1 minute\" \/>\n<script type=\"application\/ld+json\" class=\"yoast-schema-graph\">{\"@context\":\"https:\/\/schema.org\",\"@graph\":[{\"@type\":\"Organization\",\"@id\":\"https:\/\/www.barcelona-sothebysrealty.com\/es\/#organization\",\"name\":\"Barcelona Sotheby's Realty\",\"url\":\"https:\/\/www.barcelona-sothebysrealty.com\/es\/\",\"sameAs\":[],\"logo\":{\"@type\":\"ImageObject\",\"@id\":\"https:\/\/www.barcelona-sothebysrealty.com\/es\/#logo\",\"inLanguage\":\"fr-FR\",\"url\":\"https:\/\/www.barcelona-sothebysrealty.com\/wp-content\/uploads\/2023\/10\/sothebys-barcelona-logo-3.png\",\"contentUrl\":\"https:\/\/www.barcelona-sothebysrealty.com\/wp-content\/uploads\/2023\/10\/sothebys-barcelona-logo-3.png\",\"width\":274,\"height\":274,\"caption\":\"Barcelona Sotheby's Realty\"},\"image\":{\"@id\":\"https:\/\/www.barcelona-sothebysrealty.com\/es\/#logo\"}},{\"@type\":\"WebSite\",\"@id\":\"https:\/\/www.barcelona-sothebysrealty.com\/es\/#website\",\"url\":\"https:\/\/www.barcelona-sothebysrealty.com\/es\/\",\"name\":\"Barcelona Sotheby&#039;s\",\"description\":\"Otro sitio realizado con WordPress\",\"publisher\":{\"@id\":\"https:\/\/www.barcelona-sothebysrealty.com\/es\/#organization\"},\"potentialAction\":[{\"@type\":\"SearchAction\",\"target\":{\"@type\":\"EntryPoint\",\"urlTemplate\":\"https:\/\/www.barcelona-sothebysrealty.com\/es\/?s={search_term_string}\"},\"query-input\":\"required name=search_term_string\"}],\"inLanguage\":\"fr-FR\"},{\"@type\":\"WebPage\",\"@id\":\"https:\/\/www.barcelona-sothebysrealty.com\/fr\/maison-vendre\/platja-d-aro\/#webpage\",\"url\":\"https:\/\/www.barcelona-sothebysrealty.com\/fr\/maison-vendre\/platja-d-aro\/\",\"name\":\"Maison \\u00e0 vendre Platja d'Aro | S\\u00e9lection Unique de Maisons\",\"isPartOf\":{\"@id\":\"https:\/\/www.barcelona-sothebysrealty.com\/es\/#website\"},\"datePublished\":\"2020-12-24T07:58:00+00:00\",\"dateModified\":\"2024-04-22T17:57:47+00:00\",\"description\":\"Maisons de luxe avec les meilleures vues \\u00e0 Platja d'Aro, propri\\u00e9t\\u00e9s uniques avec jardins ou demeures avec des vues in\\u00e9gal\\u00e9es.\",\"breadcrumb\":{\"@id\":\"https:\/\/www.barcelona-sothebysrealty.com\/fr\/maison-vendre\/platja-d-aro\/#breadcrumb\"},\"inLanguage\":\"fr-FR\",\"potentialAction\":[{\"@type\":\"ReadAction\",\"target\":[\"https:\/\/www.barcelona-sothebysrealty.com\/fr\/maison-vendre\/platja-d-aro\/\"]}]},{\"@type\":\"BreadcrumbList\",\"@id\":\"https:\/\/www.barcelona-sothebysrealty.com\/fr\/maison-vendre\/platja-d-aro\/#breadcrumb\",\"itemListElement\":[{\"@type\":\"ListItem\",\"position\":1,\"name\":\"Portada\",\"item\":\"https:\/\/www.barcelona-sothebysrealty.com\/fr\/\"},{\"@type\":\"ListItem\",\"position\":2,\"name\":\"Barcelone et Costa Brava &#8211; Achat et vente de logements de luxe\",\"item\":\"https:\/\/www.barcelona-sothebysrealty.com\/fr\/maison-vendre\/\"},{\"@type\":\"ListItem\",\"position\":3,\"name\":\"Maisons de luxe \\u00e0 vendre \\u00e0 Platja d&#8217;Aro\"}]}]}<\/script>\n<!-- \/ Yoast SEO plugin. -->","yoast_head_json":{"description":"Maisons de luxe avec les meilleures vues \u00e0 Platja d'Aro, propri\u00e9t\u00e9s uniques avec jardins ou demeures avec des vues in\u00e9gal\u00e9es.","robots":{"index":"index","follow":"follow","max-snippet":"max-snippet:-1","max-image-preview":"max-image-preview:large","max-video-preview":"max-video-preview:-1"},"og_locale":"fr_FR","og_type":"article","og_title":"Maison \u00e0 vendre Platja d'Aro | S\u00e9lection Unique de Maisons","og_description":"Maisons de luxe avec les meilleures vues \u00e0 Platja d'Aro, propri\u00e9t\u00e9s uniques avec jardins ou demeures avec des vues in\u00e9gal\u00e9es.","og_url":"https:\/\/www.barcelona-sothebysrealty.com\/fr\/maison-vendre\/platja-d-aro\/","og_site_name":"Barcelona Sotheby's Realty","article_modified_time":"2024-04-22T17:57:47+00:00","twitter_card":"summary_large_image","twitter_misc":{"Dur\u00e9e de lecture est.":"1 minute"},"schema":{"@context":"https:\/\/schema.org","@graph":[{"@type":"Organization","@id":"https:\/\/www.barcelona-sothebysrealty.com\/es\/#organization","name":"Barcelona Sotheby's Realty","url":"https:\/\/www.barcelona-sothebysrealty.com\/es\/","sameAs":[],"logo":{"@type":"ImageObject","@id":"https:\/\/www.barcelona-sothebysrealty.com\/es\/#logo","inLanguage":"fr-FR","url":"https:\/\/www.barcelona-sothebysrealty.com\/wp-content\/uploads\/2023\/10\/sothebys-barcelona-logo-3.png","contentUrl":"https:\/\/www.barcelona-sothebysrealty.com\/wp-content\/uploads\/2023\/10\/sothebys-barcelona-logo-3.png","width":274,"height":274,"caption":"Barcelona Sotheby's Realty"},"image":{"@id":"https:\/\/www.barcelona-sothebysrealty.com\/es\/#logo"}},{"@type":"WebSite","@id":"https:\/\/www.barcelona-sothebysrealty.com\/es\/#website","url":"https:\/\/www.barcelona-sothebysrealty.com\/es\/","name":"Barcelona Sotheby&#039;s","description":"Otro sitio realizado con WordPress","publisher":{"@id":"https:\/\/www.barcelona-sothebysrealty.com\/es\/#organization"},"potentialAction":[{"@type":"SearchAction","target":{"@type":"EntryPoint","urlTemplate":"https:\/\/www.barcelona-sothebysrealty.com\/es\/?s={search_term_string}"},"query-input":"required name=search_term_string"}],"inLanguage":"fr-FR"},{"@type":"WebPage","@id":"https:\/\/www.barcelona-sothebysrealty.com\/fr\/maison-vendre\/platja-d-aro\/#webpage","url":"https:\/\/www.barcelona-sothebysrealty.com\/fr\/maison-vendre\/platja-d-aro\/","name":"Maison \u00e0 vendre Platja d'Aro | S\u00e9lection Unique de Maisons","isPartOf":{"@id":"https:\/\/www.barcelona-sothebysrealty.com\/es\/#website"},"datePublished":"2020-12-24T07:58:00+00:00","dateModified":"2024-04-22T17:57:47+00:00","description":"Maisons de luxe avec les meilleures vues \u00e0 Platja d'Aro, propri\u00e9t\u00e9s uniques avec jardins ou demeures avec des vues in\u00e9gal\u00e9es.","breadcrumb":{"@id":"https:\/\/www.barcelona-sothebysrealty.com\/fr\/maison-vendre\/platja-d-aro\/#breadcrumb"},"inLanguage":"fr-FR","potentialAction":[{"@type":"ReadAction","target":["https:\/\/www.barcelona-sothebysrealty.com\/fr\/maison-vendre\/platja-d-aro\/"]}]},{"@type":"BreadcrumbList","@id":"https:\/\/www.barcelona-sothebysrealty.com\/fr\/maison-vendre\/platja-d-aro\/#breadcrumb","itemListElement":[{"@type":"ListItem","position":1,"name":"Portada","item":"https:\/\/www.barcelona-sothebysrealty.com\/fr\/"},{"@type":"ListItem","position":2,"name":"Barcelone et Costa Brava &#8211; Achat et vente de logements de luxe","item":"https:\/\/www.barcelona-sothebysrealty.com\/fr\/maison-vendre\/"},{"@type":"ListItem","position":3,"name":"Maisons de luxe \u00e0 vendre \u00e0 Platja d&#8217;Aro"}]}]}},"_links":{"self":[{"href":"https:\/\/www.barcelona-sothebysrealty.com\/fr\/wp-json\/wp\/v2\/pages\/94252"}],"collection":[{"href":"https:\/\/www.barcelona-sothebysrealty.com\/fr\/wp-json\/wp\/v2\/pages"}],"about":[{"href":"https:\/\/www.barcelona-sothebysrealty.com\/fr\/wp-json\/wp\/v2\/types\/page"}],"author":[{"embeddable":true,"href":"https:\/\/www.barcelona-sothebysrealty.com\/fr\/wp-json\/wp\/v2\/users\/2"}],"replies":[{"embeddable":true,"href":"https:\/\/www.barcelona-sothebysrealty.com\/fr\/wp-json\/wp\/v2\/comments?post=94252"}],"version-history":[{"count":0,"href":"https:\/\/www.barcelona-sothebysrealty.com\/fr\/wp-json\/wp\/v2\/pages\/94252\/revisions"}],"up":[{"embeddable":true,"href":"https:\/\/www.barcelona-sothebysrealty.com\/fr\/wp-json\/wp\/v2\/pages\/94066"}],"wp:attachment":[{"href":"https:\/\/www.barcelona-sothebysrealty.com\/fr\/wp-json\/wp\/v2\/media?parent=94252"}],"curies":[{"name":"wp","href":"https:\/\/api.w.org\/{rel}","templated":true}]}}