{"id":94257,"date":"2020-12-24T09:00:07","date_gmt":"2020-12-24T08:00:07","guid":{"rendered":"https:\/\/xanatis.com\/~barcelonasotheby\/maisons-vente\/costa-brava\/begur\/"},"modified":"2024-04-21T14:13:45","modified_gmt":"2024-04-21T12:13:45","slug":"begur","status":"publish","type":"page","link":"https:\/\/www.barcelona-sothebysrealty.com\/fr\/maison-vendre\/begur\/","title":{"rendered":"Maisons de luxe \u00e0 vendre \u00e0 Begur"},"content":{"rendered":"<p><span style=\"font-weight: 400;\">Chez Costa Brava Sotheby&rsquo;s International Realty, nous sommes sp\u00e9cialis\u00e9s dans l&rsquo;achat et la vente de propri\u00e9t\u00e9s r\u00e9sidentielles et dans la promotion de nouveaux projets de construction, tous situ\u00e9s dans les meilleures zones du littoral de G\u00e9rone et choisis dans le but de satisfaire les clients les plus exigeants.\u00a0<\/span><\/p>\n<p><span style=\"font-weight: 400;\">Dans notre catalogue, vous trouverez des maisons de luxe exclusives en vente \u00e0 Begur, sur la Costa Brava. Des propri\u00e9t\u00e9s incroyables en bord de mer, des propri\u00e9t\u00e9s uniques avec jardin ou des propri\u00e9t\u00e9s avec lumi\u00e8re naturelle et vues in\u00e9gal\u00e9es. Tous s\u00e9lectionn\u00e9s selon nos normes de qualit\u00e9 les plus exigeantes, en pensant au bien-\u00eatre et \u00e0 l&rsquo;int\u00e9r\u00eat des futurs propri\u00e9taires ou investisseurs. <\/span><\/p>\n<p>&nbsp;<\/p>\n","protected":false},"excerpt":{"rendered":"<p>Chez Costa Brava Sotheby&rsquo;s International Realty, nous sommes sp\u00e9cialis\u00e9s dans l&rsquo;achat et la vente de propri\u00e9t\u00e9s r\u00e9sidentielles et dans la<a class=\"more-link\" href=\"https:\/\/www.barcelona-sothebysrealty.com\/fr\/maison-vendre\/begur\/\">Llegir M\u00e9s<\/a><\/p>\n","protected":false},"author":2,"featured_media":0,"parent":94066,"menu_order":0,"comment_status":"closed","ping_status":"closed","template":"page-listado.php","meta":[],"yoast_head":"<!-- This site is optimized with the Yoast SEO plugin v17.1 - https:\/\/yoast.com\/wordpress\/plugins\/seo\/ -->\n<meta name=\"description\" content=\"Maisons de luxe avec les meilleures vues \u00e0 Begur, propri\u00e9t\u00e9s uniques avec jardins ou demeures avec des vues in\u00e9gal\u00e9es.\" \/>\n<meta name=\"robots\" content=\"index, follow, max-snippet:-1, max-image-preview:large, max-video-preview:-1\" \/>\n<meta property=\"og:locale\" content=\"fr_FR\" \/>\n<meta property=\"og:type\" content=\"article\" \/>\n<meta property=\"og:title\" content=\"Maison \u00e0 vendre \u00e0 Begur | Propri\u00e9t\u00e9s Exclusives | Sotheby&#039;s\" \/>\n<meta property=\"og:description\" content=\"Maisons de luxe avec les meilleures vues \u00e0 Begur, propri\u00e9t\u00e9s uniques avec jardins ou demeures avec des vues in\u00e9gal\u00e9es.\" \/>\n<meta property=\"og:url\" content=\"https:\/\/www.barcelona-sothebysrealty.com\/fr\/maison-vendre\/begur\/\" \/>\n<meta property=\"og:site_name\" content=\"Barcelona Sotheby&#039;s Realty\" \/>\n<meta property=\"article:modified_time\" content=\"2024-04-21T12:13:45+00:00\" \/>\n<meta name=\"twitter:card\" content=\"summary_large_image\" \/>\n<meta name=\"twitter:label1\" content=\"Dur\u00e9e de lecture est.\" \/>\n\t<meta name=\"twitter:data1\" content=\"1 minute\" \/>\n<script type=\"application\/ld+json\" class=\"yoast-schema-graph\">{\"@context\":\"https:\/\/schema.org\",\"@graph\":[{\"@type\":\"Organization\",\"@id\":\"https:\/\/www.barcelona-sothebysrealty.com\/es\/#organization\",\"name\":\"Barcelona Sotheby's Realty\",\"url\":\"https:\/\/www.barcelona-sothebysrealty.com\/es\/\",\"sameAs\":[],\"logo\":{\"@type\":\"ImageObject\",\"@id\":\"https:\/\/www.barcelona-sothebysrealty.com\/es\/#logo\",\"inLanguage\":\"fr-FR\",\"url\":\"https:\/\/www.barcelona-sothebysrealty.com\/wp-content\/uploads\/2023\/10\/sothebys-barcelona-logo-3.png\",\"contentUrl\":\"https:\/\/www.barcelona-sothebysrealty.com\/wp-content\/uploads\/2023\/10\/sothebys-barcelona-logo-3.png\",\"width\":274,\"height\":274,\"caption\":\"Barcelona Sotheby's Realty\"},\"image\":{\"@id\":\"https:\/\/www.barcelona-sothebysrealty.com\/es\/#logo\"}},{\"@type\":\"WebSite\",\"@id\":\"https:\/\/www.barcelona-sothebysrealty.com\/es\/#website\",\"url\":\"https:\/\/www.barcelona-sothebysrealty.com\/es\/\",\"name\":\"Barcelona Sotheby&#039;s\",\"description\":\"Otro sitio realizado con WordPress\",\"publisher\":{\"@id\":\"https:\/\/www.barcelona-sothebysrealty.com\/es\/#organization\"},\"potentialAction\":[{\"@type\":\"SearchAction\",\"target\":{\"@type\":\"EntryPoint\",\"urlTemplate\":\"https:\/\/www.barcelona-sothebysrealty.com\/es\/?s={search_term_string}\"},\"query-input\":\"required name=search_term_string\"}],\"inLanguage\":\"fr-FR\"},{\"@type\":\"WebPage\",\"@id\":\"https:\/\/www.barcelona-sothebysrealty.com\/fr\/maison-vendre\/begur\/#webpage\",\"url\":\"https:\/\/www.barcelona-sothebysrealty.com\/fr\/maison-vendre\/begur\/\",\"name\":\"Maison \\u00e0 vendre \\u00e0 Begur | Propri\\u00e9t\\u00e9s Exclusives | Sotheby's\",\"isPartOf\":{\"@id\":\"https:\/\/www.barcelona-sothebysrealty.com\/es\/#website\"},\"datePublished\":\"2020-12-24T08:00:07+00:00\",\"dateModified\":\"2024-04-21T12:13:45+00:00\",\"description\":\"Maisons de luxe avec les meilleures vues \\u00e0 Begur, propri\\u00e9t\\u00e9s uniques avec jardins ou demeures avec des vues in\\u00e9gal\\u00e9es.\",\"breadcrumb\":{\"@id\":\"https:\/\/www.barcelona-sothebysrealty.com\/fr\/maison-vendre\/begur\/#breadcrumb\"},\"inLanguage\":\"fr-FR\",\"potentialAction\":[{\"@type\":\"ReadAction\",\"target\":[\"https:\/\/www.barcelona-sothebysrealty.com\/fr\/maison-vendre\/begur\/\"]}]},{\"@type\":\"BreadcrumbList\",\"@id\":\"https:\/\/www.barcelona-sothebysrealty.com\/fr\/maison-vendre\/begur\/#breadcrumb\",\"itemListElement\":[{\"@type\":\"ListItem\",\"position\":1,\"name\":\"Portada\",\"item\":\"https:\/\/www.barcelona-sothebysrealty.com\/fr\/\"},{\"@type\":\"ListItem\",\"position\":2,\"name\":\"Barcelone et Costa Brava &#8211; Achat et vente de logements de luxe\",\"item\":\"https:\/\/www.barcelona-sothebysrealty.com\/fr\/maison-vendre\/\"},{\"@type\":\"ListItem\",\"position\":3,\"name\":\"Maisons de luxe \\u00e0 vendre \\u00e0 Begur\"}]}]}<\/script>\n<!-- \/ Yoast SEO plugin. -->","yoast_head_json":{"description":"Maisons de luxe avec les meilleures vues \u00e0 Begur, propri\u00e9t\u00e9s uniques avec jardins ou demeures avec des vues in\u00e9gal\u00e9es.","robots":{"index":"index","follow":"follow","max-snippet":"max-snippet:-1","max-image-preview":"max-image-preview:large","max-video-preview":"max-video-preview:-1"},"og_locale":"fr_FR","og_type":"article","og_title":"Maison \u00e0 vendre \u00e0 Begur | Propri\u00e9t\u00e9s Exclusives | Sotheby's","og_description":"Maisons de luxe avec les meilleures vues \u00e0 Begur, propri\u00e9t\u00e9s uniques avec jardins ou demeures avec des vues in\u00e9gal\u00e9es.","og_url":"https:\/\/www.barcelona-sothebysrealty.com\/fr\/maison-vendre\/begur\/","og_site_name":"Barcelona Sotheby's Realty","article_modified_time":"2024-04-21T12:13:45+00:00","twitter_card":"summary_large_image","twitter_misc":{"Dur\u00e9e de lecture est.":"1 minute"},"schema":{"@context":"https:\/\/schema.org","@graph":[{"@type":"Organization","@id":"https:\/\/www.barcelona-sothebysrealty.com\/es\/#organization","name":"Barcelona Sotheby's Realty","url":"https:\/\/www.barcelona-sothebysrealty.com\/es\/","sameAs":[],"logo":{"@type":"ImageObject","@id":"https:\/\/www.barcelona-sothebysrealty.com\/es\/#logo","inLanguage":"fr-FR","url":"https:\/\/www.barcelona-sothebysrealty.com\/wp-content\/uploads\/2023\/10\/sothebys-barcelona-logo-3.png","contentUrl":"https:\/\/www.barcelona-sothebysrealty.com\/wp-content\/uploads\/2023\/10\/sothebys-barcelona-logo-3.png","width":274,"height":274,"caption":"Barcelona Sotheby's Realty"},"image":{"@id":"https:\/\/www.barcelona-sothebysrealty.com\/es\/#logo"}},{"@type":"WebSite","@id":"https:\/\/www.barcelona-sothebysrealty.com\/es\/#website","url":"https:\/\/www.barcelona-sothebysrealty.com\/es\/","name":"Barcelona Sotheby&#039;s","description":"Otro sitio realizado con WordPress","publisher":{"@id":"https:\/\/www.barcelona-sothebysrealty.com\/es\/#organization"},"potentialAction":[{"@type":"SearchAction","target":{"@type":"EntryPoint","urlTemplate":"https:\/\/www.barcelona-sothebysrealty.com\/es\/?s={search_term_string}"},"query-input":"required name=search_term_string"}],"inLanguage":"fr-FR"},{"@type":"WebPage","@id":"https:\/\/www.barcelona-sothebysrealty.com\/fr\/maison-vendre\/begur\/#webpage","url":"https:\/\/www.barcelona-sothebysrealty.com\/fr\/maison-vendre\/begur\/","name":"Maison \u00e0 vendre \u00e0 Begur | Propri\u00e9t\u00e9s Exclusives | Sotheby's","isPartOf":{"@id":"https:\/\/www.barcelona-sothebysrealty.com\/es\/#website"},"datePublished":"2020-12-24T08:00:07+00:00","dateModified":"2024-04-21T12:13:45+00:00","description":"Maisons de luxe avec les meilleures vues \u00e0 Begur, propri\u00e9t\u00e9s uniques avec jardins ou demeures avec des vues in\u00e9gal\u00e9es.","breadcrumb":{"@id":"https:\/\/www.barcelona-sothebysrealty.com\/fr\/maison-vendre\/begur\/#breadcrumb"},"inLanguage":"fr-FR","potentialAction":[{"@type":"ReadAction","target":["https:\/\/www.barcelona-sothebysrealty.com\/fr\/maison-vendre\/begur\/"]}]},{"@type":"BreadcrumbList","@id":"https:\/\/www.barcelona-sothebysrealty.com\/fr\/maison-vendre\/begur\/#breadcrumb","itemListElement":[{"@type":"ListItem","position":1,"name":"Portada","item":"https:\/\/www.barcelona-sothebysrealty.com\/fr\/"},{"@type":"ListItem","position":2,"name":"Barcelone et Costa Brava &#8211; Achat et vente de logements de luxe","item":"https:\/\/www.barcelona-sothebysrealty.com\/fr\/maison-vendre\/"},{"@type":"ListItem","position":3,"name":"Maisons de luxe \u00e0 vendre \u00e0 Begur"}]}]}},"_links":{"self":[{"href":"https:\/\/www.barcelona-sothebysrealty.com\/fr\/wp-json\/wp\/v2\/pages\/94257"}],"collection":[{"href":"https:\/\/www.barcelona-sothebysrealty.com\/fr\/wp-json\/wp\/v2\/pages"}],"about":[{"href":"https:\/\/www.barcelona-sothebysrealty.com\/fr\/wp-json\/wp\/v2\/types\/page"}],"author":[{"embeddable":true,"href":"https:\/\/www.barcelona-sothebysrealty.com\/fr\/wp-json\/wp\/v2\/users\/2"}],"replies":[{"embeddable":true,"href":"https:\/\/www.barcelona-sothebysrealty.com\/fr\/wp-json\/wp\/v2\/comments?post=94257"}],"version-history":[{"count":0,"href":"https:\/\/www.barcelona-sothebysrealty.com\/fr\/wp-json\/wp\/v2\/pages\/94257\/revisions"}],"up":[{"embeddable":true,"href":"https:\/\/www.barcelona-sothebysrealty.com\/fr\/wp-json\/wp\/v2\/pages\/94066"}],"wp:attachment":[{"href":"https:\/\/www.barcelona-sothebysrealty.com\/fr\/wp-json\/wp\/v2\/media?parent=94257"}],"curies":[{"name":"wp","href":"https:\/\/api.w.org\/{rel}","templated":true}]}}